{"id":3931,"date":"2015-12-02T12:38:43","date_gmt":"2015-12-02T10:38:43","guid":{"rendered":"https:\/\/genuinecoconut.com\/?page_id=3931"},"modified":"2024-05-23T08:07:45","modified_gmt":"2024-05-23T08:07:45","slug":"qualite","status":"publish","type":"page","link":"https:\/\/genuinecoconut.com\/fr\/qualite\/","title":{"rendered":"Qualit\u00e9"},"content":{"rendered":"<div class=\"wpb-content-wrapper\"><p>[vc_row css=\u00a0\u00bb.vc_custom_1488371775273{padding-top: 15% !important;padding-bottom: 10% !important;background-image: url(https:\/\/genuinecoconut.com\/wp-content\/uploads\/2015\/04\/coconut-water-agua-de-coco-genuine-coconut-1.jpg?id=4834) !important;background-position: center !important;background-repeat: no-repeat !important;background-size: cover !important;}\u00a0\u00bb background_style=\u00a0\u00bbnormal\u00a0\u00bb][vc_column][vc_row_inner][vc_column_inner width=\u00a0\u00bb1\/4&Prime;][vc_column_text][\/vc_column_text][\/vc_column_inner][vc_column_inner width=\u00a0\u00bb1\/2&Prime;][vc_column_text css_animation=\u00a0\u00bbtop-to-bottom\u00a0\u00bb css=\u00a0\u00bb.vc_custom_1449052319310{margin-bottom: 0px !important;}\u00a0\u00bb]<\/p>\n<h2 style=\"text-align: center;\"><span style=\"color: #ffffff;\"><strong><span style=\"font-size: 250%;\">Qualit\u00e9<\/span><\/strong><\/span><\/h2>\n<p>[\/vc_column_text][vc_column_text css_animation=\u00a0\u00bbbottom-to-top\u00a0\u00bb]<\/p>\n<h1 style=\"text-align: center;\"><span style=\"color: #ffffff;\"><strong>Eau de coco biologique qui r\u00e9pond aux plus hauts standards de qualit\u00e9<\/strong><\/span><\/h1>\n<p>[\/vc_column_text][\/vc_column_inner][vc_column_inner width=\u00a0\u00bb1\/4&Prime;][vc_column_text][\/vc_column_text][\/vc_column_inner][\/vc_row_inner][\/vc_column][\/vc_row][vc_row css=\u00a0\u00bb.vc_custom_1432903118510{background-image: url(https:\/\/genuinecoconut.com\/wp-content\/uploads\/2014\/11\/bg-marron.jpg?id=442) !important;background-position: 0 0 !important;background-repeat: repeat !important;}\u00a0\u00bb background_style=\u00a0\u00bbnormal\u00a0\u00bb][vc_column][vc_empty_space height=\u00a0\u00bb64px\u00a0\u00bb][vc_row_inner][vc_column_inner width=\u00a0\u00bb1\/6&Prime;][vc_column_text][\/vc_column_text][\/vc_column_inner][vc_column_inner width=\u00a0\u00bb1\/6&Prime;][vc_single_image image=\u00a0\u00bb14797&Prime; img_size=\u00a0\u00bbfull\u00a0\u00bb alignment=\u00a0\u00bbcenter\u00a0\u00bb css=\u00a0\u00bb\u00a0\u00bb][\/vc_column_inner][vc_column_inner width=\u00a0\u00bb1\/2&Prime;][vc_column_text]<\/p>\n<h2><span style=\"color: #ffffff;\">Bonnes pratiques dans la production de notre eau de coco<\/span><\/h2>\n<p>[\/vc_column_text][vc_column_text]<\/p>\n<p class=\"p1\"><span class=\"s1\" style=\"color: #ffffff;\">La qualit\u00e9 dans nos processus de culture de notre eau de coco r\u00e9pond aux exigences GMP (Good Manufacturing Practise), ce qui garantit une plantation, une r\u00e9colte et un traitement des noix de coco uniformes, sp\u00e9cialis\u00e9s et contr\u00f4l\u00e9s conform\u00e9ment aux normes de qualit\u00e9 et aux conditions de commercialisation exig\u00e9es.<\/span><\/p>\n<p>[\/vc_column_text][\/vc_column_inner][vc_column_inner width=\u00a0\u00bb1\/6&Prime;][vc_column_text][\/vc_column_text][\/vc_column_inner][\/vc_row_inner][\/vc_column][\/vc_row][vc_row css=\u00a0\u00bb.vc_custom_1429092289602{background-position: 0 0 !important;background-repeat: repeat !important;}\u00a0\u00bb background_style=\u00a0\u00bbnormal\u00a0\u00bb][vc_column][vc_empty_space height=\u00a0\u00bb64px\u00a0\u00bb][vc_row_inner][vc_column_inner width=\u00a0\u00bb1\/6&Prime;][vc_column_text][\/vc_column_text][\/vc_column_inner][vc_column_inner width=\u00a0\u00bb1\/2&Prime;][vc_column_text]<\/p>\n<h2>Issu d\u2019une exploitation durable<\/h2>\n<p>[\/vc_column_text][vc_column_text]Notre engagement social et environnemental est ferme. Nous avons ainsi obtenu le certificat GLOBAL G.A.P. qui garantit que nos noix de coco r\u00e9pondent aux exigences de qualit\u00e9 et de s\u00e9curit\u00e9 \u00e9tablies : <strong>Genuine Coconut<\/strong> applique des crit\u00e8res de durabilit\u00e9 tout au long des processus, en respectant la s\u00e9curit\u00e9, l\u2019hygi\u00e8ne et le personnel et l\u2019environnement.[\/vc_column_text][\/vc_column_inner][vc_column_inner width=\u00a0\u00bb1\/6&Prime;][vc_single_image image=\u00a0\u00bb13877&Prime; img_size=\u00a0\u00bbfull\u00a0\u00bb alignment=\u00a0\u00bbcenter\u00a0\u00bb css=\u00a0\u00bb\u00a0\u00bb][vc_column_text][\/vc_column_text][\/vc_column_inner][vc_column_inner width=\u00a0\u00bb1\/6&Prime;][vc_column_text][\/vc_column_text][\/vc_column_inner][\/vc_row_inner][\/vc_column][\/vc_row][vc_row css=\u00a0\u00bb.vc_custom_1432903133491{background-image: url(https:\/\/genuinecoconut.com\/wp-content\/uploads\/2014\/11\/bg-marron.jpg?id=442) !important;background-position: 0 0 !important;background-repeat: repeat !important;}\u00a0\u00bb background_style=\u00a0\u00bbnormal\u00a0\u00bb][vc_column][vc_empty_space height=\u00a0\u00bb64px\u00a0\u00bb][vc_row_inner][vc_column_inner width=\u00a0\u00bb1\/6&Prime;][vc_column_text][\/vc_column_text][\/vc_column_inner][vc_column_inner width=\u00a0\u00bb1\/6&Prime;][\/vc_column_inner][vc_column_inner width=\u00a0\u00bb1\/2&Prime;][vc_column_text]<\/p>\n<h2><span style=\"color: #ffffff;\">Les plus hauts standards de qualit\u00e9<\/span><\/h2>\n<p>[\/vc_column_text][vc_column_text]<\/p>\n<p class=\"p1\"><span class=\"s1\" style=\"color: #ffffff;\">Nous travaillons pour vous selon des normes de l\u00e9galit\u00e9, de s\u00e9curit\u00e9 et de qualit\u00e9 : nous poss\u00e9dons les meilleures certifications de qualit\u00e9 pour produire, commercialiser et distribuer notre <strong>Genuine Coconut<\/strong>.<br \/>\n\u00b7 BRC Food<br \/>\n\u00b7 IFS Food<\/span>[\/vc_column_text][\/vc_column_inner][vc_column_inner width=\u00a0\u00bb1\/6&Prime;][vc_column_text][\/vc_column_text][\/vc_column_inner][\/vc_row_inner][\/vc_column][\/vc_row][vc_row css=\u00a0\u00bb.vc_custom_1429092289602{background-position: 0 0 !important;background-repeat: repeat !important;}\u00a0\u00bb background_style=\u00a0\u00bbnormal\u00a0\u00bb][vc_column][vc_empty_space height=\u00a0\u00bb64px\u00a0\u00bb][vc_row_inner][vc_column_inner width=\u00a0\u00bb1\/6&Prime;][vc_column_text][\/vc_column_text][\/vc_column_inner][vc_column_inner width=\u00a0\u00bb1\/2&Prime;][vc_column_text]<\/p>\n<h2>Culture biologique<\/h2>\n<p>[\/vc_column_text][vc_column_text]<strong>Genuine Coconut<\/strong> est la seule <strong>eau de coco<\/strong> du march\u00e9 certifi\u00e9e biologique et pr\u00e9sent\u00e9e dans son emballage naturel.<br \/>\nLa certification biologique garantit que nos proc\u00e9d\u00e9s de culture de noix de coco n\u2019utilisent aucun fertilisant synth\u00e9tique ni pesticides qui d\u00e9t\u00e9riorent le sol et provoquent des zones mortes dans les mers.<br \/>\nNos noix de coco sont 100 % naturelles et n\u2019ont fait l\u2019objet d\u2019aucune modification g\u00e9n\u00e9tique (OGM).<br \/>\nGenuine Coconut se boit directement dans son emballage d\u2019origine, sans traitement, sans additif ni conservateur qui n\u2019alt\u00e8rent ses propri\u00e9t\u00e9s.[\/vc_column_text][\/vc_column_inner][vc_column_inner width=\u00a0\u00bb1\/6&Prime;][vc_single_image image=\u00a0\u00bb18533&Prime; img_size=\u00a0\u00bbfull\u00a0\u00bb alignment=\u00a0\u00bbcenter\u00a0\u00bb css=\u00a0\u00bb\u00a0\u00bb][vc_column_text][\/vc_column_text][\/vc_column_inner][vc_column_inner width=\u00a0\u00bb1\/6&Prime;][vc_column_text][\/vc_column_text][\/vc_column_inner][\/vc_row_inner][\/vc_column][\/vc_row][vc_row][vc_column][vc_empty_space][\/vc_column][\/vc_row]<\/p>\n<\/div>","protected":false},"excerpt":{"rendered":"<p>[vc_row css=\u00a0\u00bb.vc_custom_1488371775273{padding-top: 15% !important;padding-bottom: 10% !important;background-image: url(https:\/\/genuinecoconut.com\/wp-content\/uploads\/2015\/04\/coconut-water-agua-de-coco-genuine-coconut-1.jpg?id=4834) !important;background-position: center !important;background-repeat: no-repeat !important;background-size: cover !important;}\u00a0\u00bb background_style=\u00a0\u00bbnormal\u00a0\u00bb][vc_column][vc_row_inner][vc_column_inner width=\u00a0\u00bb1\/4&Prime;][vc_column_text][\/vc_column_text][\/vc_column_inner][vc_column_inner width=\u00a0\u00bb1\/2&Prime;][vc_column_text css_animation=\u00a0\u00bbtop-to-bottom\u00a0\u00bb css=\u00a0\u00bb.vc_custom_1449052319310{margin-bottom: 0px !important;}\u00a0\u00bb] Qualit\u00e9 [\/vc_column_text][vc_column_text css_animation=\u00a0\u00bbbottom-to-top\u00a0\u00bb] Eau de coco biologique qui r\u00e9pond aux plus hauts standards de qualit\u00e9 [\/vc_column_text][\/vc_column_inner][vc_column_inner width=\u00a0\u00bb1\/4&Prime;][vc_column_text][\/vc_column_text][\/vc_column_inner][\/vc_row_inner][\/vc_column][\/vc_row][vc_row css=\u00a0\u00bb.vc_custom_1432903118510{background-image: url(https:\/\/genuinecoconut.com\/wp-content\/uploads\/2014\/11\/bg-marron.jpg?id=442) !important;background-position: 0 0 !important;background-repeat: repeat !important;}\u00a0\u00bb background_style=\u00a0\u00bbnormal\u00a0\u00bb][vc_column][vc_empty_space height=\u00a0\u00bb64px\u00a0\u00bb][vc_row_inner][vc_column_inner width=\u00a0\u00bb1\/6&Prime;][vc_column_text][\/vc_column_text][\/vc_column_inner][vc_column_inner width=\u00a0\u00bb1\/6&Prime;][vc_single_image image=\u00a0\u00bb14797&Prime; img_size=\u00a0\u00bbfull\u00a0\u00bb alignment=\u00a0\u00bbcenter\u00a0\u00bb css=\u00a0\u00bb\u00a0\u00bb][\/vc_column_inner][vc_column_inner width=\u00a0\u00bb1\/2&Prime;][vc_column_text] [&hellip;]<\/p>\n","protected":false},"author":2,"featured_media":0,"parent":0,"menu_order":0,"comment_status":"closed","ping_status":"closed","template":"page-full-width.php","meta":{"footnotes":""},"class_list":["post-3931","page","type-page","status-publish","hentry"],"yoast_head":"<!-- This site is optimized with the Yoast SEO plugin v27.1.1 - https:\/\/yoast.com\/product\/yoast-seo-wordpress\/ -->\n<title>Qualit\u00e9 eau de coco biologique | Genuine Coconut<\/title>\n<meta name=\"robots\" content=\"index, follow, max-snippet:-1, max-image-preview:large, max-video-preview:-1\" \/>\n<link rel=\"canonical\" href=\"https:\/\/genuinecoconut.com\/our-coconut-water-quality\/\" \/>\n<meta property=\"og:locale\" content=\"fr_FR\" \/>\n<meta property=\"og:type\" content=\"article\" \/>\n<meta property=\"og:title\" content=\"Qualit\u00e9 eau de coco biologique | Genuine Coconut\" \/>\n<meta property=\"og:description\" content=\"[vc_row css=\u00a0\u00bb.vc_custom_1488371775273{padding-top: 15% !important;padding-bottom: 10% !important;background-image: url(https:\/\/genuinecoconut.com\/wp-content\/uploads\/2015\/04\/coconut-water-agua-de-coco-genuine-coconut-1.jpg?id=4834) !important;background-position: center !important;background-repeat: no-repeat !important;background-size: cover !important;}\u00a0\u00bb background_style=\u00a0\u00bbnormal\u00a0\u00bb][vc_column][vc_row_inner][vc_column_inner width=\u00a0\u00bb1\/4&Prime;][vc_column_text][\/vc_column_text][\/vc_column_inner][vc_column_inner width=\u00a0\u00bb1\/2&Prime;][vc_column_text css_animation=\u00a0\u00bbtop-to-bottom\u00a0\u00bb css=\u00a0\u00bb.vc_custom_1449052319310{margin-bottom: 0px !important;}\u00a0\u00bb] Qualit\u00e9 [\/vc_column_text][vc_column_text css_animation=\u00a0\u00bbbottom-to-top\u00a0\u00bb] Eau de coco biologique qui r\u00e9pond aux plus hauts standards de qualit\u00e9 [\/vc_column_text][\/vc_column_inner][vc_column_inner width=\u00a0\u00bb1\/4&Prime;][vc_column_text][\/vc_column_text][\/vc_column_inner][\/vc_row_inner][\/vc_column][\/vc_row][vc_row css=\u00a0\u00bb.vc_custom_1432903118510{background-image: url(https:\/\/genuinecoconut.com\/wp-content\/uploads\/2014\/11\/bg-marron.jpg?id=442) !important;background-position: 0 0 !important;background-repeat: repeat !important;}\u00a0\u00bb background_style=\u00a0\u00bbnormal\u00a0\u00bb][vc_column][vc_empty_space height=\u00a0\u00bb64px\u00a0\u00bb][vc_row_inner][vc_column_inner width=\u00a0\u00bb1\/6&Prime;][vc_column_text][\/vc_column_text][\/vc_column_inner][vc_column_inner width=\u00a0\u00bb1\/6&Prime;][vc_single_image image=\u00a0\u00bb14797&Prime; img_size=\u00a0\u00bbfull\u00a0\u00bb alignment=\u00a0\u00bbcenter\u00a0\u00bb css=\u00a0\u00bb\u00a0\u00bb][\/vc_column_inner][vc_column_inner width=\u00a0\u00bb1\/2&Prime;][vc_column_text] [&hellip;]\" \/>\n<meta property=\"og:url\" content=\"https:\/\/genuinecoconut.com\/our-coconut-water-quality\/\" \/>\n<meta property=\"og:site_name\" content=\"Genuine Coconut | Coconut Water\" \/>\n<meta property=\"article:publisher\" content=\"https:\/\/www.facebook.com\/GenuineCoconut\" \/>\n<meta property=\"article:modified_time\" content=\"2024-05-23T08:07:45+00:00\" \/>\n<meta property=\"og:image\" content=\"https:\/\/genuinecoconut.com\/wp-content\/uploads\/2018\/01\/origin-thailand-coconuts.jpg\" \/>\n\t<meta property=\"og:image:width\" content=\"1920\" \/>\n\t<meta property=\"og:image:height\" content=\"1080\" \/>\n\t<meta property=\"og:image:type\" content=\"image\/jpeg\" \/>\n<meta name=\"twitter:card\" content=\"summary_large_image\" \/>\n<meta name=\"twitter:site\" content=\"@GenuineCoconut\" \/>\n<meta name=\"twitter:label1\" content=\"Dur\u00e9e de lecture estim\u00e9e\" \/>\n\t<meta name=\"twitter:data1\" content=\"3 minutes\" \/>\n<script type=\"application\/ld+json\" class=\"yoast-schema-graph\">{\"@context\":\"https:\/\/schema.org\",\"@graph\":[{\"@type\":\"WebPage\",\"@id\":\"https:\/\/genuinecoconut.com\/our-coconut-water-quality\/\",\"url\":\"https:\/\/genuinecoconut.com\/our-coconut-water-quality\/\",\"name\":\"Qualit\u00e9 eau de coco biologique | Genuine Coconut\",\"isPartOf\":{\"@id\":\"https:\/\/genuinecoconut.com\/#website\"},\"datePublished\":\"2015-12-02T10:38:43+00:00\",\"dateModified\":\"2024-05-23T08:07:45+00:00\",\"breadcrumb\":{\"@id\":\"https:\/\/genuinecoconut.com\/our-coconut-water-quality\/#breadcrumb\"},\"inLanguage\":\"fr-FR\",\"potentialAction\":[{\"@type\":\"ReadAction\",\"target\":[\"https:\/\/genuinecoconut.com\/our-coconut-water-quality\/\"]}]},{\"@type\":\"BreadcrumbList\",\"@id\":\"https:\/\/genuinecoconut.com\/our-coconut-water-quality\/#breadcrumb\",\"itemListElement\":[{\"@type\":\"ListItem\",\"position\":1,\"name\":\"Home\",\"item\":\"https:\/\/genuinecoconut.com\/\"},{\"@type\":\"ListItem\",\"position\":2,\"name\":\"Qualit\u00e9\"}]},{\"@type\":\"WebSite\",\"@id\":\"https:\/\/genuinecoconut.com\/#website\",\"url\":\"https:\/\/genuinecoconut.com\/\",\"name\":\"Genuine Coconut | Coconut Water\",\"description\":\"Agua de Coco natural, org\u00e1nico de Tailandia.\",\"publisher\":{\"@id\":\"https:\/\/genuinecoconut.com\/#organization\"},\"potentialAction\":[{\"@type\":\"SearchAction\",\"target\":{\"@type\":\"EntryPoint\",\"urlTemplate\":\"https:\/\/genuinecoconut.com\/?s={search_term_string}\"},\"query-input\":{\"@type\":\"PropertyValueSpecification\",\"valueRequired\":true,\"valueName\":\"search_term_string\"}}],\"inLanguage\":\"fr-FR\"},{\"@type\":\"Organization\",\"@id\":\"https:\/\/genuinecoconut.com\/#organization\",\"name\":\"Genuine Coconut\",\"url\":\"https:\/\/genuinecoconut.com\/\",\"logo\":{\"@type\":\"ImageObject\",\"inLanguage\":\"fr-FR\",\"@id\":\"https:\/\/genuinecoconut.com\/#\/schema\/logo\/image\/\",\"url\":\"https:\/\/genuinecoconut.com\/wp-content\/uploads\/2015\/07\/genuine-coconut-factura.jpg\",\"contentUrl\":\"https:\/\/genuinecoconut.com\/wp-content\/uploads\/2015\/07\/genuine-coconut-factura.jpg\",\"width\":575,\"height\":345,\"caption\":\"Genuine Coconut\"},\"image\":{\"@id\":\"https:\/\/genuinecoconut.com\/#\/schema\/logo\/image\/\"},\"sameAs\":[\"https:\/\/www.facebook.com\/GenuineCoconut\",\"https:\/\/x.com\/GenuineCoconut\",\"https:\/\/instagram.com\/genuinecoconut\/\",\"https:\/\/es.pinterest.com\/genuinecoconut\/\",\"https:\/\/youtube.com\/genuinecoconut\"]}]}<\/script>\n<!-- \/ Yoast SEO plugin. -->","yoast_head_json":{"title":"Qualit\u00e9 eau de coco biologique | Genuine Coconut","robots":{"index":"index","follow":"follow","max-snippet":"max-snippet:-1","max-image-preview":"max-image-preview:large","max-video-preview":"max-video-preview:-1"},"canonical":"https:\/\/genuinecoconut.com\/our-coconut-water-quality\/","og_locale":"fr_FR","og_type":"article","og_title":"Qualit\u00e9 eau de coco biologique | Genuine Coconut","og_description":"[vc_row css=\u00a0\u00bb.vc_custom_1488371775273{padding-top: 15% !important;padding-bottom: 10% !important;background-image: url(https:\/\/genuinecoconut.com\/wp-content\/uploads\/2015\/04\/coconut-water-agua-de-coco-genuine-coconut-1.jpg?id=4834) !important;background-position: center !important;background-repeat: no-repeat !important;background-size: cover !important;}\u00a0\u00bb background_style=\u00a0\u00bbnormal\u00a0\u00bb][vc_column][vc_row_inner][vc_column_inner width=\u00a0\u00bb1\/4&Prime;][vc_column_text][\/vc_column_text][\/vc_column_inner][vc_column_inner width=\u00a0\u00bb1\/2&Prime;][vc_column_text css_animation=\u00a0\u00bbtop-to-bottom\u00a0\u00bb css=\u00a0\u00bb.vc_custom_1449052319310{margin-bottom: 0px !important;}\u00a0\u00bb] Qualit\u00e9 [\/vc_column_text][vc_column_text css_animation=\u00a0\u00bbbottom-to-top\u00a0\u00bb] Eau de coco biologique qui r\u00e9pond aux plus hauts standards de qualit\u00e9 [\/vc_column_text][\/vc_column_inner][vc_column_inner width=\u00a0\u00bb1\/4&Prime;][vc_column_text][\/vc_column_text][\/vc_column_inner][\/vc_row_inner][\/vc_column][\/vc_row][vc_row css=\u00a0\u00bb.vc_custom_1432903118510{background-image: url(https:\/\/genuinecoconut.com\/wp-content\/uploads\/2014\/11\/bg-marron.jpg?id=442) !important;background-position: 0 0 !important;background-repeat: repeat !important;}\u00a0\u00bb background_style=\u00a0\u00bbnormal\u00a0\u00bb][vc_column][vc_empty_space height=\u00a0\u00bb64px\u00a0\u00bb][vc_row_inner][vc_column_inner width=\u00a0\u00bb1\/6&Prime;][vc_column_text][\/vc_column_text][\/vc_column_inner][vc_column_inner width=\u00a0\u00bb1\/6&Prime;][vc_single_image image=\u00a0\u00bb14797&Prime; img_size=\u00a0\u00bbfull\u00a0\u00bb alignment=\u00a0\u00bbcenter\u00a0\u00bb css=\u00a0\u00bb\u00a0\u00bb][\/vc_column_inner][vc_column_inner width=\u00a0\u00bb1\/2&Prime;][vc_column_text] [&hellip;]","og_url":"https:\/\/genuinecoconut.com\/our-coconut-water-quality\/","og_site_name":"Genuine Coconut | Coconut Water","article_publisher":"https:\/\/www.facebook.com\/GenuineCoconut","article_modified_time":"2024-05-23T08:07:45+00:00","og_image":[{"width":1920,"height":1080,"url":"https:\/\/genuinecoconut.com\/wp-content\/uploads\/2018\/01\/origin-thailand-coconuts.jpg","type":"image\/jpeg"}],"twitter_card":"summary_large_image","twitter_site":"@GenuineCoconut","twitter_misc":{"Dur\u00e9e de lecture estim\u00e9e":"3 minutes"},"schema":{"@context":"https:\/\/schema.org","@graph":[{"@type":"WebPage","@id":"https:\/\/genuinecoconut.com\/our-coconut-water-quality\/","url":"https:\/\/genuinecoconut.com\/our-coconut-water-quality\/","name":"Qualit\u00e9 eau de coco biologique | Genuine Coconut","isPartOf":{"@id":"https:\/\/genuinecoconut.com\/#website"},"datePublished":"2015-12-02T10:38:43+00:00","dateModified":"2024-05-23T08:07:45+00:00","breadcrumb":{"@id":"https:\/\/genuinecoconut.com\/our-coconut-water-quality\/#breadcrumb"},"inLanguage":"fr-FR","potentialAction":[{"@type":"ReadAction","target":["https:\/\/genuinecoconut.com\/our-coconut-water-quality\/"]}]},{"@type":"BreadcrumbList","@id":"https:\/\/genuinecoconut.com\/our-coconut-water-quality\/#breadcrumb","itemListElement":[{"@type":"ListItem","position":1,"name":"Home","item":"https:\/\/genuinecoconut.com\/"},{"@type":"ListItem","position":2,"name":"Qualit\u00e9"}]},{"@type":"WebSite","@id":"https:\/\/genuinecoconut.com\/#website","url":"https:\/\/genuinecoconut.com\/","name":"Genuine Coconut | Coconut Water","description":"Agua de Coco natural, org\u00e1nico de Tailandia.","publisher":{"@id":"https:\/\/genuinecoconut.com\/#organization"},"potentialAction":[{"@type":"SearchAction","target":{"@type":"EntryPoint","urlTemplate":"https:\/\/genuinecoconut.com\/?s={search_term_string}"},"query-input":{"@type":"PropertyValueSpecification","valueRequired":true,"valueName":"search_term_string"}}],"inLanguage":"fr-FR"},{"@type":"Organization","@id":"https:\/\/genuinecoconut.com\/#organization","name":"Genuine Coconut","url":"https:\/\/genuinecoconut.com\/","logo":{"@type":"ImageObject","inLanguage":"fr-FR","@id":"https:\/\/genuinecoconut.com\/#\/schema\/logo\/image\/","url":"https:\/\/genuinecoconut.com\/wp-content\/uploads\/2015\/07\/genuine-coconut-factura.jpg","contentUrl":"https:\/\/genuinecoconut.com\/wp-content\/uploads\/2015\/07\/genuine-coconut-factura.jpg","width":575,"height":345,"caption":"Genuine Coconut"},"image":{"@id":"https:\/\/genuinecoconut.com\/#\/schema\/logo\/image\/"},"sameAs":["https:\/\/www.facebook.com\/GenuineCoconut","https:\/\/x.com\/GenuineCoconut","https:\/\/instagram.com\/genuinecoconut\/","https:\/\/es.pinterest.com\/genuinecoconut\/","https:\/\/youtube.com\/genuinecoconut"]}]}},"_links":{"self":[{"href":"https:\/\/genuinecoconut.com\/fr\/wp-json\/wp\/v2\/pages\/3931","targetHints":{"allow":["GET"]}}],"collection":[{"href":"https:\/\/genuinecoconut.com\/fr\/wp-json\/wp\/v2\/pages"}],"about":[{"href":"https:\/\/genuinecoconut.com\/fr\/wp-json\/wp\/v2\/types\/page"}],"author":[{"embeddable":true,"href":"https:\/\/genuinecoconut.com\/fr\/wp-json\/wp\/v2\/users\/2"}],"replies":[{"embeddable":true,"href":"https:\/\/genuinecoconut.com\/fr\/wp-json\/wp\/v2\/comments?post=3931"}],"version-history":[{"count":3,"href":"https:\/\/genuinecoconut.com\/fr\/wp-json\/wp\/v2\/pages\/3931\/revisions"}],"predecessor-version":[{"id":19290,"href":"https:\/\/genuinecoconut.com\/fr\/wp-json\/wp\/v2\/pages\/3931\/revisions\/19290"}],"wp:attachment":[{"href":"https:\/\/genuinecoconut.com\/fr\/wp-json\/wp\/v2\/media?parent=3931"}],"curies":[{"name":"wp","href":"https:\/\/api.w.org\/{rel}","templated":true}]}}