{"id":3926,"date":"2015-12-02T12:25:19","date_gmt":"2015-12-02T10:25:19","guid":{"rendered":"https:\/\/genuinecoconut.com\/?page_id=3926"},"modified":"2024-05-21T09:31:51","modified_gmt":"2024-05-21T09:31:51","slug":"eau-de-noix-de-coco-biologique-de-thailande","status":"publish","type":"page","link":"https:\/\/genuinecoconut.com\/fr\/eau-de-noix-de-coco-biologique-de-thailande\/","title":{"rendered":"Eau de noix de coco biologique de Tha\u00eflande"},"content":{"rendered":"<div class=\"wpb-content-wrapper\"><p>[vc_row equal_height=\u00a0\u00bbyes\u00a0\u00bb columns_height=\u00a0\u00bbadjust_cols_height\u00a0\u00bb background_style=\u00a0\u00bbnormal\u00a0\u00bb][vc_column width=\u00a0\u00bb1\/2&Prime; css=\u00a0\u00bb.vc_custom_1432129277760{background-image: url(https:\/\/genuinecoconut.com\/wp-content\/uploads\/2015\/03\/pag-origen.jpg?id=46) !important;background-position: center !important;background-repeat: no-repeat !important;background-size: cover !important;}\u00a0\u00bb][vc_empty_space height=\u00a0\u00bb350px\u00a0\u00bb][\/vc_column][vc_column width=\u00a0\u00bb1\/2&Prime; css=\u00a0\u00bb.vc_custom_1427788116154{padding-top: 8% !important;padding-right: 8% !important;padding-bottom: 8% !important;padding-left: 8% !important;}\u00a0\u00bb][vc_column_text]<\/p>\n<h1 style=\"text-align: center;\"><strong><span style=\"font-size: 200%;\">Origine<br \/>\nTha\u00eflande<\/span><\/strong><\/h1>\n<p>[\/vc_column_text][vc_column_text]<\/p>\n<p style=\"text-align: center;\">L&rsquo;origine de Genuine Coconut<\/p>\n<p>[\/vc_column_text][vc_separator][vc_row_inner css=\u00a0\u00bb.vc_custom_1413184047380{margin-top: 45px !important;margin-bottom: 15px !important;}\u00a0\u00bb][vc_column_inner][vc_column_text]Genuine Coconut\u00a0est l\u2019<strong>eau de coco vierge<\/strong> du coeur de la Tha\u00eflande o\u00f9 les noix de coco poussent de mani\u00e8re naturelle et biologique dans une r\u00e9gion privil\u00e9gi\u00e9e, arros\u00e9e par les deux principaux fleuves de Tha\u00eflande<strong>.<br \/>\n<\/strong>Nous ne cultivons que des noix de coco jeunes NAM HOM (noix de coco aromatique), une vari\u00e9t\u00e9 unique qui est consid\u00e9r\u00e9e comme la meilleure du monde et connue internationalement pour son go\u00fbt et sa qualit\u00e9. L\u2019abondance de l\u2019eau, un sol fertile et riche en min\u00e9raux et la pr\u00e9sence de soleil tout au long de l\u2019ann\u00e9e font de cette r\u00e9gion un lieu unique qui conf\u00e8re \u00e0 nos noix de coco ce go\u00fbt si particulier et si <em>Genuine<\/em>.[\/vc_column_text][\/vc_column_inner][\/vc_row_inner][vc_separator][vc_video link=\u00a0\u00bbhttps:\/\/www.youtube.com\/watch?v=0f3XT5VNq8I\u00a0\u00bb][\/vc_column][\/vc_row][vc_row][vc_column][vc_column_text] [\/vc_column_text][\/vc_column][\/vc_row]<\/p>\n<\/div>","protected":false},"excerpt":{"rendered":"<p>[vc_row equal_height=\u00a0\u00bbyes\u00a0\u00bb columns_height=\u00a0\u00bbadjust_cols_height\u00a0\u00bb background_style=\u00a0\u00bbnormal\u00a0\u00bb][vc_column width=\u00a0\u00bb1\/2&Prime; css=\u00a0\u00bb.vc_custom_1432129277760{background-image: url(https:\/\/genuinecoconut.com\/wp-content\/uploads\/2015\/03\/pag-origen.jpg?id=46) !important;background-position: center !important;background-repeat: no-repeat !important;background-size: cover !important;}\u00a0\u00bb][vc_empty_space height=\u00a0\u00bb350px\u00a0\u00bb][\/vc_column][vc_column width=\u00a0\u00bb1\/2&Prime; css=\u00a0\u00bb.vc_custom_1427788116154{padding-top: 8% !important;padding-right: 8% !important;padding-bottom: 8% !important;padding-left: 8% !important;}\u00a0\u00bb][vc_column_text] Origine Tha\u00eflande [\/vc_column_text][vc_column_text] L&rsquo;origine de Genuine Coconut [\/vc_column_text][vc_separator][vc_row_inner css=\u00a0\u00bb.vc_custom_1413184047380{margin-top: 45px !important;margin-bottom: 15px !important;}\u00a0\u00bb][vc_column_inner][vc_column_text]Genuine Coconut\u00a0est l\u2019eau de coco vierge du coeur de la Tha\u00eflande o\u00f9 les noix de coco poussent de [&hellip;]<\/p>\n","protected":false},"author":2,"featured_media":0,"parent":0,"menu_order":0,"comment_status":"closed","ping_status":"closed","template":"page-full-width.php","meta":{"footnotes":""},"class_list":["post-3926","page","type-page","status-publish","hentry"],"yoast_head":"<!-- This site is optimized with the Yoast SEO plugin v27.4 - https:\/\/yoast.com\/product\/yoast-seo-wordpress\/ -->\n<title>Eau de noix de coco origine Tha\u00eflande | Genuine Coconut | Dans son emballage naturel<\/title>\n<meta name=\"robots\" content=\"index, follow, max-snippet:-1, max-image-preview:large, max-video-preview:-1\" \/>\n<link rel=\"canonical\" href=\"https:\/\/genuinecoconut.com\/origin-thailand\/\" \/>\n<meta property=\"og:locale\" content=\"fr_FR\" \/>\n<meta property=\"og:type\" content=\"article\" \/>\n<meta property=\"og:title\" content=\"Eau de noix de coco origine Tha\u00eflande | Genuine Coconut | Dans son emballage naturel\" \/>\n<meta property=\"og:description\" content=\"[vc_row equal_height=\u00a0\u00bbyes\u00a0\u00bb columns_height=\u00a0\u00bbadjust_cols_height\u00a0\u00bb background_style=\u00a0\u00bbnormal\u00a0\u00bb][vc_column width=\u00a0\u00bb1\/2&Prime; css=\u00a0\u00bb.vc_custom_1432129277760{background-image: url(https:\/\/genuinecoconut.com\/wp-content\/uploads\/2015\/03\/pag-origen.jpg?id=46) !important;background-position: center !important;background-repeat: no-repeat !important;background-size: cover !important;}\u00a0\u00bb][vc_empty_space height=\u00a0\u00bb350px\u00a0\u00bb][\/vc_column][vc_column width=\u00a0\u00bb1\/2&Prime; css=\u00a0\u00bb.vc_custom_1427788116154{padding-top: 8% !important;padding-right: 8% !important;padding-bottom: 8% !important;padding-left: 8% !important;}\u00a0\u00bb][vc_column_text] Origine Tha\u00eflande [\/vc_column_text][vc_column_text] L&rsquo;origine de Genuine Coconut [\/vc_column_text][vc_separator][vc_row_inner css=\u00a0\u00bb.vc_custom_1413184047380{margin-top: 45px !important;margin-bottom: 15px !important;}\u00a0\u00bb][vc_column_inner][vc_column_text]Genuine Coconut\u00a0est l\u2019eau de coco vierge du coeur de la Tha\u00eflande o\u00f9 les noix de coco poussent de [&hellip;]\" \/>\n<meta property=\"og:url\" content=\"https:\/\/genuinecoconut.com\/origin-thailand\/\" \/>\n<meta property=\"og:site_name\" content=\"Genuine Coconut | Coconut Water\" \/>\n<meta property=\"article:publisher\" content=\"https:\/\/www.facebook.com\/GenuineCoconut\" \/>\n<meta property=\"article:modified_time\" content=\"2024-05-21T09:31:51+00:00\" \/>\n<meta property=\"og:image\" content=\"https:\/\/genuinecoconut.com\/wp-content\/uploads\/2018\/01\/origin-thailand-coconuts.jpg\" \/>\n\t<meta property=\"og:image:width\" content=\"1920\" \/>\n\t<meta property=\"og:image:height\" content=\"1080\" \/>\n\t<meta property=\"og:image:type\" content=\"image\/jpeg\" \/>\n<meta name=\"twitter:card\" content=\"summary_large_image\" \/>\n<meta name=\"twitter:site\" content=\"@GenuineCoconut\" \/>\n<meta name=\"twitter:label1\" content=\"Dur\u00e9e de lecture estim\u00e9e\" \/>\n\t<meta name=\"twitter:data1\" content=\"1 minute\" \/>\n<script type=\"application\/ld+json\" class=\"yoast-schema-graph\">{\"@context\":\"https:\\\/\\\/schema.org\",\"@graph\":[{\"@type\":\"WebPage\",\"@id\":\"https:\\\/\\\/genuinecoconut.com\\\/origin-thailand\\\/\",\"url\":\"https:\\\/\\\/genuinecoconut.com\\\/origin-thailand\\\/\",\"name\":\"Eau de noix de coco origine Tha\u00eflande | Genuine Coconut | Dans son emballage naturel\",\"isPartOf\":{\"@id\":\"https:\\\/\\\/genuinecoconut.com\\\/#website\"},\"datePublished\":\"2015-12-02T10:25:19+00:00\",\"dateModified\":\"2024-05-21T09:31:51+00:00\",\"breadcrumb\":{\"@id\":\"https:\\\/\\\/genuinecoconut.com\\\/origin-thailand\\\/#breadcrumb\"},\"inLanguage\":\"fr-FR\",\"potentialAction\":[{\"@type\":\"ReadAction\",\"target\":[\"https:\\\/\\\/genuinecoconut.com\\\/origin-thailand\\\/\"]}]},{\"@type\":\"BreadcrumbList\",\"@id\":\"https:\\\/\\\/genuinecoconut.com\\\/origin-thailand\\\/#breadcrumb\",\"itemListElement\":[{\"@type\":\"ListItem\",\"position\":1,\"name\":\"Home\",\"item\":\"https:\\\/\\\/genuinecoconut.com\\\/\"},{\"@type\":\"ListItem\",\"position\":2,\"name\":\"Eau de noix de coco biologique de Tha\u00eflande\"}]},{\"@type\":\"WebSite\",\"@id\":\"https:\\\/\\\/genuinecoconut.com\\\/#website\",\"url\":\"https:\\\/\\\/genuinecoconut.com\\\/\",\"name\":\"Genuine Coconut | Coconut Water\",\"description\":\"Agua de Coco natural, org\u00e1nico de Tailandia.\",\"publisher\":{\"@id\":\"https:\\\/\\\/genuinecoconut.com\\\/#organization\"},\"potentialAction\":[{\"@type\":\"SearchAction\",\"target\":{\"@type\":\"EntryPoint\",\"urlTemplate\":\"https:\\\/\\\/genuinecoconut.com\\\/?s={search_term_string}\"},\"query-input\":{\"@type\":\"PropertyValueSpecification\",\"valueRequired\":true,\"valueName\":\"search_term_string\"}}],\"inLanguage\":\"fr-FR\"},{\"@type\":\"Organization\",\"@id\":\"https:\\\/\\\/genuinecoconut.com\\\/#organization\",\"name\":\"Genuine Coconut\",\"url\":\"https:\\\/\\\/genuinecoconut.com\\\/\",\"logo\":{\"@type\":\"ImageObject\",\"inLanguage\":\"fr-FR\",\"@id\":\"https:\\\/\\\/genuinecoconut.com\\\/#\\\/schema\\\/logo\\\/image\\\/\",\"url\":\"https:\\\/\\\/genuinecoconut.com\\\/wp-content\\\/uploads\\\/2015\\\/07\\\/genuine-coconut-factura.jpg\",\"contentUrl\":\"https:\\\/\\\/genuinecoconut.com\\\/wp-content\\\/uploads\\\/2015\\\/07\\\/genuine-coconut-factura.jpg\",\"width\":575,\"height\":345,\"caption\":\"Genuine Coconut\"},\"image\":{\"@id\":\"https:\\\/\\\/genuinecoconut.com\\\/#\\\/schema\\\/logo\\\/image\\\/\"},\"sameAs\":[\"https:\\\/\\\/www.facebook.com\\\/GenuineCoconut\",\"https:\\\/\\\/x.com\\\/GenuineCoconut\",\"https:\\\/\\\/instagram.com\\\/genuinecoconut\\\/\",\"https:\\\/\\\/es.pinterest.com\\\/genuinecoconut\\\/\",\"https:\\\/\\\/youtube.com\\\/genuinecoconut\"]}]}<\/script>\n<!-- \/ Yoast SEO plugin. -->","yoast_head_json":{"title":"Eau de noix de coco origine Tha\u00eflande | Genuine Coconut | Dans son emballage naturel","robots":{"index":"index","follow":"follow","max-snippet":"max-snippet:-1","max-image-preview":"max-image-preview:large","max-video-preview":"max-video-preview:-1"},"canonical":"https:\/\/genuinecoconut.com\/origin-thailand\/","og_locale":"fr_FR","og_type":"article","og_title":"Eau de noix de coco origine Tha\u00eflande | Genuine Coconut | Dans son emballage naturel","og_description":"[vc_row equal_height=\u00a0\u00bbyes\u00a0\u00bb columns_height=\u00a0\u00bbadjust_cols_height\u00a0\u00bb background_style=\u00a0\u00bbnormal\u00a0\u00bb][vc_column width=\u00a0\u00bb1\/2&Prime; css=\u00a0\u00bb.vc_custom_1432129277760{background-image: url(https:\/\/genuinecoconut.com\/wp-content\/uploads\/2015\/03\/pag-origen.jpg?id=46) !important;background-position: center !important;background-repeat: no-repeat !important;background-size: cover !important;}\u00a0\u00bb][vc_empty_space height=\u00a0\u00bb350px\u00a0\u00bb][\/vc_column][vc_column width=\u00a0\u00bb1\/2&Prime; css=\u00a0\u00bb.vc_custom_1427788116154{padding-top: 8% !important;padding-right: 8% !important;padding-bottom: 8% !important;padding-left: 8% !important;}\u00a0\u00bb][vc_column_text] Origine Tha\u00eflande [\/vc_column_text][vc_column_text] L&rsquo;origine de Genuine Coconut [\/vc_column_text][vc_separator][vc_row_inner css=\u00a0\u00bb.vc_custom_1413184047380{margin-top: 45px !important;margin-bottom: 15px !important;}\u00a0\u00bb][vc_column_inner][vc_column_text]Genuine Coconut\u00a0est l\u2019eau de coco vierge du coeur de la Tha\u00eflande o\u00f9 les noix de coco poussent de [&hellip;]","og_url":"https:\/\/genuinecoconut.com\/origin-thailand\/","og_site_name":"Genuine Coconut | Coconut Water","article_publisher":"https:\/\/www.facebook.com\/GenuineCoconut","article_modified_time":"2024-05-21T09:31:51+00:00","og_image":[{"width":1920,"height":1080,"url":"https:\/\/genuinecoconut.com\/wp-content\/uploads\/2018\/01\/origin-thailand-coconuts.jpg","type":"image\/jpeg"}],"twitter_card":"summary_large_image","twitter_site":"@GenuineCoconut","twitter_misc":{"Dur\u00e9e de lecture estim\u00e9e":"1 minute"},"schema":{"@context":"https:\/\/schema.org","@graph":[{"@type":"WebPage","@id":"https:\/\/genuinecoconut.com\/origin-thailand\/","url":"https:\/\/genuinecoconut.com\/origin-thailand\/","name":"Eau de noix de coco origine Tha\u00eflande | Genuine Coconut | Dans son emballage naturel","isPartOf":{"@id":"https:\/\/genuinecoconut.com\/#website"},"datePublished":"2015-12-02T10:25:19+00:00","dateModified":"2024-05-21T09:31:51+00:00","breadcrumb":{"@id":"https:\/\/genuinecoconut.com\/origin-thailand\/#breadcrumb"},"inLanguage":"fr-FR","potentialAction":[{"@type":"ReadAction","target":["https:\/\/genuinecoconut.com\/origin-thailand\/"]}]},{"@type":"BreadcrumbList","@id":"https:\/\/genuinecoconut.com\/origin-thailand\/#breadcrumb","itemListElement":[{"@type":"ListItem","position":1,"name":"Home","item":"https:\/\/genuinecoconut.com\/"},{"@type":"ListItem","position":2,"name":"Eau de noix de coco biologique de Tha\u00eflande"}]},{"@type":"WebSite","@id":"https:\/\/genuinecoconut.com\/#website","url":"https:\/\/genuinecoconut.com\/","name":"Genuine Coconut | Coconut Water","description":"Agua de Coco natural, org\u00e1nico de Tailandia.","publisher":{"@id":"https:\/\/genuinecoconut.com\/#organization"},"potentialAction":[{"@type":"SearchAction","target":{"@type":"EntryPoint","urlTemplate":"https:\/\/genuinecoconut.com\/?s={search_term_string}"},"query-input":{"@type":"PropertyValueSpecification","valueRequired":true,"valueName":"search_term_string"}}],"inLanguage":"fr-FR"},{"@type":"Organization","@id":"https:\/\/genuinecoconut.com\/#organization","name":"Genuine Coconut","url":"https:\/\/genuinecoconut.com\/","logo":{"@type":"ImageObject","inLanguage":"fr-FR","@id":"https:\/\/genuinecoconut.com\/#\/schema\/logo\/image\/","url":"https:\/\/genuinecoconut.com\/wp-content\/uploads\/2015\/07\/genuine-coconut-factura.jpg","contentUrl":"https:\/\/genuinecoconut.com\/wp-content\/uploads\/2015\/07\/genuine-coconut-factura.jpg","width":575,"height":345,"caption":"Genuine Coconut"},"image":{"@id":"https:\/\/genuinecoconut.com\/#\/schema\/logo\/image\/"},"sameAs":["https:\/\/www.facebook.com\/GenuineCoconut","https:\/\/x.com\/GenuineCoconut","https:\/\/instagram.com\/genuinecoconut\/","https:\/\/es.pinterest.com\/genuinecoconut\/","https:\/\/youtube.com\/genuinecoconut"]}]}},"_links":{"self":[{"href":"https:\/\/genuinecoconut.com\/fr\/wp-json\/wp\/v2\/pages\/3926","targetHints":{"allow":["GET"]}}],"collection":[{"href":"https:\/\/genuinecoconut.com\/fr\/wp-json\/wp\/v2\/pages"}],"about":[{"href":"https:\/\/genuinecoconut.com\/fr\/wp-json\/wp\/v2\/types\/page"}],"author":[{"embeddable":true,"href":"https:\/\/genuinecoconut.com\/fr\/wp-json\/wp\/v2\/users\/2"}],"replies":[{"embeddable":true,"href":"https:\/\/genuinecoconut.com\/fr\/wp-json\/wp\/v2\/comments?post=3926"}],"version-history":[{"count":1,"href":"https:\/\/genuinecoconut.com\/fr\/wp-json\/wp\/v2\/pages\/3926\/revisions"}],"predecessor-version":[{"id":19051,"href":"https:\/\/genuinecoconut.com\/fr\/wp-json\/wp\/v2\/pages\/3926\/revisions\/19051"}],"wp:attachment":[{"href":"https:\/\/genuinecoconut.com\/fr\/wp-json\/wp\/v2\/media?parent=3926"}],"curies":[{"name":"wp","href":"https:\/\/api.w.org\/{rel}","templated":true}]}}