{"id":3902,"date":"2015-12-02T10:40:57","date_gmt":"2015-12-02T08:40:57","guid":{"rendered":"https:\/\/genuinecoconut.com\/?page_id=3902"},"modified":"2024-05-21T09:31:50","modified_gmt":"2024-05-21T09:31:50","slug":"ethique-et-transparence","status":"publish","type":"page","link":"https:\/\/genuinecoconut.com\/fr\/ethique-et-transparence\/","title":{"rendered":"\u00c9thique et transparence"},"content":{"rendered":"<h4><\/h4>\n<h4>Depuis sa cr\u00e9ation, notre soci\u00e9t\u00e9 a imm\u00e9diatement mis en place une culture d\u2019entreprise bas\u00e9e sur les principes d\u2019honn\u00eatet\u00e9, de justice et de strict respect des lois et du principe de la loi.<\/h4>\n<p>&nbsp;<\/p>\n<p>Le pr\u00e9sent code de conduite de WORLD\u00b4S COCONUT TRADING, S.L. indique les principes d\u2019entreprise et contribue \u00e0 les mettre en place de mani\u00e8re continue au moyen de l\u2019\u00e9tablissement de normes essentielles de comportement non n\u00e9gociables et applicables aux principaux d\u00e9partements de la soci\u00e9t\u00e9.<br \/>\nL\u2019objectif de notre politique d\u2019entreprise est d\u2019\u00e9tablir un catalogue de principes qui met en \u00e9vidence le respect de la soci\u00e9t\u00e9 quant \u00e0 la norme en vigueur et l\u2019alignement avec les recommandations et les tendances au niveau national et international en mati\u00e8re de gouvernance d\u2019entreprise que la soci\u00e9t\u00e9 assume volontairement et qui avec de futurs engagements formeront la propre culture d\u2019entreprise de WORLD\u00b4S COCONUT TRADING, S.L., pour aligner les int\u00e9r\u00eats de la soci\u00e9t\u00e9 sur ceux de ses partenaires et des autres groupes d\u2019int\u00e9r\u00eat au moyen de la protection et de l\u2019encouragement d\u2019une valeur partag\u00e9e par tous, garantissant la durabilit\u00e9 de l\u2019entreprise et la confiance g\u00e9n\u00e9r\u00e9e.<br \/>\nLes employ\u00e9s collaborateurs doivent demander conseil en cas de doute sur le plan d\u2019actions car la responsabilit\u00e9 absolue de chaque employ\u00e9 ou collaborateur est de faire ce qui doit \u00eatre fait et \u00e9viter tout conduite qui puisse porter pr\u00e9judice ou mettre en danger WORLD\u00b4S COCONUT TRADING, S.L. ou sa renomm\u00e9e.<\/p>\n<p>&nbsp;<\/p>\n<h3><strong>1. RESPECT DES LOIS, DES NORMES, DES CONVENTIONS ET DES R\u00c9GULATIONS<\/strong><\/h3>\n<hr \/>\n<p>WORLD\u00b4S COCONUT TRADING, S.L. et ses employ\u00e9s sont soumis \u00e0 la loi. Le respect de toutes les lois, des conventions, des plans de s\u00e9curit\u00e9 et d\u2019hygi\u00e8ne et des r\u00e9gulations applicables est obligatoire.<br \/>\nDe plus, les employ\u00e9s devront respecter les normes et les r\u00e8glements internes s\u2019ils sont applicables \u00e0 une situation d\u00e9termin\u00e9e.<\/p>\n<p>&nbsp;<\/p>\n<h3><strong>2. D\u00c9FENSE DE LA CONCURRENCE ET BONNES PRATIQUES COMMERCIALES<\/strong><\/h3>\n<hr \/>\n<p>WORLD\u00b4S COCONUT TRADING, S.L. est pr\u00e9par\u00e9e pour affronter la concurrence dans le monde commercial actuel et ce dans le plus grand respect des lois applicables en mati\u00e8re de la d\u00e9fense de la concurrence, des lois anti-monopoles et des bonnes pratiques commerciales. Par cons\u00e9quent, le personnel doit respecter \u00e0 tout moment les normes suivantes :<\/p>\n<ul>\n<li>La politique commerciale et les prix seront \u00e9tablis de mani\u00e8re ind\u00e9pendante et ils ne seront jamais accord\u00e9s avec les concurrents ou autres parties non concern\u00e9es.<\/li>\n<li>Les clients, les territoires ou les march\u00e9s de produit ne seront jamais distribu\u00e9s entre WORLD\u00b4S COCONUT TRADING, S.L. et ses concurrents mais donneront toujours lieu \u00e0 une concurrence juste.<\/li>\n<li>Les clients et les fournisseurs seront trait\u00e9s de mani\u00e8re juste.<\/li>\n<\/ul>\n<p>&nbsp;<\/p>\n<h3><strong>3. RELATION AVEC LES FOURNISSEURS<\/strong><\/h3>\n<hr \/>\n<p>Nous apporterons \u00e0 nos fournisseurs notre professionnalisme et notre savoir-faire pour construire des relations durables bas\u00e9es sur la confiance, le respect et les avantages communs.<br \/>\nNos engagements avec nos fournisseurs sont les suivants :<\/p>\n<ul>\n<li>Baser nos relations avec les fournisseurs sur la confiance et des avantages communs.<\/li>\n<li>S\u00e9lectionner nos fournisseurs de mani\u00e8re \u00e9quitative et selon des crit\u00e8res commerciaux objectifs, en \u00e9vitant tout traitement de faveur qui portent atteinte \u00e0 la concurrence.<\/li>\n<li>Ne pas accepter de nos fournisseurs toute contre-partie financi\u00e8re, cadeau ou invitation qui puisse par sa valeur d\u00e9passer le montant \u00e9conomique ou la simple politesse.<\/li>\n<li>Tenir nos engagements commerciaux dans le temps, la forme et le fond.<\/li>\n<li>Privil\u00e9gier les entreprises qui montrent une attitude responsable face \u00e0 l\u2019environnement et aux technologies propres.<\/li>\n<li>S\u00e9lectionner les fournisseurs en fonction de leur respect des droits fondamentaux dans le travail, garantissant la dignit\u00e9 de leurs employ\u00e9s et en veillant notamment \u00e0 l\u2019interdiction absolue du travail des enfants, de l\u2019exploitation et du travail forc\u00e9.<\/li>\n<li>Mettre en place des m\u00e9canismes pour garantir l\u2019\u00e9largissement de nos crit\u00e8res de responsabilit\u00e9 sociale \u00e0 notre cha\u00eene d\u2019approvisionnement et v\u00e9rifier leur ex\u00e9cution.<\/li>\n<\/ul>\n<p>&nbsp;<\/p>\n<h3><strong>4. TRAITEMENT DE L\u2019INFORMATION CONFIDENTIELLE<\/strong><\/h3>\n<hr \/>\n<p>Les informations confidentielles sont les informations qui ne sont pas publiques ou qui ne le sont pas encores. Elles comprennent les secrets commerciaux, les plans d\u2019affaires, la commercialisation et les services, les opinions du consommateur, les id\u00e9es d\u2019ing\u00e9nierie et de fabrication, les recettes de produit, les conceptions, les bases de donn\u00e9es, les registres, les informations sur les salaires et toute autre information financi\u00e8re ou non publi\u00e9e.<br \/>\n\u00c0 moins que la loi ne l\u2019exige ou que la direction de l\u2019entreprise ne l\u2019autorise, les employ\u00e9s ne r\u00e9v\u00e8leront pas les informations confidentielles et ne permettront pas leur divulgation, cette obligation restant en vigueur m\u00eame apr\u00e8s l\u2019extinction des rapports commerciaux.<br \/>\nDe m\u00eame, WORLD\u00b4S COCONUT TRADING, S.L., respecte le fait que les tiers aient un int\u00e9r\u00eat similaire \u00e0 prot\u00e9ger leurs informations confidentielles. Si des tiers comme des associ\u00e9s dans une alliance commerciale, des fournisseurs ou des clients partagent des informations confidentielles avec WORLD\u00b4S COCONUT TRADING, S.L., ces informations seront trait\u00e9es de la m\u00eame mani\u00e8re que les informations confidentielles de WORLD\u00b4S COCONUT TRADING, S.L. Les employ\u00e9s prot\u00e8geront les informations confidentielles auxquelles ils ont eu acc\u00e8s lors d\u2019emplois pr\u00e9c\u00e9dents.<\/p>\n<p>&nbsp;<\/p>\n<h3><strong>5. LUTTE CONTRE LA CORRUPTION<\/strong><\/h3>\n<hr \/>\n<p>WORLD\u00b4S COCONUT TRADING, S.L. prendra les mesures n\u00e9cessaires en ce qui concerne les lois et les r\u00e8glements relatifs \u00e0 la comptabilit\u00e9 en vue d\u2019interdire l\u2019\u00e9tablissement de comptes en dehors des livres, la r\u00e9alisation de transactions non inscrites ou insuffisamment identifi\u00e9es, l\u2019inscription de frais inexistants, l\u2019existence de postes dont les objectifs sont mal identifi\u00e9s ainsi que l\u2019usager de faux documents en vue de corrompre un agent ou dissimuler cette corruption.<\/p>\n<p>&nbsp;<\/p>\n<h3><strong>6. DEMANDES, SUGGESTIONS OU PLAINTES<\/strong><\/h3>\n<hr \/>\n<p>Si vous avez d\u00e9tect\u00e9 la pr\u00e9sence d\u2019une conduite, active ou passive, contraire au contenu du code \u00e9thique ou de tout autre norme, vous pouvez d\u00e9poser une plainte dans le volet des plaintes sur le site genuinecoconut.com, \u00a0par courrier \u00e9lectronique\u00a0<a href=\"mailto:lidia@genuinecoconut.com\">lidia@genuinecoconut.com<\/a>\u00a0ou par courrier postal \u00e0 l\u2019adresse suivante :<\/p>\n<p><em>WORLD\u00b4S COCONUT TRADING, S.L.<br \/>\nCtra. N-232, Km 271,200 | 50690 Pedrola \u2013 Zaragoza (Spain)<br \/>\nT\u00e9l. +34 976 61 92 63<\/em><\/p>\n<p>Les plaintes ou les r\u00e9clamations d\u00e9pos\u00e9es seront trait\u00e9es par le comit\u00e9 d\u2019\u00e9thique qui est un organisme ind\u00e9pendant dont la fonction est la gestion des plaintes ou des r\u00e9clamations d\u00e9pos\u00e9es.<\/p>\n","protected":false},"excerpt":{"rendered":"<p>Depuis sa cr\u00e9ation, notre soci\u00e9t\u00e9 a imm\u00e9diatement mis en place une culture d\u2019entreprise bas\u00e9e sur les principes d\u2019honn\u00eatet\u00e9, de justice et de strict respect des lois et du principe de la loi. &nbsp; Le pr\u00e9sent code de conduite de WORLD\u00b4S COCONUT TRADING, S.L. indique les principes d\u2019entreprise et contribue \u00e0 les mettre en place de [&hellip;]<\/p>\n","protected":false},"author":2,"featured_media":0,"parent":0,"menu_order":0,"comment_status":"closed","ping_status":"closed","template":"page-boxed.php","meta":{"footnotes":""},"class_list":["post-3902","page","type-page","status-publish","hentry"],"yoast_head":"<!-- This site is optimized with the Yoast SEO plugin v27.4 - https:\/\/yoast.com\/product\/yoast-seo-wordpress\/ -->\n<title>\u00c9thique et transparence | Genuine Coconut | Eau de coco vierge dans son emballage naturel<\/title>\n<meta name=\"robots\" content=\"index, follow, max-snippet:-1, max-image-preview:large, max-video-preview:-1\" \/>\n<link rel=\"canonical\" href=\"https:\/\/genuinecoconut.com\/ethics-and-transparency\/\" \/>\n<meta property=\"og:locale\" content=\"fr_FR\" \/>\n<meta property=\"og:type\" content=\"article\" \/>\n<meta property=\"og:title\" content=\"\u00c9thique et transparence | Genuine Coconut | Eau de coco vierge dans son emballage naturel\" \/>\n<meta property=\"og:description\" content=\"Depuis sa cr\u00e9ation, notre soci\u00e9t\u00e9 a imm\u00e9diatement mis en place une culture d\u2019entreprise bas\u00e9e sur les principes d\u2019honn\u00eatet\u00e9, de justice et de strict respect des lois et du principe de la loi. &nbsp; Le pr\u00e9sent code de conduite de WORLD\u00b4S COCONUT TRADING, S.L. indique les principes d\u2019entreprise et contribue \u00e0 les mettre en place de [&hellip;]\" \/>\n<meta property=\"og:url\" content=\"https:\/\/genuinecoconut.com\/ethics-and-transparency\/\" \/>\n<meta property=\"og:site_name\" content=\"Genuine Coconut | Coconut Water\" \/>\n<meta property=\"article:publisher\" content=\"https:\/\/www.facebook.com\/GenuineCoconut\" \/>\n<meta property=\"article:modified_time\" content=\"2024-05-21T09:31:50+00:00\" \/>\n<meta property=\"og:image\" content=\"https:\/\/genuinecoconut.com\/wp-content\/uploads\/2018\/01\/origin-thailand-coconuts.jpg\" \/>\n\t<meta property=\"og:image:width\" content=\"1920\" \/>\n\t<meta property=\"og:image:height\" content=\"1080\" \/>\n\t<meta property=\"og:image:type\" content=\"image\/jpeg\" \/>\n<meta name=\"twitter:card\" content=\"summary_large_image\" \/>\n<meta name=\"twitter:site\" content=\"@GenuineCoconut\" \/>\n<meta name=\"twitter:label1\" content=\"Dur\u00e9e de lecture estim\u00e9e\" \/>\n\t<meta name=\"twitter:data1\" content=\"6 minutes\" \/>\n<script type=\"application\/ld+json\" class=\"yoast-schema-graph\">{\"@context\":\"https:\\\/\\\/schema.org\",\"@graph\":[{\"@type\":\"WebPage\",\"@id\":\"https:\\\/\\\/genuinecoconut.com\\\/ethics-and-transparency\\\/\",\"url\":\"https:\\\/\\\/genuinecoconut.com\\\/ethics-and-transparency\\\/\",\"name\":\"\u00c9thique et transparence | Genuine Coconut | Eau de coco vierge dans son emballage naturel\",\"isPartOf\":{\"@id\":\"https:\\\/\\\/genuinecoconut.com\\\/#website\"},\"datePublished\":\"2015-12-02T08:40:57+00:00\",\"dateModified\":\"2024-05-21T09:31:50+00:00\",\"breadcrumb\":{\"@id\":\"https:\\\/\\\/genuinecoconut.com\\\/ethics-and-transparency\\\/#breadcrumb\"},\"inLanguage\":\"fr-FR\",\"potentialAction\":[{\"@type\":\"ReadAction\",\"target\":[\"https:\\\/\\\/genuinecoconut.com\\\/ethics-and-transparency\\\/\"]}]},{\"@type\":\"BreadcrumbList\",\"@id\":\"https:\\\/\\\/genuinecoconut.com\\\/ethics-and-transparency\\\/#breadcrumb\",\"itemListElement\":[{\"@type\":\"ListItem\",\"position\":1,\"name\":\"Home\",\"item\":\"https:\\\/\\\/genuinecoconut.com\\\/\"},{\"@type\":\"ListItem\",\"position\":2,\"name\":\"\u00c9thique et transparence\"}]},{\"@type\":\"WebSite\",\"@id\":\"https:\\\/\\\/genuinecoconut.com\\\/#website\",\"url\":\"https:\\\/\\\/genuinecoconut.com\\\/\",\"name\":\"Genuine Coconut | Coconut Water\",\"description\":\"Agua de Coco natural, org\u00e1nico de Tailandia.\",\"publisher\":{\"@id\":\"https:\\\/\\\/genuinecoconut.com\\\/#organization\"},\"potentialAction\":[{\"@type\":\"SearchAction\",\"target\":{\"@type\":\"EntryPoint\",\"urlTemplate\":\"https:\\\/\\\/genuinecoconut.com\\\/?s={search_term_string}\"},\"query-input\":{\"@type\":\"PropertyValueSpecification\",\"valueRequired\":true,\"valueName\":\"search_term_string\"}}],\"inLanguage\":\"fr-FR\"},{\"@type\":\"Organization\",\"@id\":\"https:\\\/\\\/genuinecoconut.com\\\/#organization\",\"name\":\"Genuine Coconut\",\"url\":\"https:\\\/\\\/genuinecoconut.com\\\/\",\"logo\":{\"@type\":\"ImageObject\",\"inLanguage\":\"fr-FR\",\"@id\":\"https:\\\/\\\/genuinecoconut.com\\\/#\\\/schema\\\/logo\\\/image\\\/\",\"url\":\"https:\\\/\\\/genuinecoconut.com\\\/wp-content\\\/uploads\\\/2015\\\/07\\\/genuine-coconut-factura.jpg\",\"contentUrl\":\"https:\\\/\\\/genuinecoconut.com\\\/wp-content\\\/uploads\\\/2015\\\/07\\\/genuine-coconut-factura.jpg\",\"width\":575,\"height\":345,\"caption\":\"Genuine Coconut\"},\"image\":{\"@id\":\"https:\\\/\\\/genuinecoconut.com\\\/#\\\/schema\\\/logo\\\/image\\\/\"},\"sameAs\":[\"https:\\\/\\\/www.facebook.com\\\/GenuineCoconut\",\"https:\\\/\\\/x.com\\\/GenuineCoconut\",\"https:\\\/\\\/instagram.com\\\/genuinecoconut\\\/\",\"https:\\\/\\\/es.pinterest.com\\\/genuinecoconut\\\/\",\"https:\\\/\\\/youtube.com\\\/genuinecoconut\"]}]}<\/script>\n<!-- \/ Yoast SEO plugin. -->","yoast_head_json":{"title":"\u00c9thique et transparence | Genuine Coconut | Eau de coco vierge dans son emballage naturel","robots":{"index":"index","follow":"follow","max-snippet":"max-snippet:-1","max-image-preview":"max-image-preview:large","max-video-preview":"max-video-preview:-1"},"canonical":"https:\/\/genuinecoconut.com\/ethics-and-transparency\/","og_locale":"fr_FR","og_type":"article","og_title":"\u00c9thique et transparence | Genuine Coconut | Eau de coco vierge dans son emballage naturel","og_description":"Depuis sa cr\u00e9ation, notre soci\u00e9t\u00e9 a imm\u00e9diatement mis en place une culture d\u2019entreprise bas\u00e9e sur les principes d\u2019honn\u00eatet\u00e9, de justice et de strict respect des lois et du principe de la loi. &nbsp; Le pr\u00e9sent code de conduite de WORLD\u00b4S COCONUT TRADING, S.L. indique les principes d\u2019entreprise et contribue \u00e0 les mettre en place de [&hellip;]","og_url":"https:\/\/genuinecoconut.com\/ethics-and-transparency\/","og_site_name":"Genuine Coconut | Coconut Water","article_publisher":"https:\/\/www.facebook.com\/GenuineCoconut","article_modified_time":"2024-05-21T09:31:50+00:00","og_image":[{"width":1920,"height":1080,"url":"https:\/\/genuinecoconut.com\/wp-content\/uploads\/2018\/01\/origin-thailand-coconuts.jpg","type":"image\/jpeg"}],"twitter_card":"summary_large_image","twitter_site":"@GenuineCoconut","twitter_misc":{"Dur\u00e9e de lecture estim\u00e9e":"6 minutes"},"schema":{"@context":"https:\/\/schema.org","@graph":[{"@type":"WebPage","@id":"https:\/\/genuinecoconut.com\/ethics-and-transparency\/","url":"https:\/\/genuinecoconut.com\/ethics-and-transparency\/","name":"\u00c9thique et transparence | Genuine Coconut | Eau de coco vierge dans son emballage naturel","isPartOf":{"@id":"https:\/\/genuinecoconut.com\/#website"},"datePublished":"2015-12-02T08:40:57+00:00","dateModified":"2024-05-21T09:31:50+00:00","breadcrumb":{"@id":"https:\/\/genuinecoconut.com\/ethics-and-transparency\/#breadcrumb"},"inLanguage":"fr-FR","potentialAction":[{"@type":"ReadAction","target":["https:\/\/genuinecoconut.com\/ethics-and-transparency\/"]}]},{"@type":"BreadcrumbList","@id":"https:\/\/genuinecoconut.com\/ethics-and-transparency\/#breadcrumb","itemListElement":[{"@type":"ListItem","position":1,"name":"Home","item":"https:\/\/genuinecoconut.com\/"},{"@type":"ListItem","position":2,"name":"\u00c9thique et transparence"}]},{"@type":"WebSite","@id":"https:\/\/genuinecoconut.com\/#website","url":"https:\/\/genuinecoconut.com\/","name":"Genuine Coconut | Coconut Water","description":"Agua de Coco natural, org\u00e1nico de Tailandia.","publisher":{"@id":"https:\/\/genuinecoconut.com\/#organization"},"potentialAction":[{"@type":"SearchAction","target":{"@type":"EntryPoint","urlTemplate":"https:\/\/genuinecoconut.com\/?s={search_term_string}"},"query-input":{"@type":"PropertyValueSpecification","valueRequired":true,"valueName":"search_term_string"}}],"inLanguage":"fr-FR"},{"@type":"Organization","@id":"https:\/\/genuinecoconut.com\/#organization","name":"Genuine Coconut","url":"https:\/\/genuinecoconut.com\/","logo":{"@type":"ImageObject","inLanguage":"fr-FR","@id":"https:\/\/genuinecoconut.com\/#\/schema\/logo\/image\/","url":"https:\/\/genuinecoconut.com\/wp-content\/uploads\/2015\/07\/genuine-coconut-factura.jpg","contentUrl":"https:\/\/genuinecoconut.com\/wp-content\/uploads\/2015\/07\/genuine-coconut-factura.jpg","width":575,"height":345,"caption":"Genuine Coconut"},"image":{"@id":"https:\/\/genuinecoconut.com\/#\/schema\/logo\/image\/"},"sameAs":["https:\/\/www.facebook.com\/GenuineCoconut","https:\/\/x.com\/GenuineCoconut","https:\/\/instagram.com\/genuinecoconut\/","https:\/\/es.pinterest.com\/genuinecoconut\/","https:\/\/youtube.com\/genuinecoconut"]}]}},"_links":{"self":[{"href":"https:\/\/genuinecoconut.com\/fr\/wp-json\/wp\/v2\/pages\/3902","targetHints":{"allow":["GET"]}}],"collection":[{"href":"https:\/\/genuinecoconut.com\/fr\/wp-json\/wp\/v2\/pages"}],"about":[{"href":"https:\/\/genuinecoconut.com\/fr\/wp-json\/wp\/v2\/types\/page"}],"author":[{"embeddable":true,"href":"https:\/\/genuinecoconut.com\/fr\/wp-json\/wp\/v2\/users\/2"}],"replies":[{"embeddable":true,"href":"https:\/\/genuinecoconut.com\/fr\/wp-json\/wp\/v2\/comments?post=3902"}],"version-history":[{"count":1,"href":"https:\/\/genuinecoconut.com\/fr\/wp-json\/wp\/v2\/pages\/3902\/revisions"}],"predecessor-version":[{"id":19048,"href":"https:\/\/genuinecoconut.com\/fr\/wp-json\/wp\/v2\/pages\/3902\/revisions\/19048"}],"wp:attachment":[{"href":"https:\/\/genuinecoconut.com\/fr\/wp-json\/wp\/v2\/media?parent=3902"}],"curies":[{"name":"wp","href":"https:\/\/api.w.org\/{rel}","templated":true}]}}