{"id":3897,"date":"2015-12-02T10:27:05","date_gmt":"2015-12-02T08:27:05","guid":{"rendered":"https:\/\/genuinecoconut.com\/?page_id=3897"},"modified":"2024-05-21T09:31:50","modified_gmt":"2024-05-21T09:31:50","slug":"mentions-legales","status":"publish","type":"page","link":"https:\/\/genuinecoconut.com\/fr\/mentions-legales\/","title":{"rendered":"Mentions l\u00e9gales"},"content":{"rendered":"<h4><\/h4>\n<h4>Ce site a \u00e9t\u00e9 cr\u00e9\u00e9 par WORLD\u2019S COCONUT TRADING, S.L. (ci-apr\u00e8s d\u00e9nomm\u00e9 \u201cWORLD\u2019S COCONUT TRADING, S.L\u201d ou la \u201csoci\u00e9t\u00e9\u201d) en vue de fournir des INFORMATIONS pour un USAGE PERSONNEL et GRATUIT. Les pr\u00e9sentes mentions l\u00e9gales r\u00e9gulent l\u2019usage du service du portail Internet <a href=\"https:\/\/genuinecoconut.com\">genuinecoconut.com<\/a>, comprenant les r\u00e8gles d\u2019utilisation pour la protection des usagers du site et des droits de WORLD\u2019S COCONUT TRADING, S.L. contre d\u2019\u00e9ventuelles infractions.<\/h4>\n<hr \/>\n<p>Renseignements de la soci\u00e9t\u00e9 : soci\u00e9t\u00e9 situ\u00e9e \u00e0 Saragosse, C\/ COLONIA SAN LAMBERTO 25, 50011 y CIF B-99410128, adresse e-mail\u00a0<a href=\"mailto:info@genuinecoconut.com\">info@genuinecoconut.com<\/a>m\u00a0, t\u00e9l\u00e9phone +34 976.619.263. Inscrite au registre du commerce et des soci\u00e9t\u00e9s de Saragosse, Volume 4045, Livre 0, Feuillet 40, Page Z-56715, Inscription1.<br \/>\nTous les contenus du site\u00a0genuinecoconut.com, tels que les textes, les graphiques, les photographies, les logotypes, les ic\u00f4nes, les images ainsi que la conception graphique, le code source et le logiciel sont la propri\u00e9t\u00e9 de WORLD\u2019S COCONUT TRADING, S.L. ou de tiers dont les droits correspondants sont d\u00e9tenus l\u00e9galement par WORLD\u2019S COCONUT TRADING, S.L., ces derniers \u00e9tant donc prot\u00e9g\u00e9s par la l\u00e9gislation nationale et internationale.<br \/>\nToute utilisation des \u00e9l\u00e9ments objet de la propri\u00e9t\u00e9 intellectuelle et industrielle \u00e0 des fins commerciales ainsi que leur distribution, modification, alt\u00e9ration ou d\u00e9compilation sont strictement interdites.<br \/>\nL\u2019exercice exclusif des droits d\u2019exploitation de la propri\u00e9t\u00e9 intellectuelle mentionn\u00e9e revient \u00e0 WORLD\u2019S COCONUT TRADING S.L., quelle qu\u2019en soit la forme, et notamment l\u2019exercice des droits de reproduction, distribution, divulgation et transformation.<br \/>\nLes soci\u00e9t\u00e9s associ\u00e9es au site genuinecoconut.com peuvent si elles le souhaitent demander leur retrait en s\u2019adressant \u00e0\u00a0<a href=\"mailto:info@genuinecoconut.com\">info@genuinecoconut.com<\/a>.<br \/>\nLes usagers d\u2019Internet qui acc\u00e8dent au site sont express\u00e9ment autoris\u00e9s \u00e0 visualiser les informations qui y sont contenues et \u00e0 effectuer des t\u00e9l\u00e9chargements ou des reproductions priv\u00e9es sur leurs syst\u00e8mes informatiques \u00e0 condition que les \u00e9l\u00e9ments qui ont \u00e9t\u00e9 reproduits soient destin\u00e9s uniquement \u00e0 leur usage personnel et ne soient pas c\u00e9d\u00e9s, transmis \u00e0 des tiers ou install\u00e9s sur un serveur reli\u00e9 directement ou indirectement \u00e0 Internet ou \u00e0 un r\u00e9seau local afin que des tiers puissent acc\u00e9der aux informations exclusives de WORLD\u2019S COCONUT TRADING S.L. par des moyens autres que le propre site. \u00c0 cet effet, les usagers d\u2019Internet ne sont pas autoris\u00e9s \u00e0 proc\u00e9der \u00e0 la distribution, la modification, la cession ou la divulgation des informations (textes ou images) contenues sur le site, y compris leur envoi par courrier \u00e9lectronique ou leur distribution d\u2019une mani\u00e8re ou d\u2019une autre et quelle que soit leur finalit\u00e9, \u00e0 plusieurs usagers.<br \/>\nToute infraction aux interdictions et limites contenues dans le paragraphe pr\u00e9c\u00e9dent sera consid\u00e9r\u00e9e comme une infraction des droits de la propri\u00e9t\u00e9 intellectuelle d\u00e9tenus par WORLD\u2019S COCONUT TRADING S.L. et donnera lieu aux responsabilit\u00e9s l\u00e9galement \u00e9tablies en la mati\u00e8re, pouvant faire l\u2019objet de poursuites au moyen de proc\u00e9dures administratives, civiles ou p\u00e9nales, le cas \u00e9ch\u00e9ant.<br \/>\nLes usagers du site seront les seuls responsables de leur conduite lors de l\u2019acc\u00e8s aux informations du site pendant leur navigation et apr\u00e8s y avoir acc\u00e9d\u00e9.<br \/>\nPar cons\u00e9quent, les usagers du site exclusif WORLD\u2019S COCONUT TRADING, S.L. seront les seuls responsables \u00e0 notre \u00e9gard et \u00e0 l\u2019\u00e9gard de tiers pour :<\/p>\n<ul>\n<li>Les cons\u00e9quences d\u00e9coulant d\u2019une utilisation du contenu du site \u00e0 des fins illicites ou contraires au pr\u00e9sent document.<\/li>\n<li>Les cons\u00e9quences d\u00e9coulant de l\u2019utilisation contaire au contenu du pr\u00e9sent document et portant pr\u00e9judice aux int\u00e9r\u00eats ou aux droits de tiers, en d\u00e9t\u00e9riorant le site et les services qui y sont offerts.<\/li>\n<\/ul>\n<p>De m\u00eame, WORLD\u2019S COCONUT TRADING S.L. est titulaire des droits de propri\u00e9t\u00e9 intellectuelle concernant les produits et les services relatifs aux marques d\u00e9pos\u00e9es qui sont mentionn\u00e9es dans le site et notamment celles indiqu\u00e9es dans le volet des marques et des produits.<br \/>\nL\u2019acc\u00e8s des usagers d\u2019Internet \u00e0 ce site ne leur conf\u00e8re en aucun cas le droit d\u2019utiliser ou d\u2019exploiter, quelle qu\u2019en soit la mani\u00e8re, les droits de propri\u00e9t\u00e9 industrielle. Toute infraction ou atteinte produite donnera lieu aux responsabilit\u00e9s l\u00e9galement \u00e9tablies, pouvant faire l\u2019objet de poursuite par WORLD\u2019S COCONUT TRADING S.L. au moyen des proc\u00e9dures administratives, civiles ou p\u00e9nales correspondantes le cas \u00e9ch\u00e9ant.<br \/>\nWORLD\u2019S COCONUT TRADING S.L. ne garantit pas l\u2019absence d\u2019erreurs dans l\u2019acc\u00e8s \u00e0 son site, ni dans son contenu et sa mise \u00e0 jour mais elle devra mettre tout en oeuvre pour les \u00e9viter, les corriger ou le mettre \u00e0 jour le cas \u00e9ch\u00e9ant.<br \/>\nWORLD\u2019S COCONUT TRADING, S.L. ne garantit pas ni assume aucune responsabilit\u00e9 pour les dommages et les pr\u00e9judices subis par l\u2019acc\u00e8s aux services de tiers au moyen des connexions ou des liens associ\u00e9s ou quant \u00e0 l\u2019exactitude ou \u00e0 la fiabilit\u00e9 de ces derniers. Les liens qui sont mentionn\u00e9s dans genuinecoconut.com\u00a0visent uniquement \u00e0 informer l\u2019usager de l\u2019existence d\u2019autres sources d\u2019information sur Internet o\u00f9 il pourra compl\u00e9ter les services offerts par le site. En aucun cas, la soci\u00e9t\u00e9 sera responsable des r\u00e9sultats obtenus par le biais de ces liens ou des cons\u00e9quences qui d\u00e9coulent de l\u2019acc\u00e8s de l\u2019usager \u00e0 ces derniers.<br \/>\nCes services sont fournis par des tiers et par cons\u00e9quent la soci\u00e9t\u00e9 ne peut pas contr\u00f4ler le caract\u00e8re licite de leurs services ni leur qualit\u00e9. Nous recommandons \u00e0 l\u2019usager d\u2019\u00eatre vigilant lors de l\u2019utilisation de de ces liens.<br \/>\nL\u2019utilisation de cookies, petits fichiers de donn\u00e9es, est n\u00e9cessaire pour l\u2019utilisation de notre site. Les cookies sont utilis\u00e9s afin d\u2019am\u00e9liorer le service offert par la soci\u00e9t\u00e9. Aucune donn\u00e9e personnelle des usagers n\u2019est collect\u00e9e car les informations restent anonymes.<br \/>\nSi l\u2019usager le souhaite, il peut configurer son navigateur afin d\u2019\u00eatre inform\u00e9 de la r\u00e9ception de cookies et bloquer leur installation sur le disque dur de son ordinateur. Il est recommand\u00e9 de consulter les instructions du navigateur utilis\u00e9 par le client pour obtenir de plus amples informations \u00e0 ce sujet.<br \/>\nWORLD\u2019S COCONUT TRADING S.L. ne sera pas responsable des dommages qui pourraient \u00eatre occasionn\u00e9s sur le syst\u00e8me informatique des usagers d\u2019Internet pour une raison ou une autre, y compris mais sans limitation pour les dommages occasionn\u00e9s \u00e0 l\u2019usager d\u2019Internet suite \u00e0 l\u2019existence d\u2019un virus sur le r\u00e9seau. De m\u00eame, WORLD\u2019S COCONUT TRADING S.L. n\u2019est pas responsable des interruptions, erreurs ou d\u00e9faillances qui surviennent dans le syst\u00e8me suite \u00e0 un mauvais fonctionnement du r\u00e9seau ou des serveurs qui y sont reli\u00e9s.<br \/>\nWORLD\u2019S COCONUT TRADING S.L. se r\u00e9serve le droit de mettre \u00e0 jour les contenus du site \u00e0 tout moment, de les supprimer ou d\u2019en emp\u00eacher leur acc\u00e8s de mani\u00e8re temporaire ou d\u00e9finitive ainsi que de refuser l\u2019acc\u00e8s aux usagers qui ne respectent pas d\u2019une mani\u00e8re ou d\u2019une autre le contenu du pr\u00e9sent document<br \/>\nLes informations contenues sur le site exclusif de la soci\u00e9t\u00e9 sont donn\u00e9es \u00e0 titre indicatif aux usagers tant pour leur finalit\u00e9 que pour leurs effets. Par cons\u00e9quent, l\u2019exactitude des informations contenues sur ce site n\u2019est pas garantie et aucune responsabilit\u00e9 n\u2019est assum\u00e9e en cas d\u2019\u00e9ventuels pr\u00e9judices ou d\u00e9sagr\u00e9ments occassionn\u00e9s aux usagers suite \u00e0 ces inexactitudes.<\/p>\n<h3>\u00a0<strong>CONDITIONS G\u00c9N\u00c9RALES D\u2019UTILISATION<\/strong><\/h3>\n<hr \/>\n<p>WORLD\u2019S COCONUT TRADING S.L. informe les usagers que l\u2019acc\u00e8s et l\u2019utilisation du site genuinecoconut.com\u00a0et de tous les sous-domaines et r\u00e9pertoires inclus (ci-apr\u00e8s d\u00e9nomm\u00e9s dans leur ensemble le portail) ainsi que les services qui pourraient \u00eatre offerts par le biais de ce domaine sont soumis aux conditions qui sont indiqu\u00e9es dans les mentions l\u00e9gales sans pr\u00e9judice du fait que certains services puissent \u00eatre soumis \u00e0 l\u2019acceptation de conditions g\u00e9n\u00e9rales suppl\u00e9mentaires.<br \/>\nTout usage du portail ou des services inclus impliquera l\u2019acceptation des conditions l\u00e9gales recueillies dans ce texte.<br \/>\nWORLD\u2019S COCONUT TRADING, S.L. se r\u00e9serve le droit de modifier \u00e0 tout moment la pr\u00e9sentation et la configuration du site ainsi que les pr\u00e9sentes conditions g\u00e9n\u00e9rales. Par cons\u00e9quent, elle recommande aux usagers de les lire attentivement chaque fois qu\u2019ils y acc\u00e8dent. Ces conditions g\u00e9n\u00e9rales se trouveront dans un endroit visible et accessibles pour les usagers et elles pourront \u00eatre consult\u00e9es autant de fois que n\u00e9cessaire.<br \/>\nTout usager qui agit contre l\u2019image, la renomm\u00e9e ou la r\u00e9putation de WORLD\u2019S COCONUT TRADING S.L. et qui utilise de mani\u00e8re illicite ou frauduleuse les conceptions, les logos ou les contenus du portail seront responsables de leurs actes envers la soci\u00e9t\u00e9.<br \/>\nLe portail a pour objet d\u2019informer sur les activit\u00e9s r\u00e9alis\u00e9es et les produits et les services de WORLD\u2019S COCONUT TRADING S.L.; les informations qui y sont contenues sauf d\u00e9claration contraire ne sont donc donn\u00e9es qu\u2019\u00e0 titre indicatif.<br \/>\nSi une des clauses des pr\u00e9sentes conditions d\u2019usage, conditions de vente et politique de confidentialit\u00e9 est d\u00e9clar\u00e9e nulle, les autres clauses resteront en vigueur et seront interpr\u00e9t\u00e9es en tenant compte de la volont\u00e9 des parties et de la finalit\u00e9 des pr\u00e9sentes clauses.<\/p>\n<h3><strong>PRIVACY<\/strong><\/h3>\n<hr \/>\n<p>Consulter la <a href=\"https:\/\/genuinecoconut.com\/fr\/politique-de-confidentialite-et-cookies\/\" target=\"_blank\" rel=\"noopener\">politique de confidentialit\u00e9 et des cookies<\/a>.<\/p>\n<h3><strong>LOI APPLICABLE ET JURIDICTION<\/strong><\/h3>\n<hr \/>\n<p>La loi applicable en cas de dispute ou de conflit survenant de l\u2019interpr\u00e9tation des clauses des mentions l\u00e9gales et pour tout autre question li\u00e9e aux services du pr\u00e9sent portail sera la loi espagnole.<br \/>\nPour toutes les questions et les litiges susceptibles de survenir quant \u00e0 la visite du portail ou de l\u2019utilisation des services qui y sont offerts, WORLD\u2019S COCONUT TRADING S.L. et l\u2019usager se soumettent \u00e0 la juridiction et comp\u00e9tence des Tribunaux du si\u00e8ge social de WORLD\u2019S COCONUT TRADING S.L., \u00e0 Saragosse.<br \/>\nL\u2019utilisation du portail attribue la condition d\u2019usager et implique la pleine acceptation et sans aucune r\u00e9serve des dispositions incluses dans les mentions l\u00e9gales.<\/p>\n","protected":false},"excerpt":{"rendered":"<p>Ce site a \u00e9t\u00e9 cr\u00e9\u00e9 par WORLD\u2019S COCONUT TRADING, S.L. (ci-apr\u00e8s d\u00e9nomm\u00e9 \u201cWORLD\u2019S COCONUT TRADING, S.L\u201d ou la \u201csoci\u00e9t\u00e9\u201d) en vue de fournir des INFORMATIONS pour un USAGE PERSONNEL et GRATUIT. Les pr\u00e9sentes mentions l\u00e9gales r\u00e9gulent l\u2019usage du service du portail Internet genuinecoconut.com, comprenant les r\u00e8gles d\u2019utilisation pour la protection des usagers du site et [&hellip;]<\/p>\n","protected":false},"author":2,"featured_media":0,"parent":0,"menu_order":0,"comment_status":"closed","ping_status":"closed","template":"page-boxed.php","meta":{"footnotes":""},"class_list":["post-3897","page","type-page","status-publish","hentry"],"yoast_head":"<!-- This site is optimized with the Yoast SEO plugin v27.4 - https:\/\/yoast.com\/product\/yoast-seo-wordpress\/ -->\n<title>Mentions L\u00e9gales | Genuine Coconut | Eau de coco<\/title>\n<meta name=\"robots\" content=\"index, follow, max-snippet:-1, max-image-preview:large, max-video-preview:-1\" \/>\n<link rel=\"canonical\" href=\"https:\/\/genuinecoconut.com\/legal-notice\/\" \/>\n<meta property=\"og:locale\" content=\"fr_FR\" \/>\n<meta property=\"og:type\" content=\"article\" \/>\n<meta property=\"og:title\" content=\"Mentions L\u00e9gales | Genuine Coconut | Eau de coco\" \/>\n<meta property=\"og:description\" content=\"Ce site a \u00e9t\u00e9 cr\u00e9\u00e9 par WORLD\u2019S COCONUT TRADING, S.L. (ci-apr\u00e8s d\u00e9nomm\u00e9 \u201cWORLD\u2019S COCONUT TRADING, S.L\u201d ou la \u201csoci\u00e9t\u00e9\u201d) en vue de fournir des INFORMATIONS pour un USAGE PERSONNEL et GRATUIT. Les pr\u00e9sentes mentions l\u00e9gales r\u00e9gulent l\u2019usage du service du portail Internet genuinecoconut.com, comprenant les r\u00e8gles d\u2019utilisation pour la protection des usagers du site et [&hellip;]\" \/>\n<meta property=\"og:url\" content=\"https:\/\/genuinecoconut.com\/legal-notice\/\" \/>\n<meta property=\"og:site_name\" content=\"Genuine Coconut | Coconut Water\" \/>\n<meta property=\"article:publisher\" content=\"https:\/\/www.facebook.com\/GenuineCoconut\" \/>\n<meta property=\"article:modified_time\" content=\"2024-05-21T09:31:50+00:00\" \/>\n<meta property=\"og:image\" content=\"https:\/\/genuinecoconut.com\/wp-content\/uploads\/2018\/01\/origin-thailand-coconuts.jpg\" \/>\n\t<meta property=\"og:image:width\" content=\"1920\" \/>\n\t<meta property=\"og:image:height\" content=\"1080\" \/>\n\t<meta property=\"og:image:type\" content=\"image\/jpeg\" \/>\n<meta name=\"twitter:card\" content=\"summary_large_image\" \/>\n<meta name=\"twitter:site\" content=\"@GenuineCoconut\" \/>\n<meta name=\"twitter:label1\" content=\"Dur\u00e9e de lecture estim\u00e9e\" \/>\n\t<meta name=\"twitter:data1\" content=\"9 minutes\" \/>\n<script type=\"application\/ld+json\" class=\"yoast-schema-graph\">{\"@context\":\"https:\\\/\\\/schema.org\",\"@graph\":[{\"@type\":\"WebPage\",\"@id\":\"https:\\\/\\\/genuinecoconut.com\\\/legal-notice\\\/\",\"url\":\"https:\\\/\\\/genuinecoconut.com\\\/legal-notice\\\/\",\"name\":\"Mentions L\u00e9gales | Genuine Coconut | Eau de coco\",\"isPartOf\":{\"@id\":\"https:\\\/\\\/genuinecoconut.com\\\/#website\"},\"datePublished\":\"2015-12-02T08:27:05+00:00\",\"dateModified\":\"2024-05-21T09:31:50+00:00\",\"breadcrumb\":{\"@id\":\"https:\\\/\\\/genuinecoconut.com\\\/legal-notice\\\/#breadcrumb\"},\"inLanguage\":\"fr-FR\",\"potentialAction\":[{\"@type\":\"ReadAction\",\"target\":[\"https:\\\/\\\/genuinecoconut.com\\\/legal-notice\\\/\"]}]},{\"@type\":\"BreadcrumbList\",\"@id\":\"https:\\\/\\\/genuinecoconut.com\\\/legal-notice\\\/#breadcrumb\",\"itemListElement\":[{\"@type\":\"ListItem\",\"position\":1,\"name\":\"Home\",\"item\":\"https:\\\/\\\/genuinecoconut.com\\\/\"},{\"@type\":\"ListItem\",\"position\":2,\"name\":\"Mentions l\u00e9gales\"}]},{\"@type\":\"WebSite\",\"@id\":\"https:\\\/\\\/genuinecoconut.com\\\/#website\",\"url\":\"https:\\\/\\\/genuinecoconut.com\\\/\",\"name\":\"Genuine Coconut | Coconut Water\",\"description\":\"Agua de Coco natural, org\u00e1nico de Tailandia.\",\"publisher\":{\"@id\":\"https:\\\/\\\/genuinecoconut.com\\\/#organization\"},\"potentialAction\":[{\"@type\":\"SearchAction\",\"target\":{\"@type\":\"EntryPoint\",\"urlTemplate\":\"https:\\\/\\\/genuinecoconut.com\\\/?s={search_term_string}\"},\"query-input\":{\"@type\":\"PropertyValueSpecification\",\"valueRequired\":true,\"valueName\":\"search_term_string\"}}],\"inLanguage\":\"fr-FR\"},{\"@type\":\"Organization\",\"@id\":\"https:\\\/\\\/genuinecoconut.com\\\/#organization\",\"name\":\"Genuine Coconut\",\"url\":\"https:\\\/\\\/genuinecoconut.com\\\/\",\"logo\":{\"@type\":\"ImageObject\",\"inLanguage\":\"fr-FR\",\"@id\":\"https:\\\/\\\/genuinecoconut.com\\\/#\\\/schema\\\/logo\\\/image\\\/\",\"url\":\"https:\\\/\\\/genuinecoconut.com\\\/wp-content\\\/uploads\\\/2015\\\/07\\\/genuine-coconut-factura.jpg\",\"contentUrl\":\"https:\\\/\\\/genuinecoconut.com\\\/wp-content\\\/uploads\\\/2015\\\/07\\\/genuine-coconut-factura.jpg\",\"width\":575,\"height\":345,\"caption\":\"Genuine Coconut\"},\"image\":{\"@id\":\"https:\\\/\\\/genuinecoconut.com\\\/#\\\/schema\\\/logo\\\/image\\\/\"},\"sameAs\":[\"https:\\\/\\\/www.facebook.com\\\/GenuineCoconut\",\"https:\\\/\\\/x.com\\\/GenuineCoconut\",\"https:\\\/\\\/instagram.com\\\/genuinecoconut\\\/\",\"https:\\\/\\\/es.pinterest.com\\\/genuinecoconut\\\/\",\"https:\\\/\\\/youtube.com\\\/genuinecoconut\"]}]}<\/script>\n<!-- \/ Yoast SEO plugin. -->","yoast_head_json":{"title":"Mentions L\u00e9gales | Genuine Coconut | Eau de coco","robots":{"index":"index","follow":"follow","max-snippet":"max-snippet:-1","max-image-preview":"max-image-preview:large","max-video-preview":"max-video-preview:-1"},"canonical":"https:\/\/genuinecoconut.com\/legal-notice\/","og_locale":"fr_FR","og_type":"article","og_title":"Mentions L\u00e9gales | Genuine Coconut | Eau de coco","og_description":"Ce site a \u00e9t\u00e9 cr\u00e9\u00e9 par WORLD\u2019S COCONUT TRADING, S.L. (ci-apr\u00e8s d\u00e9nomm\u00e9 \u201cWORLD\u2019S COCONUT TRADING, S.L\u201d ou la \u201csoci\u00e9t\u00e9\u201d) en vue de fournir des INFORMATIONS pour un USAGE PERSONNEL et GRATUIT. Les pr\u00e9sentes mentions l\u00e9gales r\u00e9gulent l\u2019usage du service du portail Internet genuinecoconut.com, comprenant les r\u00e8gles d\u2019utilisation pour la protection des usagers du site et [&hellip;]","og_url":"https:\/\/genuinecoconut.com\/legal-notice\/","og_site_name":"Genuine Coconut | Coconut Water","article_publisher":"https:\/\/www.facebook.com\/GenuineCoconut","article_modified_time":"2024-05-21T09:31:50+00:00","og_image":[{"width":1920,"height":1080,"url":"https:\/\/genuinecoconut.com\/wp-content\/uploads\/2018\/01\/origin-thailand-coconuts.jpg","type":"image\/jpeg"}],"twitter_card":"summary_large_image","twitter_site":"@GenuineCoconut","twitter_misc":{"Dur\u00e9e de lecture estim\u00e9e":"9 minutes"},"schema":{"@context":"https:\/\/schema.org","@graph":[{"@type":"WebPage","@id":"https:\/\/genuinecoconut.com\/legal-notice\/","url":"https:\/\/genuinecoconut.com\/legal-notice\/","name":"Mentions L\u00e9gales | Genuine Coconut | Eau de coco","isPartOf":{"@id":"https:\/\/genuinecoconut.com\/#website"},"datePublished":"2015-12-02T08:27:05+00:00","dateModified":"2024-05-21T09:31:50+00:00","breadcrumb":{"@id":"https:\/\/genuinecoconut.com\/legal-notice\/#breadcrumb"},"inLanguage":"fr-FR","potentialAction":[{"@type":"ReadAction","target":["https:\/\/genuinecoconut.com\/legal-notice\/"]}]},{"@type":"BreadcrumbList","@id":"https:\/\/genuinecoconut.com\/legal-notice\/#breadcrumb","itemListElement":[{"@type":"ListItem","position":1,"name":"Home","item":"https:\/\/genuinecoconut.com\/"},{"@type":"ListItem","position":2,"name":"Mentions l\u00e9gales"}]},{"@type":"WebSite","@id":"https:\/\/genuinecoconut.com\/#website","url":"https:\/\/genuinecoconut.com\/","name":"Genuine Coconut | Coconut Water","description":"Agua de Coco natural, org\u00e1nico de Tailandia.","publisher":{"@id":"https:\/\/genuinecoconut.com\/#organization"},"potentialAction":[{"@type":"SearchAction","target":{"@type":"EntryPoint","urlTemplate":"https:\/\/genuinecoconut.com\/?s={search_term_string}"},"query-input":{"@type":"PropertyValueSpecification","valueRequired":true,"valueName":"search_term_string"}}],"inLanguage":"fr-FR"},{"@type":"Organization","@id":"https:\/\/genuinecoconut.com\/#organization","name":"Genuine Coconut","url":"https:\/\/genuinecoconut.com\/","logo":{"@type":"ImageObject","inLanguage":"fr-FR","@id":"https:\/\/genuinecoconut.com\/#\/schema\/logo\/image\/","url":"https:\/\/genuinecoconut.com\/wp-content\/uploads\/2015\/07\/genuine-coconut-factura.jpg","contentUrl":"https:\/\/genuinecoconut.com\/wp-content\/uploads\/2015\/07\/genuine-coconut-factura.jpg","width":575,"height":345,"caption":"Genuine Coconut"},"image":{"@id":"https:\/\/genuinecoconut.com\/#\/schema\/logo\/image\/"},"sameAs":["https:\/\/www.facebook.com\/GenuineCoconut","https:\/\/x.com\/GenuineCoconut","https:\/\/instagram.com\/genuinecoconut\/","https:\/\/es.pinterest.com\/genuinecoconut\/","https:\/\/youtube.com\/genuinecoconut"]}]}},"_links":{"self":[{"href":"https:\/\/genuinecoconut.com\/fr\/wp-json\/wp\/v2\/pages\/3897","targetHints":{"allow":["GET"]}}],"collection":[{"href":"https:\/\/genuinecoconut.com\/fr\/wp-json\/wp\/v2\/pages"}],"about":[{"href":"https:\/\/genuinecoconut.com\/fr\/wp-json\/wp\/v2\/types\/page"}],"author":[{"embeddable":true,"href":"https:\/\/genuinecoconut.com\/fr\/wp-json\/wp\/v2\/users\/2"}],"replies":[{"embeddable":true,"href":"https:\/\/genuinecoconut.com\/fr\/wp-json\/wp\/v2\/comments?post=3897"}],"version-history":[{"count":1,"href":"https:\/\/genuinecoconut.com\/fr\/wp-json\/wp\/v2\/pages\/3897\/revisions"}],"predecessor-version":[{"id":19047,"href":"https:\/\/genuinecoconut.com\/fr\/wp-json\/wp\/v2\/pages\/3897\/revisions\/19047"}],"wp:attachment":[{"href":"https:\/\/genuinecoconut.com\/fr\/wp-json\/wp\/v2\/media?parent=3897"}],"curies":[{"name":"wp","href":"https:\/\/api.w.org\/{rel}","templated":true}]}}