{"id":3889,"date":"2015-08-10T10:33:10","date_gmt":"2015-08-10T08:33:10","guid":{"rendered":"https:\/\/genuinecoconut.com\/privacy-and-cookies-policy-2\/"},"modified":"2024-05-21T09:31:50","modified_gmt":"2024-05-21T09:31:50","slug":"politique-de-confidentialite-et-cookies","status":"publish","type":"page","link":"https:\/\/genuinecoconut.com\/fr\/politique-de-confidentialite-et-cookies\/","title":{"rendered":"Politique de confidentialit\u00e9 et cookies"},"content":{"rendered":"<h3><strong>POLITIQUE DE CONFIDENTIALIT\u00c9<\/strong><\/h3>\n<hr \/>\n<p>Nous informons nos clients et nos usagers que les donn\u00e9es personnelles fournies lors de la navigation, l\u2019utilisation des services, les formulaires d\u2019achat ou d\u2019enregistrement seront incluses dans un ou plusieurs fichiers qui seront inscrits \u00e0 l\u2019Agence espagnole de protection des donn\u00e9es et appartiennent \u00e0 WORLD\u2019S COCONUT TRADING S.L., en vue des finalit\u00e9s suivantes \u00a0(i)\u00a0g\u00e9rer les rapports commerciaux avec les clients et les usagers ;\u00a0(ii) \u00a0se charger de l\u2019ex\u00e9cution du service apr\u00e8s-vente et de la garantie des achats effectu\u00e9s et (iii)\u00a0envoyer des informations relatives aux produits et aux services par tous les moyens, y compris le courrier \u00e9lectronique ou moyen \u00e9lectronique \u00e9quivalent, dans les termes \u00e9tablis par la norme en vigueur.<br \/>\nCe consentement pour recevoir des communications commerciales par des moyens \u00e9lectroniques pourra \u00eatre r\u00e9voqu\u00e9 \u00e0 tout moment au moyen d\u2019une m\u00e9thode simple qui sera incluse dans chaque courrier \u00e9lectronique ou en le notifiant \u00e0 correo@genuinecoconut.com, ou au moyen de la configuration de la partie priv\u00e9e dont l\u2019usager inscrit dispose sur le site.<br \/>\nPendant la navigation, nous obtenons des donn\u00e9es qui nous fournissent des informations sur l\u2019utilisabilit\u00e9 et les pr\u00e9f\u00e9rences des usagers selon les termes et les conditions pr\u00e9vus express\u00e9ment dans la rubrique des cookies. Certaines sont utilis\u00e9es pour intervenir dans les r\u00e9seaux sociaux ou d\u2019autres plateformes externes directement \u00e0 partir du site. La mani\u00e8re d\u2019intervenir de l\u2019usager et l\u2019information obtenue pendant sa navigation seront soumises \u00e0 la configuration de confidentialit\u00e9 du propre usager dans chaque r\u00e9seau social, ces plateformes pouvant m\u00eame obtenir des informations sur la navigation bien que l\u2019usager n\u2019utilise pas ces services. Dans tous les cas, l\u2019usager est express\u00e9ment conscient du fait que nous pouvons utiliser ses go\u00fbts et ses pr\u00e9f\u00e9rences pour lui proposer de la publicit\u00e9 ou des \u00e9v\u00e9nements susceptibles de l\u2019int\u00e9resser, \u00e0 l\u2019int\u00e9rieur ou \u00e0 l\u2019ext\u00e9rieur de la plateforme ou du r\u00e9seau social.<br \/>\nL\u2019usager pourra exercer ses droits d\u2019acc\u00e8s, rectification, annulation ou opposition en adressant un courrier \u00e0 notre si\u00e8ge social, avec une photocopie de sa CNI, son adresse et sa demande.<br \/>\nLes achats et les donn\u00e9es associ\u00e9es sont r\u00e9alis\u00e9s selon le syst\u00e8me de s\u00e9curisation SSL, garantissant la s\u00e9curit\u00e9 de vos achats. En aucun cas, nous acc\u00e9dons \u00e0 l\u2019information relative aux moyens de paiement utilis\u00e9s et nous ne les collectons pas. Pour plus de s\u00e9curit\u00e9, ces informations seront demand\u00e9es \u00e0 chaque commande conform\u00e9ment aux standards de s\u00e9curit\u00e9 des passerelles de paiement utilis\u00e9es au choix de chaque usager.<\/p>\n<p>&nbsp;<\/p>\n<h3><strong>POLITIQUE DES COOKIES<\/strong><\/h3>\n<hr \/>\n<p>Nous utilisons des cookies sur notre site (petits fichiers de texte que le serveur envoie \u00e0 l\u2019ordinateur de l\u2019usager qui acc\u00e8de au site). Il s\u2019agit d\u2019une technique utilis\u00e9e habituellement sur Internet pour mener \u00e0 bien diff\u00e9rentes fonctions qui sont consid\u00e9r\u00e9es comme indispensables pour le bon fonctionnement et la visualisation du site.<\/p>\n<h4>Nous utilisons les cookies suivants:<\/h4>\n<table class=\"cookies\" border=\"1\">\n<tbody>\n<tr class=\"cabecera\">\n<td><strong>Analytiques<\/strong><\/td>\n<td><strong>Fournisseur<\/strong><\/td>\n<td><strong>Opt out<\/strong><\/td>\n<\/tr>\n<tr>\n<td>\n<table>\n<tbody>\n<tr>\n<td>\u00ab\u00a0__utma\u00a0\u00bb,<\/td>\n<\/tr>\n<tr>\n<td>\u00ab\u00a0__utmb\u00a0\u00bb,<\/td>\n<\/tr>\n<tr>\n<td>\u00ab\u00a0__utmc\u00a0\u00bb,<\/td>\n<\/tr>\n<tr>\n<td>\u00ab\u00a0__utmt\u00a0\u00bb,<\/td>\n<\/tr>\n<tr>\n<td>\u00ab\u00a0__utmz\u00a0\u00bb,<\/td>\n<\/tr>\n<\/tbody>\n<\/table>\n<\/td>\n<td>Google<\/td>\n<td><a href=\"https:\/\/support.google.com\/analytics\/answer\/181881?hl=en\" target=\"_blank\" rel=\"noopener\">Ici<\/a><\/td>\n<\/tr>\n<tr class=\"cabecera\">\n<td><strong>De configuration<\/strong><\/td>\n<td><strong>Fournisseur<\/strong><\/td>\n<td><strong>Opt out<\/strong><\/td>\n<\/tr>\n<tr>\n<td>\n<table class=\"cookies\">\n<tbody>\n<tr>\n<td>\u00ab\u00a0_icl_visitor_lang_js\u00a0\u00bb,<\/td>\n<\/tr>\n<tr>\n<td>\u00ab\u00a0_icl_current_language\u00a0\u00bb,<\/td>\n<\/tr>\n<tr>\n<td>\u00ab\u00a0cookie_notice_accepted\u00a0\u00bb,<\/td>\n<\/tr>\n<tr>\n<td>\u00ab\u00a0woocommerce_recently_viewed\u00a0\u00bb<\/td>\n<\/tr>\n<\/tbody>\n<\/table>\n<\/td>\n<td>Propres<\/td>\n<td>Necessary<\/td>\n<\/tr>\n<\/tbody>\n<\/table>\n<h4><strong>Configuration des cookies<\/strong>:<\/h4>\n<p>Il est possible de configurer chaque navigateur pour obtenir la confidentialit\u00e9 souhait\u00e9e en ce qui concerne les cookies. Nous facilitons ainsi les liens vers les sites officiels des principaux navigateurs afin de pouvoir les configurer et accepter ou refuser l\u2019utilisation de cookies.<\/p>\n<ol>\n<li>Pour Microsoft Internet Explorer, dnas l\u2019option de menu Outils &gt; Options d\u2019Internet &gt; Confidentialit\u00e9 &gt; Configuration.<br \/>\nOu en visitant\u00a0<a href=\"http:\/\/windows.microsoft.com\/es-es\/windows7\/how-to-manage-cookies-in-internet-explorer-9\" target=\"_blank\" rel=\"noopener\">ce lien<\/a>.<\/li>\n<li>Pour Mozilla Firefox, dans l\u2019option de menu Outils &gt; Options &gt; Confidentialit\u00e9 &gt; Cookies.<br \/>\nOu en visitant\u00a0<a href=\"https:\/\/support.mozilla.org\/es\/kb\/habilitar-y-deshabilitar-cookies-que-los-sitios-we\" target=\"_blank\" rel=\"noopener\">ce lien<\/a>.<\/li>\n<li>Pour Google Chrome, dans la section Options &gt; Options avanc\u00e9es &gt; Confidentialit\u00e9.<br \/>\nOu en visitant\u00a0<a href=\"https:\/\/support.google.com\/chrome\/answer\/95647?hl=es\" target=\"_blank\" rel=\"noopener\">ce lien<\/a>.<\/li>\n<li>Pour Opera, dans l\u2019option de s\u00e9curit\u00e9 et confidentialit\u00e9.<br \/>\nOu en visitant\u00a0<a href=\"http:\/\/www.opera.com\/help\/tutorials\/security\/cookies\/\" target=\"_blank\" rel=\"noopener\">ce lien<\/a>.<\/li>\n<\/ol>\n<p>&nbsp;<\/p>\n","protected":false},"excerpt":{"rendered":"<p>POLITIQUE DE CONFIDENTIALIT\u00c9 Nous informons nos clients et nos usagers que les donn\u00e9es personnelles fournies lors de la navigation, l\u2019utilisation des services, les formulaires d\u2019achat ou d\u2019enregistrement seront incluses dans un ou plusieurs fichiers qui seront inscrits \u00e0 l\u2019Agence espagnole de protection des donn\u00e9es et appartiennent \u00e0 WORLD\u2019S COCONUT TRADING S.L., en vue des finalit\u00e9s [&hellip;]<\/p>\n","protected":false},"author":2,"featured_media":0,"parent":0,"menu_order":0,"comment_status":"open","ping_status":"closed","template":"page-boxed.php","meta":{"footnotes":""},"class_list":["post-3889","page","type-page","status-publish","hentry"],"yoast_head":"<!-- This site is optimized with the Yoast SEO plugin v27.1.1 - https:\/\/yoast.com\/product\/yoast-seo-wordpress\/ -->\n<title>Politique de confidentialit\u00e9 et cookies | Genuine Coconut<\/title>\n<meta name=\"robots\" content=\"index, follow, max-snippet:-1, max-image-preview:large, max-video-preview:-1\" \/>\n<link rel=\"canonical\" href=\"https:\/\/genuinecoconut.com\/privacy-policy\/\" \/>\n<meta property=\"og:locale\" content=\"fr_FR\" \/>\n<meta property=\"og:type\" content=\"article\" \/>\n<meta property=\"og:title\" content=\"Politique de confidentialit\u00e9 et cookies | Genuine Coconut\" \/>\n<meta property=\"og:description\" content=\"POLITIQUE DE CONFIDENTIALIT\u00c9 Nous informons nos clients et nos usagers que les donn\u00e9es personnelles fournies lors de la navigation, l\u2019utilisation des services, les formulaires d\u2019achat ou d\u2019enregistrement seront incluses dans un ou plusieurs fichiers qui seront inscrits \u00e0 l\u2019Agence espagnole de protection des donn\u00e9es et appartiennent \u00e0 WORLD\u2019S COCONUT TRADING S.L., en vue des finalit\u00e9s [&hellip;]\" \/>\n<meta property=\"og:url\" content=\"https:\/\/genuinecoconut.com\/privacy-policy\/\" \/>\n<meta property=\"og:site_name\" content=\"Genuine Coconut | Coconut Water\" \/>\n<meta property=\"article:publisher\" content=\"https:\/\/www.facebook.com\/GenuineCoconut\" \/>\n<meta property=\"article:modified_time\" content=\"2024-05-21T09:31:50+00:00\" \/>\n<meta property=\"og:image\" content=\"https:\/\/genuinecoconut.com\/wp-content\/uploads\/2018\/01\/origin-thailand-coconuts.jpg\" \/>\n\t<meta property=\"og:image:width\" content=\"1920\" \/>\n\t<meta property=\"og:image:height\" content=\"1080\" \/>\n\t<meta property=\"og:image:type\" content=\"image\/jpeg\" \/>\n<meta name=\"twitter:card\" content=\"summary_large_image\" \/>\n<meta name=\"twitter:site\" content=\"@GenuineCoconut\" \/>\n<meta name=\"twitter:label1\" content=\"Dur\u00e9e de lecture estim\u00e9e\" \/>\n\t<meta name=\"twitter:data1\" content=\"3 minutes\" \/>\n<script type=\"application\/ld+json\" class=\"yoast-schema-graph\">{\"@context\":\"https:\/\/schema.org\",\"@graph\":[{\"@type\":\"WebPage\",\"@id\":\"https:\/\/genuinecoconut.com\/privacy-policy\/\",\"url\":\"https:\/\/genuinecoconut.com\/privacy-policy\/\",\"name\":\"Politique de confidentialit\u00e9 et cookies | Genuine Coconut\",\"isPartOf\":{\"@id\":\"https:\/\/genuinecoconut.com\/#website\"},\"datePublished\":\"2015-08-10T08:33:10+00:00\",\"dateModified\":\"2024-05-21T09:31:50+00:00\",\"breadcrumb\":{\"@id\":\"https:\/\/genuinecoconut.com\/privacy-policy\/#breadcrumb\"},\"inLanguage\":\"fr-FR\",\"potentialAction\":[{\"@type\":\"ReadAction\",\"target\":[\"https:\/\/genuinecoconut.com\/privacy-policy\/\"]}]},{\"@type\":\"BreadcrumbList\",\"@id\":\"https:\/\/genuinecoconut.com\/privacy-policy\/#breadcrumb\",\"itemListElement\":[{\"@type\":\"ListItem\",\"position\":1,\"name\":\"Home\",\"item\":\"https:\/\/genuinecoconut.com\/\"},{\"@type\":\"ListItem\",\"position\":2,\"name\":\"Politique de confidentialit\u00e9 et cookies\"}]},{\"@type\":\"WebSite\",\"@id\":\"https:\/\/genuinecoconut.com\/#website\",\"url\":\"https:\/\/genuinecoconut.com\/\",\"name\":\"Genuine Coconut | Coconut Water\",\"description\":\"Agua de Coco natural, org\u00e1nico de Tailandia.\",\"publisher\":{\"@id\":\"https:\/\/genuinecoconut.com\/#organization\"},\"potentialAction\":[{\"@type\":\"SearchAction\",\"target\":{\"@type\":\"EntryPoint\",\"urlTemplate\":\"https:\/\/genuinecoconut.com\/?s={search_term_string}\"},\"query-input\":{\"@type\":\"PropertyValueSpecification\",\"valueRequired\":true,\"valueName\":\"search_term_string\"}}],\"inLanguage\":\"fr-FR\"},{\"@type\":\"Organization\",\"@id\":\"https:\/\/genuinecoconut.com\/#organization\",\"name\":\"Genuine Coconut\",\"url\":\"https:\/\/genuinecoconut.com\/\",\"logo\":{\"@type\":\"ImageObject\",\"inLanguage\":\"fr-FR\",\"@id\":\"https:\/\/genuinecoconut.com\/#\/schema\/logo\/image\/\",\"url\":\"https:\/\/genuinecoconut.com\/wp-content\/uploads\/2015\/07\/genuine-coconut-factura.jpg\",\"contentUrl\":\"https:\/\/genuinecoconut.com\/wp-content\/uploads\/2015\/07\/genuine-coconut-factura.jpg\",\"width\":575,\"height\":345,\"caption\":\"Genuine Coconut\"},\"image\":{\"@id\":\"https:\/\/genuinecoconut.com\/#\/schema\/logo\/image\/\"},\"sameAs\":[\"https:\/\/www.facebook.com\/GenuineCoconut\",\"https:\/\/x.com\/GenuineCoconut\",\"https:\/\/instagram.com\/genuinecoconut\/\",\"https:\/\/es.pinterest.com\/genuinecoconut\/\",\"https:\/\/youtube.com\/genuinecoconut\"]}]}<\/script>\n<!-- \/ Yoast SEO plugin. -->","yoast_head_json":{"title":"Politique de confidentialit\u00e9 et cookies | Genuine Coconut","robots":{"index":"index","follow":"follow","max-snippet":"max-snippet:-1","max-image-preview":"max-image-preview:large","max-video-preview":"max-video-preview:-1"},"canonical":"https:\/\/genuinecoconut.com\/privacy-policy\/","og_locale":"fr_FR","og_type":"article","og_title":"Politique de confidentialit\u00e9 et cookies | Genuine Coconut","og_description":"POLITIQUE DE CONFIDENTIALIT\u00c9 Nous informons nos clients et nos usagers que les donn\u00e9es personnelles fournies lors de la navigation, l\u2019utilisation des services, les formulaires d\u2019achat ou d\u2019enregistrement seront incluses dans un ou plusieurs fichiers qui seront inscrits \u00e0 l\u2019Agence espagnole de protection des donn\u00e9es et appartiennent \u00e0 WORLD\u2019S COCONUT TRADING S.L., en vue des finalit\u00e9s [&hellip;]","og_url":"https:\/\/genuinecoconut.com\/privacy-policy\/","og_site_name":"Genuine Coconut | Coconut Water","article_publisher":"https:\/\/www.facebook.com\/GenuineCoconut","article_modified_time":"2024-05-21T09:31:50+00:00","og_image":[{"width":1920,"height":1080,"url":"https:\/\/genuinecoconut.com\/wp-content\/uploads\/2018\/01\/origin-thailand-coconuts.jpg","type":"image\/jpeg"}],"twitter_card":"summary_large_image","twitter_site":"@GenuineCoconut","twitter_misc":{"Dur\u00e9e de lecture estim\u00e9e":"3 minutes"},"schema":{"@context":"https:\/\/schema.org","@graph":[{"@type":"WebPage","@id":"https:\/\/genuinecoconut.com\/privacy-policy\/","url":"https:\/\/genuinecoconut.com\/privacy-policy\/","name":"Politique de confidentialit\u00e9 et cookies | Genuine Coconut","isPartOf":{"@id":"https:\/\/genuinecoconut.com\/#website"},"datePublished":"2015-08-10T08:33:10+00:00","dateModified":"2024-05-21T09:31:50+00:00","breadcrumb":{"@id":"https:\/\/genuinecoconut.com\/privacy-policy\/#breadcrumb"},"inLanguage":"fr-FR","potentialAction":[{"@type":"ReadAction","target":["https:\/\/genuinecoconut.com\/privacy-policy\/"]}]},{"@type":"BreadcrumbList","@id":"https:\/\/genuinecoconut.com\/privacy-policy\/#breadcrumb","itemListElement":[{"@type":"ListItem","position":1,"name":"Home","item":"https:\/\/genuinecoconut.com\/"},{"@type":"ListItem","position":2,"name":"Politique de confidentialit\u00e9 et cookies"}]},{"@type":"WebSite","@id":"https:\/\/genuinecoconut.com\/#website","url":"https:\/\/genuinecoconut.com\/","name":"Genuine Coconut | Coconut Water","description":"Agua de Coco natural, org\u00e1nico de Tailandia.","publisher":{"@id":"https:\/\/genuinecoconut.com\/#organization"},"potentialAction":[{"@type":"SearchAction","target":{"@type":"EntryPoint","urlTemplate":"https:\/\/genuinecoconut.com\/?s={search_term_string}"},"query-input":{"@type":"PropertyValueSpecification","valueRequired":true,"valueName":"search_term_string"}}],"inLanguage":"fr-FR"},{"@type":"Organization","@id":"https:\/\/genuinecoconut.com\/#organization","name":"Genuine Coconut","url":"https:\/\/genuinecoconut.com\/","logo":{"@type":"ImageObject","inLanguage":"fr-FR","@id":"https:\/\/genuinecoconut.com\/#\/schema\/logo\/image\/","url":"https:\/\/genuinecoconut.com\/wp-content\/uploads\/2015\/07\/genuine-coconut-factura.jpg","contentUrl":"https:\/\/genuinecoconut.com\/wp-content\/uploads\/2015\/07\/genuine-coconut-factura.jpg","width":575,"height":345,"caption":"Genuine Coconut"},"image":{"@id":"https:\/\/genuinecoconut.com\/#\/schema\/logo\/image\/"},"sameAs":["https:\/\/www.facebook.com\/GenuineCoconut","https:\/\/x.com\/GenuineCoconut","https:\/\/instagram.com\/genuinecoconut\/","https:\/\/es.pinterest.com\/genuinecoconut\/","https:\/\/youtube.com\/genuinecoconut"]}]}},"_links":{"self":[{"href":"https:\/\/genuinecoconut.com\/fr\/wp-json\/wp\/v2\/pages\/3889","targetHints":{"allow":["GET"]}}],"collection":[{"href":"https:\/\/genuinecoconut.com\/fr\/wp-json\/wp\/v2\/pages"}],"about":[{"href":"https:\/\/genuinecoconut.com\/fr\/wp-json\/wp\/v2\/types\/page"}],"author":[{"embeddable":true,"href":"https:\/\/genuinecoconut.com\/fr\/wp-json\/wp\/v2\/users\/2"}],"replies":[{"embeddable":true,"href":"https:\/\/genuinecoconut.com\/fr\/wp-json\/wp\/v2\/comments?post=3889"}],"version-history":[{"count":1,"href":"https:\/\/genuinecoconut.com\/fr\/wp-json\/wp\/v2\/pages\/3889\/revisions"}],"predecessor-version":[{"id":19038,"href":"https:\/\/genuinecoconut.com\/fr\/wp-json\/wp\/v2\/pages\/3889\/revisions\/19038"}],"wp:attachment":[{"href":"https:\/\/genuinecoconut.com\/fr\/wp-json\/wp\/v2\/media?parent=3889"}],"curies":[{"name":"wp","href":"https:\/\/api.w.org\/{rel}","templated":true}]}}