{"id":3830,"date":"2015-07-01T09:31:57","date_gmt":"2015-07-01T07:31:57","guid":{"rendered":"https:\/\/genuinecoconut.com\/raw-coconut-water-process-2\/"},"modified":"2024-05-21T09:31:50","modified_gmt":"2024-05-21T09:31:50","slug":"eau-de-coco-processus","status":"publish","type":"page","link":"https:\/\/genuinecoconut.com\/fr\/eau-de-coco-processus\/","title":{"rendered":"Processus"},"content":{"rendered":"<div class=\"wpb-content-wrapper\"><p>[vc_row css=\u00a0\u00bb.vc_custom_1432904239732{padding-top: 15% !important;padding-bottom: 10% !important;background-image: url(https:\/\/genuinecoconut.com\/wp-content\/uploads\/2015\/04\/pag-proceso2.jpg?id=1048) !important;background-position: center !important;background-repeat: no-repeat !important;background-size: cover !important;}\u00a0\u00bb background_style=\u00a0\u00bbnormal\u00a0\u00bb][vc_column][vc_row_inner][vc_column_inner width=\u00a0\u00bb1\/4&Prime;][vc_column_text][\/vc_column_text][\/vc_column_inner][vc_column_inner width=\u00a0\u00bb1\/2&Prime;][vc_column_text css_animation=\u00a0\u00bbtop-to-bottom\u00a0\u00bb css=\u00a0\u00bb.vc_custom_1448987264711{margin-bottom: 0% !important;}\u00a0\u00bb]<\/p>\n<h2 style=\"text-align: center;\"><span style=\"color: #ffffff;\"><strong><span style=\"font-size: 250%;\">Processus<\/span><\/strong><\/span><\/h2>\n<p>[\/vc_column_text][vc_column_text css_animation=\u00a0\u00bbbottom-to-top\u00a0\u00bb css=\u00a0\u00bb.vc_custom_1448987280783{margin-top: 0% !important;margin-bottom: 0% !important;}\u00a0\u00bb]<\/p>\n<h1 style=\"text-align: center;\"><span style=\"color: #ffffff;\"><strong>Eau de coco issue directement du cocotier<\/strong><\/span><\/h1>\n<p>[\/vc_column_text][\/vc_column_inner][vc_column_inner width=\u00a0\u00bb1\/4&Prime;][vc_column_text][\/vc_column_text][\/vc_column_inner][\/vc_row_inner][\/vc_column][\/vc_row][vc_row css=\u00a0\u00bb.vc_custom_1432904276961{background-image: url(https:\/\/genuinecoconut.com\/wp-content\/uploads\/2014\/11\/bg-marron.jpg?id=442) !important;background-position: 0 0 !important;background-repeat: repeat !important;}\u00a0\u00bb background_style=\u00a0\u00bbnormal\u00a0\u00bb][vc_column][vc_empty_space height=\u00a0\u00bb64px\u00a0\u00bb][vc_row_inner][vc_column_inner width=\u00a0\u00bb1\/12&Prime;][vc_column_text][\/vc_column_text][\/vc_column_inner][vc_column_inner width=\u00a0\u00bb5\/12&Prime;][vc_single_image image=\u00a0\u00bb1633&Prime; img_size=\u00a0\u00bbfull\u00a0\u00bb alignment=\u00a0\u00bbcenter\u00a0\u00bb][\/vc_column_inner][vc_column_inner width=\u00a0\u00bb5\/12&Prime;][vc_column_text]<\/p>\n<h2>Les meilleures noix de coco biologiques<\/h2>\n<p>[\/vc_column_text][vc_column_text]Seules les meilleures noix de cocos aromatiques 100 % culture biologique sont s\u00e9lectionn\u00e9es pour notre eau de coco. Leur cueillette est effectu\u00e9e soigneusement selon des m\u00e9thodes artisanales qui sont perp\u00e9tr\u00e9es de g\u00e9n\u00e9ration en g\u00e9n\u00e9ration.[\/vc_column_text][\/vc_column_inner][vc_column_inner width=\u00a0\u00bb1\/12&Prime;][vc_column_text][\/vc_column_text][\/vc_column_inner][\/vc_row_inner][\/vc_column][\/vc_row][vc_row css=\u00a0\u00bb.vc_custom_1429274709689{background-position: 0 0 !important;background-repeat: repeat !important;}\u00a0\u00bb background_style=\u00a0\u00bbnormal\u00a0\u00bb][vc_column][vc_empty_space height=\u00a0\u00bb64px\u00a0\u00bb][vc_row_inner][vc_column_inner width=\u00a0\u00bb1\/12&Prime;][vc_column_text][\/vc_column_text][\/vc_column_inner][vc_column_inner width=\u00a0\u00bb5\/12&Prime;][vc_column_text]<\/p>\n<h2>Conservation de ses propri\u00e9t\u00e9s<\/h2>\n<p>[\/vc_column_text][vc_column_text]L\u2019<strong>eau de noix de coco<\/strong> jeune nous offre la nature dans le meilleur emballage du monde: la propre noix de coco.<br \/>\nElle est recouverte d\u2019une protection naturelle (Husk) qui prot\u00e8ge son liquide int\u00e9rieur, de mani\u00e8re aseptique et pressuris\u00e9e : <strong>l\u2019eau de coco est pure, vierge et sans aucune charge microbienne<\/strong>.<br \/>\nLa parfaite conservation de l\u2019eau de coco passe par sa conservation dans son emballage naturel. C\u2019est pourquoi nous utilisons l\u2019\u00e9corce comme protection et isolant jusqu\u2019au dernier moment. Le produit est ensuite transport\u00e9 dans une atmosph\u00e8re r\u00e9frig\u00e9r\u00e9e et contr\u00f4l\u00e9e pour que l\u2019eau de coco Genuine Coconut conserve toutes ses propri\u00e9t\u00e9s organoleptiques et son go\u00fbt d\u00e9licat.[\/vc_column_text][\/vc_column_inner][vc_column_inner width=\u00a0\u00bb5\/12&Prime;][vc_single_image image=\u00a0\u00bb1637&Prime; img_size=\u00a0\u00bbfull\u00a0\u00bb alignment=\u00a0\u00bbcenter\u00a0\u00bb][\/vc_column_inner][vc_column_inner width=\u00a0\u00bb1\/12&Prime;][vc_column_text][\/vc_column_text][\/vc_column_inner][\/vc_row_inner][\/vc_column][\/vc_row][vc_row css=\u00a0\u00bb.vc_custom_1432904294398{background-image: url(https:\/\/genuinecoconut.com\/wp-content\/uploads\/2014\/11\/bg-marron.jpg?id=442) !important;background-position: 0 0 !important;background-repeat: repeat !important;}\u00a0\u00bb background_style=\u00a0\u00bbnormal\u00a0\u00bb][vc_column][vc_empty_space height=\u00a0\u00bb64px\u00a0\u00bb][vc_row_inner][vc_column_inner width=\u00a0\u00bb1\/12&Prime;][vc_column_text][\/vc_column_text][\/vc_column_inner][vc_column_inner width=\u00a0\u00bb5\/12&Prime;][vc_single_image image=\u00a0\u00bb1635&Prime; img_size=\u00a0\u00bbfull\u00a0\u00bb alignment=\u00a0\u00bbcenter\u00a0\u00bb][\/vc_column_inner][vc_column_inner width=\u00a0\u00bb5\/12&Prime;][vc_column_text]<\/p>\n<h2>Respect de la nature<\/h2>\n<p>[\/vc_column_text][vc_column_text]Notre philosophie vise le respect absolu de la nature pour pr\u00e9server toutes les propri\u00e9t\u00e9s de l\u2019<strong>eau de coco vierge<\/strong> et garantir la mani\u00e8re naturelle de la boire dans sa propre coque.<br \/>\nLes noix de coco partent de Tha\u00eflande pour \u00eatre \u00e9pluch\u00e9es en Europe selon de rigoureuses normes de qualit\u00e9 et d\u2019hygi\u00e8ne dans notre usine frigorifique de derni\u00e8re g\u00e9n\u00e9ration dont l\u2019atmosph\u00e8re et la temp\u00e9rature sont contr\u00f4l\u00e9es. Les noix de coco sont \u00e9pluch\u00e9es les unes apr\u00e8s les autres puis sont munies d\u2019un <strong>syst\u00e8me d\u2019ouverture facile<\/strong> pour faciliter sa consommation et sa distribution tout en pr\u00e9servant leur pr\u00e9cieux liquide.[\/vc_column_text][\/vc_column_inner][vc_column_inner width=\u00a0\u00bb1\/12&Prime;][vc_column_text][\/vc_column_text][\/vc_column_inner][\/vc_row_inner][\/vc_column][\/vc_row][vc_row css=\u00a0\u00bb.vc_custom_1429274709689{background-position: 0 0 !important;background-repeat: repeat !important;}\u00a0\u00bb background_style=\u00a0\u00bbnormal\u00a0\u00bb][vc_column][vc_empty_space height=\u00a0\u00bb64px\u00a0\u00bb][vc_row_inner][vc_column_inner width=\u00a0\u00bb1\/12&Prime;][vc_column_text][\/vc_column_text][\/vc_column_inner][vc_column_inner width=\u00a0\u00bb5\/12&Prime;][vc_column_text]<\/p>\n<h2>Noix de coco de Tha\u00eflande \u00e0 la saveur pr\u00e9serv\u00e9e<\/h2>\n<p>[\/vc_column_text][vc_column_text]<\/p>\n<p class=\"p1\"><span class=\"s1\">En r\u00e9sum\u00e9, nous rapprochons la nature au consommateur et nous le faisons avec une <strong>eau de coco naturel<\/strong> qui conserve tout son go\u00fbt et ar\u00f4me\u00a0original.<br \/>\n<\/span>Gr\u00e2ce au travail de notre \u00e9quipe d\u2019ing\u00e9nierie, de qualit\u00e9, de recherche et de d\u00e9veloppement, nous soignons chaque processus pour que tout devienne r\u00e9alit\u00e9.<br \/>\nGenuine Coconut est la premi\u00e8re <strong>eau de coco biologique et vierge<\/strong> qui peut \u00eatre bue dans son emballage d\u2019origine, la noix de coco, quel que soit l\u2019endroit o\u00f9 vous vous trouvez \u00a0gr\u00e2ce \u00e0 son syst\u00e8me d\u2019ouverture facile. N\u2019est-ce pas formidable?<\/p>\n<p>[\/vc_column_text][\/vc_column_inner][vc_column_inner width=\u00a0\u00bb5\/12&Prime;][vc_single_image image=\u00a0\u00bb1631&Prime; img_size=\u00a0\u00bbfull\u00a0\u00bb alignment=\u00a0\u00bbcenter\u00a0\u00bb][\/vc_column_inner][vc_column_inner width=\u00a0\u00bb1\/12&Prime;][vc_column_text][\/vc_column_text][\/vc_column_inner][\/vc_row_inner][\/vc_column][\/vc_row][vc_row][vc_column][vc_empty_space][\/vc_column][\/vc_row]<\/p>\n<\/div>","protected":false},"excerpt":{"rendered":"<p>[vc_row css=\u00a0\u00bb.vc_custom_1432904239732{padding-top: 15% !important;padding-bottom: 10% !important;background-image: url(https:\/\/genuinecoconut.com\/wp-content\/uploads\/2015\/04\/pag-proceso2.jpg?id=1048) !important;background-position: center !important;background-repeat: no-repeat !important;background-size: cover !important;}\u00a0\u00bb background_style=\u00a0\u00bbnormal\u00a0\u00bb][vc_column][vc_row_inner][vc_column_inner width=\u00a0\u00bb1\/4&Prime;][vc_column_text][\/vc_column_text][\/vc_column_inner][vc_column_inner width=\u00a0\u00bb1\/2&Prime;][vc_column_text css_animation=\u00a0\u00bbtop-to-bottom\u00a0\u00bb css=\u00a0\u00bb.vc_custom_1448987264711{margin-bottom: 0% !important;}\u00a0\u00bb] Processus [\/vc_column_text][vc_column_text css_animation=\u00a0\u00bbbottom-to-top\u00a0\u00bb css=\u00a0\u00bb.vc_custom_1448987280783{margin-top: 0% !important;margin-bottom: 0% !important;}\u00a0\u00bb] Eau de coco issue directement du cocotier [\/vc_column_text][\/vc_column_inner][vc_column_inner width=\u00a0\u00bb1\/4&Prime;][vc_column_text][\/vc_column_text][\/vc_column_inner][\/vc_row_inner][\/vc_column][\/vc_row][vc_row css=\u00a0\u00bb.vc_custom_1432904276961{background-image: url(https:\/\/genuinecoconut.com\/wp-content\/uploads\/2014\/11\/bg-marron.jpg?id=442) !important;background-position: 0 0 !important;background-repeat: repeat !important;}\u00a0\u00bb background_style=\u00a0\u00bbnormal\u00a0\u00bb][vc_column][vc_empty_space height=\u00a0\u00bb64px\u00a0\u00bb][vc_row_inner][vc_column_inner width=\u00a0\u00bb1\/12&Prime;][vc_column_text][\/vc_column_text][\/vc_column_inner][vc_column_inner width=\u00a0\u00bb5\/12&Prime;][vc_single_image image=\u00a0\u00bb1633&Prime; img_size=\u00a0\u00bbfull\u00a0\u00bb alignment=\u00a0\u00bbcenter\u00a0\u00bb][\/vc_column_inner][vc_column_inner width=\u00a0\u00bb5\/12&Prime;][vc_column_text] Les [&hellip;]<\/p>\n","protected":false},"author":2,"featured_media":0,"parent":0,"menu_order":0,"comment_status":"closed","ping_status":"closed","template":"page-full-width.php","meta":{"footnotes":""},"class_list":["post-3830","page","type-page","status-publish","hentry"],"yoast_head":"<!-- This site is optimized with the Yoast SEO plugin v27.1.1 - https:\/\/yoast.com\/product\/yoast-seo-wordpress\/ -->\n<title>Eau de coco vierge biologique. Processus | Genuine Coconut<\/title>\n<meta name=\"robots\" content=\"index, follow, max-snippet:-1, max-image-preview:large, max-video-preview:-1\" \/>\n<link rel=\"canonical\" href=\"https:\/\/genuinecoconut.com\/raw-coconut-water-process\/\" \/>\n<meta property=\"og:locale\" content=\"fr_FR\" \/>\n<meta property=\"og:type\" content=\"article\" \/>\n<meta property=\"og:title\" content=\"Eau de coco vierge biologique. Processus | Genuine Coconut\" \/>\n<meta property=\"og:description\" content=\"[vc_row css=\u00a0\u00bb.vc_custom_1432904239732{padding-top: 15% !important;padding-bottom: 10% !important;background-image: url(https:\/\/genuinecoconut.com\/wp-content\/uploads\/2015\/04\/pag-proceso2.jpg?id=1048) !important;background-position: center !important;background-repeat: no-repeat !important;background-size: cover !important;}\u00a0\u00bb background_style=\u00a0\u00bbnormal\u00a0\u00bb][vc_column][vc_row_inner][vc_column_inner width=\u00a0\u00bb1\/4&Prime;][vc_column_text][\/vc_column_text][\/vc_column_inner][vc_column_inner width=\u00a0\u00bb1\/2&Prime;][vc_column_text css_animation=\u00a0\u00bbtop-to-bottom\u00a0\u00bb css=\u00a0\u00bb.vc_custom_1448987264711{margin-bottom: 0% !important;}\u00a0\u00bb] Processus [\/vc_column_text][vc_column_text css_animation=\u00a0\u00bbbottom-to-top\u00a0\u00bb css=\u00a0\u00bb.vc_custom_1448987280783{margin-top: 0% !important;margin-bottom: 0% !important;}\u00a0\u00bb] Eau de coco issue directement du cocotier [\/vc_column_text][\/vc_column_inner][vc_column_inner width=\u00a0\u00bb1\/4&Prime;][vc_column_text][\/vc_column_text][\/vc_column_inner][\/vc_row_inner][\/vc_column][\/vc_row][vc_row css=\u00a0\u00bb.vc_custom_1432904276961{background-image: url(https:\/\/genuinecoconut.com\/wp-content\/uploads\/2014\/11\/bg-marron.jpg?id=442) !important;background-position: 0 0 !important;background-repeat: repeat !important;}\u00a0\u00bb background_style=\u00a0\u00bbnormal\u00a0\u00bb][vc_column][vc_empty_space height=\u00a0\u00bb64px\u00a0\u00bb][vc_row_inner][vc_column_inner width=\u00a0\u00bb1\/12&Prime;][vc_column_text][\/vc_column_text][\/vc_column_inner][vc_column_inner width=\u00a0\u00bb5\/12&Prime;][vc_single_image image=\u00a0\u00bb1633&Prime; img_size=\u00a0\u00bbfull\u00a0\u00bb alignment=\u00a0\u00bbcenter\u00a0\u00bb][\/vc_column_inner][vc_column_inner width=\u00a0\u00bb5\/12&Prime;][vc_column_text] Les [&hellip;]\" \/>\n<meta property=\"og:url\" content=\"https:\/\/genuinecoconut.com\/raw-coconut-water-process\/\" \/>\n<meta property=\"og:site_name\" content=\"Genuine Coconut | Coconut Water\" \/>\n<meta property=\"article:publisher\" content=\"https:\/\/www.facebook.com\/GenuineCoconut\" \/>\n<meta property=\"article:modified_time\" content=\"2024-05-21T09:31:50+00:00\" \/>\n<meta property=\"og:image\" content=\"https:\/\/genuinecoconut.com\/wp-content\/uploads\/2018\/01\/origin-thailand-coconuts.jpg\" \/>\n\t<meta property=\"og:image:width\" content=\"1920\" \/>\n\t<meta property=\"og:image:height\" content=\"1080\" \/>\n\t<meta property=\"og:image:type\" content=\"image\/jpeg\" \/>\n<meta name=\"twitter:card\" content=\"summary_large_image\" \/>\n<meta name=\"twitter:site\" content=\"@GenuineCoconut\" \/>\n<meta name=\"twitter:label1\" content=\"Dur\u00e9e de lecture estim\u00e9e\" \/>\n\t<meta name=\"twitter:data1\" content=\"5 minutes\" \/>\n<script type=\"application\/ld+json\" class=\"yoast-schema-graph\">{\"@context\":\"https:\/\/schema.org\",\"@graph\":[{\"@type\":\"WebPage\",\"@id\":\"https:\/\/genuinecoconut.com\/raw-coconut-water-process\/\",\"url\":\"https:\/\/genuinecoconut.com\/raw-coconut-water-process\/\",\"name\":\"Eau de coco vierge biologique. Processus | Genuine Coconut\",\"isPartOf\":{\"@id\":\"https:\/\/genuinecoconut.com\/#website\"},\"datePublished\":\"2015-07-01T07:31:57+00:00\",\"dateModified\":\"2024-05-21T09:31:50+00:00\",\"breadcrumb\":{\"@id\":\"https:\/\/genuinecoconut.com\/raw-coconut-water-process\/#breadcrumb\"},\"inLanguage\":\"fr-FR\",\"potentialAction\":[{\"@type\":\"ReadAction\",\"target\":[\"https:\/\/genuinecoconut.com\/raw-coconut-water-process\/\"]}]},{\"@type\":\"BreadcrumbList\",\"@id\":\"https:\/\/genuinecoconut.com\/raw-coconut-water-process\/#breadcrumb\",\"itemListElement\":[{\"@type\":\"ListItem\",\"position\":1,\"name\":\"Home\",\"item\":\"https:\/\/genuinecoconut.com\/\"},{\"@type\":\"ListItem\",\"position\":2,\"name\":\"Processus\"}]},{\"@type\":\"WebSite\",\"@id\":\"https:\/\/genuinecoconut.com\/#website\",\"url\":\"https:\/\/genuinecoconut.com\/\",\"name\":\"Genuine Coconut | Coconut Water\",\"description\":\"Agua de Coco natural, org\u00e1nico de Tailandia.\",\"publisher\":{\"@id\":\"https:\/\/genuinecoconut.com\/#organization\"},\"potentialAction\":[{\"@type\":\"SearchAction\",\"target\":{\"@type\":\"EntryPoint\",\"urlTemplate\":\"https:\/\/genuinecoconut.com\/?s={search_term_string}\"},\"query-input\":{\"@type\":\"PropertyValueSpecification\",\"valueRequired\":true,\"valueName\":\"search_term_string\"}}],\"inLanguage\":\"fr-FR\"},{\"@type\":\"Organization\",\"@id\":\"https:\/\/genuinecoconut.com\/#organization\",\"name\":\"Genuine Coconut\",\"url\":\"https:\/\/genuinecoconut.com\/\",\"logo\":{\"@type\":\"ImageObject\",\"inLanguage\":\"fr-FR\",\"@id\":\"https:\/\/genuinecoconut.com\/#\/schema\/logo\/image\/\",\"url\":\"https:\/\/genuinecoconut.com\/wp-content\/uploads\/2015\/07\/genuine-coconut-factura.jpg\",\"contentUrl\":\"https:\/\/genuinecoconut.com\/wp-content\/uploads\/2015\/07\/genuine-coconut-factura.jpg\",\"width\":575,\"height\":345,\"caption\":\"Genuine Coconut\"},\"image\":{\"@id\":\"https:\/\/genuinecoconut.com\/#\/schema\/logo\/image\/\"},\"sameAs\":[\"https:\/\/www.facebook.com\/GenuineCoconut\",\"https:\/\/x.com\/GenuineCoconut\",\"https:\/\/instagram.com\/genuinecoconut\/\",\"https:\/\/es.pinterest.com\/genuinecoconut\/\",\"https:\/\/youtube.com\/genuinecoconut\"]}]}<\/script>\n<!-- \/ Yoast SEO plugin. -->","yoast_head_json":{"title":"Eau de coco vierge biologique. Processus | Genuine Coconut","robots":{"index":"index","follow":"follow","max-snippet":"max-snippet:-1","max-image-preview":"max-image-preview:large","max-video-preview":"max-video-preview:-1"},"canonical":"https:\/\/genuinecoconut.com\/raw-coconut-water-process\/","og_locale":"fr_FR","og_type":"article","og_title":"Eau de coco vierge biologique. Processus | Genuine Coconut","og_description":"[vc_row css=\u00a0\u00bb.vc_custom_1432904239732{padding-top: 15% !important;padding-bottom: 10% !important;background-image: url(https:\/\/genuinecoconut.com\/wp-content\/uploads\/2015\/04\/pag-proceso2.jpg?id=1048) !important;background-position: center !important;background-repeat: no-repeat !important;background-size: cover !important;}\u00a0\u00bb background_style=\u00a0\u00bbnormal\u00a0\u00bb][vc_column][vc_row_inner][vc_column_inner width=\u00a0\u00bb1\/4&Prime;][vc_column_text][\/vc_column_text][\/vc_column_inner][vc_column_inner width=\u00a0\u00bb1\/2&Prime;][vc_column_text css_animation=\u00a0\u00bbtop-to-bottom\u00a0\u00bb css=\u00a0\u00bb.vc_custom_1448987264711{margin-bottom: 0% !important;}\u00a0\u00bb] Processus [\/vc_column_text][vc_column_text css_animation=\u00a0\u00bbbottom-to-top\u00a0\u00bb css=\u00a0\u00bb.vc_custom_1448987280783{margin-top: 0% !important;margin-bottom: 0% !important;}\u00a0\u00bb] Eau de coco issue directement du cocotier [\/vc_column_text][\/vc_column_inner][vc_column_inner width=\u00a0\u00bb1\/4&Prime;][vc_column_text][\/vc_column_text][\/vc_column_inner][\/vc_row_inner][\/vc_column][\/vc_row][vc_row css=\u00a0\u00bb.vc_custom_1432904276961{background-image: url(https:\/\/genuinecoconut.com\/wp-content\/uploads\/2014\/11\/bg-marron.jpg?id=442) !important;background-position: 0 0 !important;background-repeat: repeat !important;}\u00a0\u00bb background_style=\u00a0\u00bbnormal\u00a0\u00bb][vc_column][vc_empty_space height=\u00a0\u00bb64px\u00a0\u00bb][vc_row_inner][vc_column_inner width=\u00a0\u00bb1\/12&Prime;][vc_column_text][\/vc_column_text][\/vc_column_inner][vc_column_inner width=\u00a0\u00bb5\/12&Prime;][vc_single_image image=\u00a0\u00bb1633&Prime; img_size=\u00a0\u00bbfull\u00a0\u00bb alignment=\u00a0\u00bbcenter\u00a0\u00bb][\/vc_column_inner][vc_column_inner width=\u00a0\u00bb5\/12&Prime;][vc_column_text] Les [&hellip;]","og_url":"https:\/\/genuinecoconut.com\/raw-coconut-water-process\/","og_site_name":"Genuine Coconut | Coconut Water","article_publisher":"https:\/\/www.facebook.com\/GenuineCoconut","article_modified_time":"2024-05-21T09:31:50+00:00","og_image":[{"width":1920,"height":1080,"url":"https:\/\/genuinecoconut.com\/wp-content\/uploads\/2018\/01\/origin-thailand-coconuts.jpg","type":"image\/jpeg"}],"twitter_card":"summary_large_image","twitter_site":"@GenuineCoconut","twitter_misc":{"Dur\u00e9e de lecture estim\u00e9e":"5 minutes"},"schema":{"@context":"https:\/\/schema.org","@graph":[{"@type":"WebPage","@id":"https:\/\/genuinecoconut.com\/raw-coconut-water-process\/","url":"https:\/\/genuinecoconut.com\/raw-coconut-water-process\/","name":"Eau de coco vierge biologique. Processus | Genuine Coconut","isPartOf":{"@id":"https:\/\/genuinecoconut.com\/#website"},"datePublished":"2015-07-01T07:31:57+00:00","dateModified":"2024-05-21T09:31:50+00:00","breadcrumb":{"@id":"https:\/\/genuinecoconut.com\/raw-coconut-water-process\/#breadcrumb"},"inLanguage":"fr-FR","potentialAction":[{"@type":"ReadAction","target":["https:\/\/genuinecoconut.com\/raw-coconut-water-process\/"]}]},{"@type":"BreadcrumbList","@id":"https:\/\/genuinecoconut.com\/raw-coconut-water-process\/#breadcrumb","itemListElement":[{"@type":"ListItem","position":1,"name":"Home","item":"https:\/\/genuinecoconut.com\/"},{"@type":"ListItem","position":2,"name":"Processus"}]},{"@type":"WebSite","@id":"https:\/\/genuinecoconut.com\/#website","url":"https:\/\/genuinecoconut.com\/","name":"Genuine Coconut | Coconut Water","description":"Agua de Coco natural, org\u00e1nico de Tailandia.","publisher":{"@id":"https:\/\/genuinecoconut.com\/#organization"},"potentialAction":[{"@type":"SearchAction","target":{"@type":"EntryPoint","urlTemplate":"https:\/\/genuinecoconut.com\/?s={search_term_string}"},"query-input":{"@type":"PropertyValueSpecification","valueRequired":true,"valueName":"search_term_string"}}],"inLanguage":"fr-FR"},{"@type":"Organization","@id":"https:\/\/genuinecoconut.com\/#organization","name":"Genuine Coconut","url":"https:\/\/genuinecoconut.com\/","logo":{"@type":"ImageObject","inLanguage":"fr-FR","@id":"https:\/\/genuinecoconut.com\/#\/schema\/logo\/image\/","url":"https:\/\/genuinecoconut.com\/wp-content\/uploads\/2015\/07\/genuine-coconut-factura.jpg","contentUrl":"https:\/\/genuinecoconut.com\/wp-content\/uploads\/2015\/07\/genuine-coconut-factura.jpg","width":575,"height":345,"caption":"Genuine Coconut"},"image":{"@id":"https:\/\/genuinecoconut.com\/#\/schema\/logo\/image\/"},"sameAs":["https:\/\/www.facebook.com\/GenuineCoconut","https:\/\/x.com\/GenuineCoconut","https:\/\/instagram.com\/genuinecoconut\/","https:\/\/es.pinterest.com\/genuinecoconut\/","https:\/\/youtube.com\/genuinecoconut"]}]}},"_links":{"self":[{"href":"https:\/\/genuinecoconut.com\/fr\/wp-json\/wp\/v2\/pages\/3830","targetHints":{"allow":["GET"]}}],"collection":[{"href":"https:\/\/genuinecoconut.com\/fr\/wp-json\/wp\/v2\/pages"}],"about":[{"href":"https:\/\/genuinecoconut.com\/fr\/wp-json\/wp\/v2\/types\/page"}],"author":[{"embeddable":true,"href":"https:\/\/genuinecoconut.com\/fr\/wp-json\/wp\/v2\/users\/2"}],"replies":[{"embeddable":true,"href":"https:\/\/genuinecoconut.com\/fr\/wp-json\/wp\/v2\/comments?post=3830"}],"version-history":[{"count":1,"href":"https:\/\/genuinecoconut.com\/fr\/wp-json\/wp\/v2\/pages\/3830\/revisions"}],"predecessor-version":[{"id":19037,"href":"https:\/\/genuinecoconut.com\/fr\/wp-json\/wp\/v2\/pages\/3830\/revisions\/19037"}],"wp:attachment":[{"href":"https:\/\/genuinecoconut.com\/fr\/wp-json\/wp\/v2\/media?parent=3830"}],"curies":[{"name":"wp","href":"https:\/\/api.w.org\/{rel}","templated":true}]}}