{"id":18996,"date":"2020-09-16T12:32:53","date_gmt":"2020-09-16T10:32:53","guid":{"rendered":"https:\/\/genuinecoconut.com\/?page_id=6879"},"modified":"2024-05-23T08:05:00","modified_gmt":"2024-05-23T08:05:00","slug":"neuf-genuine-coconut-drink-eat","status":"publish","type":"page","link":"https:\/\/genuinecoconut.com\/fr\/neuf-genuine-coconut-drink-eat\/","title":{"rendered":"Genuine Coconut Drink &#038; Eat"},"content":{"rendered":"<div class=\"wpb-content-wrapper\"><p>[vc_row full_width=\u00a0\u00bbstretch_row_content\u00a0\u00bb equal_height=\u00a0\u00bbyes\u00a0\u00bb][vc_column width=\u00a0\u00bb1\/2&Prime; css=\u00a0\u00bb.vc_custom_1544631559275{padding-left: 5% !important;background-color: #f4f3f3 !important;}\u00a0\u00bb][vc_single_image image=\u00a0\u00bb15901&Prime; img_size=\u00a0\u00bbfull\u00a0\u00bb alignment=\u00a0\u00bbcenter\u00a0\u00bb css=\u00a0\u00bb\u00a0\u00bb][\/vc_column][vc_column width=\u00a0\u00bb1\/2&Prime; css=\u00a0\u00bb.vc_custom_1548864304643{background-image: url(https:\/\/genuinecoconut.com\/wp-content\/uploads\/2019\/01\/new-genuine-coconut-water-flesh-3.jpg?id=6171) !important;background-position: center !important;background-repeat: no-repeat !important;background-size: cover !important;}\u00a0\u00bb][vc_raw_html css=\u00a0\u00bb.vc_custom_1540221585507{padding-top: 30% !important;padding-bottom: 30% !important;}\u00a0\u00bb][\/vc_raw_html][\/vc_column][\/vc_row][vc_row][vc_column css=\u00a0\u00bb.vc_custom_1540213987141{background-color: #0a0a0a !important;}\u00a0\u00bb][vc_single_image image=\u00a0\u00bb16053&Prime; img_size=\u00a0\u00bbfull\u00a0\u00bb alignment=\u00a0\u00bbcenter\u00a0\u00bb css=\u00a0\u00bb\u00a0\u00bb][\/vc_column][\/vc_row][vc_row css=\u00a0\u00bb.vc_custom_1540215601931{background-color: #ffffff !important;}\u00a0\u00bb][vc_column width=\u00a0\u00bb1\/6&Prime;][\/vc_column][vc_column width=\u00a0\u00bb2\/3&Prime;][vc_row_inner][vc_column_inner width=\u00a0\u00bb1\/2&Prime;][vc_column_text]<\/p>\n<p class=\"p1\"><span class=\"s1\">La vraie noix de coco de trink est une noix de coco organique de haute qualit\u00e9, avec une grande quantit\u00e9 d\u2019eau et de viande. Il est consomm\u00e9 directement \u00e0 partir de la noix de coco elle-m\u00eame, le meilleur contenant possible pour sa conservation et son objectif \u00e9cologique.<\/span><\/p>\n<p>[\/vc_column_text][\/vc_column_inner][vc_column_inner width=\u00a0\u00bb1\/2&Prime;][vc_column_text]<\/p>\n<p class=\"p2\"><span class=\"s1\">Son syst\u00e8me d\u2019ouverture facile permet de boire et de manger la noix de coco de la mani\u00e8re la plus sens\u00e9e, en \u00e9tant capable de la consommer dans n\u2019importe quel endroit sans utiliser d\u2019outils. Une boisson d\u00e9licieuse et une collation saine \u00e0 savourer comme et quand vous le souhaitez.<\/span><\/p>\n<p>[\/vc_column_text][\/vc_column_inner][\/vc_row_inner][\/vc_column][vc_column width=\u00a0\u00bb1\/6&Prime;][\/vc_column][\/vc_row][vc_row css=\u00a0\u00bb.vc_custom_1541000639068{background-color: #ffffff !important;}\u00a0\u00bb][vc_column width=\u00a0\u00bb1\/6&Prime;][\/vc_column][vc_column width=\u00a0\u00bb2\/3&Prime;][vc_video link=\u00a0\u00bbhttps:\/\/youtu.be\/SlzFPBxKFDE\u00a0\u00bb align=\u00a0\u00bbcenter\u00a0\u00bb][\/vc_column][vc_column width=\u00a0\u00bb1\/6&Prime;][\/vc_column][\/vc_row][vc_row css=\u00a0\u00bb.vc_custom_1540215611065{background-color: #ffffff !important;}\u00a0\u00bb][vc_column width=\u00a0\u00bb1\/6&Prime;][\/vc_column][vc_column width=\u00a0\u00bb1\/6&Prime;][vc_single_image image=\u00a0\u00bb15933&Prime; img_size=\u00a0\u00bbfull\u00a0\u00bb alignment=\u00a0\u00bbcenter\u00a0\u00bb css=\u00a0\u00bb\u00a0\u00bb][vc_column_text]<\/p>\n<p style=\"text-align: center; font-weight: bold; text-transform: uppercase;\">PERCEZ LE TROU AU-DESSUS DU LOGO AVEC LE B\u00c2TON<\/p>\n<p>[\/vc_column_text][\/vc_column][vc_column width=\u00a0\u00bb1\/6&Prime;][vc_single_image image=\u00a0\u00bb15965&Prime; img_size=\u00a0\u00bbfull\u00a0\u00bb alignment=\u00a0\u00bbcenter\u00a0\u00bb css=\u00a0\u00bb\u00a0\u00bb][vc_column_text]<\/p>\n<p style=\"text-align: center; font-weight: bold; text-transform: uppercase;\">UTILISEZ LA PAILLE POUR LA BOIRE<\/p>\n<p>[\/vc_column_text][\/vc_column][vc_column width=\u00a0\u00bb1\/6&Prime;][vc_single_image image=\u00a0\u00bb15957&Prime; img_size=\u00a0\u00bbfull\u00a0\u00bb alignment=\u00a0\u00bbcenter\u00a0\u00bb css=\u00a0\u00bb\u00a0\u00bb][vc_column_text]<\/p>\n<p style=\"text-align: center; font-weight: bold; text-transform: uppercase;\">FRAPPEZ SUR UNE SURFACE DURE AU NIVEAU DE LA LIGNE SCULPT\u00c9E<\/p>\n<p>[\/vc_column_text][\/vc_column][vc_column width=\u00a0\u00bb1\/6&Prime;][vc_single_image image=\u00a0\u00bb15961&Prime; img_size=\u00a0\u00bbfull\u00a0\u00bb alignment=\u00a0\u00bbcenter\u00a0\u00bb css=\u00a0\u00bb\u00a0\u00bb][vc_column_text]<\/p>\n<p style=\"text-align: center; font-weight: bold; text-transform: uppercase;\">RETIREZ LA CHAIR ET MANGER<\/p>\n<p>[\/vc_column_text][\/vc_column][vc_column width=\u00a0\u00bb1\/6&Prime;][\/vc_column][vc_column][\/vc_column][\/vc_row][vc_row equal_height=\u00a0\u00bbyes\u00a0\u00bb content_placement=\u00a0\u00bbmiddle\u00a0\u00bb][vc_column width=\u00a0\u00bb1\/2&Prime; el_class=\u00a0\u00bbcol-md-push-6&Prime; css=\u00a0\u00bb.vc_custom_1548862829246{background-image: url(https:\/\/genuinecoconut.com\/wp-content\/uploads\/2019\/01\/genuine-coconut-drink-eat-easy-open-1.jpg?id=6144) !important;background-position: center !important;background-repeat: no-repeat !important;background-size: cover !important;}\u00a0\u00bb][vc_raw_html css=\u00a0\u00bb.vc_custom_1540222050503{padding-top: 20% !important;padding-bottom: 20% !important;}\u00a0\u00bb][\/vc_raw_html][\/vc_column][vc_column width=\u00a0\u00bb1\/2&Prime; css=\u00a0\u00bb.vc_custom_1543840350865{padding-top: 5% !important;padding-right: 10% !important;padding-bottom: 5% !important;padding-left: 10% !important;background-color: #3eb39f !important;}\u00a0\u00bb el_class=\u00a0\u00bbcol-md-pull-6&Prime;][vc_single_image image=\u00a0\u00bb15877&Prime; img_size=\u00a0\u00bbfull\u00a0\u00bb alignment=\u00a0\u00bbcenter\u00a0\u00bb css=\u00a0\u00bb\u00a0\u00bb][vc_column_text]<\/p>\n<p style=\"text-align: center;\"><span style=\"color: #ffffff;\">Avez-vous r\u00eav\u00e9 <strong>d\u2019ouvrir facilement une noix de coco<\/strong>? La nouvelle noix de coco de V\u00e9ritable noix de coco offre une fa\u00e7on sensuelle et confortable de profiter de la meilleure eau et de la meilleure viande de noix de coco \u2026. Comment?<br \/>\nPercer la coquille avec un b\u00e2ton de bambou pour boire son eau et ouvrir la noix de coco en deux moiti\u00e9s sans avoir besoin d\u2019outils. Surprenant? Facile et \u00e9tonnamment riche!<\/span><\/p>\n<p>[\/vc_column_text][\/vc_column][\/vc_row][vc_row equal_height=\u00a0\u00bbyes\u00a0\u00bb content_placement=\u00a0\u00bbmiddle\u00a0\u00bb][vc_column width=\u00a0\u00bb1\/2&Prime; css=\u00a0\u00bb.vc_custom_1708685440800{background-image: url(https:\/\/genuinecoconut.com\/wp-content\/uploads\/2019\/07\/genuine-coconut-biodegradable-ecologic.jpg?id=6236) !important;background-position: center !important;background-repeat: no-repeat !important;background-size: cover !important;}\u00a0\u00bb offset=\u00a0\u00bbvc_hidden-lg vc_hidden-md vc_hidden-sm vc_hidden-xs\u00a0\u00bb][vc_raw_html css=\u00a0\u00bb.vc_custom_1540222070599{padding-top: 20% !important;padding-bottom: 20% !important;}\u00a0\u00bb][\/vc_raw_html][\/vc_column][vc_column width=\u00a0\u00bb1\/2&Prime; css=\u00a0\u00bb.vc_custom_1708685454979{padding-top: 5% !important;padding-right: 10% !important;padding-bottom: 5% !important;padding-left: 10% !important;background-color: #e53b61 !important;}\u00a0\u00bb offset=\u00a0\u00bbvc_hidden-lg vc_hidden-md vc_hidden-sm vc_hidden-xs\u00a0\u00bb][vc_single_image image=\u00a0\u00bb16093&Prime; img_size=\u00a0\u00bbfull\u00a0\u00bb alignment=\u00a0\u00bbcenter\u00a0\u00bb css=\u00a0\u00bb\u00a0\u00bb][vc_column_text]<\/p>\n<p style=\"text-align: center;\"><span style=\"color: #ffffff;\">Genuine Coconut a express\u00e9ment con\u00e7u tous les \u00e9l\u00e9ments du pack Drink&amp;Eat pour le rendre <strong>100% biod\u00e9gradable et compostable<\/strong>, sans polluants. L\u2019\u00e9tiquette comme la paille sont faites en PLA (un polym\u00e8re biod\u00e9gradable \u00e0 base d\u2019amidon de ma\u00efs), le b\u00e2tonnet est en bambou et emball\u00e9 dans du papier et enfin, le r\u00e9cipient, la noix de coco, est <strong>100% \u00e9cologique<\/strong> car il peut \u00eatre r\u00e9utilis\u00e9 ou transform\u00e9 en compost.<\/span><\/p>\n<p>[\/vc_column_text][\/vc_column][\/vc_row][vc_row equal_height=\u00a0\u00bbyes\u00a0\u00bb content_placement=\u00a0\u00bbmiddle\u00a0\u00bb][vc_column width=\u00a0\u00bb1\/2&Prime; css=\u00a0\u00bb.vc_custom_1545294663894{background-image: url(https:\/\/genuinecoconut.com\/wp-content\/uploads\/2018\/12\/genuine-coconut-social-drink-beach.jpg?id=5811) !important;background-position: center !important;background-repeat: no-repeat !important;background-size: cover !important;}\u00a0\u00bb][vc_raw_html css=\u00a0\u00bb.vc_custom_1540222070599{padding-top: 20% !important;padding-bottom: 20% !important;}\u00a0\u00bb][\/vc_raw_html][\/vc_column][vc_column width=\u00a0\u00bb1\/2&Prime; css=\u00a0\u00bb.vc_custom_1543840487337{padding-top: 5% !important;padding-right: 10% !important;padding-bottom: 5% !important;padding-left: 10% !important;background-color: #0a0202 !important;}\u00a0\u00bb][vc_single_image image=\u00a0\u00bb15905&Prime; img_size=\u00a0\u00bbfull\u00a0\u00bb alignment=\u00a0\u00bbcenter\u00a0\u00bb css=\u00a0\u00bb\u00a0\u00bb][vc_column_text]<\/p>\n<p style=\"text-align: center;\"><span style=\"color: #ffffff;\">Coco seul sous un palmier? Profitez-en o\u00f9 vous voulez. La philosophie de la noix de coco est de prendre soin de votre corps et de votre esprit, en b\u00e9n\u00e9ficiant d\u2019une saveur unique. Hydratez-vous, rafra\u00eechissez-vous avec votre viande d\u00e9licieuse. Facile \u00e0 ouvrir et \u00e0 transporter, c\u2019est une boisson et une collation id\u00e9ales pour toutes les situations \u2026 \u00e0 la maison ou au travail, \u00e0 la salle de sport, au barbecue ou en pique-nique: Genuine Coconut rink &amp; Eat.<\/span><\/p>\n<p>[\/vc_column_text][\/vc_column][\/vc_row][vc_row equal_height=\u00a0\u00bbyes\u00a0\u00bb content_placement=\u00a0\u00bbmiddle\u00a0\u00bb][vc_column width=\u00a0\u00bb1\/2&Prime; css=\u00a0\u00bb.vc_custom_1543837062848{background-image: url(https:\/\/genuinecoconut.com\/wp-content\/uploads\/2018\/12\/genuine-coconut-sustainable-organic.jpg?id=5754) !important;background-position: center !important;background-repeat: no-repeat !important;background-size: cover !important;}\u00a0\u00bb el_class=\u00a0\u00bbcol-md-push-6&Prime;][vc_raw_html css=\u00a0\u00bb.vc_custom_1543835990640{padding-top: 20% !important;padding-bottom: 20% !important;background-image: url(https:\/\/genuinecoconut.com\/wp-content\/uploads\/2018\/10\/genuine-coconut-sustainable-organic.jpg?id=5669) !important;background-position: center !important;background-repeat: no-repeat !important;background-size: cover !important;}\u00a0\u00bb el_class=\u00a0\u00bbcol-md-push-6&Prime;][\/vc_raw_html][\/vc_column][vc_column width=\u00a0\u00bb1\/2&Prime; css=\u00a0\u00bb.vc_custom_1543840359483{padding-top: 5% !important;padding-right: 10% !important;padding-bottom: 5% !important;padding-left: 10% !important;background-color: #f7a816 !important;}\u00a0\u00bb el_class=\u00a0\u00bbcol-md-pull-6&Prime;][vc_single_image image=\u00a0\u00bb16605&Prime; img_size=\u00a0\u00bbfull\u00a0\u00bb alignment=\u00a0\u00bbcenter\u00a0\u00bb css=\u00a0\u00bb\u00a0\u00bb][vc_column_text]<\/p>\n<p style=\"text-align: center;\"><span style=\"color: #ffffff;\">Certificat de <strong>qualit\u00e9 biologique<\/strong>, la noix de coco authentique prend soin de votre sant\u00e9 et de votre bien-\u00eatre en fournissant un aliment totalement <strong>naturel et sans produits chimiques<\/strong>, mais \u00e9galement en pr\u00e9servant notre plan\u00e8te, en r\u00e9duisant la pollution de l\u2019environnement, en favorisant la biodiversit\u00e9 et en utilisant les ressources naturelles de mani\u00e8re appropri\u00e9e.<\/span><\/p>\n<p>[\/vc_column_text][\/vc_column][\/vc_row][vc_row][vc_column][vc_empty_space height=\u00a0\u00bb52px\u00a0\u00bb][\/vc_column][\/vc_row][vc_row equal_height=\u00a0\u00bbyes\u00a0\u00bb content_placement=\u00a0\u00bbmiddle\u00a0\u00bb css=\u00a0\u00bb.vc_custom_1544629561873{background-color: #ffffff !important;}\u00a0\u00bb][vc_column width=\u00a0\u00bb1\/2&Prime; css=\u00a0\u00bb.vc_custom_1544629834447{padding-top: 5% !important;padding-right: 10% !important;padding-bottom: 5% !important;padding-left: 10% !important;}\u00a0\u00bb][vc_video link=\u00a0\u00bbhttps:\/\/www.youtube.com\/watch?v=SuRdf58s12Y\u00a0\u00bb][\/vc_column][vc_column width=\u00a0\u00bb1\/2&Prime; css=\u00a0\u00bb.vc_custom_1544629744893{padding-top: 5% !important;padding-right: 10% !important;padding-bottom: 5% !important;padding-left: 10% !important;}\u00a0\u00bb][vc_column_text]<\/p>\n<h3>Trick pour enlever la viande<\/h3>\n<hr \/>\n<p>La boisson Coconut Drink &amp; Eat est si facile \u00e0 ouvrir qu\u2019elle ne n\u00e9cessite ni outils ni force physique. Si vous voulez que la viande sorte si facilement que m\u00eame un enfant puisse le faire sans risque, vous pouvez congeler la v\u00e9ritable noix de coco, une fois ouverte, pendant 12 heures. Pass\u00e9 ce d\u00e9lai, retirez-le et avec seulement une minute de micro-ondes (90 W) sera pr\u00eat \u00e0 manger. De cette fa\u00e7on, la viande est s\u00e9par\u00e9e plus facilement.[\/vc_column_text][\/vc_column][\/vc_row][vc_row][vc_column][vc_empty_space height=\u00a0\u00bb52px\u00a0\u00bb][\/vc_column][\/vc_row]<\/p>\n<\/div>","protected":false},"excerpt":{"rendered":"<p>[vc_row full_width=\u00a0\u00bbstretch_row_content\u00a0\u00bb equal_height=\u00a0\u00bbyes\u00a0\u00bb][vc_column width=\u00a0\u00bb1\/2&Prime; css=\u00a0\u00bb.vc_custom_1544631559275{padding-left: 5% !important;background-color: #f4f3f3 !important;}\u00a0\u00bb][vc_single_image image=\u00a0\u00bb15901&Prime; img_size=\u00a0\u00bbfull\u00a0\u00bb alignment=\u00a0\u00bbcenter\u00a0\u00bb css=\u00a0\u00bb\u00a0\u00bb][\/vc_column][vc_column width=\u00a0\u00bb1\/2&Prime; css=\u00a0\u00bb.vc_custom_1548864304643{background-image: url(https:\/\/genuinecoconut.com\/wp-content\/uploads\/2019\/01\/new-genuine-coconut-water-flesh-3.jpg?id=6171) !important;background-position: center !important;background-repeat: no-repeat !important;background-size: cover !important;}\u00a0\u00bb][vc_raw_html css=\u00a0\u00bb.vc_custom_1540221585507{padding-top: 30% !important;padding-bottom: 30% !important;}\u00a0\u00bb][\/vc_raw_html][\/vc_column][\/vc_row][vc_row][vc_column css=\u00a0\u00bb.vc_custom_1540213987141{background-color: #0a0a0a !important;}\u00a0\u00bb][vc_single_image image=\u00a0\u00bb16053&Prime; img_size=\u00a0\u00bbfull\u00a0\u00bb alignment=\u00a0\u00bbcenter\u00a0\u00bb css=\u00a0\u00bb\u00a0\u00bb][\/vc_column][\/vc_row][vc_row css=\u00a0\u00bb.vc_custom_1540215601931{background-color: #ffffff !important;}\u00a0\u00bb][vc_column width=\u00a0\u00bb1\/6&Prime;][\/vc_column][vc_column width=\u00a0\u00bb2\/3&Prime;][vc_row_inner][vc_column_inner width=\u00a0\u00bb1\/2&Prime;][vc_column_text] La vraie noix de coco de trink est une noix de coco organique de [&hellip;]<\/p>\n","protected":false},"author":2,"featured_media":0,"parent":0,"menu_order":0,"comment_status":"closed","ping_status":"closed","template":"page-full-width.php","meta":{"footnotes":""},"class_list":["post-18996","page","type-page","status-publish","hentry"],"yoast_head":"<!-- This site is optimized with the Yoast SEO plugin v27.4 - https:\/\/yoast.com\/product\/yoast-seo-wordpress\/ -->\n<title>Genuine Coconut Drink &amp; Eat - Genuine Coconut | Coconut Water<\/title>\n<meta name=\"robots\" content=\"index, follow, max-snippet:-1, max-image-preview:large, max-video-preview:-1\" \/>\n<link rel=\"canonical\" href=\"https:\/\/genuinecoconut.com\/new-genuine-coconut-drink-eat\/\" \/>\n<meta property=\"og:locale\" content=\"fr_FR\" \/>\n<meta property=\"og:type\" content=\"article\" \/>\n<meta property=\"og:title\" content=\"Genuine Coconut Drink &amp; Eat - Genuine Coconut | Coconut Water\" \/>\n<meta property=\"og:description\" content=\"[vc_row full_width=\u00a0\u00bbstretch_row_content\u00a0\u00bb equal_height=\u00a0\u00bbyes\u00a0\u00bb][vc_column width=\u00a0\u00bb1\/2&Prime; css=\u00a0\u00bb.vc_custom_1544631559275{padding-left: 5% !important;background-color: #f4f3f3 !important;}\u00a0\u00bb][vc_single_image image=\u00a0\u00bb15901&Prime; img_size=\u00a0\u00bbfull\u00a0\u00bb alignment=\u00a0\u00bbcenter\u00a0\u00bb css=\u00a0\u00bb\u00a0\u00bb][\/vc_column][vc_column width=\u00a0\u00bb1\/2&Prime; css=\u00a0\u00bb.vc_custom_1548864304643{background-image: url(https:\/\/genuinecoconut.com\/wp-content\/uploads\/2019\/01\/new-genuine-coconut-water-flesh-3.jpg?id=6171) !important;background-position: center !important;background-repeat: no-repeat !important;background-size: cover !important;}\u00a0\u00bb][vc_raw_html css=\u00a0\u00bb.vc_custom_1540221585507{padding-top: 30% !important;padding-bottom: 30% !important;}\u00a0\u00bb][\/vc_raw_html][\/vc_column][\/vc_row][vc_row][vc_column css=\u00a0\u00bb.vc_custom_1540213987141{background-color: #0a0a0a !important;}\u00a0\u00bb][vc_single_image image=\u00a0\u00bb16053&Prime; img_size=\u00a0\u00bbfull\u00a0\u00bb alignment=\u00a0\u00bbcenter\u00a0\u00bb css=\u00a0\u00bb\u00a0\u00bb][\/vc_column][\/vc_row][vc_row css=\u00a0\u00bb.vc_custom_1540215601931{background-color: #ffffff !important;}\u00a0\u00bb][vc_column width=\u00a0\u00bb1\/6&Prime;][\/vc_column][vc_column width=\u00a0\u00bb2\/3&Prime;][vc_row_inner][vc_column_inner width=\u00a0\u00bb1\/2&Prime;][vc_column_text] La vraie noix de coco de trink est une noix de coco organique de [&hellip;]\" \/>\n<meta property=\"og:url\" content=\"https:\/\/genuinecoconut.com\/new-genuine-coconut-drink-eat\/\" \/>\n<meta property=\"og:site_name\" content=\"Genuine Coconut | Coconut Water\" \/>\n<meta property=\"article:publisher\" content=\"https:\/\/www.facebook.com\/GenuineCoconut\" \/>\n<meta property=\"article:modified_time\" content=\"2024-05-23T08:05:00+00:00\" \/>\n<meta property=\"og:image\" content=\"https:\/\/genuinecoconut.com\/wp-content\/uploads\/2018\/01\/origin-thailand-coconuts.jpg\" \/>\n\t<meta property=\"og:image:width\" content=\"1920\" \/>\n\t<meta property=\"og:image:height\" content=\"1080\" \/>\n\t<meta property=\"og:image:type\" content=\"image\/jpeg\" \/>\n<meta name=\"twitter:card\" content=\"summary_large_image\" \/>\n<meta name=\"twitter:site\" content=\"@GenuineCoconut\" \/>\n<meta name=\"twitter:label1\" content=\"Dur\u00e9e de lecture estim\u00e9e\" \/>\n\t<meta name=\"twitter:data1\" content=\"6 minutes\" \/>\n<script type=\"application\/ld+json\" class=\"yoast-schema-graph\">{\"@context\":\"https:\\\/\\\/schema.org\",\"@graph\":[{\"@type\":\"WebPage\",\"@id\":\"https:\\\/\\\/genuinecoconut.com\\\/new-genuine-coconut-drink-eat\\\/\",\"url\":\"https:\\\/\\\/genuinecoconut.com\\\/new-genuine-coconut-drink-eat\\\/\",\"name\":\"Genuine Coconut Drink & Eat - Genuine Coconut | Coconut Water\",\"isPartOf\":{\"@id\":\"https:\\\/\\\/genuinecoconut.com\\\/#website\"},\"datePublished\":\"2020-09-16T10:32:53+00:00\",\"dateModified\":\"2024-05-23T08:05:00+00:00\",\"breadcrumb\":{\"@id\":\"https:\\\/\\\/genuinecoconut.com\\\/new-genuine-coconut-drink-eat\\\/#breadcrumb\"},\"inLanguage\":\"fr-FR\",\"potentialAction\":[{\"@type\":\"ReadAction\",\"target\":[\"https:\\\/\\\/genuinecoconut.com\\\/new-genuine-coconut-drink-eat\\\/\"]}]},{\"@type\":\"BreadcrumbList\",\"@id\":\"https:\\\/\\\/genuinecoconut.com\\\/new-genuine-coconut-drink-eat\\\/#breadcrumb\",\"itemListElement\":[{\"@type\":\"ListItem\",\"position\":1,\"name\":\"Home\",\"item\":\"https:\\\/\\\/genuinecoconut.com\\\/\"},{\"@type\":\"ListItem\",\"position\":2,\"name\":\"Genuine Coconut Drink &#038; Eat\"}]},{\"@type\":\"WebSite\",\"@id\":\"https:\\\/\\\/genuinecoconut.com\\\/#website\",\"url\":\"https:\\\/\\\/genuinecoconut.com\\\/\",\"name\":\"Genuine Coconut | Coconut Water\",\"description\":\"Agua de Coco natural, org\u00e1nico de Tailandia.\",\"publisher\":{\"@id\":\"https:\\\/\\\/genuinecoconut.com\\\/#organization\"},\"potentialAction\":[{\"@type\":\"SearchAction\",\"target\":{\"@type\":\"EntryPoint\",\"urlTemplate\":\"https:\\\/\\\/genuinecoconut.com\\\/?s={search_term_string}\"},\"query-input\":{\"@type\":\"PropertyValueSpecification\",\"valueRequired\":true,\"valueName\":\"search_term_string\"}}],\"inLanguage\":\"fr-FR\"},{\"@type\":\"Organization\",\"@id\":\"https:\\\/\\\/genuinecoconut.com\\\/#organization\",\"name\":\"Genuine Coconut\",\"url\":\"https:\\\/\\\/genuinecoconut.com\\\/\",\"logo\":{\"@type\":\"ImageObject\",\"inLanguage\":\"fr-FR\",\"@id\":\"https:\\\/\\\/genuinecoconut.com\\\/#\\\/schema\\\/logo\\\/image\\\/\",\"url\":\"https:\\\/\\\/genuinecoconut.com\\\/wp-content\\\/uploads\\\/2015\\\/07\\\/genuine-coconut-factura.jpg\",\"contentUrl\":\"https:\\\/\\\/genuinecoconut.com\\\/wp-content\\\/uploads\\\/2015\\\/07\\\/genuine-coconut-factura.jpg\",\"width\":575,\"height\":345,\"caption\":\"Genuine Coconut\"},\"image\":{\"@id\":\"https:\\\/\\\/genuinecoconut.com\\\/#\\\/schema\\\/logo\\\/image\\\/\"},\"sameAs\":[\"https:\\\/\\\/www.facebook.com\\\/GenuineCoconut\",\"https:\\\/\\\/x.com\\\/GenuineCoconut\",\"https:\\\/\\\/instagram.com\\\/genuinecoconut\\\/\",\"https:\\\/\\\/es.pinterest.com\\\/genuinecoconut\\\/\",\"https:\\\/\\\/youtube.com\\\/genuinecoconut\"]}]}<\/script>\n<!-- \/ Yoast SEO plugin. -->","yoast_head_json":{"title":"Genuine Coconut Drink & Eat - Genuine Coconut | Coconut Water","robots":{"index":"index","follow":"follow","max-snippet":"max-snippet:-1","max-image-preview":"max-image-preview:large","max-video-preview":"max-video-preview:-1"},"canonical":"https:\/\/genuinecoconut.com\/new-genuine-coconut-drink-eat\/","og_locale":"fr_FR","og_type":"article","og_title":"Genuine Coconut Drink & Eat - Genuine Coconut | Coconut Water","og_description":"[vc_row full_width=\u00a0\u00bbstretch_row_content\u00a0\u00bb equal_height=\u00a0\u00bbyes\u00a0\u00bb][vc_column width=\u00a0\u00bb1\/2&Prime; css=\u00a0\u00bb.vc_custom_1544631559275{padding-left: 5% !important;background-color: #f4f3f3 !important;}\u00a0\u00bb][vc_single_image image=\u00a0\u00bb15901&Prime; img_size=\u00a0\u00bbfull\u00a0\u00bb alignment=\u00a0\u00bbcenter\u00a0\u00bb css=\u00a0\u00bb\u00a0\u00bb][\/vc_column][vc_column width=\u00a0\u00bb1\/2&Prime; css=\u00a0\u00bb.vc_custom_1548864304643{background-image: url(https:\/\/genuinecoconut.com\/wp-content\/uploads\/2019\/01\/new-genuine-coconut-water-flesh-3.jpg?id=6171) !important;background-position: center !important;background-repeat: no-repeat !important;background-size: cover !important;}\u00a0\u00bb][vc_raw_html css=\u00a0\u00bb.vc_custom_1540221585507{padding-top: 30% !important;padding-bottom: 30% !important;}\u00a0\u00bb][\/vc_raw_html][\/vc_column][\/vc_row][vc_row][vc_column css=\u00a0\u00bb.vc_custom_1540213987141{background-color: #0a0a0a !important;}\u00a0\u00bb][vc_single_image image=\u00a0\u00bb16053&Prime; img_size=\u00a0\u00bbfull\u00a0\u00bb alignment=\u00a0\u00bbcenter\u00a0\u00bb css=\u00a0\u00bb\u00a0\u00bb][\/vc_column][\/vc_row][vc_row css=\u00a0\u00bb.vc_custom_1540215601931{background-color: #ffffff !important;}\u00a0\u00bb][vc_column width=\u00a0\u00bb1\/6&Prime;][\/vc_column][vc_column width=\u00a0\u00bb2\/3&Prime;][vc_row_inner][vc_column_inner width=\u00a0\u00bb1\/2&Prime;][vc_column_text] La vraie noix de coco de trink est une noix de coco organique de [&hellip;]","og_url":"https:\/\/genuinecoconut.com\/new-genuine-coconut-drink-eat\/","og_site_name":"Genuine Coconut | Coconut Water","article_publisher":"https:\/\/www.facebook.com\/GenuineCoconut","article_modified_time":"2024-05-23T08:05:00+00:00","og_image":[{"width":1920,"height":1080,"url":"https:\/\/genuinecoconut.com\/wp-content\/uploads\/2018\/01\/origin-thailand-coconuts.jpg","type":"image\/jpeg"}],"twitter_card":"summary_large_image","twitter_site":"@GenuineCoconut","twitter_misc":{"Dur\u00e9e de lecture estim\u00e9e":"6 minutes"},"schema":{"@context":"https:\/\/schema.org","@graph":[{"@type":"WebPage","@id":"https:\/\/genuinecoconut.com\/new-genuine-coconut-drink-eat\/","url":"https:\/\/genuinecoconut.com\/new-genuine-coconut-drink-eat\/","name":"Genuine Coconut Drink & Eat - Genuine Coconut | Coconut Water","isPartOf":{"@id":"https:\/\/genuinecoconut.com\/#website"},"datePublished":"2020-09-16T10:32:53+00:00","dateModified":"2024-05-23T08:05:00+00:00","breadcrumb":{"@id":"https:\/\/genuinecoconut.com\/new-genuine-coconut-drink-eat\/#breadcrumb"},"inLanguage":"fr-FR","potentialAction":[{"@type":"ReadAction","target":["https:\/\/genuinecoconut.com\/new-genuine-coconut-drink-eat\/"]}]},{"@type":"BreadcrumbList","@id":"https:\/\/genuinecoconut.com\/new-genuine-coconut-drink-eat\/#breadcrumb","itemListElement":[{"@type":"ListItem","position":1,"name":"Home","item":"https:\/\/genuinecoconut.com\/"},{"@type":"ListItem","position":2,"name":"Genuine Coconut Drink &#038; Eat"}]},{"@type":"WebSite","@id":"https:\/\/genuinecoconut.com\/#website","url":"https:\/\/genuinecoconut.com\/","name":"Genuine Coconut | Coconut Water","description":"Agua de Coco natural, org\u00e1nico de Tailandia.","publisher":{"@id":"https:\/\/genuinecoconut.com\/#organization"},"potentialAction":[{"@type":"SearchAction","target":{"@type":"EntryPoint","urlTemplate":"https:\/\/genuinecoconut.com\/?s={search_term_string}"},"query-input":{"@type":"PropertyValueSpecification","valueRequired":true,"valueName":"search_term_string"}}],"inLanguage":"fr-FR"},{"@type":"Organization","@id":"https:\/\/genuinecoconut.com\/#organization","name":"Genuine Coconut","url":"https:\/\/genuinecoconut.com\/","logo":{"@type":"ImageObject","inLanguage":"fr-FR","@id":"https:\/\/genuinecoconut.com\/#\/schema\/logo\/image\/","url":"https:\/\/genuinecoconut.com\/wp-content\/uploads\/2015\/07\/genuine-coconut-factura.jpg","contentUrl":"https:\/\/genuinecoconut.com\/wp-content\/uploads\/2015\/07\/genuine-coconut-factura.jpg","width":575,"height":345,"caption":"Genuine Coconut"},"image":{"@id":"https:\/\/genuinecoconut.com\/#\/schema\/logo\/image\/"},"sameAs":["https:\/\/www.facebook.com\/GenuineCoconut","https:\/\/x.com\/GenuineCoconut","https:\/\/instagram.com\/genuinecoconut\/","https:\/\/es.pinterest.com\/genuinecoconut\/","https:\/\/youtube.com\/genuinecoconut"]}]}},"_links":{"self":[{"href":"https:\/\/genuinecoconut.com\/fr\/wp-json\/wp\/v2\/pages\/18996","targetHints":{"allow":["GET"]}}],"collection":[{"href":"https:\/\/genuinecoconut.com\/fr\/wp-json\/wp\/v2\/pages"}],"about":[{"href":"https:\/\/genuinecoconut.com\/fr\/wp-json\/wp\/v2\/types\/page"}],"author":[{"embeddable":true,"href":"https:\/\/genuinecoconut.com\/fr\/wp-json\/wp\/v2\/users\/2"}],"replies":[{"embeddable":true,"href":"https:\/\/genuinecoconut.com\/fr\/wp-json\/wp\/v2\/comments?post=18996"}],"version-history":[{"count":3,"href":"https:\/\/genuinecoconut.com\/fr\/wp-json\/wp\/v2\/pages\/18996\/revisions"}],"predecessor-version":[{"id":19288,"href":"https:\/\/genuinecoconut.com\/fr\/wp-json\/wp\/v2\/pages\/18996\/revisions\/19288"}],"wp:attachment":[{"href":"https:\/\/genuinecoconut.com\/fr\/wp-json\/wp\/v2\/media?parent=18996"}],"curies":[{"name":"wp","href":"https:\/\/api.w.org\/{rel}","templated":true}]}}