{"id":13167,"date":"2024-03-06T14:01:06","date_gmt":"2024-03-06T13:01:06","guid":{"rendered":"https:\/\/genuinecoconut.com\/?page_id=13167"},"modified":"2024-05-21T09:31:58","modified_gmt":"2024-05-21T09:31:58","slug":"recipes_2","status":"publish","type":"page","link":"https:\/\/genuinecoconut.com\/en\/recipes_2\/","title":{"rendered":"RECIPES V-2"},"content":{"rendered":"<div class=\"wpb-content-wrapper\"><p>[vc_row css=&#8221;.vc_custom_1709545863802{background-image: url(https:\/\/genuinecoconut.com\/wp-content\/uploads\/2024\/03\/PORTADA-RECETAS-scaled.jpg?id=13087) !important;background-position: center !important;background-repeat: no-repeat !important;background-size: cover !important;}&#8221;][vc_column offset=&#8221;vc_hidden-xs&#8221; el_class=&#8221;titulo&#8221;][vc_column_text]<\/p>\n<p>&nbsp;<\/p>\n<p>&nbsp;<\/p>\n<p>&nbsp;<\/p>\n<p>&nbsp;<\/p>\n<p>&nbsp;<\/p>\n<p>&nbsp;<\/p>\n<p>&nbsp;<\/p>\n<p>&nbsp;<\/p>\n<p>&nbsp;<\/p>\n<p>&nbsp;<\/p>\n<p>&nbsp;<\/p>\n<p>[\/vc_column_text][\/vc_column][\/vc_row][vc_row css=&#8221;.vc_custom_1708702246118{background-image: url(https:\/\/genuinecoconut.com\/wp-content\/uploads\/2024\/02\/BANNER-GENFRUITS-2024-ING-01-scaled.webp?id=13061) !important;background-position: center !important;background-repeat: no-repeat !important;background-size: cover !important;}&#8221;][vc_column offset=&#8221;vc_hidden-lg vc_hidden-md vc_hidden-sm&#8221; el_class=&#8221;titulo&#8221;][vc_column_text]<\/p>\n<p>&nbsp;<\/p>\n<p>&nbsp;<\/p>\n<p>&nbsp;<\/p>\n<p>&nbsp;<\/p>\n<p>&nbsp;<\/p>\n<p>&nbsp;<\/p>\n<p>&nbsp;<\/p>\n<p>&nbsp;<\/p>\n<p>&nbsp;<\/p>\n<p>&nbsp;<\/p>\n<p>&nbsp;<\/p>\n<p>&nbsp;<\/p>\n<p>&nbsp;<\/p>\n<p>[\/vc_column_text][\/vc_column][\/vc_row][vc_row css=&#8221;.vc_custom_1540215601931{background-color: #ffffff !important;}&#8221;][vc_column width=&#8221;1\/4&#8243; css=&#8221;.vc_custom_1709546105596{background-color: #c4cf15 !important;}&#8221; offset=&#8221;vc_hidden-lg vc_hidden-md vc_hidden-sm vc_hidden-xs&#8221;][vc_column_text css_animation=&#8221;zoomIn&#8221; css=&#8221;.vc_custom_1669625152746{background-position: center !important;background-repeat: no-repeat !important;background-size: cover !important;}&#8221;]<\/p>\n<h2><\/h2>\n<h2 style=\"; color: #000000; text-align: center; font-size: 25px;\">VACUUM COOKED<\/h2>\n<p>[\/vc_column_text][\/vc_column][vc_column width=&#8221;1\/4&#8243; css=&#8221;.vc_custom_1709546114104{background-color: #c4cf15 !important;}&#8221; offset=&#8221;vc_hidden-lg vc_hidden-md vc_hidden-sm vc_hidden-xs&#8221;][vc_column_text css_animation=&#8221;zoomIn&#8221; css=&#8221;.vc_custom_1666709785211{background-position: center !important;background-repeat: no-repeat !important;background-size: cover !important;}&#8221;]<\/p>\n<h2><\/h2>\n<h2 style=\"; color: #000000; text-align: center; font-size: 25px;\">NATURAL<\/h2>\n<p>[\/vc_column_text][\/vc_column][vc_column width=&#8221;1\/4&#8243; css=&#8221;.vc_custom_1709546123361{background-color: #c4cf15 !important;}&#8221; offset=&#8221;vc_hidden-lg vc_hidden-md vc_hidden-sm vc_hidden-xs&#8221;][vc_column_text css_animation=&#8221;zoomIn&#8221; css=&#8221;.vc_custom_1669625163856{background-position: center !important;background-repeat: no-repeat !important;background-size: cover !important;}&#8221;]<\/p>\n<h2><\/h2>\n<h2 style=\"; color: #000000; text-align: center; font-size: 25px;\">CRISPY<\/h2>\n<p>[\/vc_column_text][\/vc_column][vc_column width=&#8221;1\/4&#8243; css=&#8221;.vc_custom_1709546135076{background-color: #c4cf15 !important;}&#8221; offset=&#8221;vc_hidden-lg vc_hidden-md vc_hidden-sm vc_hidden-xs&#8221;][vc_column_text css_animation=&#8221;zoomIn&#8221; css=&#8221;.vc_custom_1666709872871{background-position: center !important;background-repeat: no-repeat !important;background-size: cover !important;}&#8221;]<\/p>\n<h2><\/h2>\n<h2 style=\"; color: #000000; text-align: center; font-size: 25px;\">GLUTEN FREE<\/h2>\n<p>[\/vc_column_text][\/vc_column][\/vc_row][vc_row css=&#8221;.vc_custom_1540215601931{background-color: #ffffff !important;}&#8221;][vc_column css=&#8221;.vc_custom_1709547931061{background-color: #ffffff !important;}&#8221; offset=&#8221;vc_hidden-xs&#8221;][vc_column_text css_animation=&#8221;zoomIn&#8221; css=&#8221;.vc_custom_1709547971053{margin-top: 5% !important;background-position: center !important;background-repeat: no-repeat !important;background-size: cover !important;}&#8221;]<\/p>\n<p style=\"text-align: center;\"><span style=\"font-size: 5em; line-height: 1.2em;\"><strong> Nutrient-packed recipe ideas<\/strong><br \/>\n<strong>with our coconut pieces<\/strong> <\/span><\/p>\n<p>[\/vc_column_text][\/vc_column][\/vc_row][vc_row full_width=&#8221;stretch_row_content&#8221; equal_height=&#8221;yes&#8221; content_placement=&#8221;middle&#8221; css=&#8221;.vc_custom_1709547821301{margin-right: 5% !important;margin-left: 10% !important;padding-top: % !important;padding-right: 10% !important;padding-left: 10% !important;background-color: #ffffff !important;background-position: center !important;background-repeat: no-repeat !important;background-size: cover !important;}&#8221;][vc_column width=&#8221;1\/2&#8243; css=&#8221;.vc_custom_1709546837816{margin-left: 5% !important;padding-bottom: 10% !important;background-position: center !important;background-repeat: no-repeat !important;background-size: cover !important;}&#8221; el_class=&#8221;col-md-push-6&#8243; offset=&#8221;vc_hidden-xs&#8221;][vc_single_image image=&#8221;13103&#8243; img_size=&#8221;large&#8221; alignment=&#8221;center&#8221; css_animation=&#8221;fadeInRightBig&#8221;][\/vc_column][vc_column width=&#8221;1\/2&#8243; css=&#8221;.vc_custom_1709547714594{margin-left: 10% !important;padding-right: 5% !important;padding-left: 5% !important;background-color: #ffffff !important;}&#8221; el_class=&#8221;col-md-pull-6&#8243; offset=&#8221;vc_hidden-xs&#8221;][vc_column_text css=&#8221;.vc_custom_1709546053527{padding-right: 25% !important;}&#8221;]<\/p>\n<p style=\"text-align: left;\"><span style=\"font-size: 5em; line-height: 1.2em;\"><strong>Coconut<br \/>\nbreakfast<\/strong><\/span><\/p>\n<p class=\"p1\" style=\"text-align: justify;\">Breakfast doesn&#8217;t have to be synonymous with monotony or boredom! Make the first meal of the day a moment of enjoyment, adding a delicious touch to your recipes, with our organic coconut pieces, peeled and ready to eat.<\/p>\n<p>[\/vc_column_text][vc_btn title=&#8221;RECIPE&#8221; style=&#8221;custom&#8221; custom_background=&#8221;#b4c9cc&#8221; custom_text=&#8221;#000000&#8243; size=&#8221;lg&#8221; link=&#8221;target:_blank&#8221;][vc_single_image image=&#8221;13159&#8243; img_size=&#8221;medium&#8221; css=&#8221;.vc_custom_1709546935771{padding-top: 5% !important;padding-right: 25% !important;padding-bottom: 10% !important;}&#8221;][\/vc_column][\/vc_row][vc_row equal_height=&#8221;yes&#8221; content_placement=&#8221;middle&#8221; css=&#8221;.vc_custom_1666352119450{margin-top: 0% !important;padding-top: % !important;padding-right: 10% !important;padding-left: 10% !important;background-color: #ffffff !important;}&#8221;][vc_column width=&#8221;1\/2&#8243; css=&#8221;.vc_custom_1709547779293{margin-left: 10% !important;padding-right: 10% !important;padding-left: 10% !important;background-color: #ffffff !important;background-position: center !important;background-repeat: no-repeat !important;background-size: cover !important;}&#8221; el_class=&#8221;col-md-push-6&#8243; offset=&#8221;vc_hidden-xs&#8221;][vc_column_text css=&#8221;.vc_custom_1709547074338{padding-right: 10% !important;}&#8221;]<\/p>\n<p style=\"text-align: left;\"><span style=\"font-size: 4.8em; line-height: 1.2em;\"><strong>Coconut full<br \/>\nnutrient meal <\/strong><\/span><\/p>\n<p class=\"p1\" style=\"text-align: justify;\">Are you in need of a fresh and nutrient-dense meal? Do not miss this delicious breakfast to run you day in a better way!<\/p>\n<p>[\/vc_column_text][vc_btn title=&#8221;RECIPE&#8221; style=&#8221;custom&#8221; custom_background=&#8221;#b4c9cc&#8221; custom_text=&#8221;#000000&#8243; size=&#8221;lg&#8221; link=&#8221;url:https%3A%2F%2Fgenuinecoconut.com%2Fcoconut-lime-ceviche%2F&#8221;][vc_single_image image=&#8221;13159&#8243; img_size=&#8221;medium&#8221; css=&#8221;.vc_custom_1709547456060{padding-top: 5% !important;padding-right: 25% !important;}&#8221;][\/vc_column][vc_column width=&#8221;1\/2&#8243; css=&#8221;.vc_custom_1652871431031{padding-bottom: 10% !important;}&#8221; el_class=&#8221;col-md-pull-6&#8243; offset=&#8221;vc_hidden-xs&#8221;][vc_single_image image=&#8221;13113&#8243; img_size=&#8221;large&#8221; alignment=&#8221;center&#8221; css_animation=&#8221;fadeInLeftBig&#8221;][\/vc_column][\/vc_row][vc_row equal_height=&#8221;yes&#8221; content_placement=&#8221;middle&#8221; css=&#8221;.vc_custom_1665063586619{padding-top: % !important;padding-right: 10% !important;padding-left: 10% !important;background-color: #ffffff !important;}&#8221;][vc_column width=&#8221;1\/2&#8243; css=&#8221;.vc_custom_1709546837816{margin-left: 5% !important;padding-bottom: 10% !important;background-position: center !important;background-repeat: no-repeat !important;background-size: cover !important;}&#8221; el_class=&#8221;col-md-push-6&#8243; offset=&#8221;vc_hidden-xs&#8221;][vc_single_image image=&#8221;13093&#8243; img_size=&#8221;large&#8221; alignment=&#8221;center&#8221; css_animation=&#8221;fadeInRightBig&#8221;][\/vc_column][vc_column width=&#8221;1\/2&#8243; css=&#8221;.vc_custom_1709547750190{margin-left: 10% !important;padding-right: 5% !important;padding-left: 5% !important;background-color: #ffffff !important;}&#8221; el_class=&#8221;col-md-pull-6&#8243; offset=&#8221;vc_hidden-xs&#8221;][vc_column_text css=&#8221;.vc_custom_1709547378239{padding-right: 25% !important;}&#8221;]<\/p>\n<p style=\"text-align: left;\"><span style=\"font-size: 5em; line-height: 1.2em;\"><strong>Coconut<br \/>\ndessert<\/strong><\/span><\/p>\n<p class=\"p1\" style=\"text-align: justify;\">Having a healthy snack takes only less than 1 minute! How? All you need is our delicious coconut chunks, packed with nutrients and soooo tasty.<\/p>\n<p>[\/vc_column_text][vc_btn title=&#8221;RECIPE&#8221; style=&#8221;custom&#8221; custom_background=&#8221;#b4c9cc&#8221; custom_text=&#8221;#000000&#8243; size=&#8221;lg&#8221; link=&#8221;target:_blank&#8221;][vc_single_image image=&#8221;13159&#8243; img_size=&#8221;medium&#8221; css=&#8221;.vc_custom_1709546935771{padding-top: 5% !important;padding-right: 25% !important;padding-bottom: 10% !important;}&#8221;][\/vc_column][\/vc_row][vc_row][vc_column][vc_empty_space height=&#8221;62px&#8221;][\/vc_column][\/vc_row][vc_row equal_height=&#8221;yes&#8221; content_placement=&#8221;middle&#8221; css=&#8221;.vc_custom_1652263590112{padding-top: % !important;padding-right: 10% !important;padding-left: 10% !important;background-color: #ffffff !important;}&#8221;][vc_column width=&#8221;1\/2&#8243; css=&#8221;.vc_custom_1652860649755{padding-bottom: 10% !important;background-position: center !important;background-repeat: no-repeat !important;background-size: cover !important;}&#8221; el_class=&#8221;col-md-push-6&#8243; offset=&#8221;vc_hidden-lg vc_hidden-md vc_hidden-sm&#8221;][vc_hoverbox image=&#8221;11478&#8243; primary_title=&#8221;&#8221; hover_title=&#8221;&#8221; hover_align=&#8221;left&#8221; hover_background_color=&#8221;white&#8221; el_width=&#8221;50&#8243; align=&#8221;left&#8221; css=&#8221;.vc_custom_1669629652998{margin-bottom: -18% !important;margin-left: -20% !important;background-color: #ffffff !important;}&#8221; el_id=&#8221;imagengiratoria&#8221;]<a href=\"https:\/\/www.amazon.es\/Genuine-Coconut-Snacks-Banana-original\/dp\/B0BFF4CCXT?ref_=ast_sto_dp\" rel=\"attachment wp-att-9582\"><img decoding=\"async\" class=\"alignnone wp-image-11473\" src=\"https:\/\/genuinecoconut.com\/wp-content\/uploads\/2022\/11\/Genfruit-Banana-Claims-ING-300x255.png\" alt=\"\" width=\"1001\" height=\"851\" \/><\/a>[\/vc_hoverbox][\/vc_column][vc_column width=&#8221;1\/2&#8243; css=&#8221;.vc_custom_1652870790735{margin-bottom: -20% !important;padding-top: 25% !important;padding-right: 10% !important;padding-bottom: 25% !important;padding-left: 10% !important;background-color: #ffffff !important;}&#8221; el_class=&#8221;col-md-pull-6&#8243; offset=&#8221;vc_hidden-lg vc_hidden-md vc_hidden-sm&#8221;][vc_column_text]<\/p>\n<p style=\"text-align: left;\"><span style=\"font-size: 2.8em; line-height: 1.2em;\"><strong>Banana Chips<\/strong><\/span><\/p>\n<p class=\"p1\" style=\"text-align: justify;\">All the flavour and properties of bananas. Delicious, dehydrated chips, naturally sweet and with a very crunchy texture. And to top it all off: no added sugars or preservatives.<\/p>\n<p>Looking for something more daring? <strong> Also available in PERI-PERI version.<\/strong>[\/vc_column_text][vc_btn title=&#8221;SHOP NOW&#8221; style=&#8221;custom&#8221; custom_background=&#8221;#fee661&#8243; custom_text=&#8221;#000000&#8243; size=&#8221;lg&#8221; align=&#8221;left&#8221; link=&#8221;url:https%3A%2F%2Fwww.amazon.com%2FGenFruit-original-rebanadas-pl%25C3%25A1tano-conservantes%2Fdp%2FB0B1NRGC5R%3Fref_%3Dast_sto_dp||target:%20_blank|&#8221;][vc_single_image image=&#8221;11488&#8243; img_size=&#8221;700&#215;220&#8243;][\/vc_column][\/vc_row]<\/p>\n<\/div>","protected":false},"excerpt":{"rendered":"<p>[vc_row css=&#8221;.vc_custom_1709545863802{background-image: url(https:\/\/genuinecoconut.com\/wp-content\/uploads\/2024\/03\/PORTADA-RECETAS-scaled.jpg?id=13087) !important;background-position: center !important;background-repeat: no-repeat !important;background-size: cover !important;}&#8221;][vc_column offset=&#8221;vc_hidden-xs&#8221; el_class=&#8221;titulo&#8221;][vc_column_text] &nbsp; &nbsp; &nbsp; &nbsp; &nbsp; &nbsp; &nbsp; &nbsp; &nbsp; &nbsp; &nbsp; [\/vc_column_text][\/vc_column][\/vc_row][vc_row css=&#8221;.vc_custom_1708702246118{background-image: url(https:\/\/genuinecoconut.com\/wp-content\/uploads\/2024\/02\/BANNER-GENFRUITS-2024-ING-01-scaled.webp?id=13061) !important;background-position: center !important;background-repeat: no-repeat !important;background-size: cover !important;}&#8221;][vc_column offset=&#8221;vc_hidden-lg vc_hidden-md vc_hidden-sm&#8221; el_class=&#8221;titulo&#8221;][vc_column_text] &nbsp; &nbsp; &nbsp; &nbsp; &nbsp; &nbsp; &nbsp; &nbsp; &nbsp; &nbsp; &nbsp; &nbsp; &nbsp; [\/vc_column_text][\/vc_column][\/vc_row][vc_row css=&#8221;.vc_custom_1540215601931{background-color: #ffffff !important;}&#8221;][vc_column width=&#8221;1\/4&#8243; [&hellip;]<\/p>\n","protected":false},"author":2,"featured_media":0,"parent":0,"menu_order":0,"comment_status":"closed","ping_status":"closed","template":"page-full-width.php","meta":{"footnotes":""},"class_list":["post-13167","page","type-page","status-publish","hentry"],"yoast_head":"<!-- This site is optimized with the Yoast SEO plugin v27.1.1 - https:\/\/yoast.com\/product\/yoast-seo-wordpress\/ -->\n<title>Agua de coco verde 100% natural | Genuine Coconut<\/title>\n<meta name=\"description\" content=\"Agua de coco verde Genuine Coconut. Natural y saludable. Refrescante bebida isot\u00f3nica y ecol\u00f3gica. Compra coco verde entero de cultivo org\u00e1nico.\" \/>\n<meta name=\"robots\" content=\"index, follow, max-snippet:-1, max-image-preview:large, max-video-preview:-1\" \/>\n<link rel=\"canonical\" href=\"https:\/\/genuinecoconut.com\/recipes_2\/\" \/>\n<meta property=\"og:locale\" content=\"en_US\" \/>\n<meta property=\"og:type\" content=\"article\" \/>\n<meta property=\"og:title\" content=\"Agua de coco verde 100% natural | Genuine Coconut\" \/>\n<meta property=\"og:description\" content=\"Agua de coco verde Genuine Coconut. Natural y saludable. Refrescante bebida isot\u00f3nica y ecol\u00f3gica. Compra coco verde entero de cultivo org\u00e1nico.\" \/>\n<meta property=\"og:url\" content=\"https:\/\/genuinecoconut.com\/recipes_2\/\" \/>\n<meta property=\"og:site_name\" content=\"Genuine Coconut | Coconut Water\" \/>\n<meta property=\"article:publisher\" content=\"https:\/\/www.facebook.com\/GenuineCoconut\" \/>\n<meta property=\"article:modified_time\" content=\"2024-05-21T09:31:58+00:00\" \/>\n<meta property=\"og:image\" content=\"https:\/\/genuinecoconut.com\/wp-content\/uploads\/2022\/11\/Genfruit-Banana-Claims-ING-300x255.png\" \/>\n<meta name=\"twitter:card\" content=\"summary_large_image\" \/>\n<meta name=\"twitter:site\" content=\"@GenuineCoconut\" \/>\n<meta name=\"twitter:label1\" content=\"Est. reading time\" \/>\n\t<meta name=\"twitter:data1\" content=\"3 minutes\" \/>\n<script type=\"application\/ld+json\" class=\"yoast-schema-graph\">{\"@context\":\"https:\/\/schema.org\",\"@graph\":[{\"@type\":\"WebPage\",\"@id\":\"https:\/\/genuinecoconut.com\/recipes_2\/\",\"url\":\"https:\/\/genuinecoconut.com\/recipes_2\/\",\"name\":\"Agua de coco verde 100% natural | Genuine Coconut\",\"isPartOf\":{\"@id\":\"https:\/\/genuinecoconut.com\/#website\"},\"primaryImageOfPage\":{\"@id\":\"https:\/\/genuinecoconut.com\/recipes_2\/#primaryimage\"},\"image\":{\"@id\":\"https:\/\/genuinecoconut.com\/recipes_2\/#primaryimage\"},\"thumbnailUrl\":\"https:\/\/genuinecoconut.com\/wp-content\/uploads\/2022\/11\/Genfruit-Banana-Claims-ING-300x255.png\",\"datePublished\":\"2024-03-06T13:01:06+00:00\",\"dateModified\":\"2024-05-21T09:31:58+00:00\",\"description\":\"Agua de coco verde Genuine Coconut. Natural y saludable. Refrescante bebida isot\u00f3nica y ecol\u00f3gica. Compra coco verde entero de cultivo org\u00e1nico.\",\"breadcrumb\":{\"@id\":\"https:\/\/genuinecoconut.com\/recipes_2\/#breadcrumb\"},\"inLanguage\":\"en-UK\",\"potentialAction\":[{\"@type\":\"ReadAction\",\"target\":[\"https:\/\/genuinecoconut.com\/recipes_2\/\"]}]},{\"@type\":\"ImageObject\",\"inLanguage\":\"en-UK\",\"@id\":\"https:\/\/genuinecoconut.com\/recipes_2\/#primaryimage\",\"url\":\"https:\/\/genuinecoconut.com\/wp-content\/uploads\/2022\/11\/Genfruit-Banana-Claims-ING-300x255.png\",\"contentUrl\":\"https:\/\/genuinecoconut.com\/wp-content\/uploads\/2022\/11\/Genfruit-Banana-Claims-ING-300x255.png\"},{\"@type\":\"BreadcrumbList\",\"@id\":\"https:\/\/genuinecoconut.com\/recipes_2\/#breadcrumb\",\"itemListElement\":[{\"@type\":\"ListItem\",\"position\":1,\"name\":\"Home\",\"item\":\"https:\/\/genuinecoconut.com\/en\/\"},{\"@type\":\"ListItem\",\"position\":2,\"name\":\"RECIPES V-2\"}]},{\"@type\":\"WebSite\",\"@id\":\"https:\/\/genuinecoconut.com\/#website\",\"url\":\"https:\/\/genuinecoconut.com\/\",\"name\":\"Genuine Coconut | Coconut Water\",\"description\":\"Agua de Coco natural, org\u00e1nico de Tailandia.\",\"publisher\":{\"@id\":\"https:\/\/genuinecoconut.com\/#organization\"},\"potentialAction\":[{\"@type\":\"SearchAction\",\"target\":{\"@type\":\"EntryPoint\",\"urlTemplate\":\"https:\/\/genuinecoconut.com\/?s={search_term_string}\"},\"query-input\":{\"@type\":\"PropertyValueSpecification\",\"valueRequired\":true,\"valueName\":\"search_term_string\"}}],\"inLanguage\":\"en-UK\"},{\"@type\":\"Organization\",\"@id\":\"https:\/\/genuinecoconut.com\/#organization\",\"name\":\"Genuine Coconut\",\"url\":\"https:\/\/genuinecoconut.com\/\",\"logo\":{\"@type\":\"ImageObject\",\"inLanguage\":\"en-UK\",\"@id\":\"https:\/\/genuinecoconut.com\/#\/schema\/logo\/image\/\",\"url\":\"https:\/\/genuinecoconut.com\/wp-content\/uploads\/2015\/07\/genuine-coconut-factura.jpg\",\"contentUrl\":\"https:\/\/genuinecoconut.com\/wp-content\/uploads\/2015\/07\/genuine-coconut-factura.jpg\",\"width\":575,\"height\":345,\"caption\":\"Genuine Coconut\"},\"image\":{\"@id\":\"https:\/\/genuinecoconut.com\/#\/schema\/logo\/image\/\"},\"sameAs\":[\"https:\/\/www.facebook.com\/GenuineCoconut\",\"https:\/\/x.com\/GenuineCoconut\",\"https:\/\/instagram.com\/genuinecoconut\/\",\"https:\/\/es.pinterest.com\/genuinecoconut\/\",\"https:\/\/youtube.com\/genuinecoconut\"]}]}<\/script>\n<!-- \/ Yoast SEO plugin. -->","yoast_head_json":{"title":"Agua de coco verde 100% natural | Genuine Coconut","description":"Agua de coco verde Genuine Coconut. Natural y saludable. Refrescante bebida isot\u00f3nica y ecol\u00f3gica. Compra coco verde entero de cultivo org\u00e1nico.","robots":{"index":"index","follow":"follow","max-snippet":"max-snippet:-1","max-image-preview":"max-image-preview:large","max-video-preview":"max-video-preview:-1"},"canonical":"https:\/\/genuinecoconut.com\/recipes_2\/","og_locale":"en_US","og_type":"article","og_title":"Agua de coco verde 100% natural | Genuine Coconut","og_description":"Agua de coco verde Genuine Coconut. Natural y saludable. Refrescante bebida isot\u00f3nica y ecol\u00f3gica. Compra coco verde entero de cultivo org\u00e1nico.","og_url":"https:\/\/genuinecoconut.com\/recipes_2\/","og_site_name":"Genuine Coconut | Coconut Water","article_publisher":"https:\/\/www.facebook.com\/GenuineCoconut","article_modified_time":"2024-05-21T09:31:58+00:00","og_image":[{"url":"https:\/\/genuinecoconut.com\/wp-content\/uploads\/2022\/11\/Genfruit-Banana-Claims-ING-300x255.png","type":"","width":"","height":""}],"twitter_card":"summary_large_image","twitter_site":"@GenuineCoconut","twitter_misc":{"Est. reading time":"3 minutes"},"schema":{"@context":"https:\/\/schema.org","@graph":[{"@type":"WebPage","@id":"https:\/\/genuinecoconut.com\/recipes_2\/","url":"https:\/\/genuinecoconut.com\/recipes_2\/","name":"Agua de coco verde 100% natural | Genuine Coconut","isPartOf":{"@id":"https:\/\/genuinecoconut.com\/#website"},"primaryImageOfPage":{"@id":"https:\/\/genuinecoconut.com\/recipes_2\/#primaryimage"},"image":{"@id":"https:\/\/genuinecoconut.com\/recipes_2\/#primaryimage"},"thumbnailUrl":"https:\/\/genuinecoconut.com\/wp-content\/uploads\/2022\/11\/Genfruit-Banana-Claims-ING-300x255.png","datePublished":"2024-03-06T13:01:06+00:00","dateModified":"2024-05-21T09:31:58+00:00","description":"Agua de coco verde Genuine Coconut. Natural y saludable. Refrescante bebida isot\u00f3nica y ecol\u00f3gica. Compra coco verde entero de cultivo org\u00e1nico.","breadcrumb":{"@id":"https:\/\/genuinecoconut.com\/recipes_2\/#breadcrumb"},"inLanguage":"en-UK","potentialAction":[{"@type":"ReadAction","target":["https:\/\/genuinecoconut.com\/recipes_2\/"]}]},{"@type":"ImageObject","inLanguage":"en-UK","@id":"https:\/\/genuinecoconut.com\/recipes_2\/#primaryimage","url":"https:\/\/genuinecoconut.com\/wp-content\/uploads\/2022\/11\/Genfruit-Banana-Claims-ING-300x255.png","contentUrl":"https:\/\/genuinecoconut.com\/wp-content\/uploads\/2022\/11\/Genfruit-Banana-Claims-ING-300x255.png"},{"@type":"BreadcrumbList","@id":"https:\/\/genuinecoconut.com\/recipes_2\/#breadcrumb","itemListElement":[{"@type":"ListItem","position":1,"name":"Home","item":"https:\/\/genuinecoconut.com\/en\/"},{"@type":"ListItem","position":2,"name":"RECIPES V-2"}]},{"@type":"WebSite","@id":"https:\/\/genuinecoconut.com\/#website","url":"https:\/\/genuinecoconut.com\/","name":"Genuine Coconut | Coconut Water","description":"Agua de Coco natural, org\u00e1nico de Tailandia.","publisher":{"@id":"https:\/\/genuinecoconut.com\/#organization"},"potentialAction":[{"@type":"SearchAction","target":{"@type":"EntryPoint","urlTemplate":"https:\/\/genuinecoconut.com\/?s={search_term_string}"},"query-input":{"@type":"PropertyValueSpecification","valueRequired":true,"valueName":"search_term_string"}}],"inLanguage":"en-UK"},{"@type":"Organization","@id":"https:\/\/genuinecoconut.com\/#organization","name":"Genuine Coconut","url":"https:\/\/genuinecoconut.com\/","logo":{"@type":"ImageObject","inLanguage":"en-UK","@id":"https:\/\/genuinecoconut.com\/#\/schema\/logo\/image\/","url":"https:\/\/genuinecoconut.com\/wp-content\/uploads\/2015\/07\/genuine-coconut-factura.jpg","contentUrl":"https:\/\/genuinecoconut.com\/wp-content\/uploads\/2015\/07\/genuine-coconut-factura.jpg","width":575,"height":345,"caption":"Genuine Coconut"},"image":{"@id":"https:\/\/genuinecoconut.com\/#\/schema\/logo\/image\/"},"sameAs":["https:\/\/www.facebook.com\/GenuineCoconut","https:\/\/x.com\/GenuineCoconut","https:\/\/instagram.com\/genuinecoconut\/","https:\/\/es.pinterest.com\/genuinecoconut\/","https:\/\/youtube.com\/genuinecoconut"]}]}},"_links":{"self":[{"href":"https:\/\/genuinecoconut.com\/en\/wp-json\/wp\/v2\/pages\/13167","targetHints":{"allow":["GET"]}}],"collection":[{"href":"https:\/\/genuinecoconut.com\/en\/wp-json\/wp\/v2\/pages"}],"about":[{"href":"https:\/\/genuinecoconut.com\/en\/wp-json\/wp\/v2\/types\/page"}],"author":[{"embeddable":true,"href":"https:\/\/genuinecoconut.com\/en\/wp-json\/wp\/v2\/users\/2"}],"replies":[{"embeddable":true,"href":"https:\/\/genuinecoconut.com\/en\/wp-json\/wp\/v2\/comments?post=13167"}],"version-history":[{"count":1,"href":"https:\/\/genuinecoconut.com\/en\/wp-json\/wp\/v2\/pages\/13167\/revisions"}],"predecessor-version":[{"id":19105,"href":"https:\/\/genuinecoconut.com\/en\/wp-json\/wp\/v2\/pages\/13167\/revisions\/19105"}],"wp:attachment":[{"href":"https:\/\/genuinecoconut.com\/en\/wp-json\/wp\/v2\/media?parent=13167"}],"curies":[{"name":"wp","href":"https:\/\/api.w.org\/{rel}","templated":true}]}}