{"id":13092,"date":"2024-03-01T16:59:53","date_gmt":"2024-03-01T15:59:53","guid":{"rendered":"https:\/\/genuinecoconut.com\/?page_id=13092"},"modified":"2024-08-06T09:12:17","modified_gmt":"2024-08-06T09:12:17","slug":"coconut_chunks_recipes","status":"publish","type":"page","link":"https:\/\/genuinecoconut.com\/en\/coconut_chunks_recipes\/","title":{"rendered":"Recipe"},"content":{"rendered":"<div class=\"wpb-content-wrapper\"><p>[vc_row css=&#8221;.vc_custom_1717685065253{background: #ffffff url(https:\/\/genuinecoconut.com\/wp-content\/uploads\/2024\/06\/Portada-01.png?id=19383) !important;background-position: center !important;background-repeat: no-repeat !important;background-size: cover !important;}&#8221;][vc_column offset=&#8221;vc_hidden-xs&#8221; el_class=&#8221;titulo&#8221;][vc_column_text]<\/p>\n<p>&nbsp;<\/p>\n<p>&nbsp;<\/p>\n<p>&nbsp;<\/p>\n<p>&nbsp;<\/p>\n<p>&nbsp;<\/p>\n<p>&nbsp;<\/p>\n<p>&nbsp;<\/p>\n<p>&nbsp;<\/p>\n<p>&nbsp;<\/p>\n<p>[\/vc_column_text][\/vc_column][\/vc_row][vc_row css=&#8221;.vc_custom_1717758743557{background-image: url(https:\/\/genuinecoconut.com\/wp-content\/uploads\/2024\/06\/PORTADA-03.jpg?id=19426) !important;background-position: center !important;background-repeat: no-repeat !important;background-size: cover !important;}&#8221;][vc_column offset=&#8221;vc_hidden-lg vc_hidden-md vc_hidden-sm&#8221; el_class=&#8221;titulo&#8221;][vc_column_text]<\/p>\n<p>&nbsp;<\/p>\n<p>&nbsp;<\/p>\n<p>&nbsp;<\/p>\n<p>&nbsp;<\/p>\n<p>&nbsp;<\/p>\n<p>&nbsp;<\/p>\n<p>&nbsp;<\/p>\n<p>&nbsp;<\/p>\n<p>&nbsp;<\/p>\n<p>&nbsp;<\/p>\n<p>&nbsp;<\/p>\n<p>[\/vc_column_text][\/vc_column][\/vc_row][vc_row css=&#8221;.vc_custom_1709543536091{background-color: #ffffff !important;}&#8221;][vc_column offset=&#8221;vc_hidden-xs&#8221;][vc_column_text css=&#8221;.vc_custom_1718635739719{margin-top: 3% !important;}&#8221;]<\/p>\n<p style=\"text-align: center;\"><span style=\"font-size: 3em; line-height: 1.2em;\"><strong> Fun and flavorful recipe ideas<\/strong><br \/>\n<strong>with Organic Coconut Chunks<\/strong> <\/span><\/p>\n<p>[\/vc_column_text][\/vc_column][\/vc_row][vc_row css=&#8221;.vc_custom_1717759447599{margin-right: 0px !important;margin-left: 0px !important;background-color: #ffffff !important;}&#8221;][vc_column offset=&#8221;vc_hidden-lg vc_hidden-md vc_hidden-sm&#8221;][vc_column_text css=&#8221;.vc_custom_1718635993620{margin-top: 3% !important;margin-right: 5% !important;margin-left: 5% !important;}&#8221;]<\/p>\n<p style=\"text-align: center;\"><span style=\"font-size: 2.3em; line-height: 1.2em;\"><strong> Fun and flavorful<br \/>\nrecipe ideas with<br \/>\nOrganic Coconut Chunks<\/strong> <\/span><\/p>\n<p>[\/vc_column_text][\/vc_column][\/vc_row][vc_row css=&#8221;.vc_custom_1717756253549{background-color: #ffffff !important;}&#8221;][vc_column width=&#8221;1\/3&#8243; offset=&#8221;vc_hidden-lg vc_hidden-md vc_hidden-sm vc_hidden-xs&#8221;][vc_single_image image=&#8221;19367&#8243; img_size=&#8221;full&#8221; alignment=&#8221;center&#8221; css=&#8221;.vc_custom_1717756363101{padding-right: 5% !important;padding-left: 5% !important;}&#8221;][vc_column_text css=&#8221;&#8221;]<\/p>\n<p style=\"text-align: center;\"><span style=\"font-size: 1.8em; line-height: 1.2em;\"><strong>Homemade waffles<br \/>\nwith fresh organic<br \/>\ncoconut chunks<\/strong><\/span><\/p>\n<p>[\/vc_column_text][vc_btn title=&#8221;RECIPE&#8221; style=&#8221;custom&#8221; custom_background=&#8221;#d2e6de&#8221; custom_text=&#8221;#000000&#8243; align=&#8221;center&#8221; css=&#8221;&#8221; link=&#8221;url:https%3A%2F%2Fgenuinecoconut.com%2Fwaffle-recipe%2F&#8221;][\/vc_column][vc_column width=&#8221;1\/3&#8243; offset=&#8221;vc_hidden-lg vc_hidden-md vc_hidden-sm vc_hidden-xs&#8221;][vc_single_image image=&#8221;19372&#8243; img_size=&#8221;full&#8221; alignment=&#8221;center&#8221; css=&#8221;.vc_custom_1717683798550{padding-right: 5% !important;padding-left: 5% !important;}&#8221;][vc_column_text css=&#8221;&#8221;]<\/p>\n<p style=\"text-align: center;\"><span style=\"font-size: 1.8em; line-height: 1.2em;\"><strong> Banana split with \u201ccocolate&#8217;\u201d<br \/>\nsauce and vanilla-flavored<br \/>\norganic coconut chunks<\/strong><\/span><\/p>\n<p>[\/vc_column_text][vc_btn title=&#8221;RECIPE&#8221; style=&#8221;custom&#8221; custom_background=&#8221;#d2e6de&#8221; custom_text=&#8221;#000000&#8243; align=&#8221;center&#8221; css=&#8221;&#8221; link=&#8221;url:https%3A%2F%2Fgenuinecoconut.com%2Fbanana-split%2F|target:_blank&#8221;][\/vc_column][vc_column width=&#8221;1\/3&#8243; offset=&#8221;vc_hidden-lg vc_hidden-md vc_hidden-sm vc_hidden-xs&#8221;][vc_single_image image=&#8221;19377&#8243; img_size=&#8221;full&#8221; alignment=&#8221;center&#8221; css=&#8221;.vc_custom_1717683825253{padding-right: 5% !important;padding-left: 5% !important;}&#8221;][vc_column_text css=&#8221;&#8221;]<\/p>\n<p style=\"text-align: center;\"><span style=\"font-size: 1.8em; line-height: 1.2em;\"><strong> Fish Ceviche<br \/>\nwith organic<br \/>\ncoconut chunks<br \/>\n<\/strong><\/span><\/p>\n<p>[\/vc_column_text][vc_btn title=&#8221;RECIPE&#8221; style=&#8221;custom&#8221; custom_background=&#8221;#d2e6de&#8221; custom_text=&#8221;#000000&#8243; align=&#8221;center&#8221; css=&#8221;&#8221; link=&#8221;url:https%3A%2F%2Fgenuinecoconut.com%2Fceviche-recipe%2F&#8221;][\/vc_column][\/vc_row][vc_row css=&#8221;.vc_custom_1717756253549{background-color: #ffffff !important;}&#8221;][vc_column width=&#8221;1\/6&#8243;][\/vc_column][vc_column width=&#8221;1\/3&#8243;][vc_single_image image=&#8221;19367&#8243; img_size=&#8221;full&#8221; alignment=&#8221;center&#8221; css=&#8221;.vc_custom_1717756363101{padding-right: 5% !important;padding-left: 5% !important;}&#8221;][vc_column_text css=&#8221;&#8221;]<\/p>\n<p style=\"text-align: center;\"><span style=\"font-size: 1.8em; line-height: 1.2em;\"><strong>Homemade waffles<br \/>\nwith fresh organic<br \/>\ncoconut chunks<\/strong><\/span><\/p>\n<p>[\/vc_column_text][vc_btn title=&#8221;RECIPE&#8221; style=&#8221;custom&#8221; custom_background=&#8221;#d2e6de&#8221; custom_text=&#8221;#000000&#8243; align=&#8221;center&#8221; css=&#8221;&#8221; link=&#8221;url:https%3A%2F%2Fgenuinecoconut.com%2Fwaffle-recipe%2F&#8221;][vc_single_image image=&#8221;19372&#8243; img_size=&#8221;full&#8221; alignment=&#8221;center&#8221; css=&#8221;.vc_custom_1717683798550{padding-right: 5% !important;padding-left: 5% !important;}&#8221;][vc_column_text css=&#8221;&#8221;]<\/p>\n<p style=\"text-align: center;\"><span style=\"font-size: 1.8em; line-height: 1.2em;\"><strong> Banana split with \u201ccocolate&#8217;\u201d<br \/>\nsauce and vanilla-flavored<br \/>\norganic coconut chunks<\/strong><\/span><\/p>\n<p>[\/vc_column_text][vc_btn title=&#8221;RECIPE&#8221; style=&#8221;custom&#8221; custom_background=&#8221;#d2e6de&#8221; custom_text=&#8221;#000000&#8243; align=&#8221;center&#8221; css=&#8221;&#8221; link=&#8221;url:https%3A%2F%2Fgenuinecoconut.com%2Fen%2Fbanana-split%2F|target:_blank&#8221;][\/vc_column][vc_column width=&#8221;1\/3&#8243;][vc_single_image image=&#8221;19652&#8243; img_size=&#8221;full&#8221; alignment=&#8221;center&#8221; css=&#8221;.vc_custom_1718721614883{padding-right: 5% !important;padding-left: 5% !important;}&#8221;][vc_column_text css=&#8221;&#8221;]<\/p>\n<p style=\"text-align: center;\"><span style=\"font-size: 1.8em; line-height: 1.2em;\"><strong> Oatmeal with organic<br \/>\ncoconut chunks and<br \/>\nred berries<\/strong><\/span><\/p>\n<p>[\/vc_column_text][vc_btn title=&#8221;RECIPE&#8221; style=&#8221;custom&#8221; custom_background=&#8221;#d2e6de&#8221; custom_text=&#8221;#000000&#8243; align=&#8221;center&#8221; css=&#8221;&#8221; link=&#8221;url:https%3A%2F%2Fgenuinecoconut.com%2Fen%2Fbreakfast-recipe%2F|target:_blank&#8221;][vc_single_image image=&#8221;19377&#8243; img_size=&#8221;full&#8221; alignment=&#8221;center&#8221; css=&#8221;.vc_custom_1717683825253{padding-right: 5% !important;padding-left: 5% !important;}&#8221;][vc_column_text css=&#8221;&#8221;]<\/p>\n<p style=\"text-align: center;\"><span style=\"font-size: 1.8em; line-height: 1.2em;\"><strong> Fish Ceviche<br \/>\nwith organic<br \/>\ncoconut chunks<br \/>\n<\/strong><\/span><\/p>\n<p>[\/vc_column_text][vc_btn title=&#8221;RECIPE&#8221; style=&#8221;custom&#8221; custom_background=&#8221;#d2e6de&#8221; custom_text=&#8221;#000000&#8243; align=&#8221;center&#8221; css=&#8221;&#8221; link=&#8221;url:https%3A%2F%2Fgenuinecoconut.com%2Fceviche-recipe%2F&#8221;][\/vc_column][vc_column width=&#8221;1\/6&#8243;][\/vc_column][\/vc_row]<\/p>\n<\/div>","protected":false},"excerpt":{"rendered":"<p>[vc_row css=&#8221;.vc_custom_1717685065253{background: #ffffff url(https:\/\/genuinecoconut.com\/wp-content\/uploads\/2024\/06\/Portada-01.png?id=19383) !important;background-position: center !important;background-repeat: no-repeat !important;background-size: cover !important;}&#8221;][vc_column offset=&#8221;vc_hidden-xs&#8221; el_class=&#8221;titulo&#8221;][vc_column_text] &nbsp; &nbsp; &nbsp; &nbsp; &nbsp; &nbsp; &nbsp; &nbsp; &nbsp; [\/vc_column_text][\/vc_column][\/vc_row][vc_row css=&#8221;.vc_custom_1717758743557{background-image: url(https:\/\/genuinecoconut.com\/wp-content\/uploads\/2024\/06\/PORTADA-03.jpg?id=19426) !important;background-position: center !important;background-repeat: no-repeat !important;background-size: cover !important;}&#8221;][vc_column offset=&#8221;vc_hidden-lg vc_hidden-md vc_hidden-sm&#8221; el_class=&#8221;titulo&#8221;][vc_column_text] &nbsp; &nbsp; &nbsp; &nbsp; &nbsp; &nbsp; &nbsp; &nbsp; &nbsp; &nbsp; &nbsp; [\/vc_column_text][\/vc_column][\/vc_row][vc_row css=&#8221;.vc_custom_1709543536091{background-color: #ffffff !important;}&#8221;][vc_column offset=&#8221;vc_hidden-xs&#8221;][vc_column_text css=&#8221;.vc_custom_1718635739719{margin-top: 3% !important;}&#8221;] [&hellip;]<\/p>\n","protected":false},"author":2,"featured_media":0,"parent":0,"menu_order":0,"comment_status":"closed","ping_status":"closed","template":"page-full-width.php","meta":{"footnotes":""},"class_list":["post-13092","page","type-page","status-publish","hentry"],"yoast_head":"<!-- This site is optimized with the Yoast SEO plugin v27.4 - https:\/\/yoast.com\/product\/yoast-seo-wordpress\/ -->\n<title>Agua de coco verde 100% natural | Genuine Coconut<\/title>\n<meta name=\"description\" content=\"Agua de coco verde Genuine Coconut. Natural y saludable. Refrescante bebida isot\u00f3nica y ecol\u00f3gica. Compra coco verde entero de cultivo org\u00e1nico.\" \/>\n<meta name=\"robots\" content=\"index, follow, max-snippet:-1, max-image-preview:large, max-video-preview:-1\" \/>\n<link rel=\"canonical\" href=\"https:\/\/genuinecoconut.com\/en\/coconut_chunks_recipes\/\" \/>\n<meta property=\"og:locale\" content=\"en_US\" \/>\n<meta property=\"og:type\" content=\"article\" \/>\n<meta property=\"og:title\" content=\"Agua de coco verde 100% natural | Genuine Coconut\" \/>\n<meta property=\"og:description\" content=\"Agua de coco verde Genuine Coconut. Natural y saludable. Refrescante bebida isot\u00f3nica y ecol\u00f3gica. Compra coco verde entero de cultivo org\u00e1nico.\" \/>\n<meta property=\"og:url\" content=\"https:\/\/genuinecoconut.com\/en\/coconut_chunks_recipes\/\" \/>\n<meta property=\"og:site_name\" content=\"Genuine Coconut | Coconut Water\" \/>\n<meta property=\"article:publisher\" content=\"https:\/\/www.facebook.com\/GenuineCoconut\" \/>\n<meta property=\"article:modified_time\" content=\"2024-08-06T09:12:17+00:00\" \/>\n<meta property=\"og:image\" content=\"https:\/\/genuinecoconut.com\/wp-content\/uploads\/2018\/01\/origin-thailand-coconuts.jpg\" \/>\n\t<meta property=\"og:image:width\" content=\"1920\" \/>\n\t<meta property=\"og:image:height\" content=\"1080\" \/>\n\t<meta property=\"og:image:type\" content=\"image\/jpeg\" \/>\n<meta name=\"twitter:card\" content=\"summary_large_image\" \/>\n<meta name=\"twitter:site\" content=\"@GenuineCoconut\" \/>\n<meta name=\"twitter:label1\" content=\"Est. reading time\" \/>\n\t<meta name=\"twitter:data1\" content=\"2 minutes\" \/>\n<script type=\"application\/ld+json\" class=\"yoast-schema-graph\">{\"@context\":\"https:\\\/\\\/schema.org\",\"@graph\":[{\"@type\":\"WebPage\",\"@id\":\"https:\\\/\\\/genuinecoconut.com\\\/en\\\/coconut_chunks_recipes\\\/\",\"url\":\"https:\\\/\\\/genuinecoconut.com\\\/en\\\/coconut_chunks_recipes\\\/\",\"name\":\"Agua de coco verde 100% natural | Genuine Coconut\",\"isPartOf\":{\"@id\":\"https:\\\/\\\/genuinecoconut.com\\\/#website\"},\"datePublished\":\"2024-03-01T15:59:53+00:00\",\"dateModified\":\"2024-08-06T09:12:17+00:00\",\"description\":\"Agua de coco verde Genuine Coconut. Natural y saludable. Refrescante bebida isot\u00f3nica y ecol\u00f3gica. Compra coco verde entero de cultivo org\u00e1nico.\",\"breadcrumb\":{\"@id\":\"https:\\\/\\\/genuinecoconut.com\\\/en\\\/coconut_chunks_recipes\\\/#breadcrumb\"},\"inLanguage\":\"en-UK\",\"potentialAction\":[{\"@type\":\"ReadAction\",\"target\":[\"https:\\\/\\\/genuinecoconut.com\\\/en\\\/coconut_chunks_recipes\\\/\"]}]},{\"@type\":\"BreadcrumbList\",\"@id\":\"https:\\\/\\\/genuinecoconut.com\\\/en\\\/coconut_chunks_recipes\\\/#breadcrumb\",\"itemListElement\":[{\"@type\":\"ListItem\",\"position\":1,\"name\":\"Home\",\"item\":\"https:\\\/\\\/genuinecoconut.com\\\/en\\\/\"},{\"@type\":\"ListItem\",\"position\":2,\"name\":\"Recipe\"}]},{\"@type\":\"WebSite\",\"@id\":\"https:\\\/\\\/genuinecoconut.com\\\/#website\",\"url\":\"https:\\\/\\\/genuinecoconut.com\\\/\",\"name\":\"Genuine Coconut | Coconut Water\",\"description\":\"Agua de Coco natural, org\u00e1nico de Tailandia.\",\"publisher\":{\"@id\":\"https:\\\/\\\/genuinecoconut.com\\\/#organization\"},\"potentialAction\":[{\"@type\":\"SearchAction\",\"target\":{\"@type\":\"EntryPoint\",\"urlTemplate\":\"https:\\\/\\\/genuinecoconut.com\\\/?s={search_term_string}\"},\"query-input\":{\"@type\":\"PropertyValueSpecification\",\"valueRequired\":true,\"valueName\":\"search_term_string\"}}],\"inLanguage\":\"en-UK\"},{\"@type\":\"Organization\",\"@id\":\"https:\\\/\\\/genuinecoconut.com\\\/#organization\",\"name\":\"Genuine Coconut\",\"url\":\"https:\\\/\\\/genuinecoconut.com\\\/\",\"logo\":{\"@type\":\"ImageObject\",\"inLanguage\":\"en-UK\",\"@id\":\"https:\\\/\\\/genuinecoconut.com\\\/#\\\/schema\\\/logo\\\/image\\\/\",\"url\":\"https:\\\/\\\/genuinecoconut.com\\\/wp-content\\\/uploads\\\/2015\\\/07\\\/genuine-coconut-factura.jpg\",\"contentUrl\":\"https:\\\/\\\/genuinecoconut.com\\\/wp-content\\\/uploads\\\/2015\\\/07\\\/genuine-coconut-factura.jpg\",\"width\":575,\"height\":345,\"caption\":\"Genuine Coconut\"},\"image\":{\"@id\":\"https:\\\/\\\/genuinecoconut.com\\\/#\\\/schema\\\/logo\\\/image\\\/\"},\"sameAs\":[\"https:\\\/\\\/www.facebook.com\\\/GenuineCoconut\",\"https:\\\/\\\/x.com\\\/GenuineCoconut\",\"https:\\\/\\\/instagram.com\\\/genuinecoconut\\\/\",\"https:\\\/\\\/es.pinterest.com\\\/genuinecoconut\\\/\",\"https:\\\/\\\/youtube.com\\\/genuinecoconut\"]}]}<\/script>\n<!-- \/ Yoast SEO plugin. -->","yoast_head_json":{"title":"Agua de coco verde 100% natural | Genuine Coconut","description":"Agua de coco verde Genuine Coconut. Natural y saludable. Refrescante bebida isot\u00f3nica y ecol\u00f3gica. Compra coco verde entero de cultivo org\u00e1nico.","robots":{"index":"index","follow":"follow","max-snippet":"max-snippet:-1","max-image-preview":"max-image-preview:large","max-video-preview":"max-video-preview:-1"},"canonical":"https:\/\/genuinecoconut.com\/en\/coconut_chunks_recipes\/","og_locale":"en_US","og_type":"article","og_title":"Agua de coco verde 100% natural | Genuine Coconut","og_description":"Agua de coco verde Genuine Coconut. Natural y saludable. Refrescante bebida isot\u00f3nica y ecol\u00f3gica. Compra coco verde entero de cultivo org\u00e1nico.","og_url":"https:\/\/genuinecoconut.com\/en\/coconut_chunks_recipes\/","og_site_name":"Genuine Coconut | Coconut Water","article_publisher":"https:\/\/www.facebook.com\/GenuineCoconut","article_modified_time":"2024-08-06T09:12:17+00:00","og_image":[{"width":1920,"height":1080,"url":"https:\/\/genuinecoconut.com\/wp-content\/uploads\/2018\/01\/origin-thailand-coconuts.jpg","type":"image\/jpeg"}],"twitter_card":"summary_large_image","twitter_site":"@GenuineCoconut","twitter_misc":{"Est. reading time":"2 minutes"},"schema":{"@context":"https:\/\/schema.org","@graph":[{"@type":"WebPage","@id":"https:\/\/genuinecoconut.com\/en\/coconut_chunks_recipes\/","url":"https:\/\/genuinecoconut.com\/en\/coconut_chunks_recipes\/","name":"Agua de coco verde 100% natural | Genuine Coconut","isPartOf":{"@id":"https:\/\/genuinecoconut.com\/#website"},"datePublished":"2024-03-01T15:59:53+00:00","dateModified":"2024-08-06T09:12:17+00:00","description":"Agua de coco verde Genuine Coconut. Natural y saludable. Refrescante bebida isot\u00f3nica y ecol\u00f3gica. Compra coco verde entero de cultivo org\u00e1nico.","breadcrumb":{"@id":"https:\/\/genuinecoconut.com\/en\/coconut_chunks_recipes\/#breadcrumb"},"inLanguage":"en-UK","potentialAction":[{"@type":"ReadAction","target":["https:\/\/genuinecoconut.com\/en\/coconut_chunks_recipes\/"]}]},{"@type":"BreadcrumbList","@id":"https:\/\/genuinecoconut.com\/en\/coconut_chunks_recipes\/#breadcrumb","itemListElement":[{"@type":"ListItem","position":1,"name":"Home","item":"https:\/\/genuinecoconut.com\/en\/"},{"@type":"ListItem","position":2,"name":"Recipe"}]},{"@type":"WebSite","@id":"https:\/\/genuinecoconut.com\/#website","url":"https:\/\/genuinecoconut.com\/","name":"Genuine Coconut | Coconut Water","description":"Agua de Coco natural, org\u00e1nico de Tailandia.","publisher":{"@id":"https:\/\/genuinecoconut.com\/#organization"},"potentialAction":[{"@type":"SearchAction","target":{"@type":"EntryPoint","urlTemplate":"https:\/\/genuinecoconut.com\/?s={search_term_string}"},"query-input":{"@type":"PropertyValueSpecification","valueRequired":true,"valueName":"search_term_string"}}],"inLanguage":"en-UK"},{"@type":"Organization","@id":"https:\/\/genuinecoconut.com\/#organization","name":"Genuine Coconut","url":"https:\/\/genuinecoconut.com\/","logo":{"@type":"ImageObject","inLanguage":"en-UK","@id":"https:\/\/genuinecoconut.com\/#\/schema\/logo\/image\/","url":"https:\/\/genuinecoconut.com\/wp-content\/uploads\/2015\/07\/genuine-coconut-factura.jpg","contentUrl":"https:\/\/genuinecoconut.com\/wp-content\/uploads\/2015\/07\/genuine-coconut-factura.jpg","width":575,"height":345,"caption":"Genuine Coconut"},"image":{"@id":"https:\/\/genuinecoconut.com\/#\/schema\/logo\/image\/"},"sameAs":["https:\/\/www.facebook.com\/GenuineCoconut","https:\/\/x.com\/GenuineCoconut","https:\/\/instagram.com\/genuinecoconut\/","https:\/\/es.pinterest.com\/genuinecoconut\/","https:\/\/youtube.com\/genuinecoconut"]}]}},"_links":{"self":[{"href":"https:\/\/genuinecoconut.com\/en\/wp-json\/wp\/v2\/pages\/13092","targetHints":{"allow":["GET"]}}],"collection":[{"href":"https:\/\/genuinecoconut.com\/en\/wp-json\/wp\/v2\/pages"}],"about":[{"href":"https:\/\/genuinecoconut.com\/en\/wp-json\/wp\/v2\/types\/page"}],"author":[{"embeddable":true,"href":"https:\/\/genuinecoconut.com\/en\/wp-json\/wp\/v2\/users\/2"}],"replies":[{"embeddable":true,"href":"https:\/\/genuinecoconut.com\/en\/wp-json\/wp\/v2\/comments?post=13092"}],"version-history":[{"count":18,"href":"https:\/\/genuinecoconut.com\/en\/wp-json\/wp\/v2\/pages\/13092\/revisions"}],"predecessor-version":[{"id":19676,"href":"https:\/\/genuinecoconut.com\/en\/wp-json\/wp\/v2\/pages\/13092\/revisions\/19676"}],"wp:attachment":[{"href":"https:\/\/genuinecoconut.com\/en\/wp-json\/wp\/v2\/media?parent=13092"}],"curies":[{"name":"wp","href":"https:\/\/api.w.org\/{rel}","templated":true}]}}