{"id":2138,"date":"2015-07-31T12:38:10","date_gmt":"2015-07-31T10:38:10","guid":{"rendered":"https:\/\/genuinecoconut.com\/?page_id=2138"},"modified":"2024-05-21T09:31:50","modified_gmt":"2024-05-21T09:31:50","slug":"datenschutzpolitik-und-cookies","status":"publish","type":"page","link":"https:\/\/genuinecoconut.com\/de\/datenschutzpolitik-und-cookies\/","title":{"rendered":"Datenschutzpolitik und Cookies"},"content":{"rendered":"<h3><strong>DATENSCHUTZPOLITIK<\/strong><\/h3>\n<hr \/>\n<p>Wir teilen unseren Kunden und Anwendern mit, dass die beim Browsen, w\u00e4hrend der Nutzung unserer Serviceleistungen wie auch beim Ausf\u00fcllen der Einkaufs- oder Eintragungsformulare \u00fcbermittelten Daten in eine oder mehrere Dateien aufgenommen werden, die ordnungsgem\u00e4\u00df in der Spanischen Agentur f\u00fcr Datenschutz auf den Namen von WORLD\u2019S COCONUT TRADING S.L. eingetragen sind, und die zu folgenden Zwecken dienen: <em>(i)<\/em> Bearbeitung und Verwaltung der Gesch\u00e4ftsbeziehungen zu Kunden und Anwendern;<\/p>\n<p><em>(ii)<\/em> Ausf\u00fchrung der Kundendienst- und Garantieleistungen der get\u00e4tigten Eink\u00e4ufe und<\/p>\n<p><em>(iii)<\/em> Versand von Informationen in Verbindung mit den Produkten und Dienstleistungen auf allen Wegen, d. h. inkl. E-Mail oder gleichwertige elektronische Medien unter den in den g\u00fcltigen Vorschriften vorgesehenen Bestimmungen.<\/p>\n<p>Diese Einverst\u00e4ndniserkl\u00e4rung mit dem Erhalt vertrieblicher Mitteilungen kann jederzeit auf einfache Art, die in jeder E-Mail angegeben ist, oder anhand einer Mitteilung an <a href=\"http:\/\/info@genuinecoconut.com\">info@genuinecoconut.com <\/a>oder \u00fcber die Einstellung im Privatbereich, \u00fcber den angemeldete Anwender auf der Homepage verf\u00fcgen, widerrufen werden.<\/p>\n<p>W\u00e4hrend des Browsens erhalten wir Daten, die uns Auskunft \u00fcber die Nutzung und Vorlieben der Anwender bieten, was nach den Bestimmungen und Bedingungen, die ausdr\u00fccklich im Abschnitt \u00fcber Cookies vorgesehen sind, erfolgt. Davon werden Einige verwendet, die die Zusammenarbeit mit sozialen Netzwerken und anderen externen Plattformen direkt von der Homepage aus erm\u00f6glichen. Die Art der Zusammenarbeit mit dem Anwender und die w\u00e4hrend seines Browsens erhaltenen Informationen unterliegen der Datenschutzeinstellung des Anwenders selbst in jedem sozialen Netzwerk. D. h., dass diese Plattformen auch dann Auskunft \u00fcber sein Browsen erhalten k\u00f6nnen, wenn der Anwender ihre Dienstleistungen nicht nutzt. Der Anwender erlaubt auf alle F\u00e4lle ausdr\u00fccklich, dass wir seine Neigungen und Vorlieben verwenden k\u00f6nnen, um ihm Werbung oder Auskunft \u00fcber Events, die ihn evtl. interessieren k\u00f6nnen, innerhalb oder au\u00dferhalb der Plattform oder des sozialen Netzwerks zu senden.<\/p>\n<p>Er kann seine Anspr\u00fcche auf Zugriff, Korrektur, Stornierung oder Einwand aus\u00fcben, indem er eine Mitteilung \u00fcber sein Anliegen zusammen mit einer Kopie seines Personalausweises wie auch die Anschrift, an die wir uns wenden sollen, an unseren Gesellschaftssitz sendet.<\/p>\n<p>Die get\u00e4tigten Eink\u00e4ufe und die dazugeh\u00f6rigen Daten erfolgen mit SSL-Chiffrierung, sodass der Einkaufsvorgang komplett sicher abl\u00e4uft. Wir haben in keinem Fall Zugriff auf die Informationen in Verbindung mit den verwendeten Zahlungsmitteln und speichern diese auch nicht ab. Aus diesem Grund werden sie zur weiteren Sicherheit entsprechend der Sicherheitsvorschriften der nach Wahl der einzelnen Anwender gew\u00e4hlten Zahlungsplattformen bei jeder Bestellung angefordert.<\/p>\n<p>&nbsp;<\/p>\n<h3><strong>COOKIES-POLITIK<\/strong><\/h3>\n<hr \/>\n<p>Wir setzen auf unserer Homepage Cookies (kleine Textdateien, die der Server an den auf die Homepage zugreifenden Computer sendet) ein. Dabei handelt es sich um eine \u00fcbliche Vorgehensweise im Internet, um bestimmte Funktionen aus\u00fcben zu k\u00f6nnen, die f\u00fcr die ordnungsgem\u00e4\u00dfe Funktion und Anzeige der Homepage als unbedingt notwendig angesehen werden.<\/p>\n<h4>Hier die von uns verwendeten Cookies:<\/h4>\n<table class=\"cookies\" border=\"1\">\n<tbody>\n<tr class=\"cabecera\">\n<td><strong>Analyse-Cookies<\/strong><\/td>\n<td><strong>Lieferant <\/strong><\/td>\n<td><strong>Opt out<\/strong><\/td>\n<\/tr>\n<tr>\n<td>\n<table>\n<tbody>\n<tr>\n<td>&#8222;__utma&#8220;,<\/td>\n<\/tr>\n<tr>\n<td>&#8222;__utmb&#8220;,<\/td>\n<\/tr>\n<tr>\n<td>&#8222;__utmc&#8220;,<\/td>\n<\/tr>\n<tr>\n<td>&#8222;__utmt&#8220;,<\/td>\n<\/tr>\n<tr>\n<td>&#8222;__utmz&#8220;,<\/td>\n<\/tr>\n<\/tbody>\n<\/table>\n<\/td>\n<td>Google<\/td>\n<td><a href=\"https:\/\/support.google.com\/analytics\/answer\/181881?hl=en\" target=\"_blank\" rel=\"noopener\">hier<\/a><\/td>\n<\/tr>\n<tr class=\"cabecera\">\n<td><strong>Konfiguration<\/strong><\/td>\n<td><strong>Lieferant<\/strong><\/td>\n<td><strong>Opt out<\/strong><\/td>\n<\/tr>\n<tr>\n<td>\n<table class=\"cookies\">\n<tbody>\n<tr>\n<td>&#8222;_icl_visitor_lang_js&#8220;,<\/td>\n<\/tr>\n<tr>\n<td>&#8222;_icl_current_language&#8220;,<\/td>\n<\/tr>\n<tr>\n<td>&#8222;cookie_notice_accepted&#8220;,<\/td>\n<\/tr>\n<tr>\n<td>&#8222;woocommerce_recently_viewed&#8220;<\/td>\n<\/tr>\n<\/tbody>\n<\/table>\n<\/td>\n<td>Eigene<\/td>\n<td>Notwendige<\/td>\n<\/tr>\n<\/tbody>\n<\/table>\n<h4>Konfiguration der Cookies:<\/h4>\n<p>Alle Browser k\u00f6nnen mit dem gew\u00fcnschten Datenschutz hinsichtlich der Cookies konfiguriert werden. Wir stellen hier die Links zu den offiziellen Seiten der wichtigsten Browser zur Verf\u00fcgung, damit Sie sie konfigurieren und die Verwendung von Cookies zulassen k\u00f6nnen oder nicht.<\/p>\n<ol>\n<li>Bei Microsoft Internet Explorer unter Extras &gt; Internetoptionen &gt; Datenschutz &gt; Einstellungen.\n<p>Oder unter <a href=\"http:\/\/windows.microsoft.com\/es-es\/windows7\/how-to-manage-cookies-in-internet-explorer-9\" target=\"_blank\" rel=\"noopener\">link<\/a><\/li>\n<li>Bei Mozilla Firefox unter Extras &gt; Optionen &gt; Datenschutz &gt; Cookies.\n<p>Oder unter <a href=\"https:\/\/support.mozilla.org\/es\/kb\/habilitar-y-deshabilitar-cookies-que-los-sitios-we\" target=\"_blank\" rel=\"noopener\">link<\/a><\/li>\n<li>Bei Google Chrome unter Optionen &gt; Weitere Optionen &gt; Datenschutz.\n<p>Oder unter <a href=\"https:\/\/support.google.com\/chrome\/answer\/95647?hl=es\" target=\"_blank\" rel=\"noopener\">link<\/a><\/li>\n<li>Bei Opera unter der Option Sicherheit und Datenschutz.\n<p>Oder unter <a href=\"http:\/\/www.opera.com\/help\/tutorials\/security\/cookies\/\" target=\"_blank\" rel=\"noopener\">link<\/a><\/li>\n<\/ol>\n<p>&nbsp;<\/p>\n","protected":false},"excerpt":{"rendered":"<p>DATENSCHUTZPOLITIK Wir teilen unseren Kunden und Anwendern mit, dass die beim Browsen, w\u00e4hrend der Nutzung unserer Serviceleistungen wie auch beim Ausf\u00fcllen der Einkaufs- oder Eintragungsformulare \u00fcbermittelten Daten in eine oder mehrere Dateien aufgenommen werden, die ordnungsgem\u00e4\u00df in der Spanischen Agentur f\u00fcr Datenschutz auf den Namen von WORLD\u2019S COCONUT TRADING S.L. eingetragen sind, und die zu [&hellip;]<\/p>\n","protected":false},"author":2,"featured_media":0,"parent":0,"menu_order":0,"comment_status":"open","ping_status":"closed","template":"page-boxed.php","meta":{"footnotes":""},"class_list":["post-2138","page","type-page","status-publish","hentry"],"yoast_head":"<!-- This site is optimized with the Yoast SEO plugin v27.4 - https:\/\/yoast.com\/product\/yoast-seo-wordpress\/ -->\n<title>Datenschutzpolitik und Cookies | Biologisches Kokosnusswasser in seiner Originalverpackung<\/title>\n<meta name=\"robots\" content=\"index, follow, max-snippet:-1, max-image-preview:large, max-video-preview:-1\" \/>\n<link rel=\"canonical\" href=\"https:\/\/genuinecoconut.com\/privacy-policy\/\" \/>\n<meta property=\"og:locale\" content=\"de_DE\" \/>\n<meta property=\"og:type\" content=\"article\" \/>\n<meta property=\"og:title\" content=\"Datenschutzpolitik und Cookies | Biologisches Kokosnusswasser in seiner Originalverpackung\" \/>\n<meta property=\"og:description\" content=\"DATENSCHUTZPOLITIK Wir teilen unseren Kunden und Anwendern mit, dass die beim Browsen, w\u00e4hrend der Nutzung unserer Serviceleistungen wie auch beim Ausf\u00fcllen der Einkaufs- oder Eintragungsformulare \u00fcbermittelten Daten in eine oder mehrere Dateien aufgenommen werden, die ordnungsgem\u00e4\u00df in der Spanischen Agentur f\u00fcr Datenschutz auf den Namen von WORLD\u2019S COCONUT TRADING S.L. eingetragen sind, und die zu [&hellip;]\" \/>\n<meta property=\"og:url\" content=\"https:\/\/genuinecoconut.com\/privacy-policy\/\" \/>\n<meta property=\"og:site_name\" content=\"Genuine Coconut | Coconut Water\" \/>\n<meta property=\"article:publisher\" content=\"https:\/\/www.facebook.com\/GenuineCoconut\" \/>\n<meta property=\"article:modified_time\" content=\"2024-05-21T09:31:50+00:00\" \/>\n<meta property=\"og:image\" content=\"https:\/\/genuinecoconut.com\/wp-content\/uploads\/2018\/01\/origin-thailand-coconuts.jpg\" \/>\n\t<meta property=\"og:image:width\" content=\"1920\" \/>\n\t<meta property=\"og:image:height\" content=\"1080\" \/>\n\t<meta property=\"og:image:type\" content=\"image\/jpeg\" \/>\n<meta name=\"twitter:card\" content=\"summary_large_image\" \/>\n<meta name=\"twitter:site\" content=\"@GenuineCoconut\" \/>\n<meta name=\"twitter:label1\" content=\"Gesch\u00e4tzte Lesezeit\" \/>\n\t<meta name=\"twitter:data1\" content=\"3\u00a0Minuten\" \/>\n<script type=\"application\/ld+json\" class=\"yoast-schema-graph\">{\"@context\":\"https:\\\/\\\/schema.org\",\"@graph\":[{\"@type\":\"WebPage\",\"@id\":\"https:\\\/\\\/genuinecoconut.com\\\/privacy-policy\\\/\",\"url\":\"https:\\\/\\\/genuinecoconut.com\\\/privacy-policy\\\/\",\"name\":\"Datenschutzpolitik und Cookies | Biologisches Kokosnusswasser in seiner Originalverpackung\",\"isPartOf\":{\"@id\":\"https:\\\/\\\/genuinecoconut.com\\\/#website\"},\"datePublished\":\"2015-07-31T10:38:10+00:00\",\"dateModified\":\"2024-05-21T09:31:50+00:00\",\"breadcrumb\":{\"@id\":\"https:\\\/\\\/genuinecoconut.com\\\/privacy-policy\\\/#breadcrumb\"},\"inLanguage\":\"de\",\"potentialAction\":[{\"@type\":\"ReadAction\",\"target\":[\"https:\\\/\\\/genuinecoconut.com\\\/privacy-policy\\\/\"]}]},{\"@type\":\"BreadcrumbList\",\"@id\":\"https:\\\/\\\/genuinecoconut.com\\\/privacy-policy\\\/#breadcrumb\",\"itemListElement\":[{\"@type\":\"ListItem\",\"position\":1,\"name\":\"Home\",\"item\":\"https:\\\/\\\/genuinecoconut.com\\\/\"},{\"@type\":\"ListItem\",\"position\":2,\"name\":\"Datenschutzpolitik und Cookies\"}]},{\"@type\":\"WebSite\",\"@id\":\"https:\\\/\\\/genuinecoconut.com\\\/#website\",\"url\":\"https:\\\/\\\/genuinecoconut.com\\\/\",\"name\":\"Genuine Coconut | Coconut Water\",\"description\":\"Agua de Coco natural, org\u00e1nico de Tailandia.\",\"publisher\":{\"@id\":\"https:\\\/\\\/genuinecoconut.com\\\/#organization\"},\"potentialAction\":[{\"@type\":\"SearchAction\",\"target\":{\"@type\":\"EntryPoint\",\"urlTemplate\":\"https:\\\/\\\/genuinecoconut.com\\\/?s={search_term_string}\"},\"query-input\":{\"@type\":\"PropertyValueSpecification\",\"valueRequired\":true,\"valueName\":\"search_term_string\"}}],\"inLanguage\":\"de\"},{\"@type\":\"Organization\",\"@id\":\"https:\\\/\\\/genuinecoconut.com\\\/#organization\",\"name\":\"Genuine Coconut\",\"url\":\"https:\\\/\\\/genuinecoconut.com\\\/\",\"logo\":{\"@type\":\"ImageObject\",\"inLanguage\":\"de\",\"@id\":\"https:\\\/\\\/genuinecoconut.com\\\/#\\\/schema\\\/logo\\\/image\\\/\",\"url\":\"https:\\\/\\\/genuinecoconut.com\\\/wp-content\\\/uploads\\\/2015\\\/07\\\/genuine-coconut-factura.jpg\",\"contentUrl\":\"https:\\\/\\\/genuinecoconut.com\\\/wp-content\\\/uploads\\\/2015\\\/07\\\/genuine-coconut-factura.jpg\",\"width\":575,\"height\":345,\"caption\":\"Genuine Coconut\"},\"image\":{\"@id\":\"https:\\\/\\\/genuinecoconut.com\\\/#\\\/schema\\\/logo\\\/image\\\/\"},\"sameAs\":[\"https:\\\/\\\/www.facebook.com\\\/GenuineCoconut\",\"https:\\\/\\\/x.com\\\/GenuineCoconut\",\"https:\\\/\\\/instagram.com\\\/genuinecoconut\\\/\",\"https:\\\/\\\/es.pinterest.com\\\/genuinecoconut\\\/\",\"https:\\\/\\\/youtube.com\\\/genuinecoconut\"]}]}<\/script>\n<!-- \/ Yoast SEO plugin. -->","yoast_head_json":{"title":"Datenschutzpolitik und Cookies | Biologisches Kokosnusswasser in seiner Originalverpackung","robots":{"index":"index","follow":"follow","max-snippet":"max-snippet:-1","max-image-preview":"max-image-preview:large","max-video-preview":"max-video-preview:-1"},"canonical":"https:\/\/genuinecoconut.com\/privacy-policy\/","og_locale":"de_DE","og_type":"article","og_title":"Datenschutzpolitik und Cookies | Biologisches Kokosnusswasser in seiner Originalverpackung","og_description":"DATENSCHUTZPOLITIK Wir teilen unseren Kunden und Anwendern mit, dass die beim Browsen, w\u00e4hrend der Nutzung unserer Serviceleistungen wie auch beim Ausf\u00fcllen der Einkaufs- oder Eintragungsformulare \u00fcbermittelten Daten in eine oder mehrere Dateien aufgenommen werden, die ordnungsgem\u00e4\u00df in der Spanischen Agentur f\u00fcr Datenschutz auf den Namen von WORLD\u2019S COCONUT TRADING S.L. eingetragen sind, und die zu [&hellip;]","og_url":"https:\/\/genuinecoconut.com\/privacy-policy\/","og_site_name":"Genuine Coconut | Coconut Water","article_publisher":"https:\/\/www.facebook.com\/GenuineCoconut","article_modified_time":"2024-05-21T09:31:50+00:00","og_image":[{"width":1920,"height":1080,"url":"https:\/\/genuinecoconut.com\/wp-content\/uploads\/2018\/01\/origin-thailand-coconuts.jpg","type":"image\/jpeg"}],"twitter_card":"summary_large_image","twitter_site":"@GenuineCoconut","twitter_misc":{"Gesch\u00e4tzte Lesezeit":"3\u00a0Minuten"},"schema":{"@context":"https:\/\/schema.org","@graph":[{"@type":"WebPage","@id":"https:\/\/genuinecoconut.com\/privacy-policy\/","url":"https:\/\/genuinecoconut.com\/privacy-policy\/","name":"Datenschutzpolitik und Cookies | Biologisches Kokosnusswasser in seiner Originalverpackung","isPartOf":{"@id":"https:\/\/genuinecoconut.com\/#website"},"datePublished":"2015-07-31T10:38:10+00:00","dateModified":"2024-05-21T09:31:50+00:00","breadcrumb":{"@id":"https:\/\/genuinecoconut.com\/privacy-policy\/#breadcrumb"},"inLanguage":"de","potentialAction":[{"@type":"ReadAction","target":["https:\/\/genuinecoconut.com\/privacy-policy\/"]}]},{"@type":"BreadcrumbList","@id":"https:\/\/genuinecoconut.com\/privacy-policy\/#breadcrumb","itemListElement":[{"@type":"ListItem","position":1,"name":"Home","item":"https:\/\/genuinecoconut.com\/"},{"@type":"ListItem","position":2,"name":"Datenschutzpolitik und Cookies"}]},{"@type":"WebSite","@id":"https:\/\/genuinecoconut.com\/#website","url":"https:\/\/genuinecoconut.com\/","name":"Genuine Coconut | Coconut Water","description":"Agua de Coco natural, org\u00e1nico de Tailandia.","publisher":{"@id":"https:\/\/genuinecoconut.com\/#organization"},"potentialAction":[{"@type":"SearchAction","target":{"@type":"EntryPoint","urlTemplate":"https:\/\/genuinecoconut.com\/?s={search_term_string}"},"query-input":{"@type":"PropertyValueSpecification","valueRequired":true,"valueName":"search_term_string"}}],"inLanguage":"de"},{"@type":"Organization","@id":"https:\/\/genuinecoconut.com\/#organization","name":"Genuine Coconut","url":"https:\/\/genuinecoconut.com\/","logo":{"@type":"ImageObject","inLanguage":"de","@id":"https:\/\/genuinecoconut.com\/#\/schema\/logo\/image\/","url":"https:\/\/genuinecoconut.com\/wp-content\/uploads\/2015\/07\/genuine-coconut-factura.jpg","contentUrl":"https:\/\/genuinecoconut.com\/wp-content\/uploads\/2015\/07\/genuine-coconut-factura.jpg","width":575,"height":345,"caption":"Genuine Coconut"},"image":{"@id":"https:\/\/genuinecoconut.com\/#\/schema\/logo\/image\/"},"sameAs":["https:\/\/www.facebook.com\/GenuineCoconut","https:\/\/x.com\/GenuineCoconut","https:\/\/instagram.com\/genuinecoconut\/","https:\/\/es.pinterest.com\/genuinecoconut\/","https:\/\/youtube.com\/genuinecoconut"]}]}},"_links":{"self":[{"href":"https:\/\/genuinecoconut.com\/de\/wp-json\/wp\/v2\/pages\/2138","targetHints":{"allow":["GET"]}}],"collection":[{"href":"https:\/\/genuinecoconut.com\/de\/wp-json\/wp\/v2\/pages"}],"about":[{"href":"https:\/\/genuinecoconut.com\/de\/wp-json\/wp\/v2\/types\/page"}],"author":[{"embeddable":true,"href":"https:\/\/genuinecoconut.com\/de\/wp-json\/wp\/v2\/users\/2"}],"replies":[{"embeddable":true,"href":"https:\/\/genuinecoconut.com\/de\/wp-json\/wp\/v2\/comments?post=2138"}],"version-history":[{"count":1,"href":"https:\/\/genuinecoconut.com\/de\/wp-json\/wp\/v2\/pages\/2138\/revisions"}],"predecessor-version":[{"id":19033,"href":"https:\/\/genuinecoconut.com\/de\/wp-json\/wp\/v2\/pages\/2138\/revisions\/19033"}],"wp:attachment":[{"href":"https:\/\/genuinecoconut.com\/de\/wp-json\/wp\/v2\/media?parent=2138"}],"curies":[{"name":"wp","href":"https:\/\/api.w.org\/{rel}","templated":true}]}}