{"id":2134,"date":"2015-07-31T12:22:32","date_gmt":"2015-07-31T10:22:32","guid":{"rendered":"https:\/\/genuinecoconut.com\/?page_id=2134"},"modified":"2024-05-21T09:31:49","modified_gmt":"2024-05-21T09:31:49","slug":"rechtsvermerk","status":"publish","type":"page","link":"https:\/\/genuinecoconut.com\/de\/rechtsvermerk\/","title":{"rendered":"Rechtsvermerk"},"content":{"rendered":"<h4><\/h4>\n<h4>Diese Homepage wurde von WORLD\u2019S COCONUT TRADING, S.L. (im Folgenden &#8222;WORLD\u2019S COCONUT TRADING, S.L&#8220; oder die &#8222;Gesellschaft&#8220;) zu INFORMATIONSZWECKEN wie auch zur PERS\u00d6NLICHEN UND KOSTENLOSEN NUTZUNG erstellt. Der vorliegende RECHTSVERMERK regelt die Nutzung des Internetportals <a href=\"http:\/\/www.genuinecoconut.com\/de\">genuinecoconut.com\/de<\/a>. Er enth\u00e4lt auch die Nutzungsvorschriften zum Schutz ihrer Anwender und um die Rechte der WORLD\u2019S COCONUT TRADING, S.L. gegen\u00fcber evtl. Verletzungen sch\u00fctzen.\/h4&gt;<\/h4>\n<hr \/>\n<p>Angaben zur Identifizierung: Gesellschaft mit Sitz in Zaragoza, C\/ COLONIA SAN LAMBERTO 25, 50011 y CIF B-99410128, E-Mail-Adresse <a href=\"mailto:info@genuinecoconut.com\">info@genuinecoconut.com<\/a>, Telefon +34 976.619.263. Im Handelsregister von Zaragoza im Band 4045, Buch 0, Blatt 40 und Seite Z-56715 in 1. Eintragung eingetragen.<\/p>\n<p>Alle Inhalte der <a href=\"https:\/\/genuinecoconut.com\/de\">genuinecoconut.com\/de<\/a> Homepage wie Texte, Grafiken, Fotos, Logos, Icons, Bilder sowie das grafische Design, Quellcode und Software sind exklusives Eigentum der WORLD\u2019S COCONUT TRADING, S.L. oder Dritter, deren diesbez\u00fcgliche Rechte gesetzm\u00e4\u00dfig von WORLD\u2019S COCONUT TRADING, S.L. gehalten werden und somit von der nationalen und internationalen Gesetzgebung gesch\u00fctzt sind.<\/p>\n<p>Die Nutzung zu Werbezwecken aller Teile, die Gegenstand des geistigen und gewerblichen Eigentums sind, wie auch deren Vertrieb, \u00c4nderungen oder Dekompilieren, sind streng verboten.<\/p>\n<p>WORLD\u2019S COCONUT TRADING S.L. stehen die exklusive Aus\u00fcbung der Nutzungsrechte des besagten geistigen Eigentums in allen Formen wie auch insbesondere die Anspr\u00fcche auf Wiedergabe, Vertrieb, \u00f6ffentliche Mitteilung und Ver\u00e4nderung zu.<\/p>\n<p>Die Internetanwender, die auf diese Homepage zugreifen, sind ausdr\u00fccklich dazu berechtigt, alle Informationen anzuzeigen, die darauf enthalten sind, wie auch diese &#8222;herunterzuladen&#8220; oder sie privat auf ihren eigenen IT-Systemen wiederzugeben. Das gilt vorausgesetzt der Tatsache, dass die wiedergegebenen Teile ausschlie\u00dflich f\u00fcr die pers\u00f6nliche Nutzung des Anwenders bestimmt sind und sp\u00e4ter nicht Dritten abgegeben oder \u00fcbertragen oder auf einem Server installiert werden, der direkt oder indirekt an das Internet oder an ein lokales Netzwerk angeschlossen ist und auf diese Weise der Zugriff auf die besagten Informationen, die Eigentum der WORLD\u2019S COCONUT TRADING S.L. sind, durch diese Dritten anhand von Mitteln m\u00f6glich ist, die nicht die der Homepage selbst sind. In diesem Sinne sind die Internetanwender nicht berechtigt, die auf der Homepage enthaltenen Informationen zu vertreiben, zu \u00e4ndern, abzutreten oder \u00f6ffentlich (in Texten oder Bildern) mitzuteilen. Dazu geh\u00f6rt auch ihr Versand \u00fcber E-Mail oder ihr Vertrieb in allen Arten und zu allen Zwecken an eine Vielzahl von Anwendern.<\/p>\n<p>Alle Verletzungen der im obigen Abschnitt enthaltenen Verbote und Einschr\u00e4nkungen gelten als Verletzung der geistigen Eigentumsrechte der WORLD\u2019S COCONUT TRADING S.L. und f\u00fchren zu den rechtlich zu diesem Zweck festgelegten Haftungen. Sie k\u00f6nnen von der Letztgenannten anhand Aus\u00fcbung der jeweils angemessenen Verwaltungs-, zivil- und strafrechtlichen Klagen verfolgt werden.<\/p>\n<p>Die Anwender der Homepage haften vollst\u00e4ndig f\u00fcr ihr Verhalten beim Zugriff auf die Homepage-Information w\u00e4hrend des Surfens, wie auch nach dem Zugriff.<\/p>\n<p>Somit haften die Anwender der WORLD\u2019S COCONUT TRADING S.L. geh\u00f6renden Homepage uns und Dritten gegen\u00fcber als Einzige f\u00fcr die:<\/p>\n<ul>\n<li>Folgen, die sich aus einer Nutzung eines beliebigen Inhalts dieser Homepage zu unerlaubten Zwecken oder Zwecken, die diesem Dokument widersprechen, ergeben, wie auch f\u00fcr die\n<li>Konsequenzen, die sich aus einer Verwendung ableiten, die sich gegen den Inhalt dieses Dokuments wendet und Interessen oder Rechte Dritter verletzt, indem sie die Homepage und die darauf angebotenen Serviceleistungen besch\u00e4digt oder verschlechtert.\n<\/ul>\n<p>Gleicherma\u00dfen ist WORLD\u2019S COCONUT TRADING S.L. Inhaber der gewerblichen Eigentumsrechte bez\u00fcglich seiner Produkte und Serviceleistungen und speziell jener, die sich auf die besagten registrierten Marken auf der Homepage und konkret auf jene beziehen, die im Kanal der Marken und Produkte erw\u00e4hnt werden.<\/p>\n<p>Der Zugriff der Internetanwender auf diese Homepage verleiht ihnen keinesfalls den Anspruch darf, diese gewerblichen Eigentumsrechte zu verwenden oder zu nutzen. Alle Verletzungen oder Sch\u00e4den, die in diesem Sinn entstehen, f\u00fchren zu den rechtlich festgelegten Haftungen und k\u00f6nnen von WORLD\u2019S COCONUT TRADING S.L. anhand Aus\u00fcbung der jeweils angemessenen Verwaltungs-, zivil- und strafrechtlichen Klagen verfolgt werden.<\/p>\n<p>WORLD\u2019S COCONUT TRADING S.L. garantiert nicht die Fehlerfreiheit beim Zugriff auf ihre Homepage, wie auch nicht bez\u00fcglich ihres Inhalts. Weiterhin wird nicht garantiert, dass dieser aktualisiert ist. Sie wird jedoch ganz besonders darum bem\u00fcht sein, die evtl. vorhandenen Fehler zu vermeiden, sie zu korrigieren oder den besagten Inhalt bei Bedarf zu aktualisieren.<\/p>\n<p>WORLD\u2019S COCONUT TRADING, S.L. \u00fcbernimmt keine Garantie und keine Haftung f\u00fcr die durch den Zugriff auf Serviceleistungen Dritter anhand von Anschl\u00fcssen oder Links auf verlinkte Seiten erlittenen Sch\u00e4den, wie auch nicht f\u00fcr deren Wahrhaftigkeit oder Zuverl\u00e4ssigkeit. Die Aufgabe der Links, die auf http:\/\/www.genuinecoconut.com erscheinen, besteht ausschlie\u00dflich darin, den Anwender \u00fcber das Vorhandensein anderer Informationsquellen im Internet zu informieren, wo er die von der Homepage angebotenen Serviceleistungen vertiefen kann. Diese Einrichtung haftet auf keinen Fall f\u00fcr die anhand der besagten Links erhaltenen Ergebnisse wie auch nicht f\u00fcr die Konsequenzen, die sich f\u00fcr den Anwender durch den Zugriff darauf ableiten.<\/p>\n<p>Diese Serviceleistungen Dritter werden diesen Dritten zur Verf\u00fcgung gestellt, sodass die Einrichtung die Zul\u00e4ssigkeit ihrer Serviceleistungen oder deren Qualit\u00e4t nicht kontrollieren kann. Aus diesem Grund empfehlen wir unsererseits, dass der Anwender die Vorsichtsma\u00dfnahmen beim Zugriff auf diese Art Links versch\u00e4rfen soll.<\/p>\n<p>F\u00fcr die Nutzung unserer Homepage ist die Verwendung von Cookies, d. h. kleinen Datendateien, notwendig. Cookies werden zum Zweck der Verbesserung der von dieser Einrichtung angebotenen Dienstleistung eingesetzt, speichern aber keinerlei pers\u00f6nliche Ausk\u00fcnfte \u00fcber die Anwender, da diese Information anonym ist.<\/p>\n<p>Der Anwender kann seinen Browser auf Wunsch derart konfigurieren, dass er \u00fcber den Erhalt von Cookies informiert wird und deren Installation auf der Festplatte seines Computers verhindern kann. Es wird empfohlen, die Anweisungen des vom Kunden verwendeten Browser zu lesen, um diese Informationen zu vertiefen.<\/p>\n<p>WORLD\u2019S COCONUT TRADING S.L. haftet nicht f\u00fcr Sch\u00e4den, die am IT-System der Anwender aus irgendeinem Grund verursacht werden k\u00f6nnen. Dazu geh\u00f6ren auch &#8211; ohne darauf begrenzt zu sein &#8211; jene Sch\u00e4den, die dem Internetanwender als Folge des Vorhandenseins von Viren im Netz verursacht werden k\u00f6nnen. WORLD\u2019S COCONUT TRADING S.L. haftet auch nicht f\u00fcr Unterbrechungen, Fehler oder Ausf\u00e4lle der im System aufgrund einer Fehlfunktion des Netzwerks oder der daran angeschlossenen Server entstehen.<\/p>\n<p>WORLD\u2019S COCONUT TRADING S.L. beh\u00e4lt sich den Anspruch vor, die Inhalte der Homepage nach Bedarf zu aktualisieren, wie auch, sie zu entfernen oder den Zugriff darauf vor\u00fcbergehend oder endg\u00fcltig zu verweigern sowie den Anwendern, die den Inhalt in diesem Dokument auf irgendeine Weise verletzen, den Zugriff darauf zu verweigern.<\/p>\n<p>Die auf der Homepage, die dieser Einrichtung geh\u00f6rt, enthaltenen Informationen m\u00fcssen in ihrem Zweck wie auch in ihren Wirkungen als Orientierungshilfe f\u00fcr ihre Anwender angesehen werden. Somit ist die Richtigkeit der auf dieser Homepage enthaltenen Informationen nicht gew\u00e4hrleistet und evtl. Sch\u00e4den oder Unannehmlichkeiten f\u00fcr die Anwender, die sich aus der besagten Unrichtigkeit ableiten k\u00f6nnten, werden nicht \u00fcbernommen.<\/p>\n<p>&nbsp;<\/p>\n<h3>\u00a0<strong>ALLGEMEINE NUTZUNGSBEDINGUNGEN<\/strong><\/h3>\n<hr \/>\n<p>WORLD\u2019S COCONUT TRADING S.L. teilt mit, dass Zugriff und Nutzung dieser Homepage www.genuinecoconut.com wie auch alle Unter-Domains und Verzeichnisse, die evtl. darin enthalten sind (die im Folgenden zusammen als Portal bezeichnet werden) sowie alle Serviceleistungen, die \u00fcber dieses Domain evtl. angeboten werden, den Bestimmungen unterliegen, die in diesem Rechtsvermerk enthalten sind &#8211; unbeschadet der Tatsache, dass der Zugriff auf eine dieser Serviceleistungen evtl. die Einverst\u00e4ndniserkl\u00e4rung mit zus\u00e4tzlichen allgemeinen Bedingungen erfordern k\u00f6nnte.<\/p>\n<p>Alle Nutzungen dieses Portals oder der darin enthaltenen Serviceleistungen beinhalten die Annahme der in diesem Text enthaltenen Bestimmungen.<\/p>\n<p>WORLD\u2019S COCONUT TRADING, S.L. beh\u00e4lt sich den Anspruch vor, die Pr\u00e4sentation und Konfiguration dieser Homepage wie auch diese allgemeinen Bedingungen jederzeit \u00e4ndern zu k\u00f6nnen. Aus diesem Grund wird den Anwendern empfohlen, sie bei jedem Zugriff auf die Homepage aufmerksam zu lesen. Diese Allgemeinen Bedingungen werden sich immer an einem sichtbaren und f\u00fcr die Anwender leicht zug\u00e4nglichen Platz befinden, damit sie sie beliebig oft lesen k\u00f6nnen.<\/p>\n<p>Der Anwender, der gegen das Image, den Namen oder den guten Ruf der WORLD\u2019S COCONUT TRADING S.L. handelt, wie auch die Designs, Logos oder Inhalte des Portals unerlaubt oder betr\u00fcgerisch einsetzt, haftet der Gesellschaft gegen\u00fcber f\u00fcr sein Vorgehen.<\/p>\n<p>Der Zweck des Portals besteht darin, \u00fcber die Aktivit\u00e4ten, die WORLD\u2019S COCONUT TRADING S.L. ausf\u00fchrt und die Produkte und Serviceleistungen, die sie leistet, zu informieren. Somit dient die darauf enthaltene Information, ausgenommen im Fall gegenteiliger Anweisungen, nur diesen Informationszwecken.<\/p>\n<p>Sollte eine der Klauseln dieser Nutzungs- und Verkaufsbedingungen oder der Datenschutzpolitik als nichtig erkl\u00e4rt werden, bleiben die restlichen Klauseln in Kraft und m\u00fcssen unter Ber\u00fccksichtigung des Willens der Parteien und dem eigentlichen Zweck dieser Klauseln ausgelegt werden.<\/p>\n<p>&nbsp;<\/p>\n<h3><strong>DATENSCHUTZ<\/strong><\/h3>\n<hr \/>\n<p>WORLD\u2019S COCONUT TRADING S.L. erf\u00fcllt das Verfassungsgesetz 15\/1999 \u00fcber den Datenschutz pers\u00f6nlicher Daten (im Folgenden &#8222;LOPD&#8220;), wie auch alle weiteren g\u00fcltigen Vorschriften in diesem Sinne sowie insbesondere den K\u00f6niglichen Erlass 1720\/2007 vom 21. Dezember, mit dem die Regelung zur Ausf\u00fchrung des Verfassungsgesetzes \u00fcber den Datenschutz verabschiedet wird. In ihrer Datenschutzpolitik der pers\u00f6nlichen Daten ist haupts\u00e4chlich die Verwendung der pers\u00f6nlichen Daten seitens der Gesellschaft beschrieben. Au\u00dferdem wird der Anwender eingehend \u00fcber die wesentlichen Umst\u00e4nde dieser Nutzung und die Sicherheitsma\u00dfnahmen informiert, die f\u00fcr seine pers\u00f6nlichen Daten angewendet werden, um zu vermeiden, dass unerlaubte Dritte darauf zugreifen k\u00f6nnen.<\/p>\n<p>&nbsp;<\/p>\n<h3><strong>ANWENDBARES RECHT UND RECHTSPRECHUNG<\/strong><\/h3>\n<hr \/>\n<p>Im Streitfall oder bei Streitigkeiten \u00fcber die Auslegung der Bestimmungen, die diesen Rechtsvermerk bilden, wie auch bei allen Angelegenheiten in Verbindung mit den Serviceleistungen dieses Portals gilt spanisches Recht.<\/p>\n<p>Zur L\u00f6sung aller Streitigkeiten, die aufgrund des Besuchs des Portals oder der Nutzung der evtl. darauf angebotenen Serviceleistungen entstehen k\u00f6nnen, vereinbaren WORLD\u2019S COCONUT TRADING S.L. und der Anwender ausdr\u00fccklich, sich den Richtern und Gerichten des Gesellschaftssitzes der WORLD\u2019S COCONUT TRADING S.L. in Zaragoza zu unterstellen.<\/p>\n<p>Die Nutzung dieses Portals verleiht die Eigenschaft als Anwender und bedeutet die vollst\u00e4ndige und unbedingte Annahme aller einzelnen in diesem Rechtsvermerk enthaltenen Verordnungen.<\/p>\n<p>&nbsp;<\/p>\n<p>&nbsp;<\/p>\n","protected":false},"excerpt":{"rendered":"<p>Diese Homepage wurde von WORLD\u2019S COCONUT TRADING, S.L. (im Folgenden &#8222;WORLD\u2019S COCONUT TRADING, S.L&#8220; oder die &#8222;Gesellschaft&#8220;) zu INFORMATIONSZWECKEN wie auch zur PERS\u00d6NLICHEN UND KOSTENLOSEN NUTZUNG erstellt. Der vorliegende RECHTSVERMERK regelt die Nutzung des Internetportals genuinecoconut.com\/de. Er enth\u00e4lt auch die Nutzungsvorschriften zum Schutz ihrer Anwender und um die Rechte der WORLD\u2019S COCONUT TRADING, S.L. gegen\u00fcber [&hellip;]<\/p>\n","protected":false},"author":2,"featured_media":0,"parent":0,"menu_order":0,"comment_status":"closed","ping_status":"closed","template":"page-boxed.php","meta":{"footnotes":""},"class_list":["post-2134","page","type-page","status-publish","hentry"],"yoast_head":"<!-- This site is optimized with the Yoast SEO plugin v27.4 - https:\/\/yoast.com\/product\/yoast-seo-wordpress\/ -->\n<title>Rechtsvermerk | Biologisches Kokosnusswasser in seiner Originalverpackung<\/title>\n<meta name=\"robots\" content=\"index, follow, max-snippet:-1, max-image-preview:large, max-video-preview:-1\" \/>\n<link rel=\"canonical\" href=\"https:\/\/genuinecoconut.com\/legal-notice\/\" \/>\n<meta property=\"og:locale\" content=\"de_DE\" \/>\n<meta property=\"og:type\" content=\"article\" \/>\n<meta property=\"og:title\" content=\"Rechtsvermerk | Biologisches Kokosnusswasser in seiner Originalverpackung\" \/>\n<meta property=\"og:description\" content=\"Diese Homepage wurde von WORLD\u2019S COCONUT TRADING, S.L. (im Folgenden &#8222;WORLD\u2019S COCONUT TRADING, S.L&#8220; oder die &#8222;Gesellschaft&#8220;) zu INFORMATIONSZWECKEN wie auch zur PERS\u00d6NLICHEN UND KOSTENLOSEN NUTZUNG erstellt. Der vorliegende RECHTSVERMERK regelt die Nutzung des Internetportals genuinecoconut.com\/de. Er enth\u00e4lt auch die Nutzungsvorschriften zum Schutz ihrer Anwender und um die Rechte der WORLD\u2019S COCONUT TRADING, S.L. gegen\u00fcber [&hellip;]\" \/>\n<meta property=\"og:url\" content=\"https:\/\/genuinecoconut.com\/legal-notice\/\" \/>\n<meta property=\"og:site_name\" content=\"Genuine Coconut | Coconut Water\" \/>\n<meta property=\"article:publisher\" content=\"https:\/\/www.facebook.com\/GenuineCoconut\" \/>\n<meta property=\"article:modified_time\" content=\"2024-05-21T09:31:49+00:00\" \/>\n<meta property=\"og:image\" content=\"https:\/\/genuinecoconut.com\/wp-content\/uploads\/2018\/01\/origin-thailand-coconuts.jpg\" \/>\n\t<meta property=\"og:image:width\" content=\"1920\" \/>\n\t<meta property=\"og:image:height\" content=\"1080\" \/>\n\t<meta property=\"og:image:type\" content=\"image\/jpeg\" \/>\n<meta name=\"twitter:card\" content=\"summary_large_image\" \/>\n<meta name=\"twitter:site\" content=\"@GenuineCoconut\" \/>\n<meta name=\"twitter:label1\" content=\"Gesch\u00e4tzte Lesezeit\" \/>\n\t<meta name=\"twitter:data1\" content=\"8\u00a0Minuten\" \/>\n<script type=\"application\/ld+json\" class=\"yoast-schema-graph\">{\"@context\":\"https:\\\/\\\/schema.org\",\"@graph\":[{\"@type\":\"WebPage\",\"@id\":\"https:\\\/\\\/genuinecoconut.com\\\/legal-notice\\\/\",\"url\":\"https:\\\/\\\/genuinecoconut.com\\\/legal-notice\\\/\",\"name\":\"Rechtsvermerk | Biologisches Kokosnusswasser in seiner Originalverpackung\",\"isPartOf\":{\"@id\":\"https:\\\/\\\/genuinecoconut.com\\\/#website\"},\"datePublished\":\"2015-07-31T10:22:32+00:00\",\"dateModified\":\"2024-05-21T09:31:49+00:00\",\"breadcrumb\":{\"@id\":\"https:\\\/\\\/genuinecoconut.com\\\/legal-notice\\\/#breadcrumb\"},\"inLanguage\":\"de\",\"potentialAction\":[{\"@type\":\"ReadAction\",\"target\":[\"https:\\\/\\\/genuinecoconut.com\\\/legal-notice\\\/\"]}]},{\"@type\":\"BreadcrumbList\",\"@id\":\"https:\\\/\\\/genuinecoconut.com\\\/legal-notice\\\/#breadcrumb\",\"itemListElement\":[{\"@type\":\"ListItem\",\"position\":1,\"name\":\"Home\",\"item\":\"https:\\\/\\\/genuinecoconut.com\\\/\"},{\"@type\":\"ListItem\",\"position\":2,\"name\":\"Rechtsvermerk\"}]},{\"@type\":\"WebSite\",\"@id\":\"https:\\\/\\\/genuinecoconut.com\\\/#website\",\"url\":\"https:\\\/\\\/genuinecoconut.com\\\/\",\"name\":\"Genuine Coconut | Coconut Water\",\"description\":\"Agua de Coco natural, org\u00e1nico de Tailandia.\",\"publisher\":{\"@id\":\"https:\\\/\\\/genuinecoconut.com\\\/#organization\"},\"potentialAction\":[{\"@type\":\"SearchAction\",\"target\":{\"@type\":\"EntryPoint\",\"urlTemplate\":\"https:\\\/\\\/genuinecoconut.com\\\/?s={search_term_string}\"},\"query-input\":{\"@type\":\"PropertyValueSpecification\",\"valueRequired\":true,\"valueName\":\"search_term_string\"}}],\"inLanguage\":\"de\"},{\"@type\":\"Organization\",\"@id\":\"https:\\\/\\\/genuinecoconut.com\\\/#organization\",\"name\":\"Genuine Coconut\",\"url\":\"https:\\\/\\\/genuinecoconut.com\\\/\",\"logo\":{\"@type\":\"ImageObject\",\"inLanguage\":\"de\",\"@id\":\"https:\\\/\\\/genuinecoconut.com\\\/#\\\/schema\\\/logo\\\/image\\\/\",\"url\":\"https:\\\/\\\/genuinecoconut.com\\\/wp-content\\\/uploads\\\/2015\\\/07\\\/genuine-coconut-factura.jpg\",\"contentUrl\":\"https:\\\/\\\/genuinecoconut.com\\\/wp-content\\\/uploads\\\/2015\\\/07\\\/genuine-coconut-factura.jpg\",\"width\":575,\"height\":345,\"caption\":\"Genuine Coconut\"},\"image\":{\"@id\":\"https:\\\/\\\/genuinecoconut.com\\\/#\\\/schema\\\/logo\\\/image\\\/\"},\"sameAs\":[\"https:\\\/\\\/www.facebook.com\\\/GenuineCoconut\",\"https:\\\/\\\/x.com\\\/GenuineCoconut\",\"https:\\\/\\\/instagram.com\\\/genuinecoconut\\\/\",\"https:\\\/\\\/es.pinterest.com\\\/genuinecoconut\\\/\",\"https:\\\/\\\/youtube.com\\\/genuinecoconut\"]}]}<\/script>\n<!-- \/ Yoast SEO plugin. -->","yoast_head_json":{"title":"Rechtsvermerk | Biologisches Kokosnusswasser in seiner Originalverpackung","robots":{"index":"index","follow":"follow","max-snippet":"max-snippet:-1","max-image-preview":"max-image-preview:large","max-video-preview":"max-video-preview:-1"},"canonical":"https:\/\/genuinecoconut.com\/legal-notice\/","og_locale":"de_DE","og_type":"article","og_title":"Rechtsvermerk | Biologisches Kokosnusswasser in seiner Originalverpackung","og_description":"Diese Homepage wurde von WORLD\u2019S COCONUT TRADING, S.L. (im Folgenden &#8222;WORLD\u2019S COCONUT TRADING, S.L&#8220; oder die &#8222;Gesellschaft&#8220;) zu INFORMATIONSZWECKEN wie auch zur PERS\u00d6NLICHEN UND KOSTENLOSEN NUTZUNG erstellt. Der vorliegende RECHTSVERMERK regelt die Nutzung des Internetportals genuinecoconut.com\/de. Er enth\u00e4lt auch die Nutzungsvorschriften zum Schutz ihrer Anwender und um die Rechte der WORLD\u2019S COCONUT TRADING, S.L. gegen\u00fcber [&hellip;]","og_url":"https:\/\/genuinecoconut.com\/legal-notice\/","og_site_name":"Genuine Coconut | Coconut Water","article_publisher":"https:\/\/www.facebook.com\/GenuineCoconut","article_modified_time":"2024-05-21T09:31:49+00:00","og_image":[{"width":1920,"height":1080,"url":"https:\/\/genuinecoconut.com\/wp-content\/uploads\/2018\/01\/origin-thailand-coconuts.jpg","type":"image\/jpeg"}],"twitter_card":"summary_large_image","twitter_site":"@GenuineCoconut","twitter_misc":{"Gesch\u00e4tzte Lesezeit":"8\u00a0Minuten"},"schema":{"@context":"https:\/\/schema.org","@graph":[{"@type":"WebPage","@id":"https:\/\/genuinecoconut.com\/legal-notice\/","url":"https:\/\/genuinecoconut.com\/legal-notice\/","name":"Rechtsvermerk | Biologisches Kokosnusswasser in seiner Originalverpackung","isPartOf":{"@id":"https:\/\/genuinecoconut.com\/#website"},"datePublished":"2015-07-31T10:22:32+00:00","dateModified":"2024-05-21T09:31:49+00:00","breadcrumb":{"@id":"https:\/\/genuinecoconut.com\/legal-notice\/#breadcrumb"},"inLanguage":"de","potentialAction":[{"@type":"ReadAction","target":["https:\/\/genuinecoconut.com\/legal-notice\/"]}]},{"@type":"BreadcrumbList","@id":"https:\/\/genuinecoconut.com\/legal-notice\/#breadcrumb","itemListElement":[{"@type":"ListItem","position":1,"name":"Home","item":"https:\/\/genuinecoconut.com\/"},{"@type":"ListItem","position":2,"name":"Rechtsvermerk"}]},{"@type":"WebSite","@id":"https:\/\/genuinecoconut.com\/#website","url":"https:\/\/genuinecoconut.com\/","name":"Genuine Coconut | Coconut Water","description":"Agua de Coco natural, org\u00e1nico de Tailandia.","publisher":{"@id":"https:\/\/genuinecoconut.com\/#organization"},"potentialAction":[{"@type":"SearchAction","target":{"@type":"EntryPoint","urlTemplate":"https:\/\/genuinecoconut.com\/?s={search_term_string}"},"query-input":{"@type":"PropertyValueSpecification","valueRequired":true,"valueName":"search_term_string"}}],"inLanguage":"de"},{"@type":"Organization","@id":"https:\/\/genuinecoconut.com\/#organization","name":"Genuine Coconut","url":"https:\/\/genuinecoconut.com\/","logo":{"@type":"ImageObject","inLanguage":"de","@id":"https:\/\/genuinecoconut.com\/#\/schema\/logo\/image\/","url":"https:\/\/genuinecoconut.com\/wp-content\/uploads\/2015\/07\/genuine-coconut-factura.jpg","contentUrl":"https:\/\/genuinecoconut.com\/wp-content\/uploads\/2015\/07\/genuine-coconut-factura.jpg","width":575,"height":345,"caption":"Genuine Coconut"},"image":{"@id":"https:\/\/genuinecoconut.com\/#\/schema\/logo\/image\/"},"sameAs":["https:\/\/www.facebook.com\/GenuineCoconut","https:\/\/x.com\/GenuineCoconut","https:\/\/instagram.com\/genuinecoconut\/","https:\/\/es.pinterest.com\/genuinecoconut\/","https:\/\/youtube.com\/genuinecoconut"]}]}},"_links":{"self":[{"href":"https:\/\/genuinecoconut.com\/de\/wp-json\/wp\/v2\/pages\/2134","targetHints":{"allow":["GET"]}}],"collection":[{"href":"https:\/\/genuinecoconut.com\/de\/wp-json\/wp\/v2\/pages"}],"about":[{"href":"https:\/\/genuinecoconut.com\/de\/wp-json\/wp\/v2\/types\/page"}],"author":[{"embeddable":true,"href":"https:\/\/genuinecoconut.com\/de\/wp-json\/wp\/v2\/users\/2"}],"replies":[{"embeddable":true,"href":"https:\/\/genuinecoconut.com\/de\/wp-json\/wp\/v2\/comments?post=2134"}],"version-history":[{"count":1,"href":"https:\/\/genuinecoconut.com\/de\/wp-json\/wp\/v2\/pages\/2134\/revisions"}],"predecessor-version":[{"id":19032,"href":"https:\/\/genuinecoconut.com\/de\/wp-json\/wp\/v2\/pages\/2134\/revisions\/19032"}],"wp:attachment":[{"href":"https:\/\/genuinecoconut.com\/de\/wp-json\/wp\/v2\/media?parent=2134"}],"curies":[{"name":"wp","href":"https:\/\/api.w.org\/{rel}","templated":true}]}}