{"id":2090,"date":"2015-07-31T10:04:38","date_gmt":"2015-07-31T08:04:38","guid":{"rendered":"https:\/\/genuinecoconut.com\/?page_id=2090"},"modified":"2024-05-21T09:31:49","modified_gmt":"2024-05-21T09:31:49","slug":"vorgang","status":"publish","type":"page","link":"https:\/\/genuinecoconut.com\/de\/vorgang\/","title":{"rendered":"Vorgang"},"content":{"rendered":"<div class=\"wpb-content-wrapper\"><p>[vc_row css=&#8220;.vc_custom_1432904239732{padding-top: 15% !important;padding-bottom: 10% !important;background-image: url(https:\/\/genuinecoconut.com\/wp-content\/uploads\/2015\/04\/pag-proceso2.jpg?id=1048) !important;background-position: center !important;background-repeat: no-repeat !important;background-size: cover !important;}&#8220; background_style=&#8220;normal&#8220;][vc_column][vc_row_inner][vc_column_inner width=&#8220;1\/4&#8243;][vc_column_text][\/vc_column_text][\/vc_column_inner][vc_column_inner width=&#8220;1\/2&#8243;][vc_column_text css_animation=&#8220;top-to-bottom&#8220; css=&#8220;.vc_custom_1438329685835{margin-bottom: 0% !important;}&#8220;]<\/p>\n<h2 style=\"text-align: center;\"><span style=\"color: #ffffff;\"><strong><span style=\"font-size: 250%;\">Vorgang<\/span><\/strong><\/span><\/h2>\n<p>[\/vc_column_text][vc_column_text css_animation=&#8220;bottom-to-top&#8220; css=&#8220;.vc_custom_1438329695228{margin-top: 0% !important;margin-bottom: 0% !important;}&#8220;]<\/p>\n<h1 style=\"text-align: center;\"><span style=\"color: #ffffff;\"><strong>Direkt von der Kokospalme<\/strong><\/span><\/h1>\n<p>[\/vc_column_text][\/vc_column_inner][vc_column_inner width=&#8220;1\/4&#8243;][vc_column_text][\/vc_column_text][\/vc_column_inner][\/vc_row_inner][\/vc_column][\/vc_row][vc_row css=&#8220;.vc_custom_1432904276961{background-image: url(https:\/\/genuinecoconut.com\/wp-content\/uploads\/2014\/11\/bg-marron.jpg?id=442) !important;background-position: 0 0 !important;background-repeat: repeat !important;}&#8220; background_style=&#8220;normal&#8220;][vc_column][vc_empty_space height=&#8220;64px&#8220;][vc_row_inner][vc_column_inner width=&#8220;1\/12&#8243;][vc_column_text][\/vc_column_text][\/vc_column_inner][vc_column_inner width=&#8220;5\/12&#8243;][vc_single_image image=&#8220;1633&#8243; img_size=&#8220;full&#8220; alignment=&#8220;center&#8220;][\/vc_column_inner][vc_column_inner width=&#8220;5\/12&#8243;][vc_column_text]<\/p>\n<p>[\/vc_column_text][vc_column_text]Wir verf\u00fcgen \u00fcber die beste Kokosnussauswahl, da wir nur die besten frischen aromatischen Kokosn\u00fcsse ausw\u00e4hlen, die zu 100 % aus organischem Anbau stammen. Ihre Ernte erfolgt sorgf\u00e4ltig mit handwerklichen Vorgehensweisen, die von Generation zu Generation \u00fcberliefert wurden.[\/vc_column_text][\/vc_column_inner][vc_column_inner width=&#8220;1\/12&#8243;][vc_column_text][\/vc_column_text][\/vc_column_inner][\/vc_row_inner][\/vc_column][\/vc_row][vc_row css=&#8220;.vc_custom_1429274709689{background-position: 0 0 !important;background-repeat: repeat !important;}&#8220; background_style=&#8220;normal&#8220;][vc_column][vc_empty_space height=&#8220;64px&#8220;][vc_row_inner][vc_column_inner width=&#8220;1\/12&#8243;][vc_column_text][\/vc_column_text][\/vc_column_inner][vc_column_inner width=&#8220;5\/12&#8243;][vc_column_text]<\/p>\n<h2>Bewahrung ihrer Eigenschaften<\/h2>\n<p>[\/vc_column_text][vc_column_text]Die Natur bietet uns das Kokosnusswasser mit der weltweit besten Verpackung &#8211; der Kokosnuss &#8211; an.<br \/>\nSie ist mit einem nat\u00fcrlichen Schutz (Husk) \u00fcberzogen, der die Fl\u00fcssigkeit im Inneren komplett aspetisch und unter Druck sch\u00fctzt. Aus diesem Grund ist das Kokosnusswasser rein, unber\u00fchrt und 100 % frei von mikrobischen Belastungen.<br \/>\nIndem diese nat\u00fcrliche Schale als Schutz und Isolierung bis zum letzten Moment erhalten bleibt, wie auch der Transport bei kontrollierter Temperatur und Schutzatmosph\u00e4re und das in der perfekten Verpackung (der Kokosnuss selbst) erfolgt, bewahrt das Genuine Coconut Kokosnusswasser alle seine organoleptischen Eigenschaften und somit auch seinen k\u00f6stlichen Geschmack bewahrt.[\/vc_column_text][\/vc_column_inner][vc_column_inner width=&#8220;5\/12&#8243;][vc_single_image image=&#8220;1637&#8243; img_size=&#8220;full&#8220; alignment=&#8220;center&#8220;][\/vc_column_inner][vc_column_inner width=&#8220;1\/12&#8243;][vc_column_text][\/vc_column_text][\/vc_column_inner][\/vc_row_inner][\/vc_column][\/vc_row][vc_row css=&#8220;.vc_custom_1432904294398{background-image: url(https:\/\/genuinecoconut.com\/wp-content\/uploads\/2014\/11\/bg-marron.jpg?id=442) !important;background-position: 0 0 !important;background-repeat: repeat !important;}&#8220; background_style=&#8220;normal&#8220;][vc_column][vc_empty_space height=&#8220;64px&#8220;][vc_row_inner][vc_column_inner width=&#8220;1\/12&#8243;][vc_column_text][\/vc_column_text][\/vc_column_inner][vc_column_inner width=&#8220;5\/12&#8243;][vc_single_image image=&#8220;1635&#8243; img_size=&#8220;full&#8220; alignment=&#8220;center&#8220;][\/vc_column_inner][vc_column_inner width=&#8220;5\/12&#8243;][vc_column_text]<\/p>\n<h2>Respekt f\u00fcr die Natur<\/h2>\n<p>[\/vc_column_text][vc_column_text]Unsere Philosophie lautet: absoluter Respekt f\u00fcr die Natur, um die Eigenschaften des naturreinen Kokosnusswassers wie auch die nat\u00fcrliche Art, es aus der Kokosnuss selbst zu trinken, zu gew\u00e4hrleisten.<br \/>\nDie Kokosn\u00fcsse werden aus Thailand nach Europa gebracht, um nach strengsten Qualit\u00e4ts- und Hygienevorschriften in unserer hochmodernen K\u00fchlanlage bei st\u00e4ndig kontrollierter Temperatur weiterverarbeitet zu werden. Anschlie\u00dfend werden sie einzeln gesch\u00e4lt und mit einem einfachen \u00d6ffnungssystem versehen, um ihren Verzehr wie auch den Vertrieb zu erleichtern, wobei ihr hochwertiger Inhalt unver\u00e4ndert bleibt.[\/vc_column_text][\/vc_column_inner][vc_column_inner width=&#8220;1\/12&#8243;][vc_column_text][\/vc_column_text][\/vc_column_inner][\/vc_row_inner][\/vc_column][\/vc_row][vc_row css=&#8220;.vc_custom_1429274709689{background-position: 0 0 !important;background-repeat: repeat !important;}&#8220; background_style=&#8220;normal&#8220;][vc_column][vc_empty_space height=&#8220;64px&#8220;][vc_row_inner][vc_column_inner width=&#8220;1\/12&#8243;][vc_column_text][\/vc_column_text][\/vc_column_inner][vc_column_inner width=&#8220;5\/12&#8243;][vc_column_text]<\/p>\n<h2>Aus Thailand mit vollem Geschmack<\/h2>\n<p>[\/vc_column_text][vc_column_text]Wir bringen dem Verbraucher die Natur n\u00e4her &#8211; in Form von Kokosnusswasser, das seinen vollen Geschmack und sein Originalaroma bewahrt hat. Wir sch\u00fctzen jeden einzelnen Vorgang. Ein Team f\u00fcr Engineering, Forschung und Entwicklung ist daf\u00fcr zust\u00e4ndig, das umsetzen zu k\u00f6nnen.<br \/>\nGenuine Coconut ist das erste Kokosnusswasser, das &#8211; egal wo Sie sich befinden &#8211; in seiner Originalverpackung, d. h. aus der Kokosnuss und mit einem einfachen \u00d6ffnungssystem, getrunken werden kann. Klingt unglaublich &#8211; nicht wahr?[\/vc_column_text][\/vc_column_inner][vc_column_inner width=&#8220;5\/12&#8243;][vc_single_image image=&#8220;1631&#8243; img_size=&#8220;full&#8220; alignment=&#8220;center&#8220;][\/vc_column_inner][vc_column_inner width=&#8220;1\/12&#8243;][vc_column_text][\/vc_column_text][\/vc_column_inner][\/vc_row_inner][\/vc_column][\/vc_row][vc_row][vc_column][vc_empty_space][\/vc_column][\/vc_row]<\/p>\n<\/div>","protected":false},"excerpt":{"rendered":"<p>[vc_row css=&#8220;.vc_custom_1432904239732{padding-top: 15% !important;padding-bottom: 10% !important;background-image: url(https:\/\/genuinecoconut.com\/wp-content\/uploads\/2015\/04\/pag-proceso2.jpg?id=1048) !important;background-position: center !important;background-repeat: no-repeat !important;background-size: cover !important;}&#8220; background_style=&#8220;normal&#8220;][vc_column][vc_row_inner][vc_column_inner width=&#8220;1\/4&#8243;][vc_column_text][\/vc_column_text][\/vc_column_inner][vc_column_inner width=&#8220;1\/2&#8243;][vc_column_text css_animation=&#8220;top-to-bottom&#8220; css=&#8220;.vc_custom_1438329685835{margin-bottom: 0% !important;}&#8220;] Vorgang [\/vc_column_text][vc_column_text css_animation=&#8220;bottom-to-top&#8220; css=&#8220;.vc_custom_1438329695228{margin-top: 0% !important;margin-bottom: 0% !important;}&#8220;] Direkt von der Kokospalme [\/vc_column_text][\/vc_column_inner][vc_column_inner width=&#8220;1\/4&#8243;][vc_column_text][\/vc_column_text][\/vc_column_inner][\/vc_row_inner][\/vc_column][\/vc_row][vc_row css=&#8220;.vc_custom_1432904276961{background-image: url(https:\/\/genuinecoconut.com\/wp-content\/uploads\/2014\/11\/bg-marron.jpg?id=442) !important;background-position: 0 0 !important;background-repeat: repeat !important;}&#8220; background_style=&#8220;normal&#8220;][vc_column][vc_empty_space height=&#8220;64px&#8220;][vc_row_inner][vc_column_inner width=&#8220;1\/12&#8243;][vc_column_text][\/vc_column_text][\/vc_column_inner][vc_column_inner width=&#8220;5\/12&#8243;][vc_single_image image=&#8220;1633&#8243; img_size=&#8220;full&#8220; alignment=&#8220;center&#8220;][\/vc_column_inner][vc_column_inner width=&#8220;5\/12&#8243;][vc_column_text] [\/vc_column_text][vc_column_text]Wir verf\u00fcgen \u00fcber die [&hellip;]<\/p>\n","protected":false},"author":2,"featured_media":0,"parent":0,"menu_order":0,"comment_status":"closed","ping_status":"closed","template":"page-full-width.php","meta":{"footnotes":""},"class_list":["post-2090","page","type-page","status-publish","hentry"],"yoast_head":"<!-- This site is optimized with the Yoast SEO plugin v27.1.1 - https:\/\/yoast.com\/product\/yoast-seo-wordpress\/ -->\n<title>Vorgang | Biologisches Kokosnusswasser Genuine Coconut<\/title>\n<meta name=\"description\" content=\"Direkte Auswahl frischer aromatischer Kokosn\u00fcsse in Thailand 100 % biologischer Anbau Handwerkliches Verarbeitung Temperaturkontrolle Ohne Konservierungsmittel Verarbeitung in Europa\" \/>\n<meta name=\"robots\" content=\"index, follow, max-snippet:-1, max-image-preview:large, max-video-preview:-1\" \/>\n<link rel=\"canonical\" href=\"https:\/\/genuinecoconut.com\/raw-coconut-water-process\/\" \/>\n<meta property=\"og:locale\" content=\"de_DE\" \/>\n<meta property=\"og:type\" content=\"article\" \/>\n<meta property=\"og:title\" content=\"Vorgang | Biologisches Kokosnusswasser Genuine Coconut\" \/>\n<meta property=\"og:description\" content=\"Direkte Auswahl frischer aromatischer Kokosn\u00fcsse in Thailand 100 % biologischer Anbau Handwerkliches Verarbeitung Temperaturkontrolle Ohne Konservierungsmittel Verarbeitung in Europa\" \/>\n<meta property=\"og:url\" content=\"https:\/\/genuinecoconut.com\/raw-coconut-water-process\/\" \/>\n<meta property=\"og:site_name\" content=\"Genuine Coconut | Coconut Water\" \/>\n<meta property=\"article:publisher\" content=\"https:\/\/www.facebook.com\/GenuineCoconut\" \/>\n<meta property=\"article:modified_time\" content=\"2024-05-21T09:31:49+00:00\" \/>\n<meta property=\"og:image\" content=\"https:\/\/genuinecoconut.com\/wp-content\/uploads\/2018\/01\/origin-thailand-coconuts.jpg\" \/>\n\t<meta property=\"og:image:width\" content=\"1920\" \/>\n\t<meta property=\"og:image:height\" content=\"1080\" \/>\n\t<meta property=\"og:image:type\" content=\"image\/jpeg\" \/>\n<meta name=\"twitter:card\" content=\"summary_large_image\" \/>\n<meta name=\"twitter:site\" content=\"@GenuineCoconut\" \/>\n<meta name=\"twitter:label1\" content=\"Gesch\u00e4tzte Lesezeit\" \/>\n\t<meta name=\"twitter:data1\" content=\"4\u00a0Minuten\" \/>\n<script type=\"application\/ld+json\" class=\"yoast-schema-graph\">{\"@context\":\"https:\/\/schema.org\",\"@graph\":[{\"@type\":\"WebPage\",\"@id\":\"https:\/\/genuinecoconut.com\/raw-coconut-water-process\/\",\"url\":\"https:\/\/genuinecoconut.com\/raw-coconut-water-process\/\",\"name\":\"Vorgang | Biologisches Kokosnusswasser Genuine Coconut\",\"isPartOf\":{\"@id\":\"https:\/\/genuinecoconut.com\/#website\"},\"datePublished\":\"2015-07-31T08:04:38+00:00\",\"dateModified\":\"2024-05-21T09:31:49+00:00\",\"description\":\"Direkte Auswahl frischer aromatischer Kokosn\u00fcsse in Thailand 100 % biologischer Anbau Handwerkliches Verarbeitung Temperaturkontrolle Ohne Konservierungsmittel Verarbeitung in Europa\",\"breadcrumb\":{\"@id\":\"https:\/\/genuinecoconut.com\/raw-coconut-water-process\/#breadcrumb\"},\"inLanguage\":\"de\",\"potentialAction\":[{\"@type\":\"ReadAction\",\"target\":[\"https:\/\/genuinecoconut.com\/raw-coconut-water-process\/\"]}]},{\"@type\":\"BreadcrumbList\",\"@id\":\"https:\/\/genuinecoconut.com\/raw-coconut-water-process\/#breadcrumb\",\"itemListElement\":[{\"@type\":\"ListItem\",\"position\":1,\"name\":\"Home\",\"item\":\"https:\/\/genuinecoconut.com\/\"},{\"@type\":\"ListItem\",\"position\":2,\"name\":\"Vorgang\"}]},{\"@type\":\"WebSite\",\"@id\":\"https:\/\/genuinecoconut.com\/#website\",\"url\":\"https:\/\/genuinecoconut.com\/\",\"name\":\"Genuine Coconut | Coconut Water\",\"description\":\"Agua de Coco natural, org\u00e1nico de Tailandia.\",\"publisher\":{\"@id\":\"https:\/\/genuinecoconut.com\/#organization\"},\"potentialAction\":[{\"@type\":\"SearchAction\",\"target\":{\"@type\":\"EntryPoint\",\"urlTemplate\":\"https:\/\/genuinecoconut.com\/?s={search_term_string}\"},\"query-input\":{\"@type\":\"PropertyValueSpecification\",\"valueRequired\":true,\"valueName\":\"search_term_string\"}}],\"inLanguage\":\"de\"},{\"@type\":\"Organization\",\"@id\":\"https:\/\/genuinecoconut.com\/#organization\",\"name\":\"Genuine Coconut\",\"url\":\"https:\/\/genuinecoconut.com\/\",\"logo\":{\"@type\":\"ImageObject\",\"inLanguage\":\"de\",\"@id\":\"https:\/\/genuinecoconut.com\/#\/schema\/logo\/image\/\",\"url\":\"https:\/\/genuinecoconut.com\/wp-content\/uploads\/2015\/07\/genuine-coconut-factura.jpg\",\"contentUrl\":\"https:\/\/genuinecoconut.com\/wp-content\/uploads\/2015\/07\/genuine-coconut-factura.jpg\",\"width\":575,\"height\":345,\"caption\":\"Genuine Coconut\"},\"image\":{\"@id\":\"https:\/\/genuinecoconut.com\/#\/schema\/logo\/image\/\"},\"sameAs\":[\"https:\/\/www.facebook.com\/GenuineCoconut\",\"https:\/\/x.com\/GenuineCoconut\",\"https:\/\/instagram.com\/genuinecoconut\/\",\"https:\/\/es.pinterest.com\/genuinecoconut\/\",\"https:\/\/youtube.com\/genuinecoconut\"]}]}<\/script>\n<!-- \/ Yoast SEO plugin. -->","yoast_head_json":{"title":"Vorgang | Biologisches Kokosnusswasser Genuine Coconut","description":"Direkte Auswahl frischer aromatischer Kokosn\u00fcsse in Thailand 100 % biologischer Anbau Handwerkliches Verarbeitung Temperaturkontrolle Ohne Konservierungsmittel Verarbeitung in Europa","robots":{"index":"index","follow":"follow","max-snippet":"max-snippet:-1","max-image-preview":"max-image-preview:large","max-video-preview":"max-video-preview:-1"},"canonical":"https:\/\/genuinecoconut.com\/raw-coconut-water-process\/","og_locale":"de_DE","og_type":"article","og_title":"Vorgang | Biologisches Kokosnusswasser Genuine Coconut","og_description":"Direkte Auswahl frischer aromatischer Kokosn\u00fcsse in Thailand 100 % biologischer Anbau Handwerkliches Verarbeitung Temperaturkontrolle Ohne Konservierungsmittel Verarbeitung in Europa","og_url":"https:\/\/genuinecoconut.com\/raw-coconut-water-process\/","og_site_name":"Genuine Coconut | Coconut Water","article_publisher":"https:\/\/www.facebook.com\/GenuineCoconut","article_modified_time":"2024-05-21T09:31:49+00:00","og_image":[{"width":1920,"height":1080,"url":"https:\/\/genuinecoconut.com\/wp-content\/uploads\/2018\/01\/origin-thailand-coconuts.jpg","type":"image\/jpeg"}],"twitter_card":"summary_large_image","twitter_site":"@GenuineCoconut","twitter_misc":{"Gesch\u00e4tzte Lesezeit":"4\u00a0Minuten"},"schema":{"@context":"https:\/\/schema.org","@graph":[{"@type":"WebPage","@id":"https:\/\/genuinecoconut.com\/raw-coconut-water-process\/","url":"https:\/\/genuinecoconut.com\/raw-coconut-water-process\/","name":"Vorgang | Biologisches Kokosnusswasser Genuine Coconut","isPartOf":{"@id":"https:\/\/genuinecoconut.com\/#website"},"datePublished":"2015-07-31T08:04:38+00:00","dateModified":"2024-05-21T09:31:49+00:00","description":"Direkte Auswahl frischer aromatischer Kokosn\u00fcsse in Thailand 100 % biologischer Anbau Handwerkliches Verarbeitung Temperaturkontrolle Ohne Konservierungsmittel Verarbeitung in Europa","breadcrumb":{"@id":"https:\/\/genuinecoconut.com\/raw-coconut-water-process\/#breadcrumb"},"inLanguage":"de","potentialAction":[{"@type":"ReadAction","target":["https:\/\/genuinecoconut.com\/raw-coconut-water-process\/"]}]},{"@type":"BreadcrumbList","@id":"https:\/\/genuinecoconut.com\/raw-coconut-water-process\/#breadcrumb","itemListElement":[{"@type":"ListItem","position":1,"name":"Home","item":"https:\/\/genuinecoconut.com\/"},{"@type":"ListItem","position":2,"name":"Vorgang"}]},{"@type":"WebSite","@id":"https:\/\/genuinecoconut.com\/#website","url":"https:\/\/genuinecoconut.com\/","name":"Genuine Coconut | Coconut Water","description":"Agua de Coco natural, org\u00e1nico de Tailandia.","publisher":{"@id":"https:\/\/genuinecoconut.com\/#organization"},"potentialAction":[{"@type":"SearchAction","target":{"@type":"EntryPoint","urlTemplate":"https:\/\/genuinecoconut.com\/?s={search_term_string}"},"query-input":{"@type":"PropertyValueSpecification","valueRequired":true,"valueName":"search_term_string"}}],"inLanguage":"de"},{"@type":"Organization","@id":"https:\/\/genuinecoconut.com\/#organization","name":"Genuine Coconut","url":"https:\/\/genuinecoconut.com\/","logo":{"@type":"ImageObject","inLanguage":"de","@id":"https:\/\/genuinecoconut.com\/#\/schema\/logo\/image\/","url":"https:\/\/genuinecoconut.com\/wp-content\/uploads\/2015\/07\/genuine-coconut-factura.jpg","contentUrl":"https:\/\/genuinecoconut.com\/wp-content\/uploads\/2015\/07\/genuine-coconut-factura.jpg","width":575,"height":345,"caption":"Genuine Coconut"},"image":{"@id":"https:\/\/genuinecoconut.com\/#\/schema\/logo\/image\/"},"sameAs":["https:\/\/www.facebook.com\/GenuineCoconut","https:\/\/x.com\/GenuineCoconut","https:\/\/instagram.com\/genuinecoconut\/","https:\/\/es.pinterest.com\/genuinecoconut\/","https:\/\/youtube.com\/genuinecoconut"]}]}},"_links":{"self":[{"href":"https:\/\/genuinecoconut.com\/de\/wp-json\/wp\/v2\/pages\/2090","targetHints":{"allow":["GET"]}}],"collection":[{"href":"https:\/\/genuinecoconut.com\/de\/wp-json\/wp\/v2\/pages"}],"about":[{"href":"https:\/\/genuinecoconut.com\/de\/wp-json\/wp\/v2\/types\/page"}],"author":[{"embeddable":true,"href":"https:\/\/genuinecoconut.com\/de\/wp-json\/wp\/v2\/users\/2"}],"replies":[{"embeddable":true,"href":"https:\/\/genuinecoconut.com\/de\/wp-json\/wp\/v2\/comments?post=2090"}],"version-history":[{"count":1,"href":"https:\/\/genuinecoconut.com\/de\/wp-json\/wp\/v2\/pages\/2090\/revisions"}],"predecessor-version":[{"id":19028,"href":"https:\/\/genuinecoconut.com\/de\/wp-json\/wp\/v2\/pages\/2090\/revisions\/19028"}],"wp:attachment":[{"href":"https:\/\/genuinecoconut.com\/de\/wp-json\/wp\/v2\/media?parent=2090"}],"curies":[{"name":"wp","href":"https:\/\/api.w.org\/{rel}","templated":true}]}}