{"id":2084,"date":"2015-07-31T09:32:42","date_gmt":"2015-07-31T07:32:42","guid":{"rendered":"https:\/\/genuinecoconut.com\/?page_id=2084"},"modified":"2024-05-23T08:17:25","modified_gmt":"2024-05-23T08:17:25","slug":"qualitat","status":"publish","type":"page","link":"https:\/\/genuinecoconut.com\/de\/qualitat\/","title":{"rendered":"Qualit\u00e4t"},"content":{"rendered":"<div class=\"wpb-content-wrapper\"><p>[vc_row css=&#8220;.vc_custom_1488371757503{padding-top: 15% !important;padding-bottom: 10% !important;background-image: url(https:\/\/genuinecoconut.com\/wp-content\/uploads\/2015\/04\/coconut-water-agua-de-coco-genuine-coconut-1.jpg?id=4834) !important;background-position: center !important;background-repeat: no-repeat !important;background-size: cover !important;}&#8220; background_style=&#8220;normal&#8220;][vc_column][vc_row_inner][vc_column_inner width=&#8220;1\/4&#8243;][vc_column_text][\/vc_column_text][\/vc_column_inner][vc_column_inner width=&#8220;1\/2&#8243;][vc_column_text css_animation=&#8220;top-to-bottom&#8220; css=&#8220;.vc_custom_1435731708772{margin-bottom: 0px !important;}&#8220;]<\/p>\n<h2 style=\"text-align: center;\"><span style=\"color: #ffffff;\"><strong><span style=\"font-size: 250%;\">Quality<\/span><\/strong><\/span><\/h2>\n<p>[\/vc_column_text][vc_column_text css_animation=&#8220;bottom-to-top&#8220;]<\/p>\n<h1 style=\"text-align: center;\"><span style=\"color: #ffffff;\"><strong>Unsere Qualit\u00e4tsvorschriften<\/strong><\/span><\/h1>\n<p>[\/vc_column_text][\/vc_column_inner][vc_column_inner width=&#8220;1\/4&#8243;][vc_column_text][\/vc_column_text][\/vc_column_inner][\/vc_row_inner][\/vc_column][\/vc_row][vc_row css=&#8220;.vc_custom_1432903118510{background-image: url(https:\/\/genuinecoconut.com\/wp-content\/uploads\/2014\/11\/bg-marron.jpg?id=442) !important;background-position: 0 0 !important;background-repeat: repeat !important;}&#8220; background_style=&#8220;normal&#8220;][vc_column][vc_empty_space height=&#8220;64px&#8220;][vc_row_inner][vc_column_inner width=&#8220;1\/6&#8243;][vc_column_text][\/vc_column_text][\/vc_column_inner][vc_column_inner width=&#8220;1\/6&#8243;][vc_single_image image=&#8220;14798&#8243; img_size=&#8220;full&#8220; alignment=&#8220;center&#8220; css=&#8220;&#8220;][\/vc_column_inner][vc_column_inner width=&#8220;1\/2&#8243;][vc_column_text]<\/p>\n<h2><span style=\"color: #ffffff;\">Gute Praktiken in unserer Produktion<\/span><\/h2>\n<p>[\/vc_column_text][vc_column_text]<\/p>\n<p class=\"p1\"><span class=\"s1\" style=\"color: #ffffff;\">Die Qualit\u00e4tsgarantie unserer Prozesse ist von GMP (Good Manufacturing Practise) best\u00e4tigt. Damit ist sichergestellt, dass Pflanzung, Ernte und Verarbeitung unserer Kokosn\u00fcsse einheitlich, spezifisch und kontrolliert, entsprechend der Qualit\u00e4tsvorschriften und der f\u00fcr ihren Vertrieb geforderten Bedingungen, erfolgt.<\/span><\/p>\n<p>[\/vc_column_text][\/vc_column_inner][vc_column_inner width=&#8220;1\/6&#8243;][vc_column_text][\/vc_column_text][\/vc_column_inner][\/vc_row_inner][\/vc_column][\/vc_row][vc_row css=&#8220;.vc_custom_1429092289602{background-position: 0 0 !important;background-repeat: repeat !important;}&#8220; background_style=&#8220;normal&#8220;][vc_column][vc_empty_space height=&#8220;64px&#8220;][vc_row_inner][vc_column_inner width=&#8220;1\/6&#8243;][vc_column_text][\/vc_column_text][\/vc_column_inner][vc_column_inner width=&#8220;1\/2&#8243;][vc_column_text]<\/p>\n<h2>Nachhaltige Erzeugung<\/h2>\n<p>[\/vc_column_text][vc_column_text]Wir stehen eindeutig zu unserer Verpflichtung der Gesellschaft und der Umwelt gegen\u00fcber. Aus diesem Grund verf\u00fcgen wir \u00fcber das GLOBAL CAP-Zertifikat, das garantiert, dass unsere Kokosn\u00fcsse die festgelegten Qualit\u00e4ts- und Sicherheitsstufen erf\u00fcllen: Genuine Coconut h\u00e4lt bei allen seinen Prozessen Nachhaltigkeitskriterien ein, indem Sicherheit, Hygiene und Wohlbefinden der Mitarbeiter und der Umwelt ber\u00fccksichtigt werden.[\/vc_column_text][\/vc_column_inner][vc_column_inner width=&#8220;1\/6&#8243;][vc_single_image image=&#8220;13878&#8243; img_size=&#8220;full&#8220; alignment=&#8220;center&#8220; css=&#8220;&#8220;][vc_column_text][\/vc_column_text][\/vc_column_inner][vc_column_inner width=&#8220;1\/6&#8243;][vc_column_text][\/vc_column_text][\/vc_column_inner][\/vc_row_inner][\/vc_column][\/vc_row][vc_row css=&#8220;.vc_custom_1432903133491{background-image: url(https:\/\/genuinecoconut.com\/wp-content\/uploads\/2014\/11\/bg-marron.jpg?id=442) !important;background-position: 0 0 !important;background-repeat: repeat !important;}&#8220; background_style=&#8220;normal&#8220;][vc_column offset=&#8220;vc_hidden-lg vc_hidden-md vc_hidden-sm vc_hidden-xs&#8220;][vc_empty_space height=&#8220;64px&#8220;][vc_row_inner][vc_column_inner width=&#8220;1\/6&#8243;][vc_column_text][\/vc_column_text][\/vc_column_inner][vc_column_inner width=&#8220;1\/6&#8243;][vc_single_image image=&#8220;16626&#8243; img_size=&#8220;full&#8220; alignment=&#8220;center&#8220; css=&#8220;&#8220;][\/vc_column_inner][vc_column_inner width=&#8220;1\/2&#8243;][vc_column_text]<\/p>\n<h2><span style=\"color: #ffffff;\">Mit h\u00f6chsten Qualit\u00e4tsvorschriften <\/span><\/h2>\n<p>[\/vc_column_text][vc_column_text]<\/p>\n<p class=\"p1\"><span class=\"s1\" style=\"color: #ffffff;\">Wir sind darum bem\u00fcht, unter Einhaltung aller Vorschriften \u00fcber Legalit\u00e4t, Sicherheit und Qualit\u00e4t die besten Qualit\u00e4tszertifikate f\u00fcr Erzeugung, Verkauf und Vertrieb unserer Genuine Coconut zu erreichen und sie Ihnen vorlegen zu k\u00f6nnen.<br \/>\n\u00b7 BRC Food<br \/>\n\u00b7 IFS Food<\/span>[\/vc_column_text][\/vc_column_inner][vc_column_inner width=&#8220;1\/6&#8243;][vc_column_text][\/vc_column_text][\/vc_column_inner][\/vc_row_inner][\/vc_column][\/vc_row][vc_row css=&#8220;.vc_custom_1432903133491{background-image: url(https:\/\/genuinecoconut.com\/wp-content\/uploads\/2014\/11\/bg-marron.jpg?id=442) !important;background-position: 0 0 !important;background-repeat: repeat !important;}&#8220; background_style=&#8220;normal&#8220;][vc_column][vc_empty_space height=&#8220;64px&#8220;][vc_row_inner][vc_column_inner width=&#8220;1\/6&#8243;][vc_column_text][\/vc_column_text][\/vc_column_inner][vc_column_inner width=&#8220;1\/6&#8243;][\/vc_column_inner][vc_column_inner width=&#8220;1\/2&#8243;][vc_column_text]<\/p>\n<h2><span style=\"color: #ffffff;\">Mit h\u00f6chsten Qualit\u00e4tsvorschriften <\/span><\/h2>\n<p>[\/vc_column_text][vc_column_text]<\/p>\n<p class=\"p1\"><span class=\"s1\" style=\"color: #ffffff;\">Wir sind darum bem\u00fcht, unter Einhaltung aller Vorschriften \u00fcber Legalit\u00e4t, Sicherheit und Qualit\u00e4t die besten Qualit\u00e4tszertifikate f\u00fcr Erzeugung, Verkauf und Vertrieb unserer Genuine Coconut zu erreichen und sie Ihnen vorlegen zu k\u00f6nnen.<br \/>\n\u00b7 BRC Food<br \/>\n\u00b7 IFS Food<\/span>[\/vc_column_text][\/vc_column_inner][vc_column_inner width=&#8220;1\/6&#8243;][vc_column_text][\/vc_column_text][\/vc_column_inner][\/vc_row_inner][\/vc_column][\/vc_row][vc_row css=&#8220;.vc_custom_1429092289602{background-position: 0 0 !important;background-repeat: repeat !important;}&#8220; background_style=&#8220;normal&#8220;][vc_column][vc_empty_space height=&#8220;64px&#8220;][vc_row_inner][vc_column_inner width=&#8220;1\/6&#8243;][vc_column_text][\/vc_column_text][\/vc_column_inner][vc_column_inner width=&#8220;1\/2&#8243;][vc_column_text]<\/p>\n<h2>Aus biologischem Anbau<\/h2>\n<p>[\/vc_column_text][vc_column_text]Genuine Coconut ist das einzige Kokosnusswasser auf dem Markt, das als biologisches Erzeugnis in seiner nat\u00fcrlichen Verpackung zertifiziert ist. Die biologische Zertifizierung bedeutet, dass alle Abl\u00e4ufe beim Anbau unserer Kokosn\u00fcsse frei von chemischen D\u00fcnge- und Sch\u00e4dlingsbek\u00e4mpfungsmittel sind, welche die Erde verseuchen und abgestorbene Bereiche im Meer verursachen.<br \/>\nWeiterhin sind unsere Kokosn\u00fcsse 100 % naturrein und wurden nie gentechnisch manipuliert.\u00a0Genuine Coconut wird direkt aus seiner Originalverpackung getrunken, d. h., es wird nicht verarbeitet und nicht mit Zus\u00e4tzen oder Konservierungsmitteln versehen, die seine Eigenschaften ver\u00e4ndern k\u00f6nnten.[\/vc_column_text][\/vc_column_inner][vc_column_inner width=&#8220;1\/6&#8243;][vc_single_image image=&#8220;18534&#8243; img_size=&#8220;full&#8220; alignment=&#8220;center&#8220; css=&#8220;&#8220;][vc_column_text][\/vc_column_text][\/vc_column_inner][vc_column_inner width=&#8220;1\/6&#8243;][vc_column_text][\/vc_column_text][\/vc_column_inner][\/vc_row_inner][\/vc_column][\/vc_row][vc_row][vc_column][vc_empty_space][\/vc_column][\/vc_row]<\/p>\n<\/div>","protected":false},"excerpt":{"rendered":"<p>[vc_row css=&#8220;.vc_custom_1488371757503{padding-top: 15% !important;padding-bottom: 10% !important;background-image: url(https:\/\/genuinecoconut.com\/wp-content\/uploads\/2015\/04\/coconut-water-agua-de-coco-genuine-coconut-1.jpg?id=4834) !important;background-position: center !important;background-repeat: no-repeat !important;background-size: cover !important;}&#8220; background_style=&#8220;normal&#8220;][vc_column][vc_row_inner][vc_column_inner width=&#8220;1\/4&#8243;][vc_column_text][\/vc_column_text][\/vc_column_inner][vc_column_inner width=&#8220;1\/2&#8243;][vc_column_text css_animation=&#8220;top-to-bottom&#8220; css=&#8220;.vc_custom_1435731708772{margin-bottom: 0px !important;}&#8220;] Quality [\/vc_column_text][vc_column_text css_animation=&#8220;bottom-to-top&#8220;] Unsere Qualit\u00e4tsvorschriften [\/vc_column_text][\/vc_column_inner][vc_column_inner width=&#8220;1\/4&#8243;][vc_column_text][\/vc_column_text][\/vc_column_inner][\/vc_row_inner][\/vc_column][\/vc_row][vc_row css=&#8220;.vc_custom_1432903118510{background-image: url(https:\/\/genuinecoconut.com\/wp-content\/uploads\/2014\/11\/bg-marron.jpg?id=442) !important;background-position: 0 0 !important;background-repeat: repeat !important;}&#8220; background_style=&#8220;normal&#8220;][vc_column][vc_empty_space height=&#8220;64px&#8220;][vc_row_inner][vc_column_inner width=&#8220;1\/6&#8243;][vc_column_text][\/vc_column_text][\/vc_column_inner][vc_column_inner width=&#8220;1\/6&#8243;][vc_single_image image=&#8220;14798&#8243; img_size=&#8220;full&#8220; alignment=&#8220;center&#8220; css=&#8220;&#8220;][\/vc_column_inner][vc_column_inner width=&#8220;1\/2&#8243;][vc_column_text] Gute Praktiken in unserer Produktion [\/vc_column_text][vc_column_text] Die Qualit\u00e4tsgarantie unserer Prozesse [&hellip;]<\/p>\n","protected":false},"author":2,"featured_media":0,"parent":0,"menu_order":0,"comment_status":"closed","ping_status":"closed","template":"page-full-width.php","meta":{"footnotes":""},"class_list":["post-2084","page","type-page","status-publish","hentry"],"yoast_head":"<!-- This site is optimized with the Yoast SEO plugin v27.1.1 - https:\/\/yoast.com\/product\/yoast-seo-wordpress\/ -->\n<title>Qualit\u00e4t| Biologisches Kokosnusswasser Genuine Coconut<\/title>\n<meta name=\"description\" content=\"Kokosnusswasser mit Qualit\u00e4tsgarantie: Zertifikate der Nachhaltigkeit, Hygiene, Sicherheit, biologischer Anbau, 100 % naturrein und Umweltschutzverpflichtung\" \/>\n<meta name=\"robots\" content=\"index, follow, max-snippet:-1, max-image-preview:large, max-video-preview:-1\" \/>\n<link rel=\"canonical\" href=\"https:\/\/genuinecoconut.com\/our-coconut-water-quality\/\" \/>\n<meta property=\"og:locale\" content=\"de_DE\" \/>\n<meta property=\"og:type\" content=\"article\" \/>\n<meta property=\"og:title\" content=\"Qualit\u00e4t| Biologisches Kokosnusswasser Genuine Coconut\" \/>\n<meta property=\"og:description\" content=\"Kokosnusswasser mit Qualit\u00e4tsgarantie: Zertifikate der Nachhaltigkeit, Hygiene, Sicherheit, biologischer Anbau, 100 % naturrein und Umweltschutzverpflichtung\" \/>\n<meta property=\"og:url\" content=\"https:\/\/genuinecoconut.com\/our-coconut-water-quality\/\" \/>\n<meta property=\"og:site_name\" content=\"Genuine Coconut | Coconut Water\" \/>\n<meta property=\"article:publisher\" content=\"https:\/\/www.facebook.com\/GenuineCoconut\" \/>\n<meta property=\"article:modified_time\" content=\"2024-05-23T08:17:25+00:00\" \/>\n<meta property=\"og:image\" content=\"https:\/\/genuinecoconut.com\/wp-content\/uploads\/2018\/01\/origin-thailand-coconuts.jpg\" \/>\n\t<meta property=\"og:image:width\" content=\"1920\" \/>\n\t<meta property=\"og:image:height\" content=\"1080\" \/>\n\t<meta property=\"og:image:type\" content=\"image\/jpeg\" \/>\n<meta name=\"twitter:card\" content=\"summary_large_image\" \/>\n<meta name=\"twitter:site\" content=\"@GenuineCoconut\" \/>\n<meta name=\"twitter:label1\" content=\"Gesch\u00e4tzte Lesezeit\" \/>\n\t<meta name=\"twitter:data1\" content=\"3\u00a0Minuten\" \/>\n<script type=\"application\/ld+json\" class=\"yoast-schema-graph\">{\"@context\":\"https:\/\/schema.org\",\"@graph\":[{\"@type\":\"WebPage\",\"@id\":\"https:\/\/genuinecoconut.com\/our-coconut-water-quality\/\",\"url\":\"https:\/\/genuinecoconut.com\/our-coconut-water-quality\/\",\"name\":\"Qualit\u00e4t| Biologisches Kokosnusswasser Genuine Coconut\",\"isPartOf\":{\"@id\":\"https:\/\/genuinecoconut.com\/#website\"},\"datePublished\":\"2015-07-31T07:32:42+00:00\",\"dateModified\":\"2024-05-23T08:17:25+00:00\",\"description\":\"Kokosnusswasser mit Qualit\u00e4tsgarantie: Zertifikate der Nachhaltigkeit, Hygiene, Sicherheit, biologischer Anbau, 100 % naturrein und Umweltschutzverpflichtung\",\"breadcrumb\":{\"@id\":\"https:\/\/genuinecoconut.com\/our-coconut-water-quality\/#breadcrumb\"},\"inLanguage\":\"de\",\"potentialAction\":[{\"@type\":\"ReadAction\",\"target\":[\"https:\/\/genuinecoconut.com\/our-coconut-water-quality\/\"]}]},{\"@type\":\"BreadcrumbList\",\"@id\":\"https:\/\/genuinecoconut.com\/our-coconut-water-quality\/#breadcrumb\",\"itemListElement\":[{\"@type\":\"ListItem\",\"position\":1,\"name\":\"Home\",\"item\":\"https:\/\/genuinecoconut.com\/\"},{\"@type\":\"ListItem\",\"position\":2,\"name\":\"Qualit\u00e4t\"}]},{\"@type\":\"WebSite\",\"@id\":\"https:\/\/genuinecoconut.com\/#website\",\"url\":\"https:\/\/genuinecoconut.com\/\",\"name\":\"Genuine Coconut | Coconut Water\",\"description\":\"Agua de Coco natural, org\u00e1nico de Tailandia.\",\"publisher\":{\"@id\":\"https:\/\/genuinecoconut.com\/#organization\"},\"potentialAction\":[{\"@type\":\"SearchAction\",\"target\":{\"@type\":\"EntryPoint\",\"urlTemplate\":\"https:\/\/genuinecoconut.com\/?s={search_term_string}\"},\"query-input\":{\"@type\":\"PropertyValueSpecification\",\"valueRequired\":true,\"valueName\":\"search_term_string\"}}],\"inLanguage\":\"de\"},{\"@type\":\"Organization\",\"@id\":\"https:\/\/genuinecoconut.com\/#organization\",\"name\":\"Genuine Coconut\",\"url\":\"https:\/\/genuinecoconut.com\/\",\"logo\":{\"@type\":\"ImageObject\",\"inLanguage\":\"de\",\"@id\":\"https:\/\/genuinecoconut.com\/#\/schema\/logo\/image\/\",\"url\":\"https:\/\/genuinecoconut.com\/wp-content\/uploads\/2015\/07\/genuine-coconut-factura.jpg\",\"contentUrl\":\"https:\/\/genuinecoconut.com\/wp-content\/uploads\/2015\/07\/genuine-coconut-factura.jpg\",\"width\":575,\"height\":345,\"caption\":\"Genuine Coconut\"},\"image\":{\"@id\":\"https:\/\/genuinecoconut.com\/#\/schema\/logo\/image\/\"},\"sameAs\":[\"https:\/\/www.facebook.com\/GenuineCoconut\",\"https:\/\/x.com\/GenuineCoconut\",\"https:\/\/instagram.com\/genuinecoconut\/\",\"https:\/\/es.pinterest.com\/genuinecoconut\/\",\"https:\/\/youtube.com\/genuinecoconut\"]}]}<\/script>\n<!-- \/ Yoast SEO plugin. -->","yoast_head_json":{"title":"Qualit\u00e4t| Biologisches Kokosnusswasser Genuine Coconut","description":"Kokosnusswasser mit Qualit\u00e4tsgarantie: Zertifikate der Nachhaltigkeit, Hygiene, Sicherheit, biologischer Anbau, 100 % naturrein und Umweltschutzverpflichtung","robots":{"index":"index","follow":"follow","max-snippet":"max-snippet:-1","max-image-preview":"max-image-preview:large","max-video-preview":"max-video-preview:-1"},"canonical":"https:\/\/genuinecoconut.com\/our-coconut-water-quality\/","og_locale":"de_DE","og_type":"article","og_title":"Qualit\u00e4t| Biologisches Kokosnusswasser Genuine Coconut","og_description":"Kokosnusswasser mit Qualit\u00e4tsgarantie: Zertifikate der Nachhaltigkeit, Hygiene, Sicherheit, biologischer Anbau, 100 % naturrein und Umweltschutzverpflichtung","og_url":"https:\/\/genuinecoconut.com\/our-coconut-water-quality\/","og_site_name":"Genuine Coconut | Coconut Water","article_publisher":"https:\/\/www.facebook.com\/GenuineCoconut","article_modified_time":"2024-05-23T08:17:25+00:00","og_image":[{"width":1920,"height":1080,"url":"https:\/\/genuinecoconut.com\/wp-content\/uploads\/2018\/01\/origin-thailand-coconuts.jpg","type":"image\/jpeg"}],"twitter_card":"summary_large_image","twitter_site":"@GenuineCoconut","twitter_misc":{"Gesch\u00e4tzte Lesezeit":"3\u00a0Minuten"},"schema":{"@context":"https:\/\/schema.org","@graph":[{"@type":"WebPage","@id":"https:\/\/genuinecoconut.com\/our-coconut-water-quality\/","url":"https:\/\/genuinecoconut.com\/our-coconut-water-quality\/","name":"Qualit\u00e4t| Biologisches Kokosnusswasser Genuine Coconut","isPartOf":{"@id":"https:\/\/genuinecoconut.com\/#website"},"datePublished":"2015-07-31T07:32:42+00:00","dateModified":"2024-05-23T08:17:25+00:00","description":"Kokosnusswasser mit Qualit\u00e4tsgarantie: Zertifikate der Nachhaltigkeit, Hygiene, Sicherheit, biologischer Anbau, 100 % naturrein und Umweltschutzverpflichtung","breadcrumb":{"@id":"https:\/\/genuinecoconut.com\/our-coconut-water-quality\/#breadcrumb"},"inLanguage":"de","potentialAction":[{"@type":"ReadAction","target":["https:\/\/genuinecoconut.com\/our-coconut-water-quality\/"]}]},{"@type":"BreadcrumbList","@id":"https:\/\/genuinecoconut.com\/our-coconut-water-quality\/#breadcrumb","itemListElement":[{"@type":"ListItem","position":1,"name":"Home","item":"https:\/\/genuinecoconut.com\/"},{"@type":"ListItem","position":2,"name":"Qualit\u00e4t"}]},{"@type":"WebSite","@id":"https:\/\/genuinecoconut.com\/#website","url":"https:\/\/genuinecoconut.com\/","name":"Genuine Coconut | Coconut Water","description":"Agua de Coco natural, org\u00e1nico de Tailandia.","publisher":{"@id":"https:\/\/genuinecoconut.com\/#organization"},"potentialAction":[{"@type":"SearchAction","target":{"@type":"EntryPoint","urlTemplate":"https:\/\/genuinecoconut.com\/?s={search_term_string}"},"query-input":{"@type":"PropertyValueSpecification","valueRequired":true,"valueName":"search_term_string"}}],"inLanguage":"de"},{"@type":"Organization","@id":"https:\/\/genuinecoconut.com\/#organization","name":"Genuine Coconut","url":"https:\/\/genuinecoconut.com\/","logo":{"@type":"ImageObject","inLanguage":"de","@id":"https:\/\/genuinecoconut.com\/#\/schema\/logo\/image\/","url":"https:\/\/genuinecoconut.com\/wp-content\/uploads\/2015\/07\/genuine-coconut-factura.jpg","contentUrl":"https:\/\/genuinecoconut.com\/wp-content\/uploads\/2015\/07\/genuine-coconut-factura.jpg","width":575,"height":345,"caption":"Genuine Coconut"},"image":{"@id":"https:\/\/genuinecoconut.com\/#\/schema\/logo\/image\/"},"sameAs":["https:\/\/www.facebook.com\/GenuineCoconut","https:\/\/x.com\/GenuineCoconut","https:\/\/instagram.com\/genuinecoconut\/","https:\/\/es.pinterest.com\/genuinecoconut\/","https:\/\/youtube.com\/genuinecoconut"]}]}},"_links":{"self":[{"href":"https:\/\/genuinecoconut.com\/de\/wp-json\/wp\/v2\/pages\/2084","targetHints":{"allow":["GET"]}}],"collection":[{"href":"https:\/\/genuinecoconut.com\/de\/wp-json\/wp\/v2\/pages"}],"about":[{"href":"https:\/\/genuinecoconut.com\/de\/wp-json\/wp\/v2\/types\/page"}],"author":[{"embeddable":true,"href":"https:\/\/genuinecoconut.com\/de\/wp-json\/wp\/v2\/users\/2"}],"replies":[{"embeddable":true,"href":"https:\/\/genuinecoconut.com\/de\/wp-json\/wp\/v2\/comments?post=2084"}],"version-history":[{"count":3,"href":"https:\/\/genuinecoconut.com\/de\/wp-json\/wp\/v2\/pages\/2084\/revisions"}],"predecessor-version":[{"id":19300,"href":"https:\/\/genuinecoconut.com\/de\/wp-json\/wp\/v2\/pages\/2084\/revisions\/19300"}],"wp:attachment":[{"href":"https:\/\/genuinecoconut.com\/de\/wp-json\/wp\/v2\/media?parent=2084"}],"curies":[{"name":"wp","href":"https:\/\/api.w.org\/{rel}","templated":true}]}}