{"id":2080,"date":"2015-07-31T09:16:06","date_gmt":"2015-07-31T07:16:06","guid":{"rendered":"https:\/\/genuinecoconut.com\/?page_id=2080"},"modified":"2024-05-21T09:31:49","modified_gmt":"2024-05-21T09:31:49","slug":"einfaches-offnungssystem","status":"publish","type":"page","link":"https:\/\/genuinecoconut.com\/de\/einfaches-offnungssystem\/","title":{"rendered":"Einfaches \u00d6ffnungssystem"},"content":{"rendered":"<div class=\"wpb-content-wrapper\"><p>[vc_row equal_height=&#8220;yes&#8220; columns_height=&#8220;adjust_cols_height&#8220; background_style=&#8220;normal&#8220;][vc_column width=&#8220;1\/2&#8243; css=&#8220;.vc_custom_1427788586696{padding-top: 8% !important;padding-right: 8% !important;padding-bottom: 8% !important;padding-left: 8% !important;}&#8220;][vc_column_text]<\/p>\n<h1 style=\"text-align: center;\"><strong><span style=\"font-size: 200%;\">Einfaches<br \/>\n\u00d6ffnungssystem<\/span><\/strong><\/h1>\n<p>[\/vc_column_text][vc_column_text]<\/p>\n<p style=\"text-align: center;\">Trinken Sie \u00fcberall Kokosnusswasser<\/p>\n<p>[\/vc_column_text][vc_separator][vc_row_inner type=&#8220;boxed&#8220;][vc_column_inner][vc_column_text]K\u00f6nnen Sie sich vorstellen, dieses erfrischende und naturreine Getr\u00e4nk in Ihrem eigenen Paradies zu genie\u00dfen? Wir m\u00f6chten, dass Sie das Kokosnusswasser \u00fcberall auf authentische, einfache und bequeme Art, d. h. ohne Werkzeuge zur \u00d6ffnung, genie\u00dfen k\u00f6nnen. Aus diesem Grund haben wir geforscht und mit unseren Ingenieuren zusammengearbeitet, um es m\u00f6glich zu machen. Wie lautet die L\u00f6sung? Ein patentiertes einfaches \u00d6ffnungssystem, das direkt auf die Frucht aufgebracht wird. Damit ist Genuine Coconut das einzige biologische, reine und unber\u00fchrte Kokosnusswasser auf dem Markt, das Sie in seiner Originalverpackung verzehren k\u00f6nnen.[\/vc_column_text][\/vc_column_inner][\/vc_row_inner][vc_separator][\/vc_column][vc_column width=&#8220;1\/2&#8243; css=&#8220;.vc_custom_1516117120031{background-image: url(https:\/\/genuinecoconut.com\/wp-content\/uploads\/2015\/03\/agua-de-coco-coconut-easy-opening.jpg?id=5307) !important;background-position: center !important;background-repeat: no-repeat !important;background-size: cover !important;}&#8220;][vc_empty_space][\/vc_column][\/vc_row][vc_row][vc_column][vc_empty_space][\/vc_column][\/vc_row]<\/p>\n<\/div>","protected":false},"excerpt":{"rendered":"<p>[vc_row equal_height=&#8220;yes&#8220; columns_height=&#8220;adjust_cols_height&#8220; background_style=&#8220;normal&#8220;][vc_column width=&#8220;1\/2&#8243; css=&#8220;.vc_custom_1427788586696{padding-top: 8% !important;padding-right: 8% !important;padding-bottom: 8% !important;padding-left: 8% !important;}&#8220;][vc_column_text] Einfaches \u00d6ffnungssystem [\/vc_column_text][vc_column_text] Trinken Sie \u00fcberall Kokosnusswasser [\/vc_column_text][vc_separator][vc_row_inner type=&#8220;boxed&#8220;][vc_column_inner][vc_column_text]K\u00f6nnen Sie sich vorstellen, dieses erfrischende und naturreine Getr\u00e4nk in Ihrem eigenen Paradies zu genie\u00dfen? Wir m\u00f6chten, dass Sie das Kokosnusswasser \u00fcberall auf authentische, einfache und bequeme Art, d. h. ohne Werkzeuge zur [&hellip;]<\/p>\n","protected":false},"author":2,"featured_media":0,"parent":0,"menu_order":0,"comment_status":"closed","ping_status":"closed","template":"page-full-width.php","meta":{"footnotes":""},"class_list":["post-2080","page","type-page","status-publish","hentry"],"yoast_head":"<!-- This site is optimized with the Yoast SEO plugin v27.1.1 - https:\/\/yoast.com\/product\/yoast-seo-wordpress\/ -->\n<title>Einfaches \u00d6ffnungssystem | Biologisches Kokosnusswasser in seiner Originalverpackung<\/title>\n<meta name=\"description\" content=\"- Trinken Sie Kokosnusswasser aus der Kokosnuss selbst, d. h. unverarbeitet und aus seiner Originalverpackung. Mit seinem einfachem \u00d6ffnungssystem k\u00f6nnen Sie sich \u00fcberall damit erfrischen.\" \/>\n<meta name=\"robots\" content=\"index, follow, max-snippet:-1, max-image-preview:large, max-video-preview:-1\" \/>\n<link rel=\"canonical\" href=\"https:\/\/genuinecoconut.com\/easy-opening-system\/\" \/>\n<meta property=\"og:locale\" content=\"de_DE\" \/>\n<meta property=\"og:type\" content=\"article\" \/>\n<meta property=\"og:title\" content=\"Einfaches \u00d6ffnungssystem | Biologisches Kokosnusswasser in seiner Originalverpackung\" \/>\n<meta property=\"og:description\" content=\"- Trinken Sie Kokosnusswasser aus der Kokosnuss selbst, d. h. unverarbeitet und aus seiner Originalverpackung. Mit seinem einfachem \u00d6ffnungssystem k\u00f6nnen Sie sich \u00fcberall damit erfrischen.\" \/>\n<meta property=\"og:url\" content=\"https:\/\/genuinecoconut.com\/easy-opening-system\/\" \/>\n<meta property=\"og:site_name\" content=\"Genuine Coconut | Coconut Water\" \/>\n<meta property=\"article:publisher\" content=\"https:\/\/www.facebook.com\/GenuineCoconut\" \/>\n<meta property=\"article:modified_time\" content=\"2024-05-21T09:31:49+00:00\" \/>\n<meta property=\"og:image\" content=\"https:\/\/genuinecoconut.com\/wp-content\/uploads\/2018\/01\/origin-thailand-coconuts.jpg\" \/>\n\t<meta property=\"og:image:width\" content=\"1920\" \/>\n\t<meta property=\"og:image:height\" content=\"1080\" \/>\n\t<meta property=\"og:image:type\" content=\"image\/jpeg\" \/>\n<meta name=\"twitter:card\" content=\"summary_large_image\" \/>\n<meta name=\"twitter:site\" content=\"@GenuineCoconut\" \/>\n<meta name=\"twitter:label1\" content=\"Gesch\u00e4tzte Lesezeit\" \/>\n\t<meta name=\"twitter:data1\" content=\"1\u00a0Minute\" \/>\n<script type=\"application\/ld+json\" class=\"yoast-schema-graph\">{\"@context\":\"https:\/\/schema.org\",\"@graph\":[{\"@type\":\"WebPage\",\"@id\":\"https:\/\/genuinecoconut.com\/easy-opening-system\/\",\"url\":\"https:\/\/genuinecoconut.com\/easy-opening-system\/\",\"name\":\"Einfaches \u00d6ffnungssystem | Biologisches Kokosnusswasser in seiner Originalverpackung\",\"isPartOf\":{\"@id\":\"https:\/\/genuinecoconut.com\/#website\"},\"datePublished\":\"2015-07-31T07:16:06+00:00\",\"dateModified\":\"2024-05-21T09:31:49+00:00\",\"description\":\"- Trinken Sie Kokosnusswasser aus der Kokosnuss selbst, d. h. unverarbeitet und aus seiner Originalverpackung. Mit seinem einfachem \u00d6ffnungssystem k\u00f6nnen Sie sich \u00fcberall damit erfrischen.\",\"breadcrumb\":{\"@id\":\"https:\/\/genuinecoconut.com\/easy-opening-system\/#breadcrumb\"},\"inLanguage\":\"de\",\"potentialAction\":[{\"@type\":\"ReadAction\",\"target\":[\"https:\/\/genuinecoconut.com\/easy-opening-system\/\"]}]},{\"@type\":\"BreadcrumbList\",\"@id\":\"https:\/\/genuinecoconut.com\/easy-opening-system\/#breadcrumb\",\"itemListElement\":[{\"@type\":\"ListItem\",\"position\":1,\"name\":\"Home\",\"item\":\"https:\/\/genuinecoconut.com\/\"},{\"@type\":\"ListItem\",\"position\":2,\"name\":\"Einfaches \u00d6ffnungssystem\"}]},{\"@type\":\"WebSite\",\"@id\":\"https:\/\/genuinecoconut.com\/#website\",\"url\":\"https:\/\/genuinecoconut.com\/\",\"name\":\"Genuine Coconut | Coconut Water\",\"description\":\"Agua de Coco natural, org\u00e1nico de Tailandia.\",\"publisher\":{\"@id\":\"https:\/\/genuinecoconut.com\/#organization\"},\"potentialAction\":[{\"@type\":\"SearchAction\",\"target\":{\"@type\":\"EntryPoint\",\"urlTemplate\":\"https:\/\/genuinecoconut.com\/?s={search_term_string}\"},\"query-input\":{\"@type\":\"PropertyValueSpecification\",\"valueRequired\":true,\"valueName\":\"search_term_string\"}}],\"inLanguage\":\"de\"},{\"@type\":\"Organization\",\"@id\":\"https:\/\/genuinecoconut.com\/#organization\",\"name\":\"Genuine Coconut\",\"url\":\"https:\/\/genuinecoconut.com\/\",\"logo\":{\"@type\":\"ImageObject\",\"inLanguage\":\"de\",\"@id\":\"https:\/\/genuinecoconut.com\/#\/schema\/logo\/image\/\",\"url\":\"https:\/\/genuinecoconut.com\/wp-content\/uploads\/2015\/07\/genuine-coconut-factura.jpg\",\"contentUrl\":\"https:\/\/genuinecoconut.com\/wp-content\/uploads\/2015\/07\/genuine-coconut-factura.jpg\",\"width\":575,\"height\":345,\"caption\":\"Genuine Coconut\"},\"image\":{\"@id\":\"https:\/\/genuinecoconut.com\/#\/schema\/logo\/image\/\"},\"sameAs\":[\"https:\/\/www.facebook.com\/GenuineCoconut\",\"https:\/\/x.com\/GenuineCoconut\",\"https:\/\/instagram.com\/genuinecoconut\/\",\"https:\/\/es.pinterest.com\/genuinecoconut\/\",\"https:\/\/youtube.com\/genuinecoconut\"]}]}<\/script>\n<!-- \/ Yoast SEO plugin. -->","yoast_head_json":{"title":"Einfaches \u00d6ffnungssystem | Biologisches Kokosnusswasser in seiner Originalverpackung","description":"- Trinken Sie Kokosnusswasser aus der Kokosnuss selbst, d. h. unverarbeitet und aus seiner Originalverpackung. Mit seinem einfachem \u00d6ffnungssystem k\u00f6nnen Sie sich \u00fcberall damit erfrischen.","robots":{"index":"index","follow":"follow","max-snippet":"max-snippet:-1","max-image-preview":"max-image-preview:large","max-video-preview":"max-video-preview:-1"},"canonical":"https:\/\/genuinecoconut.com\/easy-opening-system\/","og_locale":"de_DE","og_type":"article","og_title":"Einfaches \u00d6ffnungssystem | Biologisches Kokosnusswasser in seiner Originalverpackung","og_description":"- Trinken Sie Kokosnusswasser aus der Kokosnuss selbst, d. h. unverarbeitet und aus seiner Originalverpackung. Mit seinem einfachem \u00d6ffnungssystem k\u00f6nnen Sie sich \u00fcberall damit erfrischen.","og_url":"https:\/\/genuinecoconut.com\/easy-opening-system\/","og_site_name":"Genuine Coconut | Coconut Water","article_publisher":"https:\/\/www.facebook.com\/GenuineCoconut","article_modified_time":"2024-05-21T09:31:49+00:00","og_image":[{"width":1920,"height":1080,"url":"https:\/\/genuinecoconut.com\/wp-content\/uploads\/2018\/01\/origin-thailand-coconuts.jpg","type":"image\/jpeg"}],"twitter_card":"summary_large_image","twitter_site":"@GenuineCoconut","twitter_misc":{"Gesch\u00e4tzte Lesezeit":"1\u00a0Minute"},"schema":{"@context":"https:\/\/schema.org","@graph":[{"@type":"WebPage","@id":"https:\/\/genuinecoconut.com\/easy-opening-system\/","url":"https:\/\/genuinecoconut.com\/easy-opening-system\/","name":"Einfaches \u00d6ffnungssystem | Biologisches Kokosnusswasser in seiner Originalverpackung","isPartOf":{"@id":"https:\/\/genuinecoconut.com\/#website"},"datePublished":"2015-07-31T07:16:06+00:00","dateModified":"2024-05-21T09:31:49+00:00","description":"- Trinken Sie Kokosnusswasser aus der Kokosnuss selbst, d. h. unverarbeitet und aus seiner Originalverpackung. Mit seinem einfachem \u00d6ffnungssystem k\u00f6nnen Sie sich \u00fcberall damit erfrischen.","breadcrumb":{"@id":"https:\/\/genuinecoconut.com\/easy-opening-system\/#breadcrumb"},"inLanguage":"de","potentialAction":[{"@type":"ReadAction","target":["https:\/\/genuinecoconut.com\/easy-opening-system\/"]}]},{"@type":"BreadcrumbList","@id":"https:\/\/genuinecoconut.com\/easy-opening-system\/#breadcrumb","itemListElement":[{"@type":"ListItem","position":1,"name":"Home","item":"https:\/\/genuinecoconut.com\/"},{"@type":"ListItem","position":2,"name":"Einfaches \u00d6ffnungssystem"}]},{"@type":"WebSite","@id":"https:\/\/genuinecoconut.com\/#website","url":"https:\/\/genuinecoconut.com\/","name":"Genuine Coconut | Coconut Water","description":"Agua de Coco natural, org\u00e1nico de Tailandia.","publisher":{"@id":"https:\/\/genuinecoconut.com\/#organization"},"potentialAction":[{"@type":"SearchAction","target":{"@type":"EntryPoint","urlTemplate":"https:\/\/genuinecoconut.com\/?s={search_term_string}"},"query-input":{"@type":"PropertyValueSpecification","valueRequired":true,"valueName":"search_term_string"}}],"inLanguage":"de"},{"@type":"Organization","@id":"https:\/\/genuinecoconut.com\/#organization","name":"Genuine Coconut","url":"https:\/\/genuinecoconut.com\/","logo":{"@type":"ImageObject","inLanguage":"de","@id":"https:\/\/genuinecoconut.com\/#\/schema\/logo\/image\/","url":"https:\/\/genuinecoconut.com\/wp-content\/uploads\/2015\/07\/genuine-coconut-factura.jpg","contentUrl":"https:\/\/genuinecoconut.com\/wp-content\/uploads\/2015\/07\/genuine-coconut-factura.jpg","width":575,"height":345,"caption":"Genuine Coconut"},"image":{"@id":"https:\/\/genuinecoconut.com\/#\/schema\/logo\/image\/"},"sameAs":["https:\/\/www.facebook.com\/GenuineCoconut","https:\/\/x.com\/GenuineCoconut","https:\/\/instagram.com\/genuinecoconut\/","https:\/\/es.pinterest.com\/genuinecoconut\/","https:\/\/youtube.com\/genuinecoconut"]}]}},"_links":{"self":[{"href":"https:\/\/genuinecoconut.com\/de\/wp-json\/wp\/v2\/pages\/2080","targetHints":{"allow":["GET"]}}],"collection":[{"href":"https:\/\/genuinecoconut.com\/de\/wp-json\/wp\/v2\/pages"}],"about":[{"href":"https:\/\/genuinecoconut.com\/de\/wp-json\/wp\/v2\/types\/page"}],"author":[{"embeddable":true,"href":"https:\/\/genuinecoconut.com\/de\/wp-json\/wp\/v2\/users\/2"}],"replies":[{"embeddable":true,"href":"https:\/\/genuinecoconut.com\/de\/wp-json\/wp\/v2\/comments?post=2080"}],"version-history":[{"count":1,"href":"https:\/\/genuinecoconut.com\/de\/wp-json\/wp\/v2\/pages\/2080\/revisions"}],"predecessor-version":[{"id":19026,"href":"https:\/\/genuinecoconut.com\/de\/wp-json\/wp\/v2\/pages\/2080\/revisions\/19026"}],"wp:attachment":[{"href":"https:\/\/genuinecoconut.com\/de\/wp-json\/wp\/v2\/media?parent=2080"}],"curies":[{"name":"wp","href":"https:\/\/api.w.org\/{rel}","templated":true}]}}