{"id":2077,"date":"2015-07-31T09:13:57","date_gmt":"2015-07-31T07:13:57","guid":{"rendered":"https:\/\/genuinecoconut.com\/?page_id=2077"},"modified":"2024-05-21T09:31:48","modified_gmt":"2024-05-21T09:31:48","slug":"naturliche-verpackung","status":"publish","type":"page","link":"https:\/\/genuinecoconut.com\/de\/naturliche-verpackung\/","title":{"rendered":"Nat\u00fcrliche Verpackung"},"content":{"rendered":"<div class=\"wpb-content-wrapper\"><p>[vc_row equal_height=&#8220;yes&#8220; columns_height=&#8220;adjust_cols_height&#8220; background_style=&#8220;normal&#8220;][vc_column width=&#8220;1\/2&#8243; css=&#8220;.vc_custom_1516122088370{background-image: url(https:\/\/genuinecoconut.com\/wp-content\/uploads\/2015\/07\/agua-de-coco-coconut-water-natural-container.jpg?id=5322) !important;background-position: center !important;background-repeat: no-repeat !important;background-size: cover !important;}&#8220;][vc_empty_space][\/vc_column][vc_column width=&#8220;1\/2&#8243; css=&#8220;.vc_custom_1431676848501{padding-top: 8% !important;padding-right: 8% !important;padding-bottom: 8% !important;padding-left: 8% !important;}&#8220;][vc_column_text]<\/p>\n<h1 style=\"text-align: center;\"><strong><span style=\"font-size: 200%;\">Nat\u00fcrliche<br \/>\nVerpackung<br \/>\n<\/span><\/strong><\/h1>\n<p>[\/vc_column_text][vc_column_text]Die beste Verpackung der Welt &#8211; die Kokosnuss[\/vc_column_text][vc_separator][vc_row_inner type=&#8220;boxed&#8220;][vc_column_inner][vc_column_text]Kokosnusswasser direkt und nat\u00fcrlich aus der Kokosnuss in ihrer Originalverpackung wie auch vollst\u00e4ndig unbehandelt trinken zu k\u00f6nnen &#8211; das macht Genuine Coconut einzigartig.<br \/>\nVorteile? Wir erhalten den nat\u00fcrlichen Schutz, sodass das darin enthaltene Wasser vollst\u00e4ndig aseptisch und unber\u00fchrt, d. h. 100 % frei von allen Arten Mikroben, ist und seinen kompletten Geschmack und sein Aroma bewahrt. Dazu kommt, dass es sich um Kokosn\u00fcsse aus organischem Anbau handelt, der die biologischen Zyklen ber\u00fccksichtigt und zur Gesundheit der landwirtschaftlichen Systeme beitr\u00e4gt.[\/vc_column_text][\/vc_column_inner][\/vc_row_inner][vc_separator][\/vc_column][\/vc_row][vc_row][vc_column][vc_empty_space][\/vc_column][\/vc_row]<\/p>\n<\/div>","protected":false},"excerpt":{"rendered":"<p>[vc_row equal_height=&#8220;yes&#8220; columns_height=&#8220;adjust_cols_height&#8220; background_style=&#8220;normal&#8220;][vc_column width=&#8220;1\/2&#8243; css=&#8220;.vc_custom_1516122088370{background-image: url(https:\/\/genuinecoconut.com\/wp-content\/uploads\/2015\/07\/agua-de-coco-coconut-water-natural-container.jpg?id=5322) !important;background-position: center !important;background-repeat: no-repeat !important;background-size: cover !important;}&#8220;][vc_empty_space][\/vc_column][vc_column width=&#8220;1\/2&#8243; css=&#8220;.vc_custom_1431676848501{padding-top: 8% !important;padding-right: 8% !important;padding-bottom: 8% !important;padding-left: 8% !important;}&#8220;][vc_column_text] Nat\u00fcrliche Verpackung [\/vc_column_text][vc_column_text]Die beste Verpackung der Welt &#8211; die Kokosnuss[\/vc_column_text][vc_separator][vc_row_inner type=&#8220;boxed&#8220;][vc_column_inner][vc_column_text]Kokosnusswasser direkt und nat\u00fcrlich aus der Kokosnuss in ihrer Originalverpackung wie auch vollst\u00e4ndig unbehandelt trinken zu k\u00f6nnen &#8211; das macht Genuine [&hellip;]<\/p>\n","protected":false},"author":2,"featured_media":0,"parent":0,"menu_order":0,"comment_status":"closed","ping_status":"closed","template":"page-full-width.php","meta":{"footnotes":""},"class_list":["post-2077","page","type-page","status-publish","hentry"],"yoast_head":"<!-- This site is optimized with the Yoast SEO plugin v27.1.1 - https:\/\/yoast.com\/product\/yoast-seo-wordpress\/ -->\n<title>Einfache \u00d6ffnung| Biologisches Kokosnusswasser Genuine Coconut<\/title>\n<meta name=\"description\" content=\"Trinken Sie Kokosnusswasser aus der Kokosnuss selbst, d. h. unverarbeitet und aus seiner Originalverpackung. Mit seinem einfachem \u00d6ffnungssystem k\u00f6nnen Sie sich \u00fcberall damit erfrischen.\" \/>\n<meta name=\"robots\" content=\"index, follow, max-snippet:-1, max-image-preview:large, max-video-preview:-1\" \/>\n<link rel=\"canonical\" href=\"https:\/\/genuinecoconut.com\/natural-container\/\" \/>\n<meta property=\"og:locale\" content=\"de_DE\" \/>\n<meta property=\"og:type\" content=\"article\" \/>\n<meta property=\"og:title\" content=\"Einfache \u00d6ffnung| Biologisches Kokosnusswasser Genuine Coconut\" \/>\n<meta property=\"og:description\" content=\"Trinken Sie Kokosnusswasser aus der Kokosnuss selbst, d. h. unverarbeitet und aus seiner Originalverpackung. Mit seinem einfachem \u00d6ffnungssystem k\u00f6nnen Sie sich \u00fcberall damit erfrischen.\" \/>\n<meta property=\"og:url\" content=\"https:\/\/genuinecoconut.com\/natural-container\/\" \/>\n<meta property=\"og:site_name\" content=\"Genuine Coconut | Coconut Water\" \/>\n<meta property=\"article:publisher\" content=\"https:\/\/www.facebook.com\/GenuineCoconut\" \/>\n<meta property=\"article:modified_time\" content=\"2024-05-21T09:31:48+00:00\" \/>\n<meta property=\"og:image\" content=\"https:\/\/genuinecoconut.com\/wp-content\/uploads\/2018\/01\/origin-thailand-coconuts.jpg\" \/>\n\t<meta property=\"og:image:width\" content=\"1920\" \/>\n\t<meta property=\"og:image:height\" content=\"1080\" \/>\n\t<meta property=\"og:image:type\" content=\"image\/jpeg\" \/>\n<meta name=\"twitter:card\" content=\"summary_large_image\" \/>\n<meta name=\"twitter:site\" content=\"@GenuineCoconut\" \/>\n<meta name=\"twitter:label1\" content=\"Gesch\u00e4tzte Lesezeit\" \/>\n\t<meta name=\"twitter:data1\" content=\"1\u00a0Minute\" \/>\n<script type=\"application\/ld+json\" class=\"yoast-schema-graph\">{\"@context\":\"https:\/\/schema.org\",\"@graph\":[{\"@type\":\"WebPage\",\"@id\":\"https:\/\/genuinecoconut.com\/natural-container\/\",\"url\":\"https:\/\/genuinecoconut.com\/natural-container\/\",\"name\":\"Einfache \u00d6ffnung| Biologisches Kokosnusswasser Genuine Coconut\",\"isPartOf\":{\"@id\":\"https:\/\/genuinecoconut.com\/#website\"},\"datePublished\":\"2015-07-31T07:13:57+00:00\",\"dateModified\":\"2024-05-21T09:31:48+00:00\",\"description\":\"Trinken Sie Kokosnusswasser aus der Kokosnuss selbst, d. h. unverarbeitet und aus seiner Originalverpackung. Mit seinem einfachem \u00d6ffnungssystem k\u00f6nnen Sie sich \u00fcberall damit erfrischen.\",\"breadcrumb\":{\"@id\":\"https:\/\/genuinecoconut.com\/natural-container\/#breadcrumb\"},\"inLanguage\":\"de\",\"potentialAction\":[{\"@type\":\"ReadAction\",\"target\":[\"https:\/\/genuinecoconut.com\/natural-container\/\"]}]},{\"@type\":\"BreadcrumbList\",\"@id\":\"https:\/\/genuinecoconut.com\/natural-container\/#breadcrumb\",\"itemListElement\":[{\"@type\":\"ListItem\",\"position\":1,\"name\":\"Home\",\"item\":\"https:\/\/genuinecoconut.com\/\"},{\"@type\":\"ListItem\",\"position\":2,\"name\":\"Nat\u00fcrliche Verpackung\"}]},{\"@type\":\"WebSite\",\"@id\":\"https:\/\/genuinecoconut.com\/#website\",\"url\":\"https:\/\/genuinecoconut.com\/\",\"name\":\"Genuine Coconut | Coconut Water\",\"description\":\"Agua de Coco natural, org\u00e1nico de Tailandia.\",\"publisher\":{\"@id\":\"https:\/\/genuinecoconut.com\/#organization\"},\"potentialAction\":[{\"@type\":\"SearchAction\",\"target\":{\"@type\":\"EntryPoint\",\"urlTemplate\":\"https:\/\/genuinecoconut.com\/?s={search_term_string}\"},\"query-input\":{\"@type\":\"PropertyValueSpecification\",\"valueRequired\":true,\"valueName\":\"search_term_string\"}}],\"inLanguage\":\"de\"},{\"@type\":\"Organization\",\"@id\":\"https:\/\/genuinecoconut.com\/#organization\",\"name\":\"Genuine Coconut\",\"url\":\"https:\/\/genuinecoconut.com\/\",\"logo\":{\"@type\":\"ImageObject\",\"inLanguage\":\"de\",\"@id\":\"https:\/\/genuinecoconut.com\/#\/schema\/logo\/image\/\",\"url\":\"https:\/\/genuinecoconut.com\/wp-content\/uploads\/2015\/07\/genuine-coconut-factura.jpg\",\"contentUrl\":\"https:\/\/genuinecoconut.com\/wp-content\/uploads\/2015\/07\/genuine-coconut-factura.jpg\",\"width\":575,\"height\":345,\"caption\":\"Genuine Coconut\"},\"image\":{\"@id\":\"https:\/\/genuinecoconut.com\/#\/schema\/logo\/image\/\"},\"sameAs\":[\"https:\/\/www.facebook.com\/GenuineCoconut\",\"https:\/\/x.com\/GenuineCoconut\",\"https:\/\/instagram.com\/genuinecoconut\/\",\"https:\/\/es.pinterest.com\/genuinecoconut\/\",\"https:\/\/youtube.com\/genuinecoconut\"]}]}<\/script>\n<!-- \/ Yoast SEO plugin. -->","yoast_head_json":{"title":"Einfache \u00d6ffnung| Biologisches Kokosnusswasser Genuine Coconut","description":"Trinken Sie Kokosnusswasser aus der Kokosnuss selbst, d. h. unverarbeitet und aus seiner Originalverpackung. Mit seinem einfachem \u00d6ffnungssystem k\u00f6nnen Sie sich \u00fcberall damit erfrischen.","robots":{"index":"index","follow":"follow","max-snippet":"max-snippet:-1","max-image-preview":"max-image-preview:large","max-video-preview":"max-video-preview:-1"},"canonical":"https:\/\/genuinecoconut.com\/natural-container\/","og_locale":"de_DE","og_type":"article","og_title":"Einfache \u00d6ffnung| Biologisches Kokosnusswasser Genuine Coconut","og_description":"Trinken Sie Kokosnusswasser aus der Kokosnuss selbst, d. h. unverarbeitet und aus seiner Originalverpackung. Mit seinem einfachem \u00d6ffnungssystem k\u00f6nnen Sie sich \u00fcberall damit erfrischen.","og_url":"https:\/\/genuinecoconut.com\/natural-container\/","og_site_name":"Genuine Coconut | Coconut Water","article_publisher":"https:\/\/www.facebook.com\/GenuineCoconut","article_modified_time":"2024-05-21T09:31:48+00:00","og_image":[{"width":1920,"height":1080,"url":"https:\/\/genuinecoconut.com\/wp-content\/uploads\/2018\/01\/origin-thailand-coconuts.jpg","type":"image\/jpeg"}],"twitter_card":"summary_large_image","twitter_site":"@GenuineCoconut","twitter_misc":{"Gesch\u00e4tzte Lesezeit":"1\u00a0Minute"},"schema":{"@context":"https:\/\/schema.org","@graph":[{"@type":"WebPage","@id":"https:\/\/genuinecoconut.com\/natural-container\/","url":"https:\/\/genuinecoconut.com\/natural-container\/","name":"Einfache \u00d6ffnung| Biologisches Kokosnusswasser Genuine Coconut","isPartOf":{"@id":"https:\/\/genuinecoconut.com\/#website"},"datePublished":"2015-07-31T07:13:57+00:00","dateModified":"2024-05-21T09:31:48+00:00","description":"Trinken Sie Kokosnusswasser aus der Kokosnuss selbst, d. h. unverarbeitet und aus seiner Originalverpackung. Mit seinem einfachem \u00d6ffnungssystem k\u00f6nnen Sie sich \u00fcberall damit erfrischen.","breadcrumb":{"@id":"https:\/\/genuinecoconut.com\/natural-container\/#breadcrumb"},"inLanguage":"de","potentialAction":[{"@type":"ReadAction","target":["https:\/\/genuinecoconut.com\/natural-container\/"]}]},{"@type":"BreadcrumbList","@id":"https:\/\/genuinecoconut.com\/natural-container\/#breadcrumb","itemListElement":[{"@type":"ListItem","position":1,"name":"Home","item":"https:\/\/genuinecoconut.com\/"},{"@type":"ListItem","position":2,"name":"Nat\u00fcrliche Verpackung"}]},{"@type":"WebSite","@id":"https:\/\/genuinecoconut.com\/#website","url":"https:\/\/genuinecoconut.com\/","name":"Genuine Coconut | Coconut Water","description":"Agua de Coco natural, org\u00e1nico de Tailandia.","publisher":{"@id":"https:\/\/genuinecoconut.com\/#organization"},"potentialAction":[{"@type":"SearchAction","target":{"@type":"EntryPoint","urlTemplate":"https:\/\/genuinecoconut.com\/?s={search_term_string}"},"query-input":{"@type":"PropertyValueSpecification","valueRequired":true,"valueName":"search_term_string"}}],"inLanguage":"de"},{"@type":"Organization","@id":"https:\/\/genuinecoconut.com\/#organization","name":"Genuine Coconut","url":"https:\/\/genuinecoconut.com\/","logo":{"@type":"ImageObject","inLanguage":"de","@id":"https:\/\/genuinecoconut.com\/#\/schema\/logo\/image\/","url":"https:\/\/genuinecoconut.com\/wp-content\/uploads\/2015\/07\/genuine-coconut-factura.jpg","contentUrl":"https:\/\/genuinecoconut.com\/wp-content\/uploads\/2015\/07\/genuine-coconut-factura.jpg","width":575,"height":345,"caption":"Genuine Coconut"},"image":{"@id":"https:\/\/genuinecoconut.com\/#\/schema\/logo\/image\/"},"sameAs":["https:\/\/www.facebook.com\/GenuineCoconut","https:\/\/x.com\/GenuineCoconut","https:\/\/instagram.com\/genuinecoconut\/","https:\/\/es.pinterest.com\/genuinecoconut\/","https:\/\/youtube.com\/genuinecoconut"]}]}},"_links":{"self":[{"href":"https:\/\/genuinecoconut.com\/de\/wp-json\/wp\/v2\/pages\/2077","targetHints":{"allow":["GET"]}}],"collection":[{"href":"https:\/\/genuinecoconut.com\/de\/wp-json\/wp\/v2\/pages"}],"about":[{"href":"https:\/\/genuinecoconut.com\/de\/wp-json\/wp\/v2\/types\/page"}],"author":[{"embeddable":true,"href":"https:\/\/genuinecoconut.com\/de\/wp-json\/wp\/v2\/users\/2"}],"replies":[{"embeddable":true,"href":"https:\/\/genuinecoconut.com\/de\/wp-json\/wp\/v2\/comments?post=2077"}],"version-history":[{"count":1,"href":"https:\/\/genuinecoconut.com\/de\/wp-json\/wp\/v2\/pages\/2077\/revisions"}],"predecessor-version":[{"id":19025,"href":"https:\/\/genuinecoconut.com\/de\/wp-json\/wp\/v2\/pages\/2077\/revisions\/19025"}],"wp:attachment":[{"href":"https:\/\/genuinecoconut.com\/de\/wp-json\/wp\/v2\/media?parent=2077"}],"curies":[{"name":"wp","href":"https:\/\/api.w.org\/{rel}","templated":true}]}}