{"id":2066,"date":"2014-11-18T15:02:03","date_gmt":"2014-11-18T15:02:03","guid":{"rendered":"https:\/\/genuinecoconut.com\/?page_id=2066"},"modified":"2024-05-21T09:31:45","modified_gmt":"2024-05-21T09:31:45","slug":"herkunftsland-thailand","status":"publish","type":"page","link":"https:\/\/genuinecoconut.com\/de\/herkunftsland-thailand\/","title":{"rendered":"Herkunftsland | Thailand"},"content":{"rendered":"<div class=\"wpb-content-wrapper\"><p>[vc_row equal_height=&#8220;yes&#8220; columns_height=&#8220;adjust_cols_height&#8220; background_style=&#8220;normal&#8220;][vc_column width=&#8220;1\/2&#8243; css=&#8220;.vc_custom_1432129277760{background-image: url(https:\/\/genuinecoconut.com\/wp-content\/uploads\/2015\/03\/pag-origen.jpg?id=46) !important;background-position: center !important;background-repeat: no-repeat !important;background-size: cover !important;}&#8220;][vc_empty_space height=&#8220;350px&#8220;][\/vc_column][vc_column width=&#8220;1\/2&#8243; css=&#8220;.vc_custom_1427788116154{padding-top: 8% !important;padding-right: 8% !important;padding-bottom: 8% !important;padding-left: 8% !important;}&#8220;][vc_column_text]<\/p>\n<h1 style=\"text-align: center;\"><strong><span style=\"font-size: 200%;\">Herkunftsland<br \/>\nThailand<br \/>\n<\/span><\/strong><\/h1>\n<p>[\/vc_column_text][vc_column_text]<\/p>\n<p style=\"text-align: center;\">Die Herkunft von Genuine Coconut<\/p>\n<p>[\/vc_column_text][vc_separator][vc_row_inner css=&#8220;.vc_custom_1413184047380{margin-top: 45px !important;margin-bottom: 15px !important;}&#8220;][vc_column_inner][vc_column_text]Genuine Coconut stammt mitten aus Thailand, wo die Kokospalmen nat\u00fcrlich und biologisch in einem ausgew\u00e4hlten Gebiet, das von zwei der gr\u00f6\u00dften Fl\u00fcsse Thailands bew\u00e4ssert wird, wachsen.<\/p>\n<p>Unsere Kokosn\u00fcsse geh\u00f6ren zur NAM HOM Sorte (aromatische Kokosnuss), die wegen ihres besonderen Dufts, ihrer Frische und S\u00fc\u00dfe weltweit einzig ist. Sie wachsen nat\u00fcrlich und organisch, d. h. ohne Einsatz chemischer Sch\u00e4dlingsbek\u00e4mpfungs- und D\u00fcngemittel.<\/p>\n<p>Das Zusammenspiel von Wasserreichtum, einem fruchtbaren und mineralhaltigen Boden sowie ganzj\u00e4hrigem Sonnenschein machen diese Gegend einzigartig und verleihen den Kokosn\u00fcssen ihren so besonderen und unverf\u00e4lschten Geschmack.<br \/>\n[\/vc_column_text][\/vc_column_inner][\/vc_row_inner][vc_separator][vc_video link=&#8220;https:\/\/youtu.be\/0f3XT5VNq8I&#8220;][\/vc_column][\/vc_row][vc_row][vc_column][vc_column_text] [\/vc_column_text][\/vc_column][\/vc_row]<\/p>\n<\/div>","protected":false},"excerpt":{"rendered":"<p>[vc_row equal_height=&#8220;yes&#8220; columns_height=&#8220;adjust_cols_height&#8220; background_style=&#8220;normal&#8220;][vc_column width=&#8220;1\/2&#8243; css=&#8220;.vc_custom_1432129277760{background-image: url(https:\/\/genuinecoconut.com\/wp-content\/uploads\/2015\/03\/pag-origen.jpg?id=46) !important;background-position: center !important;background-repeat: no-repeat !important;background-size: cover !important;}&#8220;][vc_empty_space height=&#8220;350px&#8220;][\/vc_column][vc_column width=&#8220;1\/2&#8243; css=&#8220;.vc_custom_1427788116154{padding-top: 8% !important;padding-right: 8% !important;padding-bottom: 8% !important;padding-left: 8% !important;}&#8220;][vc_column_text] Herkunftsland Thailand [\/vc_column_text][vc_column_text] Die Herkunft von Genuine Coconut [\/vc_column_text][vc_separator][vc_row_inner css=&#8220;.vc_custom_1413184047380{margin-top: 45px !important;margin-bottom: 15px !important;}&#8220;][vc_column_inner][vc_column_text]Genuine Coconut stammt mitten aus Thailand, wo die Kokospalmen nat\u00fcrlich und biologisch in einem ausgew\u00e4hlten Gebiet, das [&hellip;]<\/p>\n","protected":false},"author":2,"featured_media":0,"parent":0,"menu_order":0,"comment_status":"closed","ping_status":"closed","template":"page-full-width.php","meta":{"footnotes":""},"class_list":["post-2066","page","type-page","status-publish","hentry"],"yoast_head":"<!-- This site is optimized with the Yoast SEO plugin v27.1.1 - https:\/\/yoast.com\/product\/yoast-seo-wordpress\/ -->\n<title>Herkunft | Biologisches Kokosnusswasser Genuine Coconut<\/title>\n<meta name=\"description\" content=\"): Thailand Thailand ist das Herkunftsland unserer aromatischen Nam Hom Kokosnuss. Unverf\u00e4lschter Geschmack, Duft und unverf\u00e4lschte Eigenschaften - ein gesundheitsf\u00f6rderndes Getr\u00e4nk. Entdecken Sie es!\" \/>\n<meta name=\"robots\" content=\"index, follow, max-snippet:-1, max-image-preview:large, max-video-preview:-1\" \/>\n<link rel=\"canonical\" href=\"https:\/\/genuinecoconut.com\/origin-thailand\/\" \/>\n<meta property=\"og:locale\" content=\"de_DE\" \/>\n<meta property=\"og:type\" content=\"article\" \/>\n<meta property=\"og:title\" content=\"Herkunft | Biologisches Kokosnusswasser Genuine Coconut\" \/>\n<meta property=\"og:description\" content=\"): Thailand Thailand ist das Herkunftsland unserer aromatischen Nam Hom Kokosnuss. Unverf\u00e4lschter Geschmack, Duft und unverf\u00e4lschte Eigenschaften - ein gesundheitsf\u00f6rderndes Getr\u00e4nk. Entdecken Sie es!\" \/>\n<meta property=\"og:url\" content=\"https:\/\/genuinecoconut.com\/origin-thailand\/\" \/>\n<meta property=\"og:site_name\" content=\"Genuine Coconut | Coconut Water\" \/>\n<meta property=\"article:publisher\" content=\"https:\/\/www.facebook.com\/GenuineCoconut\" \/>\n<meta property=\"article:modified_time\" content=\"2024-05-21T09:31:45+00:00\" \/>\n<meta property=\"og:image\" content=\"https:\/\/genuinecoconut.com\/wp-content\/uploads\/2018\/01\/origin-thailand-coconuts.jpg\" \/>\n\t<meta property=\"og:image:width\" content=\"1920\" \/>\n\t<meta property=\"og:image:height\" content=\"1080\" \/>\n\t<meta property=\"og:image:type\" content=\"image\/jpeg\" \/>\n<meta name=\"twitter:card\" content=\"summary_large_image\" \/>\n<meta name=\"twitter:site\" content=\"@GenuineCoconut\" \/>\n<meta name=\"twitter:label1\" content=\"Gesch\u00e4tzte Lesezeit\" \/>\n\t<meta name=\"twitter:data1\" content=\"1\u00a0Minute\" \/>\n<script type=\"application\/ld+json\" class=\"yoast-schema-graph\">{\"@context\":\"https:\/\/schema.org\",\"@graph\":[{\"@type\":\"WebPage\",\"@id\":\"https:\/\/genuinecoconut.com\/origin-thailand\/\",\"url\":\"https:\/\/genuinecoconut.com\/origin-thailand\/\",\"name\":\"Herkunft | Biologisches Kokosnusswasser Genuine Coconut\",\"isPartOf\":{\"@id\":\"https:\/\/genuinecoconut.com\/#website\"},\"datePublished\":\"2014-11-18T15:02:03+00:00\",\"dateModified\":\"2024-05-21T09:31:45+00:00\",\"description\":\"): Thailand Thailand ist das Herkunftsland unserer aromatischen Nam Hom Kokosnuss. Unverf\u00e4lschter Geschmack, Duft und unverf\u00e4lschte Eigenschaften - ein gesundheitsf\u00f6rderndes Getr\u00e4nk. Entdecken Sie es!\",\"breadcrumb\":{\"@id\":\"https:\/\/genuinecoconut.com\/origin-thailand\/#breadcrumb\"},\"inLanguage\":\"de\",\"potentialAction\":[{\"@type\":\"ReadAction\",\"target\":[\"https:\/\/genuinecoconut.com\/origin-thailand\/\"]}]},{\"@type\":\"BreadcrumbList\",\"@id\":\"https:\/\/genuinecoconut.com\/origin-thailand\/#breadcrumb\",\"itemListElement\":[{\"@type\":\"ListItem\",\"position\":1,\"name\":\"Home\",\"item\":\"https:\/\/genuinecoconut.com\/\"},{\"@type\":\"ListItem\",\"position\":2,\"name\":\"Herkunftsland | Thailand\"}]},{\"@type\":\"WebSite\",\"@id\":\"https:\/\/genuinecoconut.com\/#website\",\"url\":\"https:\/\/genuinecoconut.com\/\",\"name\":\"Genuine Coconut | Coconut Water\",\"description\":\"Agua de Coco natural, org\u00e1nico de Tailandia.\",\"publisher\":{\"@id\":\"https:\/\/genuinecoconut.com\/#organization\"},\"potentialAction\":[{\"@type\":\"SearchAction\",\"target\":{\"@type\":\"EntryPoint\",\"urlTemplate\":\"https:\/\/genuinecoconut.com\/?s={search_term_string}\"},\"query-input\":{\"@type\":\"PropertyValueSpecification\",\"valueRequired\":true,\"valueName\":\"search_term_string\"}}],\"inLanguage\":\"de\"},{\"@type\":\"Organization\",\"@id\":\"https:\/\/genuinecoconut.com\/#organization\",\"name\":\"Genuine Coconut\",\"url\":\"https:\/\/genuinecoconut.com\/\",\"logo\":{\"@type\":\"ImageObject\",\"inLanguage\":\"de\",\"@id\":\"https:\/\/genuinecoconut.com\/#\/schema\/logo\/image\/\",\"url\":\"https:\/\/genuinecoconut.com\/wp-content\/uploads\/2015\/07\/genuine-coconut-factura.jpg\",\"contentUrl\":\"https:\/\/genuinecoconut.com\/wp-content\/uploads\/2015\/07\/genuine-coconut-factura.jpg\",\"width\":575,\"height\":345,\"caption\":\"Genuine Coconut\"},\"image\":{\"@id\":\"https:\/\/genuinecoconut.com\/#\/schema\/logo\/image\/\"},\"sameAs\":[\"https:\/\/www.facebook.com\/GenuineCoconut\",\"https:\/\/x.com\/GenuineCoconut\",\"https:\/\/instagram.com\/genuinecoconut\/\",\"https:\/\/es.pinterest.com\/genuinecoconut\/\",\"https:\/\/youtube.com\/genuinecoconut\"]}]}<\/script>\n<!-- \/ Yoast SEO plugin. -->","yoast_head_json":{"title":"Herkunft | Biologisches Kokosnusswasser Genuine Coconut","description":"): Thailand Thailand ist das Herkunftsland unserer aromatischen Nam Hom Kokosnuss. Unverf\u00e4lschter Geschmack, Duft und unverf\u00e4lschte Eigenschaften - ein gesundheitsf\u00f6rderndes Getr\u00e4nk. Entdecken Sie es!","robots":{"index":"index","follow":"follow","max-snippet":"max-snippet:-1","max-image-preview":"max-image-preview:large","max-video-preview":"max-video-preview:-1"},"canonical":"https:\/\/genuinecoconut.com\/origin-thailand\/","og_locale":"de_DE","og_type":"article","og_title":"Herkunft | Biologisches Kokosnusswasser Genuine Coconut","og_description":"): Thailand Thailand ist das Herkunftsland unserer aromatischen Nam Hom Kokosnuss. Unverf\u00e4lschter Geschmack, Duft und unverf\u00e4lschte Eigenschaften - ein gesundheitsf\u00f6rderndes Getr\u00e4nk. Entdecken Sie es!","og_url":"https:\/\/genuinecoconut.com\/origin-thailand\/","og_site_name":"Genuine Coconut | Coconut Water","article_publisher":"https:\/\/www.facebook.com\/GenuineCoconut","article_modified_time":"2024-05-21T09:31:45+00:00","og_image":[{"width":1920,"height":1080,"url":"https:\/\/genuinecoconut.com\/wp-content\/uploads\/2018\/01\/origin-thailand-coconuts.jpg","type":"image\/jpeg"}],"twitter_card":"summary_large_image","twitter_site":"@GenuineCoconut","twitter_misc":{"Gesch\u00e4tzte Lesezeit":"1\u00a0Minute"},"schema":{"@context":"https:\/\/schema.org","@graph":[{"@type":"WebPage","@id":"https:\/\/genuinecoconut.com\/origin-thailand\/","url":"https:\/\/genuinecoconut.com\/origin-thailand\/","name":"Herkunft | Biologisches Kokosnusswasser Genuine Coconut","isPartOf":{"@id":"https:\/\/genuinecoconut.com\/#website"},"datePublished":"2014-11-18T15:02:03+00:00","dateModified":"2024-05-21T09:31:45+00:00","description":"): Thailand Thailand ist das Herkunftsland unserer aromatischen Nam Hom Kokosnuss. Unverf\u00e4lschter Geschmack, Duft und unverf\u00e4lschte Eigenschaften - ein gesundheitsf\u00f6rderndes Getr\u00e4nk. Entdecken Sie es!","breadcrumb":{"@id":"https:\/\/genuinecoconut.com\/origin-thailand\/#breadcrumb"},"inLanguage":"de","potentialAction":[{"@type":"ReadAction","target":["https:\/\/genuinecoconut.com\/origin-thailand\/"]}]},{"@type":"BreadcrumbList","@id":"https:\/\/genuinecoconut.com\/origin-thailand\/#breadcrumb","itemListElement":[{"@type":"ListItem","position":1,"name":"Home","item":"https:\/\/genuinecoconut.com\/"},{"@type":"ListItem","position":2,"name":"Herkunftsland | Thailand"}]},{"@type":"WebSite","@id":"https:\/\/genuinecoconut.com\/#website","url":"https:\/\/genuinecoconut.com\/","name":"Genuine Coconut | Coconut Water","description":"Agua de Coco natural, org\u00e1nico de Tailandia.","publisher":{"@id":"https:\/\/genuinecoconut.com\/#organization"},"potentialAction":[{"@type":"SearchAction","target":{"@type":"EntryPoint","urlTemplate":"https:\/\/genuinecoconut.com\/?s={search_term_string}"},"query-input":{"@type":"PropertyValueSpecification","valueRequired":true,"valueName":"search_term_string"}}],"inLanguage":"de"},{"@type":"Organization","@id":"https:\/\/genuinecoconut.com\/#organization","name":"Genuine Coconut","url":"https:\/\/genuinecoconut.com\/","logo":{"@type":"ImageObject","inLanguage":"de","@id":"https:\/\/genuinecoconut.com\/#\/schema\/logo\/image\/","url":"https:\/\/genuinecoconut.com\/wp-content\/uploads\/2015\/07\/genuine-coconut-factura.jpg","contentUrl":"https:\/\/genuinecoconut.com\/wp-content\/uploads\/2015\/07\/genuine-coconut-factura.jpg","width":575,"height":345,"caption":"Genuine Coconut"},"image":{"@id":"https:\/\/genuinecoconut.com\/#\/schema\/logo\/image\/"},"sameAs":["https:\/\/www.facebook.com\/GenuineCoconut","https:\/\/x.com\/GenuineCoconut","https:\/\/instagram.com\/genuinecoconut\/","https:\/\/es.pinterest.com\/genuinecoconut\/","https:\/\/youtube.com\/genuinecoconut"]}]}},"_links":{"self":[{"href":"https:\/\/genuinecoconut.com\/de\/wp-json\/wp\/v2\/pages\/2066","targetHints":{"allow":["GET"]}}],"collection":[{"href":"https:\/\/genuinecoconut.com\/de\/wp-json\/wp\/v2\/pages"}],"about":[{"href":"https:\/\/genuinecoconut.com\/de\/wp-json\/wp\/v2\/types\/page"}],"author":[{"embeddable":true,"href":"https:\/\/genuinecoconut.com\/de\/wp-json\/wp\/v2\/users\/2"}],"replies":[{"embeddable":true,"href":"https:\/\/genuinecoconut.com\/de\/wp-json\/wp\/v2\/comments?post=2066"}],"version-history":[{"count":1,"href":"https:\/\/genuinecoconut.com\/de\/wp-json\/wp\/v2\/pages\/2066\/revisions"}],"predecessor-version":[{"id":19013,"href":"https:\/\/genuinecoconut.com\/de\/wp-json\/wp\/v2\/pages\/2066\/revisions\/19013"}],"wp:attachment":[{"href":"https:\/\/genuinecoconut.com\/de\/wp-json\/wp\/v2\/media?parent=2066"}],"curies":[{"name":"wp","href":"https:\/\/api.w.org\/{rel}","templated":true}]}}