{"id":19302,"date":"2019-01-09T12:41:31","date_gmt":"2019-01-09T10:41:31","guid":{"rendered":"https:\/\/genuinecoconut.com\/new-genuine-coconut-drink-eat\/"},"modified":"2024-06-12T14:01:12","modified_gmt":"2024-06-12T14:01:12","slug":"new-genuine-coconut-drink-eat","status":"publish","type":"page","link":"https:\/\/genuinecoconut.com\/de\/new-genuine-coconut-drink-eat\/","title":{"rendered":"Genuine Coconut Drink &#038; Eat"},"content":{"rendered":"<div class=\"wpb-content-wrapper\"><p>[vc_row full_width=&#8220;stretch_row_content&#8220; equal_height=&#8220;yes&#8220;][vc_column width=&#8220;1\/2&#8243; css=&#8220;.vc_custom_1544631559275{padding-left: 5% !important;background-color: #f4f3f3 !important;}&#8220;][vc_single_image image=&#8220;7170&#8243; img_size=&#8220;full&#8220; alignment=&#8220;center&#8220; css=&#8220;&#8220;][\/vc_column][vc_column width=&#8220;1\/2&#8243; css=&#8220;.vc_custom_1548864304643{background-image: url(https:\/\/genuinecoconut.com\/wp-content\/uploads\/2019\/01\/new-genuine-coconut-water-flesh-3.jpg?id=6171) !important;background-position: center !important;background-repeat: no-repeat !important;background-size: cover !important;}&#8220;][vc_raw_html css=&#8220;.vc_custom_1540221585507{padding-top: 30% !important;padding-bottom: 30% !important;}&#8220;][\/vc_raw_html][\/vc_column][\/vc_row][vc_row][vc_column css=&#8220;.vc_custom_1718200554723{background-color: #0a0a0a !important;}&#8220; offset=&#8220;vc_hidden-lg vc_hidden-md vc_hidden-sm vc_hidden-xs&#8220;][vc_single_image image=&#8220;7123&#8243; img_size=&#8220;full&#8220; alignment=&#8220;center&#8220; css=&#8220;&#8220;][\/vc_column][\/vc_row][vc_row css=&#8220;.vc_custom_1540215601931{background-color: #ffffff !important;}&#8220;][vc_column width=&#8220;1\/6&#8243;][\/vc_column][vc_column width=&#8220;2\/3&#8243;][vc_row_inner][vc_column_inner width=&#8220;1\/2&#8243;][vc_column_text css=&#8220;&#8220;]<\/p>\n<p class=\"p1\">Genuine Coconut is a high quality organic coconut with lots of water and meat. It is consumed directly from the coconut itself, the best possible container for its preservation.<\/p>\n<p>[\/vc_column_text][\/vc_column_inner][vc_column_inner width=&#8220;1\/2&#8243;][vc_column_text css=&#8220;&#8220;]<\/p>\n<p class=\"p1\">Thanks to the easy-to-open system, the coconut can be drunk and eaten in the most practical way. It can be consumed anywhere without tools. A delicious drink and a healthy snack that you can enjoy at will.<\/p>\n<p>[\/vc_column_text][\/vc_column_inner][\/vc_row_inner][\/vc_column][vc_column width=&#8220;1\/6&#8243;][\/vc_column][\/vc_row][vc_row css=&#8220;.vc_custom_1541000639068{background-color: #ffffff !important;}&#8220;][vc_column width=&#8220;1\/6&#8243;][\/vc_column][vc_column width=&#8220;2\/3&#8243;][vc_video link=&#8220;https:\/\/youtu.be\/SlzFPBxKFDE&#8220; align=&#8220;center&#8220;][\/vc_column][vc_column width=&#8220;1\/6&#8243;][\/vc_column][\/vc_row][vc_row css=&#8220;.vc_custom_1540215611065{background-color: #ffffff !important;}&#8220;][vc_column width=&#8220;1\/6&#8243;][\/vc_column][vc_column width=&#8220;1\/6&#8243;][vc_single_image image=&#8220;7149&#8243; img_size=&#8220;full&#8220; alignment=&#8220;center&#8220; css=&#8220;&#8220;][vc_column_text css=&#8220;&#8220;]<\/p>\n<p style=\"text-align: center; font-weight: bold; text-transform: uppercase;\">POKE THE HOLE OVER THE LOGO WITH THE STICK<\/p>\n<p>[\/vc_column_text][\/vc_column][vc_column width=&#8220;1\/6&#8243;][vc_single_image image=&#8220;7157&#8243; img_size=&#8220;full&#8220; alignment=&#8220;center&#8220; css=&#8220;&#8220;][vc_column_text css=&#8220;&#8220;]<\/p>\n<p style=\"text-align: center; font-weight: bold; text-transform: uppercase;\">INSERT THE STRAW AND DRINK<\/p>\n<p>[\/vc_column_text][\/vc_column][vc_column width=&#8220;1\/6&#8243;][vc_single_image image=&#8220;7155&#8243; img_size=&#8220;full&#8220; alignment=&#8220;center&#8220; css=&#8220;&#8220;][vc_column_text css=&#8220;&#8220;]<\/p>\n<p style=\"text-align: center; font-weight: bold; text-transform: uppercase;\">HIT RIGTH ON A HARD SURFACE ON THE CARVED LINE<\/p>\n<p>[\/vc_column_text][\/vc_column][vc_column width=&#8220;1\/6&#8243;][vc_single_image image=&#8220;7156&#8243; img_size=&#8220;full&#8220; alignment=&#8220;center&#8220; css=&#8220;&#8220;][vc_column_text css=&#8220;&#8220;]<\/p>\n<p style=\"text-align: center; font-weight: bold; text-transform: uppercase;\">REMOVE THE FLESH AND BITE<\/p>\n<p>[\/vc_column_text][\/vc_column][vc_column width=&#8220;1\/6&#8243;][\/vc_column][vc_column][\/vc_column][\/vc_row][vc_row equal_height=&#8220;yes&#8220; content_placement=&#8220;middle&#8220;][vc_column width=&#8220;1\/2&#8243; el_class=&#8220;col-md-push-6&#8243; css=&#8220;.vc_custom_1548862829246{background-image: url(https:\/\/genuinecoconut.com\/wp-content\/uploads\/2019\/01\/genuine-coconut-drink-eat-easy-open-1.jpg?id=6144) !important;background-position: center !important;background-repeat: no-repeat !important;background-size: cover !important;}&#8220;][vc_raw_html css=&#8220;.vc_custom_1540222050503{padding-top: 20% !important;padding-bottom: 20% !important;}&#8220;][\/vc_raw_html][\/vc_column][vc_column width=&#8220;1\/2&#8243; css=&#8220;.vc_custom_1543840350865{padding-top: 5% !important;padding-right: 10% !important;padding-bottom: 5% !important;padding-left: 10% !important;background-color: #3eb39f !important;}&#8220; el_class=&#8220;col-md-pull-6&#8243;][vc_single_image image=&#8220;7120&#8243; img_size=&#8220;full&#8220; alignment=&#8220;center&#8220; css=&#8220;&#8220;][vc_column_text css=&#8220;&#8220;]<\/p>\n<p style=\"text-align: center;\"><span style=\"color: #ffffff;\">Have you ever dreamt of easily opening a coconut? Genuine Coconut&#8217;s new coconut offers a simple and convenient way to enjoy the best coconut water and coconut meat&#8230; How? By piercing the shell with a small bamboo stick to drink its water and opening the coconut in two halves without any tools. Surprising? Easy and surprisingly tasty!<\/span><\/p>\n<p>[\/vc_column_text][\/vc_column][\/vc_row][vc_row equal_height=&#8220;yes&#8220; content_placement=&#8220;middle&#8220;][vc_column width=&#8220;1\/2&#8243; css=&#8220;.vc_custom_1708681092808{background-image: url(https:\/\/genuinecoconut.com\/wp-content\/uploads\/2019\/07\/genuine-coconut-biodegradable-ecologic.jpg?id=6236) !important;background-position: center !important;background-repeat: no-repeat !important;background-size: cover !important;}&#8220; offset=&#8220;vc_hidden-lg vc_hidden-md vc_hidden-sm vc_hidden-xs&#8220;][vc_raw_html css=&#8220;.vc_custom_1540222070599{padding-top: 20% !important;padding-bottom: 20% !important;}&#8220;][\/vc_raw_html][\/vc_column][vc_column width=&#8220;1\/2&#8243; css=&#8220;.vc_custom_1708681103795{padding-top: 5% !important;padding-right: 10% !important;padding-bottom: 5% !important;padding-left: 10% !important;background-color: #e53b61 !important;}&#8220; offset=&#8220;vc_hidden-lg vc_hidden-md vc_hidden-sm vc_hidden-xs&#8220;][vc_single_image image=&#8220;7191&#8243; img_size=&#8220;full&#8220; alignment=&#8220;center&#8220; css=&#8220;&#8220;][vc_column_text css=&#8220;&#8220;]<\/p>\n<p style=\"text-align: center;\"><span style=\"color: #ffffff;\">Genuine Coconut hat alle Elemente der Drink&amp;Eat Verpackung eigens entwickelt, um sie zu <strong>100% biologisch abbaubar, kompostierbar und frei von Schadstoffen zu machen<\/strong>. Sowohl das Etikett als auch der Strohalm bestehen aus PLA (einem biologisch abbaubaren Polymer aus Maisst\u00e4rke), das St\u00e4bchen ist aus Bambus und in Papier verpackt, und der Beh\u00e4lter, die Kokosnuss, ist 100% \u00f6kologisch, da er wiederverwendet oder als hervorragender D\u00fcnger eingesetzt werden kann.<\/span><\/p>\n<p>[\/vc_column_text][\/vc_column][\/vc_row][vc_row equal_height=&#8220;yes&#8220; content_placement=&#8220;middle&#8220;][vc_column width=&#8220;1\/2&#8243; css=&#8220;.vc_custom_1545294663894{background-image: url(https:\/\/genuinecoconut.com\/wp-content\/uploads\/2018\/12\/genuine-coconut-social-drink-beach.jpg?id=5811) !important;background-position: center !important;background-repeat: no-repeat !important;background-size: cover !important;}&#8220;][vc_raw_html css=&#8220;.vc_custom_1540222070599{padding-top: 20% !important;padding-bottom: 20% !important;}&#8220;][\/vc_raw_html][\/vc_column][vc_column width=&#8220;1\/2&#8243; css=&#8220;.vc_custom_1543840487337{padding-top: 5% !important;padding-right: 10% !important;padding-bottom: 5% !important;padding-left: 10% !important;background-color: #0a0202 !important;}&#8220;][vc_single_image image=&#8220;7125&#8243; img_size=&#8220;full&#8220; alignment=&#8220;center&#8220; css=&#8220;&#8220;][vc_column_text css=&#8220;&#8220;]<\/p>\n<p style=\"text-align: center;\"><span style=\"color: #ffffff;\">Coconut only under a palm tree? Enjoy it wherever you want. Genuine Coconut&#8217;s philosophy is to take care of your body and mind, enjoying a unique taste. Hydrate yourself, refresh yourself, delight yourself with its delicious flesh. Easy to open and transport, it is an ideal drink and snack for any situation&#8230; at home or at work, at the gym, at the barbecue or on a picnic: Genuine Coconut Drink &amp; Eat.<\/span><\/p>\n<p>[\/vc_column_text][\/vc_column][\/vc_row][vc_row equal_height=&#8220;yes&#8220; content_placement=&#8220;middle&#8220;][vc_column width=&#8220;1\/2&#8243; css=&#8220;.vc_custom_1543837062848{background-image: url(https:\/\/genuinecoconut.com\/wp-content\/uploads\/2018\/12\/genuine-coconut-sustainable-organic.jpg?id=5754) !important;background-position: center !important;background-repeat: no-repeat !important;background-size: cover !important;}&#8220; el_class=&#8220;col-md-push-6&#8243;][vc_raw_html css=&#8220;.vc_custom_1543835990640{padding-top: 20% !important;padding-bottom: 20% !important;background-image: url(https:\/\/genuinecoconut.com\/wp-content\/uploads\/2018\/10\/genuine-coconut-sustainable-organic.jpg?id=5669) !important;background-position: center !important;background-repeat: no-repeat !important;background-size: cover !important;}&#8220; el_class=&#8220;col-md-push-6&#8243;][\/vc_raw_html][\/vc_column][vc_column width=&#8220;1\/2&#8243; css=&#8220;.vc_custom_1543840359483{padding-top: 5% !important;padding-right: 10% !important;padding-bottom: 5% !important;padding-left: 10% !important;background-color: #f7a816 !important;}&#8220; el_class=&#8220;col-md-pull-6&#8243;][vc_single_image image=&#8220;7121&#8243; img_size=&#8220;full&#8220; alignment=&#8220;center&#8220; css=&#8220;&#8220;][vc_column_text css=&#8220;&#8220;]<\/p>\n<p style=\"text-align: center;\"><span style=\"color: #ffffff;\"><strong>Certified Organic, Genuine Coconut takes care of your health and well-being, offering a totally natural and chemical-free food. With this, we also take care of our planet, reducing environmental pollution, promoting biodiversity and making proper use of natural resources.<\/strong><\/span><\/p>\n<p>[\/vc_column_text][\/vc_column][\/vc_row][vc_row][vc_column][vc_empty_space height=&#8220;52px&#8220;][\/vc_column][\/vc_row][vc_row equal_height=&#8220;yes&#8220; content_placement=&#8220;middle&#8220; css=&#8220;.vc_custom_1544629561873{background-color: #ffffff !important;}&#8220;][vc_column width=&#8220;1\/2&#8243; css=&#8220;.vc_custom_1544629834447{padding-top: 5% !important;padding-right: 10% !important;padding-bottom: 5% !important;padding-left: 10% !important;}&#8220;][vc_video link=&#8220;https:\/\/www.youtube.com\/watch?v=SuRdf58s12Y&#8220;][\/vc_column][vc_column width=&#8220;1\/2&#8243; css=&#8220;.vc_custom_1544629744893{padding-top: 5% !important;padding-right: 10% !important;padding-bottom: 5% !important;padding-left: 10% !important;}&#8220;][vc_column_text css=&#8220;&#8220;]<\/p>\n<h3>Trick to remove the meat<\/h3>\n<hr \/>\n<p>Genuine Coconut Drink &amp; Eat is so easy to open that no tools or physical strength is required. If you want the meat to come out so easily that even a child can do it without risk, you can freeze your Genuine Coconut, once opened, for 12 hours. After this time, take it out and in just 1 minute in the microwave (900 W) it is ready to eat. This way, the meat separates even more easily.[\/vc_column_text][\/vc_column][\/vc_row][vc_row][vc_column][vc_empty_space height=&#8220;52px&#8220;][\/vc_column][\/vc_row]<\/p>\n<\/div>","protected":false},"excerpt":{"rendered":"<p>[vc_row full_width=&#8220;stretch_row_content&#8220; equal_height=&#8220;yes&#8220;][vc_column width=&#8220;1\/2&#8243; css=&#8220;.vc_custom_1544631559275{padding-left: 5% !important;background-color: #f4f3f3 !important;}&#8220;][vc_single_image image=&#8220;7170&#8243; img_size=&#8220;full&#8220; alignment=&#8220;center&#8220; css=&#8220;&#8220;][\/vc_column][vc_column width=&#8220;1\/2&#8243; css=&#8220;.vc_custom_1548864304643{background-image: url(https:\/\/genuinecoconut.com\/wp-content\/uploads\/2019\/01\/new-genuine-coconut-water-flesh-3.jpg?id=6171) !important;background-position: center !important;background-repeat: no-repeat !important;background-size: cover !important;}&#8220;][vc_raw_html css=&#8220;.vc_custom_1540221585507{padding-top: 30% !important;padding-bottom: 30% !important;}&#8220;][\/vc_raw_html][\/vc_column][\/vc_row][vc_row][vc_column css=&#8220;.vc_custom_1718200554723{background-color: #0a0a0a !important;}&#8220; offset=&#8220;vc_hidden-lg vc_hidden-md vc_hidden-sm vc_hidden-xs&#8220;][vc_single_image image=&#8220;7123&#8243; img_size=&#8220;full&#8220; alignment=&#8220;center&#8220; css=&#8220;&#8220;][\/vc_column][\/vc_row][vc_row css=&#8220;.vc_custom_1540215601931{background-color: #ffffff !important;}&#8220;][vc_column width=&#8220;1\/6&#8243;][\/vc_column][vc_column width=&#8220;2\/3&#8243;][vc_row_inner][vc_column_inner width=&#8220;1\/2&#8243;][vc_column_text css=&#8220;&#8220;] Genuine Coconut is a high quality organic coconut with [&hellip;]<\/p>\n","protected":false},"author":2,"featured_media":0,"parent":0,"menu_order":0,"comment_status":"closed","ping_status":"closed","template":"page-full-width.php","meta":{"footnotes":""},"class_list":["post-19302","page","type-page","status-publish","hentry"],"yoast_head":"<!-- This site is optimized with the Yoast SEO plugin v27.1.1 - https:\/\/yoast.com\/product\/yoast-seo-wordpress\/ -->\n<title>Genuine Coconut Drink &amp; Eat - Genuine Coconut | Coconut Water<\/title>\n<meta name=\"robots\" content=\"index, follow, max-snippet:-1, max-image-preview:large, max-video-preview:-1\" \/>\n<link rel=\"canonical\" href=\"https:\/\/genuinecoconut.com\/new-genuine-coconut-drink-eat\/\" \/>\n<meta property=\"og:locale\" content=\"de_DE\" \/>\n<meta property=\"og:type\" content=\"article\" \/>\n<meta property=\"og:title\" content=\"Genuine Coconut Drink &amp; Eat - Genuine Coconut | Coconut Water\" \/>\n<meta property=\"og:description\" content=\"[vc_row full_width=&#8220;stretch_row_content&#8220; equal_height=&#8220;yes&#8220;][vc_column width=&#8220;1\/2&#8243; css=&#8220;.vc_custom_1544631559275{padding-left: 5% !important;background-color: #f4f3f3 !important;}&#8220;][vc_single_image image=&#8220;7170&#8243; img_size=&#8220;full&#8220; alignment=&#8220;center&#8220; css=&#8220;&#8220;][\/vc_column][vc_column width=&#8220;1\/2&#8243; css=&#8220;.vc_custom_1548864304643{background-image: url(https:\/\/genuinecoconut.com\/wp-content\/uploads\/2019\/01\/new-genuine-coconut-water-flesh-3.jpg?id=6171) !important;background-position: center !important;background-repeat: no-repeat !important;background-size: cover !important;}&#8220;][vc_raw_html css=&#8220;.vc_custom_1540221585507{padding-top: 30% !important;padding-bottom: 30% !important;}&#8220;][\/vc_raw_html][\/vc_column][\/vc_row][vc_row][vc_column css=&#8220;.vc_custom_1718200554723{background-color: #0a0a0a !important;}&#8220; offset=&#8220;vc_hidden-lg vc_hidden-md vc_hidden-sm vc_hidden-xs&#8220;][vc_single_image image=&#8220;7123&#8243; img_size=&#8220;full&#8220; alignment=&#8220;center&#8220; css=&#8220;&#8220;][\/vc_column][\/vc_row][vc_row css=&#8220;.vc_custom_1540215601931{background-color: #ffffff !important;}&#8220;][vc_column width=&#8220;1\/6&#8243;][\/vc_column][vc_column width=&#8220;2\/3&#8243;][vc_row_inner][vc_column_inner width=&#8220;1\/2&#8243;][vc_column_text css=&#8220;&#8220;] Genuine Coconut is a high quality organic coconut with [&hellip;]\" \/>\n<meta property=\"og:url\" content=\"https:\/\/genuinecoconut.com\/new-genuine-coconut-drink-eat\/\" \/>\n<meta property=\"og:site_name\" content=\"Genuine Coconut | Coconut Water\" \/>\n<meta property=\"article:publisher\" content=\"https:\/\/www.facebook.com\/GenuineCoconut\" \/>\n<meta property=\"article:modified_time\" content=\"2024-06-12T14:01:12+00:00\" \/>\n<meta property=\"og:image\" content=\"https:\/\/genuinecoconut.com\/wp-content\/uploads\/2018\/01\/origin-thailand-coconuts.jpg\" \/>\n\t<meta property=\"og:image:width\" content=\"1920\" \/>\n\t<meta property=\"og:image:height\" content=\"1080\" \/>\n\t<meta property=\"og:image:type\" content=\"image\/jpeg\" \/>\n<meta name=\"twitter:card\" content=\"summary_large_image\" \/>\n<meta name=\"twitter:site\" content=\"@GenuineCoconut\" \/>\n<meta name=\"twitter:label1\" content=\"Gesch\u00e4tzte Lesezeit\" \/>\n\t<meta name=\"twitter:data1\" content=\"6\u00a0Minuten\" \/>\n<script type=\"application\/ld+json\" class=\"yoast-schema-graph\">{\"@context\":\"https:\/\/schema.org\",\"@graph\":[{\"@type\":\"WebPage\",\"@id\":\"https:\/\/genuinecoconut.com\/new-genuine-coconut-drink-eat\/\",\"url\":\"https:\/\/genuinecoconut.com\/new-genuine-coconut-drink-eat\/\",\"name\":\"Genuine Coconut Drink & Eat - Genuine Coconut | Coconut Water\",\"isPartOf\":{\"@id\":\"https:\/\/genuinecoconut.com\/#website\"},\"datePublished\":\"2019-01-09T10:41:31+00:00\",\"dateModified\":\"2024-06-12T14:01:12+00:00\",\"breadcrumb\":{\"@id\":\"https:\/\/genuinecoconut.com\/new-genuine-coconut-drink-eat\/#breadcrumb\"},\"inLanguage\":\"de\",\"potentialAction\":[{\"@type\":\"ReadAction\",\"target\":[\"https:\/\/genuinecoconut.com\/new-genuine-coconut-drink-eat\/\"]}]},{\"@type\":\"BreadcrumbList\",\"@id\":\"https:\/\/genuinecoconut.com\/new-genuine-coconut-drink-eat\/#breadcrumb\",\"itemListElement\":[{\"@type\":\"ListItem\",\"position\":1,\"name\":\"Home\",\"item\":\"https:\/\/genuinecoconut.com\/\"},{\"@type\":\"ListItem\",\"position\":2,\"name\":\"Genuine Coconut Drink &#038; Eat\"}]},{\"@type\":\"WebSite\",\"@id\":\"https:\/\/genuinecoconut.com\/#website\",\"url\":\"https:\/\/genuinecoconut.com\/\",\"name\":\"Genuine Coconut | Coconut Water\",\"description\":\"Agua de Coco natural, org\u00e1nico de Tailandia.\",\"publisher\":{\"@id\":\"https:\/\/genuinecoconut.com\/#organization\"},\"potentialAction\":[{\"@type\":\"SearchAction\",\"target\":{\"@type\":\"EntryPoint\",\"urlTemplate\":\"https:\/\/genuinecoconut.com\/?s={search_term_string}\"},\"query-input\":{\"@type\":\"PropertyValueSpecification\",\"valueRequired\":true,\"valueName\":\"search_term_string\"}}],\"inLanguage\":\"de\"},{\"@type\":\"Organization\",\"@id\":\"https:\/\/genuinecoconut.com\/#organization\",\"name\":\"Genuine Coconut\",\"url\":\"https:\/\/genuinecoconut.com\/\",\"logo\":{\"@type\":\"ImageObject\",\"inLanguage\":\"de\",\"@id\":\"https:\/\/genuinecoconut.com\/#\/schema\/logo\/image\/\",\"url\":\"https:\/\/genuinecoconut.com\/wp-content\/uploads\/2015\/07\/genuine-coconut-factura.jpg\",\"contentUrl\":\"https:\/\/genuinecoconut.com\/wp-content\/uploads\/2015\/07\/genuine-coconut-factura.jpg\",\"width\":575,\"height\":345,\"caption\":\"Genuine Coconut\"},\"image\":{\"@id\":\"https:\/\/genuinecoconut.com\/#\/schema\/logo\/image\/\"},\"sameAs\":[\"https:\/\/www.facebook.com\/GenuineCoconut\",\"https:\/\/x.com\/GenuineCoconut\",\"https:\/\/instagram.com\/genuinecoconut\/\",\"https:\/\/es.pinterest.com\/genuinecoconut\/\",\"https:\/\/youtube.com\/genuinecoconut\"]}]}<\/script>\n<!-- \/ Yoast SEO plugin. -->","yoast_head_json":{"title":"Genuine Coconut Drink & Eat - Genuine Coconut | Coconut Water","robots":{"index":"index","follow":"follow","max-snippet":"max-snippet:-1","max-image-preview":"max-image-preview:large","max-video-preview":"max-video-preview:-1"},"canonical":"https:\/\/genuinecoconut.com\/new-genuine-coconut-drink-eat\/","og_locale":"de_DE","og_type":"article","og_title":"Genuine Coconut Drink & Eat - Genuine Coconut | Coconut Water","og_description":"[vc_row full_width=&#8220;stretch_row_content&#8220; equal_height=&#8220;yes&#8220;][vc_column width=&#8220;1\/2&#8243; css=&#8220;.vc_custom_1544631559275{padding-left: 5% !important;background-color: #f4f3f3 !important;}&#8220;][vc_single_image image=&#8220;7170&#8243; img_size=&#8220;full&#8220; alignment=&#8220;center&#8220; css=&#8220;&#8220;][\/vc_column][vc_column width=&#8220;1\/2&#8243; css=&#8220;.vc_custom_1548864304643{background-image: url(https:\/\/genuinecoconut.com\/wp-content\/uploads\/2019\/01\/new-genuine-coconut-water-flesh-3.jpg?id=6171) !important;background-position: center !important;background-repeat: no-repeat !important;background-size: cover !important;}&#8220;][vc_raw_html css=&#8220;.vc_custom_1540221585507{padding-top: 30% !important;padding-bottom: 30% !important;}&#8220;][\/vc_raw_html][\/vc_column][\/vc_row][vc_row][vc_column css=&#8220;.vc_custom_1718200554723{background-color: #0a0a0a !important;}&#8220; offset=&#8220;vc_hidden-lg vc_hidden-md vc_hidden-sm vc_hidden-xs&#8220;][vc_single_image image=&#8220;7123&#8243; img_size=&#8220;full&#8220; alignment=&#8220;center&#8220; css=&#8220;&#8220;][\/vc_column][\/vc_row][vc_row css=&#8220;.vc_custom_1540215601931{background-color: #ffffff !important;}&#8220;][vc_column width=&#8220;1\/6&#8243;][\/vc_column][vc_column width=&#8220;2\/3&#8243;][vc_row_inner][vc_column_inner width=&#8220;1\/2&#8243;][vc_column_text css=&#8220;&#8220;] Genuine Coconut is a high quality organic coconut with [&hellip;]","og_url":"https:\/\/genuinecoconut.com\/new-genuine-coconut-drink-eat\/","og_site_name":"Genuine Coconut | Coconut Water","article_publisher":"https:\/\/www.facebook.com\/GenuineCoconut","article_modified_time":"2024-06-12T14:01:12+00:00","og_image":[{"width":1920,"height":1080,"url":"https:\/\/genuinecoconut.com\/wp-content\/uploads\/2018\/01\/origin-thailand-coconuts.jpg","type":"image\/jpeg"}],"twitter_card":"summary_large_image","twitter_site":"@GenuineCoconut","twitter_misc":{"Gesch\u00e4tzte Lesezeit":"6\u00a0Minuten"},"schema":{"@context":"https:\/\/schema.org","@graph":[{"@type":"WebPage","@id":"https:\/\/genuinecoconut.com\/new-genuine-coconut-drink-eat\/","url":"https:\/\/genuinecoconut.com\/new-genuine-coconut-drink-eat\/","name":"Genuine Coconut Drink & Eat - Genuine Coconut | Coconut Water","isPartOf":{"@id":"https:\/\/genuinecoconut.com\/#website"},"datePublished":"2019-01-09T10:41:31+00:00","dateModified":"2024-06-12T14:01:12+00:00","breadcrumb":{"@id":"https:\/\/genuinecoconut.com\/new-genuine-coconut-drink-eat\/#breadcrumb"},"inLanguage":"de","potentialAction":[{"@type":"ReadAction","target":["https:\/\/genuinecoconut.com\/new-genuine-coconut-drink-eat\/"]}]},{"@type":"BreadcrumbList","@id":"https:\/\/genuinecoconut.com\/new-genuine-coconut-drink-eat\/#breadcrumb","itemListElement":[{"@type":"ListItem","position":1,"name":"Home","item":"https:\/\/genuinecoconut.com\/"},{"@type":"ListItem","position":2,"name":"Genuine Coconut Drink &#038; Eat"}]},{"@type":"WebSite","@id":"https:\/\/genuinecoconut.com\/#website","url":"https:\/\/genuinecoconut.com\/","name":"Genuine Coconut | Coconut Water","description":"Agua de Coco natural, org\u00e1nico de Tailandia.","publisher":{"@id":"https:\/\/genuinecoconut.com\/#organization"},"potentialAction":[{"@type":"SearchAction","target":{"@type":"EntryPoint","urlTemplate":"https:\/\/genuinecoconut.com\/?s={search_term_string}"},"query-input":{"@type":"PropertyValueSpecification","valueRequired":true,"valueName":"search_term_string"}}],"inLanguage":"de"},{"@type":"Organization","@id":"https:\/\/genuinecoconut.com\/#organization","name":"Genuine Coconut","url":"https:\/\/genuinecoconut.com\/","logo":{"@type":"ImageObject","inLanguage":"de","@id":"https:\/\/genuinecoconut.com\/#\/schema\/logo\/image\/","url":"https:\/\/genuinecoconut.com\/wp-content\/uploads\/2015\/07\/genuine-coconut-factura.jpg","contentUrl":"https:\/\/genuinecoconut.com\/wp-content\/uploads\/2015\/07\/genuine-coconut-factura.jpg","width":575,"height":345,"caption":"Genuine Coconut"},"image":{"@id":"https:\/\/genuinecoconut.com\/#\/schema\/logo\/image\/"},"sameAs":["https:\/\/www.facebook.com\/GenuineCoconut","https:\/\/x.com\/GenuineCoconut","https:\/\/instagram.com\/genuinecoconut\/","https:\/\/es.pinterest.com\/genuinecoconut\/","https:\/\/youtube.com\/genuinecoconut"]}]}},"_links":{"self":[{"href":"https:\/\/genuinecoconut.com\/de\/wp-json\/wp\/v2\/pages\/19302","targetHints":{"allow":["GET"]}}],"collection":[{"href":"https:\/\/genuinecoconut.com\/de\/wp-json\/wp\/v2\/pages"}],"about":[{"href":"https:\/\/genuinecoconut.com\/de\/wp-json\/wp\/v2\/types\/page"}],"author":[{"embeddable":true,"href":"https:\/\/genuinecoconut.com\/de\/wp-json\/wp\/v2\/users\/2"}],"replies":[{"embeddable":true,"href":"https:\/\/genuinecoconut.com\/de\/wp-json\/wp\/v2\/comments?post=19302"}],"version-history":[{"count":6,"href":"https:\/\/genuinecoconut.com\/de\/wp-json\/wp\/v2\/pages\/19302\/revisions"}],"predecessor-version":[{"id":19625,"href":"https:\/\/genuinecoconut.com\/de\/wp-json\/wp\/v2\/pages\/19302\/revisions\/19625"}],"wp:attachment":[{"href":"https:\/\/genuinecoconut.com\/de\/wp-json\/wp\/v2\/media?parent=19302"}],"curies":[{"name":"wp","href":"https:\/\/api.w.org\/{rel}","templated":true}]}}