{"id":12559,"date":"2023-06-06T11:33:37","date_gmt":"2023-06-06T09:33:37","guid":{"rendered":"https:\/\/genuinecoconut.com\/?page_id=12559"},"modified":"2024-05-21T09:31:58","modified_gmt":"2024-05-21T09:31:58","slug":"home-biologisches-kokosnusswasser","status":"publish","type":"page","link":"https:\/\/genuinecoconut.com\/de\/","title":{"rendered":"Home | Biologisches Kokosnusswasser"},"content":{"rendered":"<div class=\"wpb-content-wrapper\"><p>[vc_row][vc_column][rev_slider_vc alias=&#8220;home-de&#8220;][\/vc_column][\/vc_row][vc_row css=&#8220;.vc_custom_1494500086549{background-color: #0a0a0a !important;}&#8220; el_class=&#8220;modulo-videos&#8220;][vc_column width=&#8220;1\/6&#8243;][\/vc_column][vc_column width=&#8220;2\/3&#8243;][vc_empty_space height=&#8220;22px&#8220;][vc_row_inner][vc_column_inner width=&#8220;1\/2&#8243;][vc_column_text]<\/p>\n<h4>Genuine Coconut Essen und Trinken<\/h4>\n<p>[\/vc_column_text][vc_video link=&#8220;https:\/\/www.youtube.com\/watch?v=TPttPtruu94&#8243; align=&#8220;center&#8220;][\/vc_column_inner][vc_column_inner width=&#8220;1\/2&#8243;][vc_column_text]<\/p>\n<h4> Genuine Coconut Cocktail Vorbereitung<\/h4>\n<p>[\/vc_column_text][vc_video link=&#8220;https:\/\/www.youtube.com\/watch?v=YTEoh5u-P20&#8243; align=&#8220;center&#8220;][\/vc_column_inner][\/vc_row_inner][vc_empty_space height=&#8220;22px&#8220;][\/vc_column][vc_column width=&#8220;1\/6&#8243;][\/vc_column][\/vc_row][vc_row css=&#8220;.vc_custom_1439983088643{background-color: rgba(91,59,0,0.1) !important;*background-color: rgb(91,59,0) !important;}&#8220; el_class=&#8220;destacado-home&#8220;][vc_column width=&#8220;1\/6&#8243;][vc_column_text][\/vc_column_text][\/vc_column][vc_column width=&#8220;2\/3&#8243;][vc_empty_space height=&#8220;20px&#8220;][vc_column_text]<\/p>\n<h1 style=\"text-align: center; color: #9d8162;\"><span style=\"color: #9d8162;\">Frisches Bio-Kokosnusswasser aus gr\u00fcnen Kokosn\u00fcssen mit einfachem \u00d6ffnungssystem<\/span><\/h1>\n<p>[\/vc_column_text][vc_separator][vc_column_text]<\/p>\n<h4 style=\"text-align: center; font-weight: normal;\">Genuine Coconut ist <strong>100% Bio-Kokosnusswasser<\/strong> aus <strong>gr\u00fcnen Kokosn\u00fcssen<\/strong>, das man dank dem einfachen \u00d6ffnungssystem \u00fcberall direkt aus der Kokosnuss heraus verzehren kann.<\/h4>\n<h4 style=\"text-align: center; font-weight: normal;\">Sie wachsen auf nat\u00fcrliche Art im Herzen von <strong>Thailand<\/strong> und werden zum optimalen Reifezeitpunkt, d.\u00a0h. wenn die Kokosnuss eine gro\u00dfe Menge Wasser mit N\u00e4hrstoffen und lebenswichtigen Mineralstoffen enth\u00e4lt, geerntet.<\/h4>\n<p>[\/vc_column_text][vc_empty_space height=&#8220;20px&#8220;][\/vc_column][vc_column width=&#8220;1\/6&#8243;][vc_column_text][\/vc_column_text][\/vc_column][\/vc_row][vc_row][vc_column][vc_column_text] [\/vc_column_text][\/vc_column][\/vc_row][vc_row type=&#8220;boxed&#8220; el_class=&#8220;soundcloud&#8220;][vc_column width=&#8220;1\/6&#8243;][vc_column_text][\/vc_column_text][\/vc_column][vc_column width=&#8220;2\/3&#8243;][vc_empty_space][vc_raw_html]JTNDaWZyYW1lJTIwd2lkdGglM0QlMjIxMDAlMjUlMjIlMjBoZWlnaHQlM0QlMjIxNjYlMjIlMjBzY3JvbGxpbmclM0QlMjJubyUyMiUyMGZyYW1lYm9yZGVyJTNEJTIybm8lMjIlMjBzcmMlM0QlMjJodHRwcyUzQSUyRiUyRncuc291bmRjbG91ZC5jb20lMkZwbGF5ZXIlMkYlM0Z1cmwlM0RodHRwcyUyNTNBJTJGJTJGYXBpLnNvdW5kY2xvdWQuY29tJTJGdHJhY2tzJTJGMTk1NDEyNjcwJTI2YW1wJTNCY29sb3IlM0Q5ZDgxNjIlMjZhbXAlM0JhdXRvX3BsYXklM0RmYWxzZSUyNmFtcCUzQnNob3dfYXJ0d29yayUzRGZhbHNlJTI2YW1wJTNCaGlkZV9yZWxhdGVkJTNEZmFsc2UlMjZhbXAlM0JzaG93X2NvbW1lbnRzJTNEdHJ1ZSUyNmFtcCUzQnNob3dfdXNlciUzRHRydWUlMjZhbXAlM0JzaG93X3JlcG9zdHMlM0RmYWxzZSUyMiUzRSUzQyUyRmlmcmFtZSUzRQ==[\/vc_raw_html][vc_empty_space][\/vc_column][vc_column width=&#8220;1\/6&#8243;][vc_column_text] [\/vc_column_text][\/vc_column][\/vc_row]<\/p>\n<\/div>","protected":false},"excerpt":{"rendered":"<p>[vc_row][vc_column][rev_slider_vc alias=&#8220;home-de&#8220;][\/vc_column][\/vc_row][vc_row css=&#8220;.vc_custom_1494500086549{background-color: #0a0a0a !important;}&#8220; el_class=&#8220;modulo-videos&#8220;][vc_column width=&#8220;1\/6&#8243;][\/vc_column][vc_column width=&#8220;2\/3&#8243;][vc_empty_space height=&#8220;22px&#8220;][vc_row_inner][vc_column_inner width=&#8220;1\/2&#8243;][vc_column_text] Genuine Coconut Essen und Trinken [\/vc_column_text][vc_video link=&#8220;https:\/\/www.youtube.com\/watch?v=TPttPtruu94&#8243; align=&#8220;center&#8220;][\/vc_column_inner][vc_column_inner width=&#8220;1\/2&#8243;][vc_column_text] Genuine Coconut Cocktail Vorbereitung [\/vc_column_text][vc_video link=&#8220;https:\/\/www.youtube.com\/watch?v=YTEoh5u-P20&#8243; align=&#8220;center&#8220;][\/vc_column_inner][\/vc_row_inner][vc_empty_space height=&#8220;22px&#8220;][\/vc_column][vc_column width=&#8220;1\/6&#8243;][\/vc_column][\/vc_row][vc_row css=&#8220;.vc_custom_1439983088643{background-color: rgba(91,59,0,0.1) !important;*background-color: rgb(91,59,0) !important;}&#8220; el_class=&#8220;destacado-home&#8220;][vc_column width=&#8220;1\/6&#8243;][vc_column_text][\/vc_column_text][\/vc_column][vc_column width=&#8220;2\/3&#8243;][vc_empty_space height=&#8220;20px&#8220;][vc_column_text] Frisches Bio-Kokosnusswasser aus gr\u00fcnen Kokosn\u00fcssen mit einfachem \u00d6ffnungssystem [\/vc_column_text][vc_separator][vc_column_text] Genuine Coconut ist 100% Bio-Kokosnusswasser aus gr\u00fcnen Kokosn\u00fcssen, das [&hellip;]<\/p>\n","protected":false},"author":2,"featured_media":0,"parent":0,"menu_order":0,"comment_status":"closed","ping_status":"closed","template":"page-full-width.php","meta":{"footnotes":""},"class_list":["post-12559","page","type-page","status-publish","hentry"],"yoast_head":"<!-- This site is optimized with the Yoast SEO plugin v27.1.1 - https:\/\/yoast.com\/product\/yoast-seo-wordpress\/ -->\n<title>Genuine Coconut | Biologisches Kokosnusswasser<\/title>\n<meta name=\"description\" content=\"Biologisches Kokosnusswasser. Lernen Sie Genuine Coconut kennen: seine exotisch Herkunft und seine nat\u00fcrliche Verpackung mit einfacher \u00d6ffnung.\" \/>\n<meta name=\"robots\" content=\"index, follow, max-snippet:-1, max-image-preview:large, max-video-preview:-1\" \/>\n<link rel=\"canonical\" href=\"https:\/\/genuinecoconut.com\/\" \/>\n<meta property=\"og:locale\" content=\"de_DE\" \/>\n<meta property=\"og:type\" content=\"article\" \/>\n<meta property=\"og:title\" content=\"Genuine Coconut | Biologisches Kokosnusswasser\" \/>\n<meta property=\"og:description\" content=\"Biologisches Kokosnusswasser. Lernen Sie Genuine Coconut kennen: seine exotisch Herkunft und seine nat\u00fcrliche Verpackung mit einfacher \u00d6ffnung.\" \/>\n<meta property=\"og:url\" content=\"https:\/\/genuinecoconut.com\/\" \/>\n<meta property=\"og:site_name\" content=\"Genuine Coconut | Coconut Water\" \/>\n<meta property=\"article:publisher\" content=\"https:\/\/www.facebook.com\/GenuineCoconut\" \/>\n<meta property=\"article:modified_time\" content=\"2024-05-21T09:31:58+00:00\" \/>\n<meta property=\"og:image\" content=\"https:\/\/genuinecoconut.com\/wp-content\/uploads\/2018\/01\/origin-thailand-coconuts.jpg\" \/>\n\t<meta property=\"og:image:width\" content=\"1920\" \/>\n\t<meta property=\"og:image:height\" content=\"1080\" \/>\n\t<meta property=\"og:image:type\" content=\"image\/jpeg\" \/>\n<meta name=\"twitter:card\" content=\"summary_large_image\" \/>\n<meta name=\"twitter:site\" content=\"@GenuineCoconut\" \/>\n<meta name=\"twitter:label1\" content=\"Gesch\u00e4tzte Lesezeit\" \/>\n\t<meta name=\"twitter:data1\" content=\"1\u00a0Minute\" \/>\n<script type=\"application\/ld+json\" class=\"yoast-schema-graph\">{\"@context\":\"https:\/\/schema.org\",\"@graph\":[{\"@type\":\"WebPage\",\"@id\":\"https:\/\/genuinecoconut.com\/\",\"url\":\"https:\/\/genuinecoconut.com\/\",\"name\":\"Genuine Coconut | Biologisches Kokosnusswasser\",\"isPartOf\":{\"@id\":\"https:\/\/genuinecoconut.com\/#website\"},\"datePublished\":\"2023-06-06T09:33:37+00:00\",\"dateModified\":\"2024-05-21T09:31:58+00:00\",\"description\":\"Biologisches Kokosnusswasser. Lernen Sie Genuine Coconut kennen: seine exotisch Herkunft und seine nat\u00fcrliche Verpackung mit einfacher \u00d6ffnung.\",\"breadcrumb\":{\"@id\":\"https:\/\/genuinecoconut.com\/#breadcrumb\"},\"inLanguage\":\"de\",\"potentialAction\":[{\"@type\":\"ReadAction\",\"target\":[\"https:\/\/genuinecoconut.com\/\"]}]},{\"@type\":\"BreadcrumbList\",\"@id\":\"https:\/\/genuinecoconut.com\/#breadcrumb\",\"itemListElement\":[{\"@type\":\"ListItem\",\"position\":1,\"name\":\"Home\",\"item\":\"https:\/\/genuinecoconut.com\/\"},{\"@type\":\"ListItem\",\"position\":2,\"name\":\"Home | Biologisches Kokosnusswasser\"}]},{\"@type\":\"WebSite\",\"@id\":\"https:\/\/genuinecoconut.com\/#website\",\"url\":\"https:\/\/genuinecoconut.com\/\",\"name\":\"Genuine Coconut | Coconut Water\",\"description\":\"Agua de Coco natural, org\u00e1nico de Tailandia.\",\"publisher\":{\"@id\":\"https:\/\/genuinecoconut.com\/#organization\"},\"potentialAction\":[{\"@type\":\"SearchAction\",\"target\":{\"@type\":\"EntryPoint\",\"urlTemplate\":\"https:\/\/genuinecoconut.com\/?s={search_term_string}\"},\"query-input\":{\"@type\":\"PropertyValueSpecification\",\"valueRequired\":true,\"valueName\":\"search_term_string\"}}],\"inLanguage\":\"de\"},{\"@type\":\"Organization\",\"@id\":\"https:\/\/genuinecoconut.com\/#organization\",\"name\":\"Genuine Coconut\",\"url\":\"https:\/\/genuinecoconut.com\/\",\"logo\":{\"@type\":\"ImageObject\",\"inLanguage\":\"de\",\"@id\":\"https:\/\/genuinecoconut.com\/#\/schema\/logo\/image\/\",\"url\":\"https:\/\/genuinecoconut.com\/wp-content\/uploads\/2015\/07\/genuine-coconut-factura.jpg\",\"contentUrl\":\"https:\/\/genuinecoconut.com\/wp-content\/uploads\/2015\/07\/genuine-coconut-factura.jpg\",\"width\":575,\"height\":345,\"caption\":\"Genuine Coconut\"},\"image\":{\"@id\":\"https:\/\/genuinecoconut.com\/#\/schema\/logo\/image\/\"},\"sameAs\":[\"https:\/\/www.facebook.com\/GenuineCoconut\",\"https:\/\/x.com\/GenuineCoconut\",\"https:\/\/instagram.com\/genuinecoconut\/\",\"https:\/\/es.pinterest.com\/genuinecoconut\/\",\"https:\/\/youtube.com\/genuinecoconut\"]}]}<\/script>\n<!-- \/ Yoast SEO plugin. -->","yoast_head_json":{"title":"Genuine Coconut | Biologisches Kokosnusswasser","description":"Biologisches Kokosnusswasser. Lernen Sie Genuine Coconut kennen: seine exotisch Herkunft und seine nat\u00fcrliche Verpackung mit einfacher \u00d6ffnung.","robots":{"index":"index","follow":"follow","max-snippet":"max-snippet:-1","max-image-preview":"max-image-preview:large","max-video-preview":"max-video-preview:-1"},"canonical":"https:\/\/genuinecoconut.com\/","og_locale":"de_DE","og_type":"article","og_title":"Genuine Coconut | Biologisches Kokosnusswasser","og_description":"Biologisches Kokosnusswasser. Lernen Sie Genuine Coconut kennen: seine exotisch Herkunft und seine nat\u00fcrliche Verpackung mit einfacher \u00d6ffnung.","og_url":"https:\/\/genuinecoconut.com\/","og_site_name":"Genuine Coconut | Coconut Water","article_publisher":"https:\/\/www.facebook.com\/GenuineCoconut","article_modified_time":"2024-05-21T09:31:58+00:00","og_image":[{"width":1920,"height":1080,"url":"https:\/\/genuinecoconut.com\/wp-content\/uploads\/2018\/01\/origin-thailand-coconuts.jpg","type":"image\/jpeg"}],"twitter_card":"summary_large_image","twitter_site":"@GenuineCoconut","twitter_misc":{"Gesch\u00e4tzte Lesezeit":"1\u00a0Minute"},"schema":{"@context":"https:\/\/schema.org","@graph":[{"@type":"WebPage","@id":"https:\/\/genuinecoconut.com\/","url":"https:\/\/genuinecoconut.com\/","name":"Genuine Coconut | Biologisches Kokosnusswasser","isPartOf":{"@id":"https:\/\/genuinecoconut.com\/#website"},"datePublished":"2023-06-06T09:33:37+00:00","dateModified":"2024-05-21T09:31:58+00:00","description":"Biologisches Kokosnusswasser. Lernen Sie Genuine Coconut kennen: seine exotisch Herkunft und seine nat\u00fcrliche Verpackung mit einfacher \u00d6ffnung.","breadcrumb":{"@id":"https:\/\/genuinecoconut.com\/#breadcrumb"},"inLanguage":"de","potentialAction":[{"@type":"ReadAction","target":["https:\/\/genuinecoconut.com\/"]}]},{"@type":"BreadcrumbList","@id":"https:\/\/genuinecoconut.com\/#breadcrumb","itemListElement":[{"@type":"ListItem","position":1,"name":"Home","item":"https:\/\/genuinecoconut.com\/"},{"@type":"ListItem","position":2,"name":"Home | Biologisches Kokosnusswasser"}]},{"@type":"WebSite","@id":"https:\/\/genuinecoconut.com\/#website","url":"https:\/\/genuinecoconut.com\/","name":"Genuine Coconut | Coconut Water","description":"Agua de Coco natural, org\u00e1nico de Tailandia.","publisher":{"@id":"https:\/\/genuinecoconut.com\/#organization"},"potentialAction":[{"@type":"SearchAction","target":{"@type":"EntryPoint","urlTemplate":"https:\/\/genuinecoconut.com\/?s={search_term_string}"},"query-input":{"@type":"PropertyValueSpecification","valueRequired":true,"valueName":"search_term_string"}}],"inLanguage":"de"},{"@type":"Organization","@id":"https:\/\/genuinecoconut.com\/#organization","name":"Genuine Coconut","url":"https:\/\/genuinecoconut.com\/","logo":{"@type":"ImageObject","inLanguage":"de","@id":"https:\/\/genuinecoconut.com\/#\/schema\/logo\/image\/","url":"https:\/\/genuinecoconut.com\/wp-content\/uploads\/2015\/07\/genuine-coconut-factura.jpg","contentUrl":"https:\/\/genuinecoconut.com\/wp-content\/uploads\/2015\/07\/genuine-coconut-factura.jpg","width":575,"height":345,"caption":"Genuine Coconut"},"image":{"@id":"https:\/\/genuinecoconut.com\/#\/schema\/logo\/image\/"},"sameAs":["https:\/\/www.facebook.com\/GenuineCoconut","https:\/\/x.com\/GenuineCoconut","https:\/\/instagram.com\/genuinecoconut\/","https:\/\/es.pinterest.com\/genuinecoconut\/","https:\/\/youtube.com\/genuinecoconut"]}]}},"_links":{"self":[{"href":"https:\/\/genuinecoconut.com\/de\/wp-json\/wp\/v2\/pages\/12559","targetHints":{"allow":["GET"]}}],"collection":[{"href":"https:\/\/genuinecoconut.com\/de\/wp-json\/wp\/v2\/pages"}],"about":[{"href":"https:\/\/genuinecoconut.com\/de\/wp-json\/wp\/v2\/types\/page"}],"author":[{"embeddable":true,"href":"https:\/\/genuinecoconut.com\/de\/wp-json\/wp\/v2\/users\/2"}],"replies":[{"embeddable":true,"href":"https:\/\/genuinecoconut.com\/de\/wp-json\/wp\/v2\/comments?post=12559"}],"version-history":[{"count":1,"href":"https:\/\/genuinecoconut.com\/de\/wp-json\/wp\/v2\/pages\/12559\/revisions"}],"predecessor-version":[{"id":19100,"href":"https:\/\/genuinecoconut.com\/de\/wp-json\/wp\/v2\/pages\/12559\/revisions\/19100"}],"wp:attachment":[{"href":"https:\/\/genuinecoconut.com\/de\/wp-json\/wp\/v2\/media?parent=12559"}],"curies":[{"name":"wp","href":"https:\/\/api.w.org\/{rel}","templated":true}]}}